{"id":11614,"date":"2024-03-19T16:01:00","date_gmt":"2024-03-19T14:01:00","guid":{"rendered":"https:\/\/uus.thehealthclinic.eu\/?page_id=11614"},"modified":"2025-09-22T12:38:40","modified_gmt":"2025-09-22T09:38:40","slug":"dr-sander-kutner","status":"publish","type":"page","link":"https:\/\/thehealthclinic.eu\/en\/our-team\/dr-sander-kutner\/","title":{"rendered":"Dr. Sander K\u00fctner"},"content":{"rendered":"<style>.kb-row-layout-wrap.wp-block-kadence-rowlayout.kb-row-layout-id11614_995bf7-1d{margin-top:0px;margin-bottom:0px;}.kb-row-layout-id11614_995bf7-1d > .kt-row-column-wrap{align-content:center;}:where(.kb-row-layout-id11614_995bf7-1d > .kt-row-column-wrap) > .wp-block-kadence-column{justify-content:center;}.kb-row-layout-id11614_995bf7-1d > .kt-row-column-wrap{column-gap:var(--global-kb-gap-lg, 4rem);row-gap:var(--global-kb-gap-md, 2rem);padding-top:0px;padding-right:0px;padding-bottom:0px;padding-left:0px;grid-template-columns:minmax(0, calc(45% - ((var(--global-kb-gap-lg, 4rem) * 1 )\/2)))minmax(0, calc(55% - ((var(--global-kb-gap-lg, 4rem) * 1 )\/2)));}.kb-row-layout-id11614_995bf7-1d > .kt-row-layout-overlay{opacity:0.30;}@media all and (max-width: 1024px){.kb-row-layout-id11614_995bf7-1d > .kt-row-column-wrap{grid-template-columns:repeat(2, minmax(0, 1fr));}}@media all and (max-width: 767px){.kb-row-layout-id11614_995bf7-1d > .kt-row-column-wrap{grid-template-columns:minmax(0, 1fr);}}<\/style><div class=\"kb-row-layout-wrap kb-row-layout-id11614_995bf7-1d alignfull wp-block-kadence-rowlayout\"><div class=\"kt-row-column-wrap kt-has-2-columns kt-row-layout-equal kt-tab-layout-equal kt-mobile-layout-row kt-row-valign-middle\">\n<style>.kadence-column11614_62bdb0-45 > .kt-inside-inner-col{min-height:690px;}.kadence-column11614_62bdb0-45 > .kt-inside-inner-col,.kadence-column11614_62bdb0-45 > .kt-inside-inner-col:before{border-top-left-radius:0px;border-top-right-radius:0px;border-bottom-right-radius:0px;border-bottom-left-radius:0px;}.kadence-column11614_62bdb0-45 > .kt-inside-inner-col{column-gap:var(--global-kb-gap-sm, 1rem);}.kadence-column11614_62bdb0-45 > .kt-inside-inner-col{flex-direction:column;}.kadence-column11614_62bdb0-45 > .kt-inside-inner-col > .aligncenter{width:100%;}.kadence-column11614_62bdb0-45 > .kt-inside-inner-col{background-image:url('https:\/\/thehealthclinic.eu\/wp-content\/uploads\/2024\/04\/kutner-1.jpg');background-size:cover;background-position:47% 25%;background-attachment:scroll;background-repeat:no-repeat;}.kadence-column11614_62bdb0-45 > .kt-inside-inner-col:before{opacity:0.3;}.kadence-column11614_62bdb0-45{position:relative;}@media all and (max-width: 1024px){.kadence-column11614_62bdb0-45 > .kt-inside-inner-col{flex-direction:column;justify-content:center;}}@media all and (max-width: 767px){.kadence-column11614_62bdb0-45 > .kt-inside-inner-col{min-height:300px;flex-direction:column;justify-content:center;}}<\/style>\n<div class=\"wp-block-kadence-column kadence-column11614_62bdb0-45\"><div class=\"kt-inside-inner-col\"><\/div><\/div>\n\n\n<style>.kadence-column11614_4d9fc9-b2 > .kt-inside-inner-col{padding-right:100px;padding-left:70px;}.kadence-column11614_4d9fc9-b2 > .kt-inside-inner-col,.kadence-column11614_4d9fc9-b2 > .kt-inside-inner-col:before{border-top-left-radius:0px;border-top-right-radius:0px;border-bottom-right-radius:0px;border-bottom-left-radius:0px;}.kadence-column11614_4d9fc9-b2 > .kt-inside-inner-col{column-gap:var(--global-kb-gap-sm, 1rem);}.kadence-column11614_4d9fc9-b2 > .kt-inside-inner-col{flex-direction:column;}.kadence-column11614_4d9fc9-b2 > .kt-inside-inner-col > .aligncenter{width:100%;}.kadence-column11614_4d9fc9-b2 > .kt-inside-inner-col:before{opacity:0.3;}.kadence-column11614_4d9fc9-b2{position:relative;}@media all and (max-width: 1024px){.kadence-column11614_4d9fc9-b2 > .kt-inside-inner-col{padding-right:20px;padding-left:0px;flex-direction:column;justify-content:center;}}@media all and (max-width: 767px){.kadence-column11614_4d9fc9-b2 > .kt-inside-inner-col{padding-top:20px;padding-right:30px;padding-bottom:50px;padding-left:30px;flex-direction:column;justify-content:center;}}<\/style>\n<div class=\"wp-block-kadence-column kadence-column11614_4d9fc9-b2\"><div class=\"kt-inside-inner-col\"><style>.wp-block-kadence-advancedheading.kt-adv-heading11614_dc92d9-a5, .wp-block-kadence-advancedheading.kt-adv-heading11614_dc92d9-a5[data-kb-block=\"kb-adv-heading11614_dc92d9-a5\"]{line-height:49px;font-style:normal;}.wp-block-kadence-advancedheading.kt-adv-heading11614_dc92d9-a5 mark.kt-highlight, .wp-block-kadence-advancedheading.kt-adv-heading11614_dc92d9-a5[data-kb-block=\"kb-adv-heading11614_dc92d9-a5\"] mark.kt-highlight{font-style:normal;color:#f76a0c;-webkit-box-decoration-break:clone;box-decoration-break:clone;padding-top:0px;padding-right:0px;padding-bottom:0px;padding-left:0px;}.wp-block-kadence-advancedheading.kt-adv-heading11614_dc92d9-a5 img.kb-inline-image, .wp-block-kadence-advancedheading.kt-adv-heading11614_dc92d9-a5[data-kb-block=\"kb-adv-heading11614_dc92d9-a5\"] img.kb-inline-image{width:150px;vertical-align:baseline;}<\/style>\n<h2 class=\"kt-adv-heading11614_dc92d9-a5 wp-block-kadence-advancedheading\" data-kb-block=\"kb-adv-heading11614_dc92d9-a5\">Introduction<\/h2>\n\n\n\n<p>Dr. Sander K\u00fctner is a general and oncological surgeon specialising in oncological surgery of the upper gastrointestinal tract, the liver and biliary tract. He also regularly performs surgeries for other abdominal cavity, abdominal wall, skin and soft tissue diseases (including hernia surgeries, gall bladder surgeries, skin and soft tissue tumour removals). In addition to surgical procedures, his daily work includes gastrointestinal endoscopic examinations.<\/p>\n\n\n\n<p>Dr. K\u00fctner is also very interested in the breakthroughs in the treatment of obesity, which in recent years have been weight loss drugs.<\/p>\n\n\n\n<p>His main job at the North Estonia Medical Centre has given him more than 10 years of professional experience. He joined Health Clinic\u2019s Weight Loss Clinic team in 2015. International training and specialised surgical education are an essential part of his work; without these, it would not be possible to provide safe, up-to-date and optimal care to patients today.<\/p>\n\n\n\n<p>As good friends and course mates, they have been working together with Health Clinic&#8217;s bariatric and abdominal wall reconstructive surgeon Dr. Martin Adamson at the North Estonia Medical Centre&#8217;s Surgery Clinic for the last few years and share the same principles in performing safe and patient-centred surgery.<\/p>\n<\/div><\/div>\n\n<\/div><\/div>\n\n<style>.kb-row-layout-id11614_2c3fe9-e0 > .kt-row-column-wrap{align-content:start;}:where(.kb-row-layout-id11614_2c3fe9-e0 > .kt-row-column-wrap) > .wp-block-kadence-column{justify-content:start;}.kb-row-layout-id11614_2c3fe9-e0 > .kt-row-column-wrap{column-gap:var(--global-kb-gap-md, 2rem);row-gap:var(--global-kb-gap-md, 2rem);max-width:1190px;padding-top:80px;padding-bottom:80px;grid-template-columns:minmax(0, 1fr);}.kb-row-layout-id11614_2c3fe9-e0{background-color:#fafafa;}.kb-row-layout-id11614_2c3fe9-e0 > .kt-row-layout-overlay{opacity:0.30;}@media all and (max-width: 1024px){.kb-row-layout-id11614_2c3fe9-e0 > .kt-row-column-wrap{grid-template-columns:minmax(0, 1fr);}}@media all and (max-width: 767px){.kb-row-layout-id11614_2c3fe9-e0 > .kt-row-column-wrap{grid-template-columns:minmax(0, 1fr);}}@media (max-width: 767px) {    .cv td:nth-child(1) {        width: auto;        text-align: left;        background: transparent;    }    .cv td:nth-child(2) {        width: auto;        background: transparent;        text-align: left;    }}@media (min-width: 768px) and (max-width: 929px) {    .cv td:nth-child(1) {        width: 20%;    }    .cv td:nth-child(2) {        width: 80%;    }}@media (min-width: 930px) {    .cv td:nth-child(1) {        width: 15%;    }    .cv td:nth-child(2) {        width: 85%;    }}<\/style><div class=\"kb-row-layout-wrap kb-row-layout-id11614_2c3fe9-e0 alignfull kt-row-has-bg wp-block-kadence-rowlayout\"><div class=\"kt-row-column-wrap kt-has-1-columns kt-row-layout-equal kt-tab-layout-inherit kt-mobile-layout-row kt-row-valign-top kb-theme-content-width\">\n<style>.kadence-column11614_92b198-86 > .kt-inside-inner-col,.kadence-column11614_92b198-86 > .kt-inside-inner-col:before{border-top-left-radius:0px;border-top-right-radius:0px;border-bottom-right-radius:0px;border-bottom-left-radius:0px;}.kadence-column11614_92b198-86 > .kt-inside-inner-col{column-gap:var(--global-kb-gap-sm, 1rem);}.kadence-column11614_92b198-86 > .kt-inside-inner-col{flex-direction:column;}.kadence-column11614_92b198-86 > .kt-inside-inner-col > .aligncenter{width:100%;}.kadence-column11614_92b198-86 > .kt-inside-inner-col:before{opacity:0.3;}.kadence-column11614_92b198-86{position:relative;}@media all and (max-width: 1024px){.kadence-column11614_92b198-86 > .kt-inside-inner-col{flex-direction:column;justify-content:center;}}@media all and (max-width: 767px){.kadence-column11614_92b198-86 > .kt-inside-inner-col{flex-direction:column;justify-content:center;}}<\/style>\n<div class=\"wp-block-kadence-column kadence-column11614_92b198-86\"><div class=\"kt-inside-inner-col\"><style>.wp-block-kadence-advancedheading.kt-adv-heading11614_36ea90-86, .wp-block-kadence-advancedheading.kt-adv-heading11614_36ea90-86[data-kb-block=\"kb-adv-heading11614_36ea90-86\"]{margin-top:0px;margin-bottom:0px;text-align:center;line-height:49px;font-style:normal;}.wp-block-kadence-advancedheading.kt-adv-heading11614_36ea90-86 mark.kt-highlight, .wp-block-kadence-advancedheading.kt-adv-heading11614_36ea90-86[data-kb-block=\"kb-adv-heading11614_36ea90-86\"] mark.kt-highlight{font-style:normal;color:#f76a0c;-webkit-box-decoration-break:clone;box-decoration-break:clone;padding-top:0px;padding-right:0px;padding-bottom:0px;padding-left:0px;}.wp-block-kadence-advancedheading.kt-adv-heading11614_36ea90-86 img.kb-inline-image, .wp-block-kadence-advancedheading.kt-adv-heading11614_36ea90-86[data-kb-block=\"kb-adv-heading11614_36ea90-86\"] img.kb-inline-image{width:150px;vertical-align:baseline;}<\/style>\n<h2 class=\"kt-adv-heading11614_36ea90-86 wp-block-kadence-advancedheading\" data-kb-block=\"kb-adv-heading11614_36ea90-86\">Curriculum Vitae<\/h2>\n\n\n\n<h3 class=\"wp-block-heading has-palette-color-4-color has-text-color has-link-color wp-elements-c5d526f77569741f6bf9e0ccd2f9d0ed\">Education<\/h3>\n\n\n\n<figure class=\"wp-block-table cv\"><table class=\"has-border-color has-palette-color-7-border-color\"><tbody><tr><td><strong>2007 &#8211; 2012<\/strong><\/td><td>University of Tartu, Faculty of Medicine, General surgery residency<\/td><\/tr><tr><td><strong>2001 &#8211; 2007<\/strong><\/td><td>University of Tartu, Faculty of Medicine<\/td><\/tr><\/tbody><\/table><\/figure>\n\n\n\n<h3 class=\"wp-block-heading has-palette-color-4-color has-text-color has-link-color wp-elements-660f5a3f94fa6a52520e1fe63aa75f13\">Work experience<\/h3>\n\n\n\n<figure class=\"wp-block-table cv\"><table class=\"has-border-color has-palette-color-7-border-color\"><tbody><tr><td><strong>2015 \u2013 \u2026<\/strong><\/td><td>Health Clinic, Weight Loss Clinic, General and oncological surgeon<\/td><\/tr><tr><td><strong>2012 \u2013 \u2026<\/strong><\/td><td>North Estonia Medical Centre, General and oncological surgeon<\/td><\/tr><tr><td><strong>2007 \u2013 2012<\/strong><\/td><td>North Estonia Medical Centre, Resident doctor in general surgery<\/td><\/tr><tr><td><strong>2006<\/strong><\/td><td>Savonlinna Central Hospital, Assistant doctor<\/td><\/tr><tr><td><strong>2004 \u2013 2007<\/strong><\/td><td>Tartu University Hospital, Neurointensive Care Department, Nurse<\/td><\/tr><\/tbody><\/table><\/figure>\n\n\n\n<h3 class=\"wp-block-heading has-palette-color-4-color has-text-color has-link-color wp-elements-d95dc4c5802fbd446d17afad3591ba63\">Further training<\/h3>\n\n\n\n<p>2021.&nbsp; &nbsp;Laparoscopic HPB surgery with Prof. Edwin \u2013 Virtual training<br>2021.&nbsp; &nbsp;Patient Selection for Microwave Ablation Procedure, Webinar<br>2020.&nbsp; &nbsp;14th World Congress of IHPBA (International Hepato-Pancreato-Biliary Association), Virtual Congress<br>2019.&nbsp; &nbsp;Olympus Medical expert training: Fluorescence-guided surgery, Leiden, Holland<br>2019. &nbsp; Laparoscopic Liver Masterclass: Hands-on workshop, Hamburg, Saksamaa<br>2019. &nbsp; IGCA 13th International Gastric Cancer Congress, Praha, T\u0160ehhi<br>2018. &nbsp; 13th World Congress of IHPBA (International Hepato-Pancreato-Biliary Association), Genf, \u0160veits<br>2017. &nbsp; ATLS Course, Tartu, Eesti<br>2017.&nbsp; &nbsp;Laparoscopic Liver Surgery Course, Milaano, Itaalia<br>2017.&nbsp; &nbsp;5th ERAS Congress, Lyon, Prantsusmaa<br>2016.&nbsp; &nbsp;4th ERAS Congress, Lissabon, Portugal<br>2015.&nbsp; &nbsp;Laparoscopic Liver Surgery Course, Milaano, Itaalia<br>2015.&nbsp; &nbsp;6 n\u00e4dalane praktika hepato-pankreato-biliaarkirurgia osakonnas&nbsp;&nbsp;Kopenhaageni Rigshospitaletis<br>2015.&nbsp; &nbsp;11th International Congress of the E-AHPBA (European-African Hepato-Pancreato-Biliary Association), Manchester, Inglismaa<br>2014.&nbsp; &nbsp;22nd International Congress of the EAES (European Association of Endoscopic Surgery), Pariis, Prantsusmaa<br>2014.&nbsp; &nbsp;Eesti Kirurgide Assotsiatsiooni kevadp\u00e4evad, Narva-J\u00f5esuu, Eesti<br>2014.&nbsp; &nbsp;Stockholm Liver Week, Stockholm, Rootsi<br>2013.&nbsp; &nbsp;3rd Baltic Bariatric Symposium, Tallinn, Eesti<br>2013.&nbsp; &nbsp;IGCA&nbsp;&nbsp;10th International Gastric Cancer Congress, Verona, Itaalia<br>2013.&nbsp; &nbsp;Eesti Kirurgide Assotsiatsiooni Kevadp\u00e4evad, P\u00e4rnu, Eesti<br>2012.&nbsp; &nbsp;10th World Congress of IHPBA (International Hepato-Pancreato-Biliary Association), Pariis, Prantsusmaa<br>2011.&nbsp; &nbsp; 97th Annual Clinical Congress of American College of Surgeons,&nbsp;&nbsp;San Francisco, USA<br>2011.&nbsp; &nbsp;Eesti Kirurgide Assotsiatsiooni Kevadp\u00e4evad, Aegviidu, Eesti<br>2011.&nbsp; &nbsp;\u201cSurgeon\u2019s Approach to the Antibiotic Treatment&nbsp;&nbsp;of Complicated Intra-abdominal Infections\u201c \u2013 scientific symposium,&nbsp;&nbsp;Praha, T\u0161ehhi<br>2009.&nbsp; &nbsp;Eesti Kirurgide Assotsiatsiooni Kevadp\u00e4evad, P\u00e4rnu, Eesti<\/p>\n<\/div><\/div>\n\n<\/div><\/div>\n\n<style>.kb-row-layout-id11614_0ce534-c2 > .kt-row-column-wrap{align-content:end;}:where(.kb-row-layout-id11614_0ce534-c2 > .kt-row-column-wrap) > .wp-block-kadence-column{justify-content:end;}.kb-row-layout-id11614_0ce534-c2 > .kt-row-column-wrap{column-gap:var(--global-kb-gap-md, 2rem);row-gap:var(--global-kb-gap-md, 2rem);max-width:1190px;padding-top:var(--global-kb-spacing-xl, 4rem);padding-bottom:var(--global-kb-spacing-xl, 4rem);grid-template-columns:minmax(0, 1fr);}.kb-row-layout-id11614_0ce534-c2 > .kt-row-layout-overlay{opacity:0.30;}@media all and (max-width: 1024px){.kb-row-layout-id11614_0ce534-c2 > .kt-row-column-wrap{padding-top:50px;padding-right:40px;padding-bottom:30px;padding-left:40px;grid-template-columns:minmax(0, 1fr);}}@media all and (max-width: 767px){.kb-row-layout-id11614_0ce534-c2 > .kt-row-column-wrap{grid-template-columns:minmax(0, 1fr);}}.kb-row-layout-id11614_0ce534-c2 input::placeholder {  font-weight: 400;  font-size: 15px;  line-height: 22.5px;  color: #fff;}<\/style><div class=\"kb-row-layout-wrap kb-row-layout-id11614_0ce534-c2 alignfull has-palette-color-2-background-color kt-row-has-bg wp-block-kadence-rowlayout\"><div class=\"kt-row-column-wrap kt-has-1-columns kt-row-layout-equal kt-tab-layout-inherit kt-mobile-layout-row kt-row-valign-bottom kb-theme-content-width\">\n<style>.kadence-column11614_c62234-02 > .kt-inside-inner-col{display:flex;}.kadence-column11614_c62234-02 > .kt-inside-inner-col,.kadence-column11614_c62234-02 > .kt-inside-inner-col:before{border-top-left-radius:0px;border-top-right-radius:0px;border-bottom-right-radius:0px;border-bottom-left-radius:0px;}.kadence-column11614_c62234-02 > .kt-inside-inner-col{column-gap:var(--global-kb-gap-sm, 1rem);}.kadence-column11614_c62234-02 > .kt-inside-inner-col{flex-direction:column;justify-content:flex-start;}.kadence-column11614_c62234-02 > .kt-inside-inner-col > .aligncenter{width:100%;}.kt-row-column-wrap > .kadence-column11614_c62234-02{align-self:flex-start;}.kt-inner-column-height-full:not(.kt-has-1-columns) > .wp-block-kadence-column.kadence-column11614_c62234-02{align-self:auto;}.kt-inner-column-height-full:not(.kt-has-1-columns) > .wp-block-kadence-column.kadence-column11614_c62234-02 > .kt-inside-inner-col{flex-direction:column;justify-content:flex-start;}.kadence-column11614_c62234-02 > .kt-inside-inner-col:before{opacity:0.3;}.kadence-column11614_c62234-02{position:relative;}@media all and (max-width: 1024px){.kt-row-column-wrap > .kadence-column11614_c62234-02{align-self:flex-start;}}@media all and (max-width: 1024px){.kt-inner-column-height-full:not(.kt-has-1-columns) > .wp-block-kadence-column.kadence-column11614_c62234-02{align-self:auto;}}@media all and (max-width: 1024px){.kt-inner-column-height-full:not(.kt-has-1-columns) > .wp-block-kadence-column.kadence-column11614_c62234-02 > .kt-inside-inner-col{flex-direction:column;justify-content:flex-start;}}@media all and (max-width: 1024px){.kadence-column11614_c62234-02 > .kt-inside-inner-col{flex-direction:column;justify-content:flex-start;}}@media all and (max-width: 767px){.kt-row-column-wrap > .kadence-column11614_c62234-02{align-self:flex-start;}.kt-inner-column-height-full:not(.kt-has-1-columns) > .wp-block-kadence-column.kadence-column11614_c62234-02{align-self:auto;}.kt-inner-column-height-full:not(.kt-has-1-columns) > .wp-block-kadence-column.kadence-column11614_c62234-02 > .kt-inside-inner-col{flex-direction:column;justify-content:flex-start;}.kadence-column11614_c62234-02 > .kt-inside-inner-col{flex-direction:column;justify-content:flex-start;}}<\/style>\n<div class=\"wp-block-kadence-column kadence-column11614_c62234-02\"><div class=\"kt-inside-inner-col\"><style>.wp-block-kadence-advancedheading.kt-adv-heading11614_473629-e5, .wp-block-kadence-advancedheading.kt-adv-heading11614_473629-e5[data-kb-block=\"kb-adv-heading11614_473629-e5\"]{margin-top:10px;margin-bottom:0px;text-align:center;font-size:36px;line-height:42px;font-style:normal;}.wp-block-kadence-advancedheading.kt-adv-heading11614_473629-e5 mark.kt-highlight, .wp-block-kadence-advancedheading.kt-adv-heading11614_473629-e5[data-kb-block=\"kb-adv-heading11614_473629-e5\"] mark.kt-highlight{font-style:normal;color:#f76a0c;-webkit-box-decoration-break:clone;box-decoration-break:clone;padding-top:0px;padding-right:0px;padding-bottom:0px;padding-left:0px;}.wp-block-kadence-advancedheading.kt-adv-heading11614_473629-e5 img.kb-inline-image, .wp-block-kadence-advancedheading.kt-adv-heading11614_473629-e5[data-kb-block=\"kb-adv-heading11614_473629-e5\"] img.kb-inline-image{width:150px;vertical-align:baseline;}@media all and (max-width: 767px){.wp-block-kadence-advancedheading.kt-adv-heading11614_473629-e5, .wp-block-kadence-advancedheading.kt-adv-heading11614_473629-e5[data-kb-block=\"kb-adv-heading11614_473629-e5\"]{margin-top:10px;margin-bottom:-20px;font-size:32px;text-align:center!important;}}<\/style>\n<h3 class=\"kt-adv-heading11614_473629-e5 wp-block-kadence-advancedheading has-palette-color-5-color has-text-color\" data-kb-block=\"kb-adv-heading11614_473629-e5\">Ready to start your new journey today?<\/h3>\n\n\n<style>.wp-block-kadence-advancedbtn.kb-btns11614_e85804-d0{gap:var(--global-kb-gap-xs, 0.5rem );justify-content:center;align-items:center;}.kt-btns11614_e85804-d0 .kt-button{font-weight:normal;font-style:normal;}.kt-btns11614_e85804-d0 .kt-btn-wrap-0{margin-right:5px;}.wp-block-kadence-advancedbtn.kt-btns11614_e85804-d0 .kt-btn-wrap-0 .kt-button{color:#555555;border-color:#555555;}.wp-block-kadence-advancedbtn.kt-btns11614_e85804-d0 .kt-btn-wrap-0 .kt-button:hover, .wp-block-kadence-advancedbtn.kt-btns11614_e85804-d0 .kt-btn-wrap-0 .kt-button:focus{color:#ffffff;border-color:#444444;}.wp-block-kadence-advancedbtn.kt-btns11614_e85804-d0 .kt-btn-wrap-0 .kt-button::before{display:none;}.wp-block-kadence-advancedbtn.kt-btns11614_e85804-d0 .kt-btn-wrap-0 .kt-button:hover, .wp-block-kadence-advancedbtn.kt-btns11614_e85804-d0 .kt-btn-wrap-0 .kt-button:focus{background:#444444;}<\/style>\n<div class=\"wp-block-kadence-advancedbtn kb-buttons-wrap kb-btns11614_e85804-d0\"><style>ul.menu .wp-block-kadence-advancedbtn .kb-btn11614_307913-2e.kb-button{width:initial;}.wp-block-kadence-advancedbtn .kb-btn11614_307913-2e.kb-button{color:#ffffff;font-size:13px;letter-spacing:1px;font-family:ct_font_gill__sans;font-weight:600;text-transform:uppercase;border-top-left-radius:0px;border-top:1px solid #ffffff;border-right:1px solid #ffffff;border-bottom:1px solid #ffffff;border-left:1px solid #ffffff;padding-top:12px;padding-right:30px;padding-bottom:12px;padding-left:30px;margin-top:30px;}.wp-block-kadence-advancedbtn .kb-btn11614_307913-2e.kb-button:hover, .wp-block-kadence-advancedbtn .kb-btn11614_307913-2e.kb-button:focus{border-top:1px solid var(--theme-palette-color-4, #7BAFAF);border-right:1px solid var(--theme-palette-color-4, #7BAFAF);border-bottom:1px solid var(--theme-palette-color-4, #7BAFAF);border-left:1px solid var(--theme-palette-color-4, #7BAFAF);}@media all and (max-width: 1024px){.wp-block-kadence-advancedbtn .kb-btn11614_307913-2e.kb-button{border-top:1px solid #ffffff;border-right:1px solid #ffffff;border-bottom:1px solid #ffffff;border-left:1px solid #ffffff;}}@media all and (max-width: 1024px){.wp-block-kadence-advancedbtn .kb-btn11614_307913-2e.kb-button:hover, .wp-block-kadence-advancedbtn .kb-btn11614_307913-2e.kb-button:focus{border-top:1px solid var(--theme-palette-color-4, #7BAFAF);border-right:1px solid var(--theme-palette-color-4, #7BAFAF);border-bottom:1px solid var(--theme-palette-color-4, #7BAFAF);border-left:1px solid var(--theme-palette-color-4, #7BAFAF);}}@media all and (max-width: 767px){.wp-block-kadence-advancedbtn .kb-btn11614_307913-2e.kb-button{border-top:1px solid #ffffff;border-right:1px solid #ffffff;border-bottom:1px solid #ffffff;border-left:1px solid #ffffff;}.wp-block-kadence-advancedbtn .kb-btn11614_307913-2e.kb-button:hover, .wp-block-kadence-advancedbtn .kb-btn11614_307913-2e.kb-button:focus{border-top:1px solid var(--theme-palette-color-4, #7BAFAF);border-right:1px solid var(--theme-palette-color-4, #7BAFAF);border-bottom:1px solid var(--theme-palette-color-4, #7BAFAF);border-left:1px solid var(--theme-palette-color-4, #7BAFAF);}}<\/style><a class=\"kb-button kt-button button kb-btn11614_307913-2e kt-btn-size-large kt-btn-width-type-auto kb-btn-global-outline  kt-btn-has-text-true kt-btn-has-svg-false  wp-block-kadence-singlebtn\" href=\"https:\/\/thehealthclinic.eu\/en\/book-now\/\"><span class=\"kt-btn-inner-text\">Book a consultation<\/span><\/a><\/div>\n<\/div><\/div>\n\n\n<style>.kadence-column11614_0662cf-aa > .kt-inside-inner-col{display:flex;}.kadence-column11614_0662cf-aa > .kt-inside-inner-col,.kadence-column11614_0662cf-aa > .kt-inside-inner-col:before{border-top-left-radius:0px;border-top-right-radius:0px;border-bottom-right-radius:0px;border-bottom-left-radius:0px;}.kadence-column11614_0662cf-aa > .kt-inside-inner-col{column-gap:var(--global-kb-gap-sm, 1rem);}.kadence-column11614_0662cf-aa > .kt-inside-inner-col{flex-direction:column;justify-content:flex-end;}.kadence-column11614_0662cf-aa > .kt-inside-inner-col > .aligncenter{width:100%;}.kt-row-column-wrap > .kadence-column11614_0662cf-aa{align-self:flex-end;}.kt-inner-column-height-full:not(.kt-has-1-columns) > .wp-block-kadence-column.kadence-column11614_0662cf-aa{align-self:auto;}.kt-inner-column-height-full:not(.kt-has-1-columns) > .wp-block-kadence-column.kadence-column11614_0662cf-aa > .kt-inside-inner-col{flex-direction:column;justify-content:flex-end;}.kadence-column11614_0662cf-aa > .kt-inside-inner-col:before{opacity:0.3;}.kadence-column11614_0662cf-aa{position:relative;}@media all and (max-width: 1024px){.kt-row-column-wrap > .kadence-column11614_0662cf-aa{align-self:flex-end;}}@media all and (max-width: 1024px){.kt-inner-column-height-full:not(.kt-has-1-columns) > .wp-block-kadence-column.kadence-column11614_0662cf-aa{align-self:auto;}}@media all and (max-width: 1024px){.kt-inner-column-height-full:not(.kt-has-1-columns) > .wp-block-kadence-column.kadence-column11614_0662cf-aa > .kt-inside-inner-col{flex-direction:column;justify-content:flex-end;}}@media all and (max-width: 1024px){.kadence-column11614_0662cf-aa > .kt-inside-inner-col{flex-direction:column;justify-content:flex-end;}}@media all and (max-width: 767px){.kt-row-column-wrap > .kadence-column11614_0662cf-aa{align-self:flex-end;}.kt-inner-column-height-full:not(.kt-has-1-columns) > .wp-block-kadence-column.kadence-column11614_0662cf-aa{align-self:auto;}.kt-inner-column-height-full:not(.kt-has-1-columns) > .wp-block-kadence-column.kadence-column11614_0662cf-aa > .kt-inside-inner-col{flex-direction:column;justify-content:flex-end;}.kadence-column11614_0662cf-aa > .kt-inside-inner-col{flex-direction:column;justify-content:flex-end;}}<\/style>\n<div class=\"wp-block-kadence-column kadence-column11614_0662cf-aa\" data-aos=\"fade\" data-aos-duration=\"350\" data-aos-delay=\"100\" data-aos-easing=\"ease-in\"><div class=\"kt-inside-inner-col\"><\/div><\/div>\n\n<\/div><\/div>","protected":false},"excerpt":{"rendered":"<p>Introduction Dr. Sander K\u00fctner is a general and oncological surgeon specialising in oncological surgery of the upper gastrointestinal tract, the liver and biliary tract. He also regularly performs surgeries for other abdominal cavity, abdominal wall, skin and soft tissue diseases (including hernia surgeries, gall bladder surgeries, skin and soft tissue tumour removals). In addition to [&hellip;]<\/p>\n","protected":false},"author":2,"featured_media":5844,"parent":11541,"menu_order":0,"comment_status":"closed","ping_status":"closed","template":"","meta":{"_kad_blocks_custom_css":"","_kad_blocks_head_custom_js":"","_kad_blocks_body_custom_js":"","_kad_blocks_footer_custom_js":"","custom_jsonld_schema":"","footnotes":""},"class_list":["post-11614","page","type-page","status-publish","has-post-thumbnail","hentry"],"blocksy_meta":{"vertical_spacing_source":"custom","content_area_spacing":"none","styles_descriptor":{"styles":{"desktop":"","tablet":"","mobile":""},"google_fonts":[],"version":6}},"taxonomy_info":[],"featured_image_src_large":["https:\/\/thehealthclinic.eu\/wp-content\/uploads\/2024\/03\/tiim.svg",1024,174,false],"author_info":{"display_name":"Janek","author_link":"https:\/\/thehealthclinic.eu\/en\/author\/janek\/"},"comment_info":0,"_links":{"self":[{"href":"https:\/\/thehealthclinic.eu\/en\/wp-json\/wp\/v2\/pages\/11614","targetHints":{"allow":["GET"]}}],"collection":[{"href":"https:\/\/thehealthclinic.eu\/en\/wp-json\/wp\/v2\/pages"}],"about":[{"href":"https:\/\/thehealthclinic.eu\/en\/wp-json\/wp\/v2\/types\/page"}],"author":[{"embeddable":true,"href":"https:\/\/thehealthclinic.eu\/en\/wp-json\/wp\/v2\/users\/2"}],"replies":[{"embeddable":true,"href":"https:\/\/thehealthclinic.eu\/en\/wp-json\/wp\/v2\/comments?post=11614"}],"version-history":[{"count":0,"href":"https:\/\/thehealthclinic.eu\/en\/wp-json\/wp\/v2\/pages\/11614\/revisions"}],"up":[{"embeddable":true,"href":"https:\/\/thehealthclinic.eu\/en\/wp-json\/wp\/v2\/pages\/11541"}],"wp:featuredmedia":[{"embeddable":true,"href":"https:\/\/thehealthclinic.eu\/en\/wp-json\/wp\/v2\/media\/5844"}],"wp:attachment":[{"href":"https:\/\/thehealthclinic.eu\/en\/wp-json\/wp\/v2\/media?parent=11614"}],"curies":[{"name":"wp","href":"https:\/\/api.w.org\/{rel}","templated":true}]}}