{"id":10214,"date":"2024-02-23T10:46:02","date_gmt":"2024-02-23T08:46:02","guid":{"rendered":"https:\/\/uus.thehealthclinic.eu\/?page_id=10214"},"modified":"2025-09-21T11:07:55","modified_gmt":"2025-09-21T08:07:55","slug":"osamaksu","status":"publish","type":"page","link":"https:\/\/thehealthclinic.eu\/fi\/hinnasto\/osamaksu\/","title":{"rendered":"Osamaksu"},"content":{"rendered":"<style>.kb-row-layout-id10214_3d1187-c0 > .kt-row-column-wrap{align-content:start;}:where(.kb-row-layout-id10214_3d1187-c0 > .kt-row-column-wrap) > .wp-block-kadence-column{justify-content:start;}.kb-row-layout-id10214_3d1187-c0 > .kt-row-column-wrap{column-gap:var(--global-kb-gap-md, 2rem);row-gap:var(--global-kb-gap-md, 2rem);padding-top:var(--global-kb-spacing-sm, 1.5rem);padding-bottom:var(--global-kb-spacing-sm, 1.5rem);grid-template-columns:minmax(0, 2fr) minmax(0, 1fr);}.kb-row-layout-id10214_3d1187-c0 > .kt-row-layout-overlay{opacity:0.30;}@media all and (max-width: 1024px){.kb-row-layout-id10214_3d1187-c0 > .kt-row-column-wrap{grid-template-columns:minmax(0, 2fr) minmax(0, 1fr);}}@media all and (max-width: 767px){.kb-row-layout-id10214_3d1187-c0 > .kt-row-column-wrap{grid-template-columns:minmax(0, 1fr);}}<\/style><div class=\"kb-row-layout-wrap kb-row-layout-id10214_3d1187-c0 alignnone wp-block-kadence-rowlayout\"><div class=\"kt-row-column-wrap kt-has-2-columns kt-row-layout-left-golden kt-tab-layout-inherit kt-mobile-layout-row kt-row-valign-top\">\n<style>.kadence-column10214_5eac44-17 > .kt-inside-inner-col,.kadence-column10214_5eac44-17 > .kt-inside-inner-col:before{border-top-left-radius:0px;border-top-right-radius:0px;border-bottom-right-radius:0px;border-bottom-left-radius:0px;}.kadence-column10214_5eac44-17 > .kt-inside-inner-col{column-gap:var(--global-kb-gap-sm, 1rem);}.kadence-column10214_5eac44-17 > .kt-inside-inner-col{flex-direction:column;}.kadence-column10214_5eac44-17 > .kt-inside-inner-col > .aligncenter{width:100%;}.kadence-column10214_5eac44-17 > .kt-inside-inner-col:before{opacity:0.3;}.kadence-column10214_5eac44-17{position:relative;}@media all and (max-width: 1024px){.kadence-column10214_5eac44-17 > .kt-inside-inner-col{flex-direction:column;justify-content:center;}}@media all and (max-width: 767px){.kadence-column10214_5eac44-17 > .kt-inside-inner-col{flex-direction:column;justify-content:center;}}<\/style>\n<div class=\"wp-block-kadence-column kadence-column10214_5eac44-17\"><div class=\"kt-inside-inner-col\">\n<p class=\"has-text-align-center\">Ymm\u00e4rr\u00e4mme, ett\u00e4 joskus voi olla t\u00e4rke\u00e4\u00e4 jakaa maksu osiin. Jotta palvelumme olisivat entist\u00e4 paremmin k\u00e4ytett\u00e4viss\u00e4si, tarjoamme monipuolisia maksuratkaisuja, kuten osamaksumahdollisuuden. Unelmien t\u00e4yttymisen ei tarvitse olla rahasta kiinni!<\/p>\n\n\n\n<p>Asiakkaidemme tyytyv\u00e4isyys on meille eritt\u00e4in t\u00e4rke\u00e4\u00e4, ja siksi yrit\u00e4mme tehd\u00e4 kaikkemme, jotta tarjoamillamme toimenpiteill\u00e4 olisi joustavat maksutavat.&nbsp;Erilaisten maksuratkaisujen avulla palvelut voi maksaa osissa. N\u00e4in taloudellinen taakka helpottuu lyhyell\u00e4 aikav\u00e4lill\u00e4 ja jakaantuu tasaisemmin.<\/p>\n\n\n\n<p class=\"has-text-align-center\">Olemme kartoittaneet mahdollisuuksia, jotka auttavat maksamaan tarvitsemasi ja toivomasi toimenpiteet osamaksulla. N\u00e4in voit keskitty\u00e4 siihen, mik\u00e4 on todella t\u00e4rke\u00e4\u00e4.<\/p>\n<\/div><\/div>\n\n\n<style>.kadence-column10214_a7bf07-9f > .kt-inside-inner-col,.kadence-column10214_a7bf07-9f > .kt-inside-inner-col:before{border-top-left-radius:0px;border-top-right-radius:0px;border-bottom-right-radius:0px;border-bottom-left-radius:0px;}.kadence-column10214_a7bf07-9f > .kt-inside-inner-col{column-gap:var(--global-kb-gap-sm, 1rem);}.kadence-column10214_a7bf07-9f > .kt-inside-inner-col{flex-direction:column;}.kadence-column10214_a7bf07-9f > .kt-inside-inner-col > .aligncenter{width:100%;}.kadence-column10214_a7bf07-9f > .kt-inside-inner-col:before{opacity:0.3;}.kadence-column10214_a7bf07-9f{position:relative;}@media all and (max-width: 1024px){.kadence-column10214_a7bf07-9f > .kt-inside-inner-col{flex-direction:column;justify-content:center;}}@media all and (max-width: 767px){.kadence-column10214_a7bf07-9f > .kt-inside-inner-col{flex-direction:column;justify-content:center;}}<\/style>\n<div class=\"wp-block-kadence-column kadence-column10214_a7bf07-9f\"><div class=\"kt-inside-inner-col\"><style>.kb-image10214_0e82a8-89 .kb-image-has-overlay:after{opacity:0.3;}<\/style>\n<div class=\"wp-block-kadence-image kb-image10214_0e82a8-89\"><figure class=\"aligncenter size-full\"><img decoding=\"async\" width=\"234\" height=\"63\" src=\"https:\/\/thehealthclinic.eu\/wp-content\/uploads\/2024\/11\/medicredit-logo-1.png\" alt=\"\" class=\"kb-img wp-image-10763\" title=\"\"><\/figure><\/div>\n<\/div><\/div>\n\n<\/div><\/div>\n\n<style>.kb-row-layout-wrap.wp-block-kadence-rowlayout.kb-row-layout-id10214_cc1d0b-15{margin-top:130px;margin-bottom:0px;}.kb-row-layout-id10214_cc1d0b-15 > .kt-row-column-wrap{align-content:start;}:where(.kb-row-layout-id10214_cc1d0b-15 > .kt-row-column-wrap) > .wp-block-kadence-column{justify-content:start;}.kb-row-layout-id10214_cc1d0b-15 > .kt-row-column-wrap{column-gap:var(--global-kb-gap-md, 2rem);row-gap:var(--global-kb-gap-md, 2rem);max-width:1190px;padding-top:100px;padding-bottom:100px;grid-template-columns:minmax(0, 1fr);}.kb-row-layout-id10214_cc1d0b-15{background-color:#fafafa;}.kb-row-layout-id10214_cc1d0b-15 > .kt-row-layout-overlay{opacity:0.30;}@media all and (max-width: 1024px){.kb-row-layout-id10214_cc1d0b-15 > .kt-row-column-wrap{grid-template-columns:minmax(0, 1fr);}}@media all and (max-width: 767px){.kb-row-layout-wrap.wp-block-kadence-rowlayout.kb-row-layout-id10214_cc1d0b-15{margin-top:70px;}.kb-row-layout-id10214_cc1d0b-15 > .kt-row-column-wrap{padding-top:100px;grid-template-columns:minmax(0, 1fr);}}.kb-row-layout-id10214_cc1d0b-15 .pealkiri {font-family: \"Gill Sans\";}.wp-block-kadence-dynamiclist.kb-dynamic-list-id-4067_469135-f7.kb-dynamic-list:not(.added-for-specificity) {    margin-bottom: var(--global-kb-spacing-xxs, 0.5rem);    margin-left: -32px;}.kb-dynamic-list.kb-dynamic-list-style-pill li {    border-radius: 0rem;    margin-right: 0rem;    padding: .5rem .7rem .5rem 1rem;}<\/style><div class=\"kb-row-layout-wrap kb-row-layout-id10214_cc1d0b-15 alignfull kt-row-has-bg blogisektor wp-block-kadence-rowlayout\" id=\"thc-jarelmaks\"><div class=\"kt-row-column-wrap kt-has-1-columns kt-row-layout-equal kt-tab-layout-inherit kt-mobile-layout-row kt-row-valign-top kb-theme-content-width\">\n<style>.kadence-column10214_dc1c31-6b > .kt-inside-inner-col,.kadence-column10214_dc1c31-6b > .kt-inside-inner-col:before{border-top-left-radius:0px;border-top-right-radius:0px;border-bottom-right-radius:0px;border-bottom-left-radius:0px;}.kadence-column10214_dc1c31-6b > .kt-inside-inner-col{column-gap:var(--global-kb-gap-sm, 1rem);}.kadence-column10214_dc1c31-6b > .kt-inside-inner-col{flex-direction:column;}.kadence-column10214_dc1c31-6b > .kt-inside-inner-col > .aligncenter{width:100%;}.kadence-column10214_dc1c31-6b > .kt-inside-inner-col:before{opacity:0.3;}.kadence-column10214_dc1c31-6b{position:relative;}@media all and (max-width: 1024px){.kadence-column10214_dc1c31-6b > .kt-inside-inner-col{flex-direction:column;justify-content:center;}}@media all and (max-width: 767px){.kadence-column10214_dc1c31-6b > .kt-inside-inner-col{flex-direction:column;justify-content:center;}}<\/style>\n<div class=\"wp-block-kadence-column kadence-column10214_dc1c31-6b\"><div class=\"kt-inside-inner-col\">\n<h2 class=\"wp-block-heading has-text-align-center\">Medicredit-osamaksu<\/h2>\n\n\n\n<h3 class=\"wp-block-heading has-text-align-center\">Medicreditista lainan hakeminen on nopeaa, k\u00e4tev\u00e4\u00e4 ja luottamuksellista.<\/h3>\n\n\n\n<p class=\"has-text-align-center\">Medicredit on ainutlaatuinen rahoitusyritys Pohjoismaissa ja Baltiassa, ja se maksaa hoitokulusi suoraan klinikalle. P\u00e4\u00e4t\u00f6ksen lainasta saat seuraavana p\u00e4iv\u00e4n\u00e4, ja sopimuksen allekirjoittaminen tapahtuu k\u00e4tev\u00e4sti&nbsp;samalla hoitolaitoksella seuraavalla k\u00e4ynnill\u00e4. Tietenkin voit my\u00f6s tulla allekirjoittamaan Medicreditin toimistoon, kun se Sinulle parhaiten sopii.<\/p>\n\n\n\n<p class=\"has-text-align-center\">Lainaraha meneelainanantajalta suoraan hoitolaitokselle: hoitolaitos esitt\u00e4\u00e4 suoritetusta hoidosta tai palveluista laskun ja laskun maksaa Medicredit. T\u00e4m\u00e4 tarkoittaa, ett\u00e4 lainaa voi k\u00e4ytt\u00e4\u00e4 vain l\u00e4\u00e4ketieteellisten toimenpiteiden ja hoitojen maksamiseen ja n\u00e4in est\u00e4\u00e4 lainan k\u00e4yt\u00f6n muihin tarkoituksiin.<\/p>\n\n\n<style>.wp-block-kadence-image.kb-image10214_c6366a-db:not(.kb-specificity-added):not(.kb-extra-specificity-added){margin-bottom:40px;}.kb-image10214_c6366a-db .kb-image-has-overlay:after{opacity:0.3;}<\/style>\n<figure class=\"wp-block-kadence-image kb-image10214_c6366a-db size-full\"><img decoding=\"async\" width=\"1580\" height=\"216\" src=\"https:\/\/thehealthclinic.eu\/wp-content\/uploads\/2024\/11\/banner-kliinikule-fin.png\" alt=\"\" class=\"kb-img wp-image-10759\" title=\"\" srcset=\"https:\/\/thehealthclinic.eu\/wp-content\/uploads\/2024\/11\/banner-kliinikule-fin.png 1580w, https:\/\/thehealthclinic.eu\/wp-content\/uploads\/2024\/11\/banner-kliinikule-fin-300x41.png 300w, https:\/\/thehealthclinic.eu\/wp-content\/uploads\/2024\/11\/banner-kliinikule-fin-1024x140.png 1024w, https:\/\/thehealthclinic.eu\/wp-content\/uploads\/2024\/11\/banner-kliinikule-fin-768x105.png 768w, https:\/\/thehealthclinic.eu\/wp-content\/uploads\/2024\/11\/banner-kliinikule-fin-1536x210.png 1536w\" sizes=\"(max-width: 1580px) 100vw, 1580px\" \/><\/figure>\n\n\n\n<div style=\"text-align: center;\"><iframe style=\"border: 0;\" src=\"https:\/\/www.medicredit.ee\/fi\/api\/?showcalc=1&amp;skin=2\" width=\"100%\" height=\"250\"><\/iframe>><\/div>\n\n\n\n<p class=\"has-text-align-center\"><\/p>\n\n\n\n<p class=\"has-text-align-center\"><em>Medicredit O\u00dc:n my\u00f6nt\u00e4m\u00e4 laina on taloudellinen sitoumus. Suosittelemme, ett\u00e4 mietit ennen lainan hakemista taloudellista tilannettasi ja sit\u00e4, missa ajassa aiot maksaa lainasi takaisin. Mieti p\u00e4\u00e4t\u00f6st\u00e4si huolellisesti, tutustu lainan ehtoihin ja tarvittaessa neuvottele asiantuntijamme kanssa,&nbsp;joka l\u00f6yt\u00e4\u00e4 Sinulle sopivan ratkaisun.&nbsp;Esimerkki: jos lainaat 1 200 euroa 48 kuukaudeksi, vuosikorko on 17,6 % luottosaldosta.&nbsp;Ennakkomaksut 0 % ja sopimuskulut 0 \u20ac. Lainan takaisinmaksut yhteens\u00e4 1 680 euroa. Takaisinmaksu kuukausittain annuiteettimaksuina on 35 \u20ac\/kk.&nbsp;Todellinen vuosikorko on 19,1 %.<\/em><\/p>\n<\/div><\/div>\n\n<\/div><\/div>","protected":false},"excerpt":{"rendered":"<p>Ymm\u00e4rr\u00e4mme, ett\u00e4 joskus voi olla t\u00e4rke\u00e4\u00e4 jakaa maksu osiin. Jotta palvelumme olisivat entist\u00e4 paremmin k\u00e4ytett\u00e4viss\u00e4si, tarjoamme monipuolisia maksuratkaisuja, kuten osamaksumahdollisuuden. Unelmien t\u00e4yttymisen ei tarvitse olla rahasta kiinni! Asiakkaidemme tyytyv\u00e4isyys on meille eritt\u00e4in t\u00e4rke\u00e4\u00e4, ja siksi yrit\u00e4mme tehd\u00e4 kaikkemme, jotta tarjoamillamme toimenpiteill\u00e4 olisi joustavat maksutavat.&nbsp;Erilaisten maksuratkaisujen avulla palvelut voi maksaa osissa. N\u00e4in taloudellinen taakka helpottuu lyhyell\u00e4 [&hellip;]<\/p>\n","protected":false},"author":2,"featured_media":5330,"parent":10211,"menu_order":0,"comment_status":"closed","ping_status":"closed","template":"","meta":{"_kad_blocks_custom_css":"","_kad_blocks_head_custom_js":"","_kad_blocks_body_custom_js":"","_kad_blocks_footer_custom_js":"","custom_jsonld_schema":"","footnotes":""},"class_list":["post-10214","page","type-page","status-publish","has-post-thumbnail","hentry"],"blocksy_meta":{"vertical_spacing_source":"custom","content_area_spacing":"top","styles_descriptor":{"styles":{"desktop":"","tablet":"","mobile":""},"google_fonts":[],"version":6}},"taxonomy_info":[],"featured_image_src_large":["https:\/\/thehealthclinic.eu\/wp-content\/uploads\/2024\/03\/jarelmaks.svg",1024,174,false],"author_info":{"display_name":"Janek","author_link":"https:\/\/thehealthclinic.eu\/fi\/author\/janek\/"},"comment_info":0,"_links":{"self":[{"href":"https:\/\/thehealthclinic.eu\/fi\/wp-json\/wp\/v2\/pages\/10214","targetHints":{"allow":["GET"]}}],"collection":[{"href":"https:\/\/thehealthclinic.eu\/fi\/wp-json\/wp\/v2\/pages"}],"about":[{"href":"https:\/\/thehealthclinic.eu\/fi\/wp-json\/wp\/v2\/types\/page"}],"author":[{"embeddable":true,"href":"https:\/\/thehealthclinic.eu\/fi\/wp-json\/wp\/v2\/users\/2"}],"replies":[{"embeddable":true,"href":"https:\/\/thehealthclinic.eu\/fi\/wp-json\/wp\/v2\/comments?post=10214"}],"version-history":[{"count":0,"href":"https:\/\/thehealthclinic.eu\/fi\/wp-json\/wp\/v2\/pages\/10214\/revisions"}],"up":[{"embeddable":true,"href":"https:\/\/thehealthclinic.eu\/fi\/wp-json\/wp\/v2\/pages\/10211"}],"wp:featuredmedia":[{"embeddable":true,"href":"https:\/\/thehealthclinic.eu\/fi\/wp-json\/wp\/v2\/media\/5330"}],"wp:attachment":[{"href":"https:\/\/thehealthclinic.eu\/fi\/wp-json\/wp\/v2\/media?parent=10214"}],"curies":[{"name":"wp","href":"https:\/\/api.w.org\/{rel}","templated":true}]}}