{"id":10324,"date":"2024-03-19T16:04:59","date_gmt":"2024-03-19T14:04:59","guid":{"rendered":"https:\/\/uus.thehealthclinic.eu\/?page_id=10324"},"modified":"2025-09-21T12:45:32","modified_gmt":"2025-09-21T09:45:32","slug":"dr-anastassia-tuulik","status":"publish","type":"page","link":"https:\/\/thehealthclinic.eu\/fi\/joukkue\/dr-anastassia-tuulik\/","title":{"rendered":"Tri Anastassia Tuulik"},"content":{"rendered":"<style>.kb-row-layout-wrap.wp-block-kadence-rowlayout.kb-row-layout-id10324_ba3430-1f{margin-top:0px;margin-bottom:0px;}.kb-row-layout-id10324_ba3430-1f > .kt-row-column-wrap{align-content:center;}:where(.kb-row-layout-id10324_ba3430-1f > .kt-row-column-wrap) > .wp-block-kadence-column{justify-content:center;}.kb-row-layout-id10324_ba3430-1f > .kt-row-column-wrap{column-gap:var(--global-kb-gap-lg, 4rem);row-gap:var(--global-kb-gap-md, 2rem);padding-top:0px;padding-right:0px;padding-bottom:0px;padding-left:0px;grid-template-columns:minmax(0, calc(45% - ((var(--global-kb-gap-lg, 4rem) * 1 )\/2)))minmax(0, calc(55% - ((var(--global-kb-gap-lg, 4rem) * 1 )\/2)));}.kb-row-layout-id10324_ba3430-1f > .kt-row-layout-overlay{opacity:0.30;}@media all and (max-width: 1024px){.kb-row-layout-id10324_ba3430-1f > .kt-row-column-wrap{grid-template-columns:repeat(2, minmax(0, 1fr));}}@media all and (max-width: 767px){.kb-row-layout-id10324_ba3430-1f > .kt-row-column-wrap{grid-template-columns:minmax(0, 1fr);}}<\/style><div class=\"kb-row-layout-wrap kb-row-layout-id10324_ba3430-1f alignfull wp-block-kadence-rowlayout\"><div class=\"kt-row-column-wrap kt-has-2-columns kt-row-layout-equal kt-tab-layout-equal kt-mobile-layout-row kt-row-valign-middle\">\n<style>.kadence-column10324_06b0c0-8d > .kt-inside-inner-col{min-height:690px;}.kadence-column10324_06b0c0-8d > .kt-inside-inner-col,.kadence-column10324_06b0c0-8d > .kt-inside-inner-col:before{border-top-left-radius:0px;border-top-right-radius:0px;border-bottom-right-radius:0px;border-bottom-left-radius:0px;}.kadence-column10324_06b0c0-8d > .kt-inside-inner-col{column-gap:var(--global-kb-gap-sm, 1rem);}.kadence-column10324_06b0c0-8d > .kt-inside-inner-col{flex-direction:column;}.kadence-column10324_06b0c0-8d > .kt-inside-inner-col > .aligncenter{width:100%;}.kadence-column10324_06b0c0-8d > .kt-inside-inner-col{background-image:url('https:\/\/thehealthclinic.eu\/wp-content\/uploads\/2024\/04\/tuulik-1.jpg');background-size:cover;background-position:50% 50%;background-attachment:scroll;background-repeat:no-repeat;}.kadence-column10324_06b0c0-8d > .kt-inside-inner-col:before{opacity:0.3;}.kadence-column10324_06b0c0-8d{position:relative;}@media all and (max-width: 1024px){.kadence-column10324_06b0c0-8d > .kt-inside-inner-col{flex-direction:column;justify-content:center;}}@media all and (max-width: 767px){.kadence-column10324_06b0c0-8d > .kt-inside-inner-col{min-height:300px;flex-direction:column;justify-content:center;}}<\/style>\n<div class=\"wp-block-kadence-column kadence-column10324_06b0c0-8d\"><div class=\"kt-inside-inner-col\"><\/div><\/div>\n\n\n<style>.kadence-column10324_e65006-ad > .kt-inside-inner-col{padding-right:100px;padding-left:70px;}.kadence-column10324_e65006-ad > .kt-inside-inner-col,.kadence-column10324_e65006-ad > .kt-inside-inner-col:before{border-top-left-radius:0px;border-top-right-radius:0px;border-bottom-right-radius:0px;border-bottom-left-radius:0px;}.kadence-column10324_e65006-ad > .kt-inside-inner-col{column-gap:var(--global-kb-gap-sm, 1rem);}.kadence-column10324_e65006-ad > .kt-inside-inner-col{flex-direction:column;}.kadence-column10324_e65006-ad > .kt-inside-inner-col > .aligncenter{width:100%;}.kadence-column10324_e65006-ad > .kt-inside-inner-col:before{opacity:0.3;}.kadence-column10324_e65006-ad{position:relative;}@media all and (max-width: 1024px){.kadence-column10324_e65006-ad > .kt-inside-inner-col{padding-right:20px;padding-left:0px;flex-direction:column;justify-content:center;}}@media all and (max-width: 767px){.kadence-column10324_e65006-ad > .kt-inside-inner-col{padding-top:20px;padding-right:30px;padding-bottom:50px;padding-left:30px;flex-direction:column;justify-content:center;}}<\/style>\n<div class=\"wp-block-kadence-column kadence-column10324_e65006-ad\"><div class=\"kt-inside-inner-col\"><style>.wp-block-kadence-advancedheading.kt-adv-heading10324_c69bd5-0f, .wp-block-kadence-advancedheading.kt-adv-heading10324_c69bd5-0f[data-kb-block=\"kb-adv-heading10324_c69bd5-0f\"]{line-height:49px;font-style:normal;}.wp-block-kadence-advancedheading.kt-adv-heading10324_c69bd5-0f mark.kt-highlight, .wp-block-kadence-advancedheading.kt-adv-heading10324_c69bd5-0f[data-kb-block=\"kb-adv-heading10324_c69bd5-0f\"] mark.kt-highlight{font-style:normal;color:#f76a0c;-webkit-box-decoration-break:clone;box-decoration-break:clone;padding-top:0px;padding-right:0px;padding-bottom:0px;padding-left:0px;}.wp-block-kadence-advancedheading.kt-adv-heading10324_c69bd5-0f img.kb-inline-image, .wp-block-kadence-advancedheading.kt-adv-heading10324_c69bd5-0f[data-kb-block=\"kb-adv-heading10324_c69bd5-0f\"] img.kb-inline-image{width:150px;vertical-align:baseline;}<\/style>\n<h2 class=\"kt-adv-heading10324_c69bd5-0f wp-block-kadence-advancedheading\" data-kb-block=\"kb-adv-heading10324_c69bd5-0f\">Esittely<\/h2>\n\n\n\n<p>Kirurgi Anastassia Tuulik on suorittanut vuonna 2023 plastiikka- ja rekonstruktiivikirurgian erikoistumiskoulutuksen.&nbsp; Kirurgi Tuulik on kartuttanut ty\u00f6kokemustaan ty\u00f6skentelem\u00e4ll\u00e4 useita vuosia yhdess\u00e4 oman alansa kokeneiden huippukirurgien kanssa t\u00e4\u00e4ll\u00e4 Virossa. T\u00e4ll\u00e4 hetkell\u00e4 h\u00e4n ty\u00f6skentelee Tarton yliopistollisessa sairaalassa plastikka- ja korjaavan kirurgian kirurgina sek\u00e4 uusien l\u00e4\u00e4k\u00e4reiden kouluttajana. Kirurgi&nbsp;Tuulik on ty\u00f6skennellyt Health Cliniciss\u00e4 vuodesta 2024. Meill\u00e4&nbsp;h\u00e4n tekee sek\u00e4 plastiikkakirurgisia leikkauksia, ett\u00e4 esteettisen l\u00e4\u00e4ketieteen toimenpiteit\u00e4.<\/p>\n\n\n\n<p>Kirurgi Tuulikin mukaan yksi t\u00e4m\u00e4n p\u00e4iv\u00e4n merkitt\u00e4vimmist\u00e4 trendeist\u00e4 esteettisen l\u00e4\u00e4ketieteen alalla on leikkaushoitojen yhdist\u00e4minen muihin esteettisen l\u00e4\u00e4ketieteen toimenpiteisiin ja -hoitoihin. N\u00e4in saavutetaan paras mahdollinen lopputulos, mihin asiakas on tyytyv\u00e4inen. T\u00e4t\u00e4 samaa periaatetta h\u00e4n toteuttaa my\u00f6s omassa ty\u00f6ss\u00e4\u00e4n. Kirurgi Tuulik p\u00e4ivitt\u00e4\u00e4 jatkuvasti osaamistaan osallistumalla aktiivisesti mm. alan t\u00e4ydennyskoulutuksiin sek\u00e4&nbsp;kansainv\u00e4lisiin&nbsp;konferenssi- ja koulutusp\u00e4iviin.<\/p>\n<\/div><\/div>\n\n<\/div><\/div>\n\n<style>.kb-row-layout-id10324_35e584-e9 > .kt-row-column-wrap{align-content:start;}:where(.kb-row-layout-id10324_35e584-e9 > .kt-row-column-wrap) > .wp-block-kadence-column{justify-content:start;}.kb-row-layout-id10324_35e584-e9 > .kt-row-column-wrap{column-gap:var(--global-kb-gap-md, 2rem);row-gap:var(--global-kb-gap-md, 2rem);max-width:1190px;padding-top:80px;padding-bottom:80px;grid-template-columns:minmax(0, 1fr);}.kb-row-layout-id10324_35e584-e9{background-color:#fafafa;}.kb-row-layout-id10324_35e584-e9 > .kt-row-layout-overlay{opacity:0.30;}@media all and (max-width: 1024px){.kb-row-layout-id10324_35e584-e9 > .kt-row-column-wrap{grid-template-columns:minmax(0, 1fr);}}@media all and (max-width: 767px){.kb-row-layout-id10324_35e584-e9 > .kt-row-column-wrap{grid-template-columns:minmax(0, 1fr);}}@media (max-width: 767px) {    .cv td:nth-child(1) {        width: auto;        text-align: left;        background: transparent;    }    .cv td:nth-child(2) {        width: auto;        background: transparent;        text-align: left;    }}@media (min-width: 768px) and (max-width: 929px) {    .cv td:nth-child(1) {        width: 20%;    }    .cv td:nth-child(2) {        width: 80%;    }}@media (min-width: 930px) {    .cv td:nth-child(1) {        width: 15%;    }    .cv td:nth-child(2) {        width: 85%;    }}<\/style><div class=\"kb-row-layout-wrap kb-row-layout-id10324_35e584-e9 alignfull kt-row-has-bg wp-block-kadence-rowlayout\"><div class=\"kt-row-column-wrap kt-has-1-columns kt-row-layout-equal kt-tab-layout-inherit kt-mobile-layout-row kt-row-valign-top kb-theme-content-width\">\n<style>.kadence-column10324_7e35b8-11 > .kt-inside-inner-col,.kadence-column10324_7e35b8-11 > .kt-inside-inner-col:before{border-top-left-radius:0px;border-top-right-radius:0px;border-bottom-right-radius:0px;border-bottom-left-radius:0px;}.kadence-column10324_7e35b8-11 > .kt-inside-inner-col{column-gap:var(--global-kb-gap-sm, 1rem);}.kadence-column10324_7e35b8-11 > .kt-inside-inner-col{flex-direction:column;}.kadence-column10324_7e35b8-11 > .kt-inside-inner-col > .aligncenter{width:100%;}.kadence-column10324_7e35b8-11 > .kt-inside-inner-col:before{opacity:0.3;}.kadence-column10324_7e35b8-11{position:relative;}@media all and (max-width: 1024px){.kadence-column10324_7e35b8-11 > .kt-inside-inner-col{flex-direction:column;justify-content:center;}}@media all and (max-width: 767px){.kadence-column10324_7e35b8-11 > .kt-inside-inner-col{flex-direction:column;justify-content:center;}}<\/style>\n<div class=\"wp-block-kadence-column kadence-column10324_7e35b8-11\"><div class=\"kt-inside-inner-col\"><style>.wp-block-kadence-advancedheading.kt-adv-heading10324_5a00e4-b3, .wp-block-kadence-advancedheading.kt-adv-heading10324_5a00e4-b3[data-kb-block=\"kb-adv-heading10324_5a00e4-b3\"]{margin-top:0px;margin-bottom:0px;text-align:center;line-height:49px;font-style:normal;}.wp-block-kadence-advancedheading.kt-adv-heading10324_5a00e4-b3 mark.kt-highlight, .wp-block-kadence-advancedheading.kt-adv-heading10324_5a00e4-b3[data-kb-block=\"kb-adv-heading10324_5a00e4-b3\"] mark.kt-highlight{font-style:normal;color:#f76a0c;-webkit-box-decoration-break:clone;box-decoration-break:clone;padding-top:0px;padding-right:0px;padding-bottom:0px;padding-left:0px;}.wp-block-kadence-advancedheading.kt-adv-heading10324_5a00e4-b3 img.kb-inline-image, .wp-block-kadence-advancedheading.kt-adv-heading10324_5a00e4-b3[data-kb-block=\"kb-adv-heading10324_5a00e4-b3\"] img.kb-inline-image{width:150px;vertical-align:baseline;}<\/style>\n<h2 class=\"kt-adv-heading10324_5a00e4-b3 wp-block-kadence-advancedheading\" data-kb-block=\"kb-adv-heading10324_5a00e4-b3\">Curriculum Vitae<\/h2>\n\n\n\n<h3 class=\"wp-block-heading has-palette-color-4-color has-text-color has-link-color wp-elements-502331a48d7fd008b2aa3be9ec13a67f\">Koulutus<\/h3>\n\n\n\n<figure class=\"wp-block-table cv\"><table class=\"has-border-color has-palette-color-7-border-color\"><tbody><tr><td><strong>2010-2016<\/strong><\/td><td>Tarton yliopisto, yleisl\u00e4\u00e4k\u00e4ri<\/td><\/tr><tr><td><strong>2006-2007 ja 2010-2012<\/strong><\/td><td>Tarton yliopisto, plastiikkakirurgian erikoistumisjakso<\/td><\/tr><\/tbody><\/table><\/figure>\n\n\n\n<h3 class=\"wp-block-heading has-palette-color-4-color has-text-color has-link-color wp-elements-53d91ca559f4aedd35176f92db3ea173\">Ty\u00f6kokemus<\/h3>\n\n\n\n<figure class=\"wp-block-table cv\"><table class=\"has-border-color has-palette-color-7-border-color\"><tbody><tr><td><strong>2024 \u2013 \u2026<\/strong><\/td><td>Health Clinic, kirurgi (plastiikkakirurgia ja rekonstruktiivinen kirurgia)<\/td><\/tr><tr><td><strong>2023 \u2013 \u2026<\/strong><\/td><td>Tarton yliopistollinen sairaala, kirurgi (plastiikkakirurgia ja rekonstruktiivinen kirurgia), l\u00e4\u00e4k\u00e4riopettaja<\/td><\/tr><tr><td><strong>2016 \u2013 2023<\/strong><\/td><td>Plastiikkakirurgian ja rekonstruktiivisen kirurgian erikoistumisjakso<\/td><\/tr><tr><td><strong>2018 \u2013 2020<\/strong><\/td><td>It\u00e4-Tallinnan keskussairaala, p\u00e4ivystysl\u00e4\u00e4k\u00e4ri<\/td><\/tr><tr><td><strong>2015 \u2013 2016<\/strong><\/td><td>Pohjois-Viron aluesairaala, apulaisl\u00e4\u00e4k\u00e4ri p\u00e4ivystyksess\u00e4<\/td><\/tr><tr><td><strong>2013 \u2013 2014<\/strong><\/td><td>Tarton yliopistollinen sairaala, apulaishoitaja keuhkoteholla<\/td><\/tr><tr><td><strong>2012 \u2013 2012<\/strong><\/td><td>AS Fertilitas \u2011yksityissairaala, leikkaussalihoitaja<\/td><\/tr><tr><td><strong>2008 \u2013 2010<\/strong><\/td><td>AS Fertilitas \u2011yksityissairaala, leikkaussalihoitaja<\/td><\/tr><\/tbody><\/table><\/figure>\n\n\n\n<h3 class=\"wp-block-heading has-palette-color-4-color has-text-color has-link-color wp-elements-529220605ce9651b6e893ee751df66aa\">T\u00e4ydennyskoulutukset<\/h3>\n\n\n\n<p>2024. Stylage filler course, Tallinn<br>2023. London Breast Meeting, London (virtual attendance)<br>2023. Cadaver Hands on Flap Course, Tampere<br>2023. Breast Plastic Surgery Course,&nbsp; Palermo<br>2023. Combination of onabotulinum toxin A and filler inhjections, Riga, Allergan<br>2022. ISAPS &nbsp;World Congress, Istanbul (virtual attendance)<br>2022. London Breast Meeting (virtual attendance)<br>2022. Baltic Congress of Plastic Surgeons<br>2019. Easaps Biennial Meeting on Facial Rejuvenation\u201d, Brygge<br>2019. XII Breast reconstruction Hands on Course, Alicante<br>2019. Hands on Flap Course, Tampere<\/p>\n<\/div><\/div>\n\n<\/div><\/div>\n\n<style>.kb-row-layout-id10324_09dc0e-45 > .kt-row-column-wrap{align-content:end;}:where(.kb-row-layout-id10324_09dc0e-45 > .kt-row-column-wrap) > .wp-block-kadence-column{justify-content:end;}.kb-row-layout-id10324_09dc0e-45 > .kt-row-column-wrap{column-gap:var(--global-kb-gap-md, 2rem);row-gap:var(--global-kb-gap-md, 2rem);max-width:1190px;padding-top:var(--global-kb-spacing-xl, 4rem);padding-bottom:var(--global-kb-spacing-xl, 4rem);grid-template-columns:minmax(0, 1fr);}.kb-row-layout-id10324_09dc0e-45 > .kt-row-layout-overlay{opacity:0.30;}@media all and (max-width: 1024px){.kb-row-layout-id10324_09dc0e-45 > .kt-row-column-wrap{padding-top:50px;padding-right:40px;padding-bottom:30px;padding-left:40px;grid-template-columns:minmax(0, 1fr);}}@media all and (max-width: 767px){.kb-row-layout-id10324_09dc0e-45 > .kt-row-column-wrap{grid-template-columns:minmax(0, 1fr);}}.kb-row-layout-id10324_09dc0e-45 input::placeholder {  font-weight: 400;  font-size: 15px;  line-height: 22.5px;  color: #fff;}<\/style><div class=\"kb-row-layout-wrap kb-row-layout-id10324_09dc0e-45 alignfull has-palette-color-2-background-color kt-row-has-bg wp-block-kadence-rowlayout\"><div class=\"kt-row-column-wrap kt-has-1-columns kt-row-layout-equal kt-tab-layout-inherit kt-mobile-layout-row kt-row-valign-bottom kb-theme-content-width\">\n<style>.kadence-column10324_1a1175-61 > .kt-inside-inner-col{display:flex;}.kadence-column10324_1a1175-61 > .kt-inside-inner-col,.kadence-column10324_1a1175-61 > .kt-inside-inner-col:before{border-top-left-radius:0px;border-top-right-radius:0px;border-bottom-right-radius:0px;border-bottom-left-radius:0px;}.kadence-column10324_1a1175-61 > .kt-inside-inner-col{column-gap:var(--global-kb-gap-sm, 1rem);}.kadence-column10324_1a1175-61 > .kt-inside-inner-col{flex-direction:column;justify-content:flex-start;}.kadence-column10324_1a1175-61 > .kt-inside-inner-col > .aligncenter{width:100%;}.kt-row-column-wrap > .kadence-column10324_1a1175-61{align-self:flex-start;}.kt-inner-column-height-full:not(.kt-has-1-columns) > .wp-block-kadence-column.kadence-column10324_1a1175-61{align-self:auto;}.kt-inner-column-height-full:not(.kt-has-1-columns) > .wp-block-kadence-column.kadence-column10324_1a1175-61 > .kt-inside-inner-col{flex-direction:column;justify-content:flex-start;}.kadence-column10324_1a1175-61 > .kt-inside-inner-col:before{opacity:0.3;}.kadence-column10324_1a1175-61{position:relative;}@media all and (max-width: 1024px){.kt-row-column-wrap > .kadence-column10324_1a1175-61{align-self:flex-start;}}@media all and (max-width: 1024px){.kt-inner-column-height-full:not(.kt-has-1-columns) > .wp-block-kadence-column.kadence-column10324_1a1175-61{align-self:auto;}}@media all and (max-width: 1024px){.kt-inner-column-height-full:not(.kt-has-1-columns) > .wp-block-kadence-column.kadence-column10324_1a1175-61 > .kt-inside-inner-col{flex-direction:column;justify-content:flex-start;}}@media all and (max-width: 1024px){.kadence-column10324_1a1175-61 > .kt-inside-inner-col{flex-direction:column;justify-content:flex-start;}}@media all and (max-width: 767px){.kt-row-column-wrap > .kadence-column10324_1a1175-61{align-self:flex-start;}.kt-inner-column-height-full:not(.kt-has-1-columns) > .wp-block-kadence-column.kadence-column10324_1a1175-61{align-self:auto;}.kt-inner-column-height-full:not(.kt-has-1-columns) > .wp-block-kadence-column.kadence-column10324_1a1175-61 > .kt-inside-inner-col{flex-direction:column;justify-content:flex-start;}.kadence-column10324_1a1175-61 > .kt-inside-inner-col{flex-direction:column;justify-content:flex-start;}}<\/style>\n<div class=\"wp-block-kadence-column kadence-column10324_1a1175-61\"><div class=\"kt-inside-inner-col\"><style>.wp-block-kadence-advancedheading.kt-adv-heading10324_def78f-9f, .wp-block-kadence-advancedheading.kt-adv-heading10324_def78f-9f[data-kb-block=\"kb-adv-heading10324_def78f-9f\"]{margin-top:10px;margin-bottom:0px;text-align:center;font-size:36px;line-height:42px;font-style:normal;}.wp-block-kadence-advancedheading.kt-adv-heading10324_def78f-9f mark.kt-highlight, .wp-block-kadence-advancedheading.kt-adv-heading10324_def78f-9f[data-kb-block=\"kb-adv-heading10324_def78f-9f\"] mark.kt-highlight{font-style:normal;color:#f76a0c;-webkit-box-decoration-break:clone;box-decoration-break:clone;padding-top:0px;padding-right:0px;padding-bottom:0px;padding-left:0px;}.wp-block-kadence-advancedheading.kt-adv-heading10324_def78f-9f img.kb-inline-image, .wp-block-kadence-advancedheading.kt-adv-heading10324_def78f-9f[data-kb-block=\"kb-adv-heading10324_def78f-9f\"] img.kb-inline-image{width:150px;vertical-align:baseline;}@media all and (max-width: 767px){.wp-block-kadence-advancedheading.kt-adv-heading10324_def78f-9f, .wp-block-kadence-advancedheading.kt-adv-heading10324_def78f-9f[data-kb-block=\"kb-adv-heading10324_def78f-9f\"]{margin-top:10px;margin-bottom:-20px;font-size:32px;text-align:center!important;}}<\/style>\n<h3 class=\"kt-adv-heading10324_def78f-9f wp-block-kadence-advancedheading has-palette-color-5-color has-text-color\" data-kb-block=\"kb-adv-heading10324_def78f-9f\">Haluatko aloittaa uuden matkasi klinikallamme?<\/h3>\n\n\n<style>.wp-block-kadence-advancedbtn.kb-btns10324_0cbaf5-a7{gap:var(--global-kb-gap-xs, 0.5rem );justify-content:center;align-items:center;}.kt-btns10324_0cbaf5-a7 .kt-button{font-weight:normal;font-style:normal;}.kt-btns10324_0cbaf5-a7 .kt-btn-wrap-0{margin-right:5px;}.wp-block-kadence-advancedbtn.kt-btns10324_0cbaf5-a7 .kt-btn-wrap-0 .kt-button{color:#555555;border-color:#555555;}.wp-block-kadence-advancedbtn.kt-btns10324_0cbaf5-a7 .kt-btn-wrap-0 .kt-button:hover, .wp-block-kadence-advancedbtn.kt-btns10324_0cbaf5-a7 .kt-btn-wrap-0 .kt-button:focus{color:#ffffff;border-color:#444444;}.wp-block-kadence-advancedbtn.kt-btns10324_0cbaf5-a7 .kt-btn-wrap-0 .kt-button::before{display:none;}.wp-block-kadence-advancedbtn.kt-btns10324_0cbaf5-a7 .kt-btn-wrap-0 .kt-button:hover, .wp-block-kadence-advancedbtn.kt-btns10324_0cbaf5-a7 .kt-btn-wrap-0 .kt-button:focus{background:#444444;}<\/style>\n<div class=\"wp-block-kadence-advancedbtn kb-buttons-wrap kb-btns10324_0cbaf5-a7\"><style>ul.menu .wp-block-kadence-advancedbtn .kb-btn10324_a78514-ee.kb-button{width:initial;}.wp-block-kadence-advancedbtn .kb-btn10324_a78514-ee.kb-button{color:#ffffff;font-size:13px;letter-spacing:1px;font-family:ct_font_gill__sans;font-weight:600;text-transform:uppercase;border-top-left-radius:0px;border-top:1px solid #ffffff;border-right:1px solid #ffffff;border-bottom:1px solid #ffffff;border-left:1px solid #ffffff;padding-top:12px;padding-right:30px;padding-bottom:12px;padding-left:30px;margin-top:30px;}.wp-block-kadence-advancedbtn .kb-btn10324_a78514-ee.kb-button:hover, .wp-block-kadence-advancedbtn .kb-btn10324_a78514-ee.kb-button:focus{border-top:1px solid var(--theme-palette-color-4, #7BAFAF);border-right:1px solid var(--theme-palette-color-4, #7BAFAF);border-bottom:1px solid var(--theme-palette-color-4, #7BAFAF);border-left:1px solid var(--theme-palette-color-4, #7BAFAF);}@media all and (max-width: 1024px){.wp-block-kadence-advancedbtn .kb-btn10324_a78514-ee.kb-button{border-top:1px solid #ffffff;border-right:1px solid #ffffff;border-bottom:1px solid #ffffff;border-left:1px solid #ffffff;}}@media all and (max-width: 1024px){.wp-block-kadence-advancedbtn .kb-btn10324_a78514-ee.kb-button:hover, .wp-block-kadence-advancedbtn .kb-btn10324_a78514-ee.kb-button:focus{border-top:1px solid var(--theme-palette-color-4, #7BAFAF);border-right:1px solid var(--theme-palette-color-4, #7BAFAF);border-bottom:1px solid var(--theme-palette-color-4, #7BAFAF);border-left:1px solid var(--theme-palette-color-4, #7BAFAF);}}@media all and (max-width: 767px){.wp-block-kadence-advancedbtn .kb-btn10324_a78514-ee.kb-button{border-top:1px solid #ffffff;border-right:1px solid #ffffff;border-bottom:1px solid #ffffff;border-left:1px solid #ffffff;}.wp-block-kadence-advancedbtn .kb-btn10324_a78514-ee.kb-button:hover, .wp-block-kadence-advancedbtn .kb-btn10324_a78514-ee.kb-button:focus{border-top:1px solid var(--theme-palette-color-4, #7BAFAF);border-right:1px solid var(--theme-palette-color-4, #7BAFAF);border-bottom:1px solid var(--theme-palette-color-4, #7BAFAF);border-left:1px solid var(--theme-palette-color-4, #7BAFAF);}}<\/style><a class=\"kb-button kt-button button kb-btn10324_a78514-ee kt-btn-size-large kt-btn-width-type-auto kb-btn-global-outline  kt-btn-has-text-true kt-btn-has-svg-false  wp-block-kadence-singlebtn\" href=\"https:\/\/thehealthclinic.eu\/fi\/varaa-aika\/\"><span class=\"kt-btn-inner-text\">VARAA AIKA KONSULTAATIOON<\/span><\/a><\/div>\n<\/div><\/div>\n\n\n<style>.kadence-column10324_a38016-4c > .kt-inside-inner-col{display:flex;}.kadence-column10324_a38016-4c > .kt-inside-inner-col,.kadence-column10324_a38016-4c > .kt-inside-inner-col:before{border-top-left-radius:0px;border-top-right-radius:0px;border-bottom-right-radius:0px;border-bottom-left-radius:0px;}.kadence-column10324_a38016-4c > .kt-inside-inner-col{column-gap:var(--global-kb-gap-sm, 1rem);}.kadence-column10324_a38016-4c > .kt-inside-inner-col{flex-direction:column;justify-content:flex-end;}.kadence-column10324_a38016-4c > .kt-inside-inner-col > .aligncenter{width:100%;}.kt-row-column-wrap > .kadence-column10324_a38016-4c{align-self:flex-end;}.kt-inner-column-height-full:not(.kt-has-1-columns) > .wp-block-kadence-column.kadence-column10324_a38016-4c{align-self:auto;}.kt-inner-column-height-full:not(.kt-has-1-columns) > .wp-block-kadence-column.kadence-column10324_a38016-4c > .kt-inside-inner-col{flex-direction:column;justify-content:flex-end;}.kadence-column10324_a38016-4c > .kt-inside-inner-col:before{opacity:0.3;}.kadence-column10324_a38016-4c{position:relative;}@media all and (max-width: 1024px){.kt-row-column-wrap > .kadence-column10324_a38016-4c{align-self:flex-end;}}@media all and (max-width: 1024px){.kt-inner-column-height-full:not(.kt-has-1-columns) > .wp-block-kadence-column.kadence-column10324_a38016-4c{align-self:auto;}}@media all and (max-width: 1024px){.kt-inner-column-height-full:not(.kt-has-1-columns) > .wp-block-kadence-column.kadence-column10324_a38016-4c > .kt-inside-inner-col{flex-direction:column;justify-content:flex-end;}}@media all and (max-width: 1024px){.kadence-column10324_a38016-4c > .kt-inside-inner-col{flex-direction:column;justify-content:flex-end;}}@media all and (max-width: 767px){.kt-row-column-wrap > .kadence-column10324_a38016-4c{align-self:flex-end;}.kt-inner-column-height-full:not(.kt-has-1-columns) > .wp-block-kadence-column.kadence-column10324_a38016-4c{align-self:auto;}.kt-inner-column-height-full:not(.kt-has-1-columns) > .wp-block-kadence-column.kadence-column10324_a38016-4c > .kt-inside-inner-col{flex-direction:column;justify-content:flex-end;}.kadence-column10324_a38016-4c > .kt-inside-inner-col{flex-direction:column;justify-content:flex-end;}}<\/style>\n<div class=\"wp-block-kadence-column kadence-column10324_a38016-4c\" data-aos=\"fade\" data-aos-duration=\"350\" data-aos-delay=\"100\" data-aos-easing=\"ease-in\"><div class=\"kt-inside-inner-col\"><\/div><\/div>\n\n<\/div><\/div>","protected":false},"excerpt":{"rendered":"<p>Esittely Kirurgi Anastassia Tuulik on suorittanut vuonna 2023 plastiikka- ja rekonstruktiivikirurgian erikoistumiskoulutuksen.&nbsp; Kirurgi Tuulik on kartuttanut ty\u00f6kokemustaan ty\u00f6skentelem\u00e4ll\u00e4 useita vuosia yhdess\u00e4 oman alansa kokeneiden huippukirurgien kanssa t\u00e4\u00e4ll\u00e4 Virossa. T\u00e4ll\u00e4 hetkell\u00e4 h\u00e4n ty\u00f6skentelee Tarton yliopistollisessa sairaalassa plastikka- ja korjaavan kirurgian kirurgina sek\u00e4 uusien l\u00e4\u00e4k\u00e4reiden kouluttajana. Kirurgi&nbsp;Tuulik on ty\u00f6skennellyt Health Cliniciss\u00e4 vuodesta 2024. Meill\u00e4&nbsp;h\u00e4n tekee sek\u00e4 plastiikkakirurgisia [&hellip;]<\/p>\n","protected":false},"author":2,"featured_media":5845,"parent":10318,"menu_order":0,"comment_status":"closed","ping_status":"closed","template":"","meta":{"_kad_blocks_custom_css":"","_kad_blocks_head_custom_js":"","_kad_blocks_body_custom_js":"","_kad_blocks_footer_custom_js":"","custom_jsonld_schema":"","footnotes":""},"class_list":["post-10324","page","type-page","status-publish","has-post-thumbnail","hentry"],"blocksy_meta":{"vertical_spacing_source":"custom","styles_descriptor":{"styles":{"desktop":"","tablet":"","mobile":""},"google_fonts":[],"version":6},"content_area_spacing":"none"},"taxonomy_info":[],"featured_image_src_large":["https:\/\/thehealthclinic.eu\/wp-content\/uploads\/2024\/03\/tiim.svg",1024,174,false],"author_info":{"display_name":"Janek","author_link":"https:\/\/thehealthclinic.eu\/fi\/author\/janek\/"},"comment_info":0,"_links":{"self":[{"href":"https:\/\/thehealthclinic.eu\/fi\/wp-json\/wp\/v2\/pages\/10324","targetHints":{"allow":["GET"]}}],"collection":[{"href":"https:\/\/thehealthclinic.eu\/fi\/wp-json\/wp\/v2\/pages"}],"about":[{"href":"https:\/\/thehealthclinic.eu\/fi\/wp-json\/wp\/v2\/types\/page"}],"author":[{"embeddable":true,"href":"https:\/\/thehealthclinic.eu\/fi\/wp-json\/wp\/v2\/users\/2"}],"replies":[{"embeddable":true,"href":"https:\/\/thehealthclinic.eu\/fi\/wp-json\/wp\/v2\/comments?post=10324"}],"version-history":[{"count":0,"href":"https:\/\/thehealthclinic.eu\/fi\/wp-json\/wp\/v2\/pages\/10324\/revisions"}],"up":[{"embeddable":true,"href":"https:\/\/thehealthclinic.eu\/fi\/wp-json\/wp\/v2\/pages\/10318"}],"wp:featuredmedia":[{"embeddable":true,"href":"https:\/\/thehealthclinic.eu\/fi\/wp-json\/wp\/v2\/media\/5845"}],"wp:attachment":[{"href":"https:\/\/thehealthclinic.eu\/fi\/wp-json\/wp\/v2\/media?parent=10324"}],"curies":[{"name":"wp","href":"https:\/\/api.w.org\/{rel}","templated":true}]}}