{"id":10327,"date":"2024-03-19T16:04:43","date_gmt":"2024-03-19T14:04:43","guid":{"rendered":"https:\/\/uus.thehealthclinic.eu\/?page_id=10327"},"modified":"2025-09-21T12:48:09","modified_gmt":"2025-09-21T09:48:09","slug":"tri-keidy-reinsoo","status":"publish","type":"page","link":"https:\/\/thehealthclinic.eu\/fi\/joukkue\/tri-keidy-reinsoo\/","title":{"rendered":"Tri Keidy Reinsoo"},"content":{"rendered":"<style>.kb-row-layout-wrap.wp-block-kadence-rowlayout.kb-row-layout-id10327_be5c17-1f{margin-top:0px;margin-bottom:0px;}.kb-row-layout-id10327_be5c17-1f > .kt-row-column-wrap{align-content:center;}:where(.kb-row-layout-id10327_be5c17-1f > .kt-row-column-wrap) > .wp-block-kadence-column{justify-content:center;}.kb-row-layout-id10327_be5c17-1f > .kt-row-column-wrap{column-gap:var(--global-kb-gap-lg, 4rem);row-gap:var(--global-kb-gap-md, 2rem);padding-top:0px;padding-right:0px;padding-bottom:0px;padding-left:0px;grid-template-columns:minmax(0, calc(45% - ((var(--global-kb-gap-lg, 4rem) * 1 )\/2)))minmax(0, calc(55% - ((var(--global-kb-gap-lg, 4rem) * 1 )\/2)));}.kb-row-layout-id10327_be5c17-1f > .kt-row-layout-overlay{opacity:0.30;}@media all and (max-width: 1024px){.kb-row-layout-id10327_be5c17-1f > .kt-row-column-wrap{grid-template-columns:repeat(2, minmax(0, 1fr));}}@media all and (max-width: 767px){.kb-row-layout-id10327_be5c17-1f > .kt-row-column-wrap{grid-template-columns:minmax(0, 1fr);}}<\/style><div class=\"kb-row-layout-wrap kb-row-layout-id10327_be5c17-1f alignfull wp-block-kadence-rowlayout\"><div class=\"kt-row-column-wrap kt-has-2-columns kt-row-layout-equal kt-tab-layout-equal kt-mobile-layout-row kt-row-valign-middle\">\n<style>.kadence-column10327_8bd161-30 > .kt-inside-inner-col{min-height:690px;}.kadence-column10327_8bd161-30 > .kt-inside-inner-col,.kadence-column10327_8bd161-30 > .kt-inside-inner-col:before{border-top-left-radius:0px;border-top-right-radius:0px;border-bottom-right-radius:0px;border-bottom-left-radius:0px;}.kadence-column10327_8bd161-30 > .kt-inside-inner-col{column-gap:var(--global-kb-gap-sm, 1rem);}.kadence-column10327_8bd161-30 > .kt-inside-inner-col{flex-direction:column;}.kadence-column10327_8bd161-30 > .kt-inside-inner-col > .aligncenter{width:100%;}.kadence-column10327_8bd161-30 > .kt-inside-inner-col{background-image:url('https:\/\/thehealthclinic.eu\/wp-content\/uploads\/2024\/04\/reinsoo-1.jpg');background-size:cover;background-position:49% 33%;background-attachment:scroll;background-repeat:no-repeat;}.kadence-column10327_8bd161-30 > .kt-inside-inner-col:before{opacity:0.3;}.kadence-column10327_8bd161-30{position:relative;}@media all and (max-width: 1024px){.kadence-column10327_8bd161-30 > .kt-inside-inner-col{flex-direction:column;justify-content:center;}}@media all and (max-width: 767px){.kadence-column10327_8bd161-30 > .kt-inside-inner-col{min-height:300px;flex-direction:column;justify-content:center;}}<\/style>\n<div class=\"wp-block-kadence-column kadence-column10327_8bd161-30\"><div class=\"kt-inside-inner-col\"><\/div><\/div>\n\n\n<style>.kadence-column10327_30b0f3-86 > .kt-inside-inner-col{padding-right:100px;padding-left:70px;}.kadence-column10327_30b0f3-86 > .kt-inside-inner-col,.kadence-column10327_30b0f3-86 > .kt-inside-inner-col:before{border-top-left-radius:0px;border-top-right-radius:0px;border-bottom-right-radius:0px;border-bottom-left-radius:0px;}.kadence-column10327_30b0f3-86 > .kt-inside-inner-col{column-gap:var(--global-kb-gap-sm, 1rem);}.kadence-column10327_30b0f3-86 > .kt-inside-inner-col{flex-direction:column;}.kadence-column10327_30b0f3-86 > .kt-inside-inner-col > .aligncenter{width:100%;}.kadence-column10327_30b0f3-86 > .kt-inside-inner-col:before{opacity:0.3;}.kadence-column10327_30b0f3-86{position:relative;}@media all and (max-width: 1024px){.kadence-column10327_30b0f3-86 > .kt-inside-inner-col{padding-right:20px;padding-left:0px;flex-direction:column;justify-content:center;}}@media all and (max-width: 767px){.kadence-column10327_30b0f3-86 > .kt-inside-inner-col{padding-top:20px;padding-right:30px;padding-bottom:50px;padding-left:30px;flex-direction:column;justify-content:center;}}<\/style>\n<div class=\"wp-block-kadence-column kadence-column10327_30b0f3-86\"><div class=\"kt-inside-inner-col\"><style>.wp-block-kadence-advancedheading.kt-adv-heading10327_e982c4-b0, .wp-block-kadence-advancedheading.kt-adv-heading10327_e982c4-b0[data-kb-block=\"kb-adv-heading10327_e982c4-b0\"]{line-height:49px;font-style:normal;}.wp-block-kadence-advancedheading.kt-adv-heading10327_e982c4-b0 mark.kt-highlight, .wp-block-kadence-advancedheading.kt-adv-heading10327_e982c4-b0[data-kb-block=\"kb-adv-heading10327_e982c4-b0\"] mark.kt-highlight{font-style:normal;color:#f76a0c;-webkit-box-decoration-break:clone;box-decoration-break:clone;padding-top:0px;padding-right:0px;padding-bottom:0px;padding-left:0px;}.wp-block-kadence-advancedheading.kt-adv-heading10327_e982c4-b0 img.kb-inline-image, .wp-block-kadence-advancedheading.kt-adv-heading10327_e982c4-b0[data-kb-block=\"kb-adv-heading10327_e982c4-b0\"] img.kb-inline-image{width:150px;vertical-align:baseline;}<\/style>\n<h2 class=\"kt-adv-heading10327_e982c4-b0 wp-block-kadence-advancedheading\" data-kb-block=\"kb-adv-heading10327_e982c4-b0\">Esittely<\/h2>\n\n\n\n<p>Ty\u00f6ss\u00e4\u00e4n iho- ja sukupuolitautien erikoisl\u00e4\u00e4k\u00e4rin\u00e4 Keidy Reinsoo on eritt\u00e4in perusteellinen ja l\u00e4hestyy ihmist\u00e4 aina kokonaisvaltaisesti. H\u00e4n pit\u00e4\u00e4 t\u00e4rke\u00e4n\u00e4 s\u00e4\u00e4nn\u00f6llist\u00e4 itsens\u00e4 kehitt\u00e4mist\u00e4 ja syd\u00e4mellist\u00e4 suhtautumista potilaisiin.<\/p>\n\n\n\n<p>Esteettisess\u00e4 dermatologiassa h\u00e4n on erityisen kiinnostunut laserhoidosta ja sen monipuolisista mahdollisuuksista uudistaa ja parantaa ihoa. H\u00e4nelle on t\u00e4rke\u00e4\u00e4 k\u00e4ytt\u00e4\u00e4 uusimpia ja tehokkaimpia laserhoitoja, jotka tarjoavat potilaille turvallisia ja tuloksellisia ratkaisuja.<\/p>\n\n\n\n<p>Kauneuspistoksissa h\u00e4n arvostaa erityisesti luonnollista lopputulosta. Keidy Reinsoo r\u00e4\u00e4t\u00e4l\u00f6i jokaisen potilaan hoitosuunnitelman saavuttaakseen tasapainoisen ja vaikuttavan tuloksen, joka korostaa kunkin ihmisen ainutlaatuista kauneutta ja perustuu heid\u00e4n henkil\u00f6kohtaisiin toiveisiinsa ja tarpeisiinsa.<\/p>\n<\/div><\/div>\n\n<\/div><\/div>\n\n<style>.kb-row-layout-id10327_a156aa-9d > .kt-row-column-wrap{align-content:start;}:where(.kb-row-layout-id10327_a156aa-9d > .kt-row-column-wrap) > .wp-block-kadence-column{justify-content:start;}.kb-row-layout-id10327_a156aa-9d > .kt-row-column-wrap{column-gap:var(--global-kb-gap-md, 2rem);row-gap:var(--global-kb-gap-md, 2rem);max-width:1190px;padding-top:80px;padding-bottom:80px;grid-template-columns:minmax(0, 1fr);}.kb-row-layout-id10327_a156aa-9d{background-color:#fafafa;}.kb-row-layout-id10327_a156aa-9d > .kt-row-layout-overlay{opacity:0.30;}@media all and (max-width: 1024px){.kb-row-layout-id10327_a156aa-9d > .kt-row-column-wrap{grid-template-columns:minmax(0, 1fr);}}@media all and (max-width: 767px){.kb-row-layout-id10327_a156aa-9d > .kt-row-column-wrap{grid-template-columns:minmax(0, 1fr);}}@media (max-width: 767px) {    .cv td:nth-child(1) {        width: auto;        text-align: left;        background: transparent;    }    .cv td:nth-child(2) {        width: auto;        background: transparent;        text-align: left;    }}@media (min-width: 768px) and (max-width: 929px) {    .cv td:nth-child(1) {        width: 20%;    }    .cv td:nth-child(2) {        width: 80%;    }}@media (min-width: 930px) {    .cv td:nth-child(1) {        width: 15%;    }    .cv td:nth-child(2) {        width: 85%;    }}<\/style><div class=\"kb-row-layout-wrap kb-row-layout-id10327_a156aa-9d alignfull kt-row-has-bg wp-block-kadence-rowlayout\"><div class=\"kt-row-column-wrap kt-has-1-columns kt-row-layout-equal kt-tab-layout-inherit kt-mobile-layout-row kt-row-valign-top kb-theme-content-width\">\n<style>.kadence-column10327_8cb830-c4 > .kt-inside-inner-col,.kadence-column10327_8cb830-c4 > .kt-inside-inner-col:before{border-top-left-radius:0px;border-top-right-radius:0px;border-bottom-right-radius:0px;border-bottom-left-radius:0px;}.kadence-column10327_8cb830-c4 > .kt-inside-inner-col{column-gap:var(--global-kb-gap-sm, 1rem);}.kadence-column10327_8cb830-c4 > .kt-inside-inner-col{flex-direction:column;}.kadence-column10327_8cb830-c4 > .kt-inside-inner-col > .aligncenter{width:100%;}.kadence-column10327_8cb830-c4 > .kt-inside-inner-col:before{opacity:0.3;}.kadence-column10327_8cb830-c4{position:relative;}@media all and (max-width: 1024px){.kadence-column10327_8cb830-c4 > .kt-inside-inner-col{flex-direction:column;justify-content:center;}}@media all and (max-width: 767px){.kadence-column10327_8cb830-c4 > .kt-inside-inner-col{flex-direction:column;justify-content:center;}}<\/style>\n<div class=\"wp-block-kadence-column kadence-column10327_8cb830-c4\"><div class=\"kt-inside-inner-col\"><style>.wp-block-kadence-advancedheading.kt-adv-heading10327_9fc696-f3, .wp-block-kadence-advancedheading.kt-adv-heading10327_9fc696-f3[data-kb-block=\"kb-adv-heading10327_9fc696-f3\"]{margin-top:0px;margin-bottom:0px;text-align:center;line-height:49px;font-style:normal;}.wp-block-kadence-advancedheading.kt-adv-heading10327_9fc696-f3 mark.kt-highlight, .wp-block-kadence-advancedheading.kt-adv-heading10327_9fc696-f3[data-kb-block=\"kb-adv-heading10327_9fc696-f3\"] mark.kt-highlight{font-style:normal;color:#f76a0c;-webkit-box-decoration-break:clone;box-decoration-break:clone;padding-top:0px;padding-right:0px;padding-bottom:0px;padding-left:0px;}.wp-block-kadence-advancedheading.kt-adv-heading10327_9fc696-f3 img.kb-inline-image, .wp-block-kadence-advancedheading.kt-adv-heading10327_9fc696-f3[data-kb-block=\"kb-adv-heading10327_9fc696-f3\"] img.kb-inline-image{width:150px;vertical-align:baseline;}<\/style>\n<h2 class=\"kt-adv-heading10327_9fc696-f3 wp-block-kadence-advancedheading\" data-kb-block=\"kb-adv-heading10327_9fc696-f3\">Curriculum Vitae<\/h2>\n\n\n\n<h3 class=\"wp-block-heading has-palette-color-4-color has-text-color has-link-color wp-elements-502331a48d7fd008b2aa3be9ec13a67f\">Koulutus<\/h3>\n\n\n\n<figure class=\"wp-block-table cv\"><table class=\"has-border-color has-palette-color-7-border-color\"><tbody><tr><td><strong>2011 &#8211; 2017<\/strong><\/td><td>2017 Tarton yliopisto, l\u00e4\u00e4ketieteellinen tiedekunta, kandidaatin ja maisterin integroitu koulutus, l\u00e4\u00e4ketiede<\/td><\/tr><tr><td><strong>1999 &#8211; 2011<\/strong><\/td><td>Tallinnan saksalainen lyseo, saksankielinen osasto<\/td><\/tr><\/tbody><\/table><\/figure>\n\n\n\n<h3 class=\"wp-block-heading has-palette-color-4-color has-text-color has-link-color wp-elements-53d91ca559f4aedd35176f92db3ea173\">Ty\u00f6kokemus<\/h3>\n\n\n\n<figure class=\"wp-block-table cv\"><table class=\"has-border-color has-palette-color-7-border-color\"><tbody><tr><td><strong>2023 \u2013 \u2026<\/strong><\/td><td>Health Clinic, iho- ja sukupuolitautien erikoistuva l\u00e4\u00e4k\u00e4ri<\/td><\/tr><tr><td><strong>2023 \u2013 \u2026<\/strong><\/td><td>Pohjois-Viron aluesairaala, iho- ja sukupuolitautien erikoistuva l\u00e4\u00e4k\u00e4ri<br><\/td><\/tr><tr><td><strong>2017 \u2013 \u2026<\/strong><\/td><td>Rakveren sairaala, p\u00e4ivystyspoliklinikka, yleisl\u00e4\u00e4k\u00e4ri<\/td><\/tr><tr><td><strong>2017 \u2013 2018<\/strong><\/td><td>Virtain, Pieks\u00e4m\u00e4en ja Rautj\u00e4rven terveyskeskus, yleisl\u00e4\u00e4k\u00e4ri<\/td><\/tr><tr><td><strong>2015 \u2013 2017<\/strong><\/td><td>Rakveren sairaala, p\u00e4ivystyspoliklinikka, apulaisl\u00e4\u00e4k\u00e4ri<br><\/td><\/tr><tr><td><strong>2014<\/strong><\/td><td>Tallinnan ambulanssipalvelu, apulaishoitaja<\/td><\/tr><\/tbody><\/table><\/figure>\n\n\n\n<h3 class=\"wp-block-heading has-palette-color-4-color has-text-color has-link-color wp-elements-529220605ce9651b6e893ee751df66aa\">T\u00e4ydennyskoulutukset<\/h3>\n\n\n\n<p>2024. 3rd Nordic Course on Laser Dermatology. Copenhagen, Denmark<br>2024. 8th Nordic Dermoscopy Course. Gothenburg, Sweden<br>2024. T\u00e4ites\u00fcstide koolitus. Dr. Mari Laasma<br>2023. 13. International Dermoscopy course (Schweizerische Gesellschaft f\u00fcr Dermatologie und Venerologie)<br>2023. Botuliinteraapia koolitus. Dr. Mart Eller<br>2023. Veebiseminar \u201eAtoopiline dermatiit ja psoriaas kontrolli alla\u201c<br>2022. Nahahaiguste seminar \u201eHealoomulised nahamuutused ja naha vananemise pidurdamine\u201c<br>2022. Nahahaiguste seminar \u201eS\u00fcnnim\u00e4rgid ja pahaloomulised nahakasvajad\u201c<br>2021. Veebiseminar \u201eAtoopiline dermatiit \u2013 s\u00fc\u00fctu kuiv nahk v\u00f5i raske piinav haigus?<br>2021. Veebiseminar \u201eAkne\u201d ja \u201cPsoriaasihaige k\u00e4sitlus -lokaalne ja s\u00fcsteemne ravi\u201d<\/p>\n<\/div><\/div>\n\n<\/div><\/div>\n\n<style>.kb-row-layout-id10327_6e2174-50 > .kt-row-column-wrap{align-content:end;}:where(.kb-row-layout-id10327_6e2174-50 > .kt-row-column-wrap) > .wp-block-kadence-column{justify-content:end;}.kb-row-layout-id10327_6e2174-50 > .kt-row-column-wrap{column-gap:var(--global-kb-gap-md, 2rem);row-gap:var(--global-kb-gap-md, 2rem);max-width:1190px;padding-top:var(--global-kb-spacing-xl, 4rem);padding-bottom:var(--global-kb-spacing-xl, 4rem);grid-template-columns:minmax(0, 1fr);}.kb-row-layout-id10327_6e2174-50 > .kt-row-layout-overlay{opacity:0.30;}@media all and (max-width: 1024px){.kb-row-layout-id10327_6e2174-50 > .kt-row-column-wrap{padding-top:50px;padding-right:40px;padding-bottom:30px;padding-left:40px;grid-template-columns:minmax(0, 1fr);}}@media all and (max-width: 767px){.kb-row-layout-id10327_6e2174-50 > .kt-row-column-wrap{grid-template-columns:minmax(0, 1fr);}}.kb-row-layout-id10327_6e2174-50 input::placeholder {  font-weight: 400;  font-size: 15px;  line-height: 22.5px;  color: #fff;}<\/style><div class=\"kb-row-layout-wrap kb-row-layout-id10327_6e2174-50 alignfull has-palette-color-2-background-color kt-row-has-bg wp-block-kadence-rowlayout\"><div class=\"kt-row-column-wrap kt-has-1-columns kt-row-layout-equal kt-tab-layout-inherit kt-mobile-layout-row kt-row-valign-bottom kb-theme-content-width\">\n<style>.kadence-column10327_f3eb67-3a > .kt-inside-inner-col{display:flex;}.kadence-column10327_f3eb67-3a > .kt-inside-inner-col,.kadence-column10327_f3eb67-3a > .kt-inside-inner-col:before{border-top-left-radius:0px;border-top-right-radius:0px;border-bottom-right-radius:0px;border-bottom-left-radius:0px;}.kadence-column10327_f3eb67-3a > .kt-inside-inner-col{column-gap:var(--global-kb-gap-sm, 1rem);}.kadence-column10327_f3eb67-3a > .kt-inside-inner-col{flex-direction:column;justify-content:flex-start;}.kadence-column10327_f3eb67-3a > .kt-inside-inner-col > .aligncenter{width:100%;}.kt-row-column-wrap > .kadence-column10327_f3eb67-3a{align-self:flex-start;}.kt-inner-column-height-full:not(.kt-has-1-columns) > .wp-block-kadence-column.kadence-column10327_f3eb67-3a{align-self:auto;}.kt-inner-column-height-full:not(.kt-has-1-columns) > .wp-block-kadence-column.kadence-column10327_f3eb67-3a > .kt-inside-inner-col{flex-direction:column;justify-content:flex-start;}.kadence-column10327_f3eb67-3a > .kt-inside-inner-col:before{opacity:0.3;}.kadence-column10327_f3eb67-3a{position:relative;}@media all and (max-width: 1024px){.kt-row-column-wrap > .kadence-column10327_f3eb67-3a{align-self:flex-start;}}@media all and (max-width: 1024px){.kt-inner-column-height-full:not(.kt-has-1-columns) > .wp-block-kadence-column.kadence-column10327_f3eb67-3a{align-self:auto;}}@media all and (max-width: 1024px){.kt-inner-column-height-full:not(.kt-has-1-columns) > .wp-block-kadence-column.kadence-column10327_f3eb67-3a > .kt-inside-inner-col{flex-direction:column;justify-content:flex-start;}}@media all and (max-width: 1024px){.kadence-column10327_f3eb67-3a > .kt-inside-inner-col{flex-direction:column;justify-content:flex-start;}}@media all and (max-width: 767px){.kt-row-column-wrap > .kadence-column10327_f3eb67-3a{align-self:flex-start;}.kt-inner-column-height-full:not(.kt-has-1-columns) > .wp-block-kadence-column.kadence-column10327_f3eb67-3a{align-self:auto;}.kt-inner-column-height-full:not(.kt-has-1-columns) > .wp-block-kadence-column.kadence-column10327_f3eb67-3a > .kt-inside-inner-col{flex-direction:column;justify-content:flex-start;}.kadence-column10327_f3eb67-3a > .kt-inside-inner-col{flex-direction:column;justify-content:flex-start;}}<\/style>\n<div class=\"wp-block-kadence-column kadence-column10327_f3eb67-3a\"><div class=\"kt-inside-inner-col\"><style>.wp-block-kadence-advancedheading.kt-adv-heading10327_485ef7-4c, .wp-block-kadence-advancedheading.kt-adv-heading10327_485ef7-4c[data-kb-block=\"kb-adv-heading10327_485ef7-4c\"]{margin-top:10px;margin-bottom:0px;text-align:center;font-size:36px;line-height:42px;font-style:normal;}.wp-block-kadence-advancedheading.kt-adv-heading10327_485ef7-4c mark.kt-highlight, .wp-block-kadence-advancedheading.kt-adv-heading10327_485ef7-4c[data-kb-block=\"kb-adv-heading10327_485ef7-4c\"] mark.kt-highlight{font-style:normal;color:#f76a0c;-webkit-box-decoration-break:clone;box-decoration-break:clone;padding-top:0px;padding-right:0px;padding-bottom:0px;padding-left:0px;}.wp-block-kadence-advancedheading.kt-adv-heading10327_485ef7-4c img.kb-inline-image, .wp-block-kadence-advancedheading.kt-adv-heading10327_485ef7-4c[data-kb-block=\"kb-adv-heading10327_485ef7-4c\"] img.kb-inline-image{width:150px;vertical-align:baseline;}@media all and (max-width: 767px){.wp-block-kadence-advancedheading.kt-adv-heading10327_485ef7-4c, .wp-block-kadence-advancedheading.kt-adv-heading10327_485ef7-4c[data-kb-block=\"kb-adv-heading10327_485ef7-4c\"]{margin-top:10px;margin-bottom:-20px;font-size:32px;text-align:center!important;}}<\/style>\n<h3 class=\"kt-adv-heading10327_485ef7-4c wp-block-kadence-advancedheading has-palette-color-5-color has-text-color\" data-kb-block=\"kb-adv-heading10327_485ef7-4c\">Haluatko aloittaa uuden matkasi klinikallamme?<\/h3>\n\n\n<style>.wp-block-kadence-advancedbtn.kb-btns10327_0e8405-48{gap:var(--global-kb-gap-xs, 0.5rem );justify-content:center;align-items:center;}.kt-btns10327_0e8405-48 .kt-button{font-weight:normal;font-style:normal;}.kt-btns10327_0e8405-48 .kt-btn-wrap-0{margin-right:5px;}.wp-block-kadence-advancedbtn.kt-btns10327_0e8405-48 .kt-btn-wrap-0 .kt-button{color:#555555;border-color:#555555;}.wp-block-kadence-advancedbtn.kt-btns10327_0e8405-48 .kt-btn-wrap-0 .kt-button:hover, .wp-block-kadence-advancedbtn.kt-btns10327_0e8405-48 .kt-btn-wrap-0 .kt-button:focus{color:#ffffff;border-color:#444444;}.wp-block-kadence-advancedbtn.kt-btns10327_0e8405-48 .kt-btn-wrap-0 .kt-button::before{display:none;}.wp-block-kadence-advancedbtn.kt-btns10327_0e8405-48 .kt-btn-wrap-0 .kt-button:hover, .wp-block-kadence-advancedbtn.kt-btns10327_0e8405-48 .kt-btn-wrap-0 .kt-button:focus{background:#444444;}<\/style>\n<div class=\"wp-block-kadence-advancedbtn kb-buttons-wrap kb-btns10327_0e8405-48\"><style>ul.menu .wp-block-kadence-advancedbtn .kb-btn10327_c46793-d0.kb-button{width:initial;}.wp-block-kadence-advancedbtn .kb-btn10327_c46793-d0.kb-button{color:#ffffff;font-size:13px;letter-spacing:1px;font-family:ct_font_gill__sans;font-weight:600;text-transform:uppercase;border-top-left-radius:0px;border-top:1px solid #ffffff;border-right:1px solid #ffffff;border-bottom:1px solid #ffffff;border-left:1px solid #ffffff;padding-top:12px;padding-right:30px;padding-bottom:12px;padding-left:30px;margin-top:30px;}.wp-block-kadence-advancedbtn .kb-btn10327_c46793-d0.kb-button:hover, .wp-block-kadence-advancedbtn .kb-btn10327_c46793-d0.kb-button:focus{border-top:1px solid var(--theme-palette-color-4, #7BAFAF);border-right:1px solid var(--theme-palette-color-4, #7BAFAF);border-bottom:1px solid var(--theme-palette-color-4, #7BAFAF);border-left:1px solid var(--theme-palette-color-4, #7BAFAF);}@media all and (max-width: 1024px){.wp-block-kadence-advancedbtn .kb-btn10327_c46793-d0.kb-button{border-top:1px solid #ffffff;border-right:1px solid #ffffff;border-bottom:1px solid #ffffff;border-left:1px solid #ffffff;}}@media all and (max-width: 1024px){.wp-block-kadence-advancedbtn .kb-btn10327_c46793-d0.kb-button:hover, .wp-block-kadence-advancedbtn .kb-btn10327_c46793-d0.kb-button:focus{border-top:1px solid var(--theme-palette-color-4, #7BAFAF);border-right:1px solid var(--theme-palette-color-4, #7BAFAF);border-bottom:1px solid var(--theme-palette-color-4, #7BAFAF);border-left:1px solid var(--theme-palette-color-4, #7BAFAF);}}@media all and (max-width: 767px){.wp-block-kadence-advancedbtn .kb-btn10327_c46793-d0.kb-button{border-top:1px solid #ffffff;border-right:1px solid #ffffff;border-bottom:1px solid #ffffff;border-left:1px solid #ffffff;}.wp-block-kadence-advancedbtn .kb-btn10327_c46793-d0.kb-button:hover, .wp-block-kadence-advancedbtn .kb-btn10327_c46793-d0.kb-button:focus{border-top:1px solid var(--theme-palette-color-4, #7BAFAF);border-right:1px solid var(--theme-palette-color-4, #7BAFAF);border-bottom:1px solid var(--theme-palette-color-4, #7BAFAF);border-left:1px solid var(--theme-palette-color-4, #7BAFAF);}}<\/style><a class=\"kb-button kt-button button kb-btn10327_c46793-d0 kt-btn-size-large kt-btn-width-type-auto kb-btn-global-outline  kt-btn-has-text-true kt-btn-has-svg-false  wp-block-kadence-singlebtn\" href=\"https:\/\/thehealthclinic.eu\/fi\/varaa-aika\/\"><span class=\"kt-btn-inner-text\">VARAA AIKA KONSULTAATIOON<\/span><\/a><\/div>\n<\/div><\/div>\n\n\n<style>.kadence-column10327_066bdb-b2 > .kt-inside-inner-col{display:flex;}.kadence-column10327_066bdb-b2 > .kt-inside-inner-col,.kadence-column10327_066bdb-b2 > .kt-inside-inner-col:before{border-top-left-radius:0px;border-top-right-radius:0px;border-bottom-right-radius:0px;border-bottom-left-radius:0px;}.kadence-column10327_066bdb-b2 > .kt-inside-inner-col{column-gap:var(--global-kb-gap-sm, 1rem);}.kadence-column10327_066bdb-b2 > .kt-inside-inner-col{flex-direction:column;justify-content:flex-end;}.kadence-column10327_066bdb-b2 > .kt-inside-inner-col > .aligncenter{width:100%;}.kt-row-column-wrap > .kadence-column10327_066bdb-b2{align-self:flex-end;}.kt-inner-column-height-full:not(.kt-has-1-columns) > .wp-block-kadence-column.kadence-column10327_066bdb-b2{align-self:auto;}.kt-inner-column-height-full:not(.kt-has-1-columns) > .wp-block-kadence-column.kadence-column10327_066bdb-b2 > .kt-inside-inner-col{flex-direction:column;justify-content:flex-end;}.kadence-column10327_066bdb-b2 > .kt-inside-inner-col:before{opacity:0.3;}.kadence-column10327_066bdb-b2{position:relative;}@media all and (max-width: 1024px){.kt-row-column-wrap > .kadence-column10327_066bdb-b2{align-self:flex-end;}}@media all and (max-width: 1024px){.kt-inner-column-height-full:not(.kt-has-1-columns) > .wp-block-kadence-column.kadence-column10327_066bdb-b2{align-self:auto;}}@media all and (max-width: 1024px){.kt-inner-column-height-full:not(.kt-has-1-columns) > .wp-block-kadence-column.kadence-column10327_066bdb-b2 > .kt-inside-inner-col{flex-direction:column;justify-content:flex-end;}}@media all and (max-width: 1024px){.kadence-column10327_066bdb-b2 > .kt-inside-inner-col{flex-direction:column;justify-content:flex-end;}}@media all and (max-width: 767px){.kt-row-column-wrap > .kadence-column10327_066bdb-b2{align-self:flex-end;}.kt-inner-column-height-full:not(.kt-has-1-columns) > .wp-block-kadence-column.kadence-column10327_066bdb-b2{align-self:auto;}.kt-inner-column-height-full:not(.kt-has-1-columns) > .wp-block-kadence-column.kadence-column10327_066bdb-b2 > .kt-inside-inner-col{flex-direction:column;justify-content:flex-end;}.kadence-column10327_066bdb-b2 > .kt-inside-inner-col{flex-direction:column;justify-content:flex-end;}}<\/style>\n<div class=\"wp-block-kadence-column kadence-column10327_066bdb-b2\" data-aos=\"fade\" data-aos-duration=\"350\" data-aos-delay=\"100\" data-aos-easing=\"ease-in\"><div class=\"kt-inside-inner-col\"><\/div><\/div>\n\n<\/div><\/div>","protected":false},"excerpt":{"rendered":"<p>Esittely Ty\u00f6ss\u00e4\u00e4n iho- ja sukupuolitautien erikoisl\u00e4\u00e4k\u00e4rin\u00e4 Keidy Reinsoo on eritt\u00e4in perusteellinen ja l\u00e4hestyy ihmist\u00e4 aina kokonaisvaltaisesti. H\u00e4n pit\u00e4\u00e4 t\u00e4rke\u00e4n\u00e4 s\u00e4\u00e4nn\u00f6llist\u00e4 itsens\u00e4 kehitt\u00e4mist\u00e4 ja syd\u00e4mellist\u00e4 suhtautumista potilaisiin. Esteettisess\u00e4 dermatologiassa h\u00e4n on erityisen kiinnostunut laserhoidosta ja sen monipuolisista mahdollisuuksista uudistaa ja parantaa ihoa. H\u00e4nelle on t\u00e4rke\u00e4\u00e4 k\u00e4ytt\u00e4\u00e4 uusimpia ja tehokkaimpia laserhoitoja, jotka tarjoavat potilaille turvallisia ja tuloksellisia [&hellip;]<\/p>\n","protected":false},"author":2,"featured_media":5845,"parent":10318,"menu_order":0,"comment_status":"closed","ping_status":"closed","template":"","meta":{"_kad_blocks_custom_css":"","_kad_blocks_head_custom_js":"","_kad_blocks_body_custom_js":"","_kad_blocks_footer_custom_js":"","custom_jsonld_schema":"","footnotes":""},"class_list":["post-10327","page","type-page","status-publish","has-post-thumbnail","hentry"],"blocksy_meta":{"vertical_spacing_source":"custom","content_area_spacing":"none","styles_descriptor":{"styles":{"desktop":"","tablet":"","mobile":""},"google_fonts":[],"version":6}},"taxonomy_info":[],"featured_image_src_large":["https:\/\/thehealthclinic.eu\/wp-content\/uploads\/2024\/03\/tiim.svg",1024,174,false],"author_info":{"display_name":"Janek","author_link":"https:\/\/thehealthclinic.eu\/fi\/author\/janek\/"},"comment_info":0,"_links":{"self":[{"href":"https:\/\/thehealthclinic.eu\/fi\/wp-json\/wp\/v2\/pages\/10327","targetHints":{"allow":["GET"]}}],"collection":[{"href":"https:\/\/thehealthclinic.eu\/fi\/wp-json\/wp\/v2\/pages"}],"about":[{"href":"https:\/\/thehealthclinic.eu\/fi\/wp-json\/wp\/v2\/types\/page"}],"author":[{"embeddable":true,"href":"https:\/\/thehealthclinic.eu\/fi\/wp-json\/wp\/v2\/users\/2"}],"replies":[{"embeddable":true,"href":"https:\/\/thehealthclinic.eu\/fi\/wp-json\/wp\/v2\/comments?post=10327"}],"version-history":[{"count":0,"href":"https:\/\/thehealthclinic.eu\/fi\/wp-json\/wp\/v2\/pages\/10327\/revisions"}],"up":[{"embeddable":true,"href":"https:\/\/thehealthclinic.eu\/fi\/wp-json\/wp\/v2\/pages\/10318"}],"wp:featuredmedia":[{"embeddable":true,"href":"https:\/\/thehealthclinic.eu\/fi\/wp-json\/wp\/v2\/media\/5845"}],"wp:attachment":[{"href":"https:\/\/thehealthclinic.eu\/fi\/wp-json\/wp\/v2\/media?parent=10327"}],"curies":[{"name":"wp","href":"https:\/\/api.w.org\/{rel}","templated":true}]}}