{"id":10333,"date":"2024-03-19T16:01:25","date_gmt":"2024-03-19T14:01:25","guid":{"rendered":"https:\/\/uus.thehealthclinic.eu\/?page_id=10333"},"modified":"2025-09-21T12:45:57","modified_gmt":"2025-09-21T09:45:57","slug":"tri-elo-kuum","status":"publish","type":"page","link":"https:\/\/thehealthclinic.eu\/fi\/joukkue\/tri-elo-kuum\/","title":{"rendered":"Tri Elo Kuum"},"content":{"rendered":"<style>.kb-row-layout-wrap.wp-block-kadence-rowlayout.kb-row-layout-id10333_6633aa-d4{margin-top:0px;margin-bottom:0px;}.kb-row-layout-id10333_6633aa-d4 > .kt-row-column-wrap{align-content:center;}:where(.kb-row-layout-id10333_6633aa-d4 > .kt-row-column-wrap) > .wp-block-kadence-column{justify-content:center;}.kb-row-layout-id10333_6633aa-d4 > .kt-row-column-wrap{column-gap:var(--global-kb-gap-lg, 4rem);row-gap:var(--global-kb-gap-md, 2rem);padding-top:0px;padding-right:0px;padding-bottom:0px;padding-left:0px;grid-template-columns:minmax(0, calc(45% - ((var(--global-kb-gap-lg, 4rem) * 1 )\/2)))minmax(0, calc(55% - ((var(--global-kb-gap-lg, 4rem) * 1 )\/2)));}.kb-row-layout-id10333_6633aa-d4 > .kt-row-layout-overlay{opacity:0.30;}@media all and (max-width: 1024px){.kb-row-layout-id10333_6633aa-d4 > .kt-row-column-wrap{grid-template-columns:repeat(2, minmax(0, 1fr));}}@media all and (max-width: 767px){.kb-row-layout-id10333_6633aa-d4 > .kt-row-column-wrap{grid-template-columns:minmax(0, 1fr);}}<\/style><div class=\"kb-row-layout-wrap kb-row-layout-id10333_6633aa-d4 alignfull wp-block-kadence-rowlayout\"><div class=\"kt-row-column-wrap kt-has-2-columns kt-row-layout-equal kt-tab-layout-equal kt-mobile-layout-row kt-row-valign-middle\">\n<style>.kadence-column10333_3a79c6-14 > .kt-inside-inner-col{min-height:690px;}.kadence-column10333_3a79c6-14 > .kt-inside-inner-col,.kadence-column10333_3a79c6-14 > .kt-inside-inner-col:before{border-top-left-radius:0px;border-top-right-radius:0px;border-bottom-right-radius:0px;border-bottom-left-radius:0px;}.kadence-column10333_3a79c6-14 > .kt-inside-inner-col{column-gap:var(--global-kb-gap-sm, 1rem);}.kadence-column10333_3a79c6-14 > .kt-inside-inner-col{flex-direction:column;}.kadence-column10333_3a79c6-14 > .kt-inside-inner-col > .aligncenter{width:100%;}.kadence-column10333_3a79c6-14 > .kt-inside-inner-col{background-image:url('https:\/\/thehealthclinic.eu\/wp-content\/uploads\/2024\/04\/kuum-1.jpg');background-size:cover;background-position:48% 22%;background-attachment:scroll;background-repeat:no-repeat;}.kadence-column10333_3a79c6-14 > .kt-inside-inner-col:before{opacity:0.3;}.kadence-column10333_3a79c6-14{position:relative;}@media all and (max-width: 1024px){.kadence-column10333_3a79c6-14 > .kt-inside-inner-col{flex-direction:column;justify-content:center;}}@media all and (max-width: 767px){.kadence-column10333_3a79c6-14 > .kt-inside-inner-col{min-height:300px;flex-direction:column;justify-content:center;}}<\/style>\n<div class=\"wp-block-kadence-column kadence-column10333_3a79c6-14\"><div class=\"kt-inside-inner-col\"><\/div><\/div>\n\n\n<style>.kadence-column10333_95096a-94 > .kt-inside-inner-col{padding-right:100px;padding-left:70px;}.kadence-column10333_95096a-94 > .kt-inside-inner-col,.kadence-column10333_95096a-94 > .kt-inside-inner-col:before{border-top-left-radius:0px;border-top-right-radius:0px;border-bottom-right-radius:0px;border-bottom-left-radius:0px;}.kadence-column10333_95096a-94 > .kt-inside-inner-col{column-gap:var(--global-kb-gap-sm, 1rem);}.kadence-column10333_95096a-94 > .kt-inside-inner-col{flex-direction:column;}.kadence-column10333_95096a-94 > .kt-inside-inner-col > .aligncenter{width:100%;}.kadence-column10333_95096a-94 > .kt-inside-inner-col:before{opacity:0.3;}.kadence-column10333_95096a-94{position:relative;}@media all and (max-width: 1024px){.kadence-column10333_95096a-94 > .kt-inside-inner-col{padding-right:20px;padding-left:0px;flex-direction:column;justify-content:center;}}@media all and (max-width: 767px){.kadence-column10333_95096a-94 > .kt-inside-inner-col{padding-top:20px;padding-right:30px;padding-bottom:50px;padding-left:30px;flex-direction:column;justify-content:center;}}<\/style>\n<div class=\"wp-block-kadence-column kadence-column10333_95096a-94\"><div class=\"kt-inside-inner-col\"><style>.wp-block-kadence-advancedheading.kt-adv-heading10333_1d56eb-e7, .wp-block-kadence-advancedheading.kt-adv-heading10333_1d56eb-e7[data-kb-block=\"kb-adv-heading10333_1d56eb-e7\"]{line-height:49px;font-style:normal;}.wp-block-kadence-advancedheading.kt-adv-heading10333_1d56eb-e7 mark.kt-highlight, .wp-block-kadence-advancedheading.kt-adv-heading10333_1d56eb-e7[data-kb-block=\"kb-adv-heading10333_1d56eb-e7\"] mark.kt-highlight{font-style:normal;color:#f76a0c;-webkit-box-decoration-break:clone;box-decoration-break:clone;padding-top:0px;padding-right:0px;padding-bottom:0px;padding-left:0px;}.wp-block-kadence-advancedheading.kt-adv-heading10333_1d56eb-e7 img.kb-inline-image, .wp-block-kadence-advancedheading.kt-adv-heading10333_1d56eb-e7[data-kb-block=\"kb-adv-heading10333_1d56eb-e7\"] img.kb-inline-image{width:150px;vertical-align:baseline;}<\/style>\n<h2 class=\"kt-adv-heading10333_1d56eb-e7 wp-block-kadence-advancedheading\" data-kb-block=\"kb-adv-heading10333_1d56eb-e7\">Esittely<\/h2>\n\n\n\n<p>Elo Kuum on kokenut dermatologi. Tavallisten iho-ongelmien diagnosoinnin ja hoidon lis\u00e4ksi h\u00e4nen p\u00e4ivitt\u00e4iseen ty\u00f6nkuvaansa kuuluu luomien dermatoskopia, hyv\u00e4nlaatuisten ihomuodostumien poistaminen, kryoterapia ja esteettinen l\u00e4\u00e4ketiede. H\u00e4n on yksi Viron harvoista asiantuntijoista, joka suorittaa keskisyv\u00e4\u00e4 ja syv\u00e4\u00e4 kemiallista kuorintaa aknearpien ja pigmenttil\u00e4iskien hoitamiseksi ja ihon nuorentamiseksi.<\/p>\n\n\n\n<p>Botuliini- ja t\u00e4yteainepistoksia Elo on tehnyt vuodesta 2013 ja lankakohotuksia vuodesta 2019. Elo Kuum on osallistunut useisiin alan koulutuksiin ja osallistuu s\u00e4\u00e4nn\u00f6llisesti esteettisen l\u00e4\u00e4ketieteen kongresseihin. H\u00e4n arvostaa esteettisess\u00e4 hoidossa erityisesti luonnollista lopputulosta, ja h\u00e4nen ty\u00f6ns\u00e4 perustuu kansainv\u00e4lisesti hyv\u00e4ksyttyyn n\u00e4kemykseen \u201dless is more\u201d.<\/p>\n\n\n\n<p>Elo Kuum on ENSAS:n (Viron iho- ja sukupuolitautil\u00e4\u00e4k\u00e4rien liitto) ja EADV:n (European Academy of Dermatology and Venereology) j\u00e4sen ja kuuluu Viron esteettisen l\u00e4\u00e4ketieteen l\u00e4\u00e4k\u00e4reiden liiton hallitukseen.<\/p>\n<\/div><\/div>\n\n<\/div><\/div>\n\n<style>.kb-row-layout-id10333_665bdd-e1 > .kt-row-column-wrap{align-content:start;}:where(.kb-row-layout-id10333_665bdd-e1 > .kt-row-column-wrap) > .wp-block-kadence-column{justify-content:start;}.kb-row-layout-id10333_665bdd-e1 > .kt-row-column-wrap{column-gap:var(--global-kb-gap-md, 2rem);row-gap:var(--global-kb-gap-md, 2rem);max-width:1190px;padding-top:80px;padding-bottom:80px;grid-template-columns:minmax(0, 1fr);}.kb-row-layout-id10333_665bdd-e1{background-color:#fafafa;}.kb-row-layout-id10333_665bdd-e1 > .kt-row-layout-overlay{opacity:0.30;}@media all and (max-width: 1024px){.kb-row-layout-id10333_665bdd-e1 > .kt-row-column-wrap{grid-template-columns:minmax(0, 1fr);}}@media all and (max-width: 767px){.kb-row-layout-id10333_665bdd-e1 > .kt-row-column-wrap{grid-template-columns:minmax(0, 1fr);}}@media (max-width: 767px) {    .cv td:nth-child(1) {        width: auto;        text-align: left;        background: transparent;    }    .cv td:nth-child(2) {        width: auto;        background: transparent;        text-align: left;    }}@media (min-width: 768px) and (max-width: 929px) {    .cv td:nth-child(1) {        width: 20%;    }    .cv td:nth-child(2) {        width: 80%;    }}@media (min-width: 930px) {    .cv td:nth-child(1) {        width: 15%;    }    .cv td:nth-child(2) {        width: 85%;    }}<\/style><div class=\"kb-row-layout-wrap kb-row-layout-id10333_665bdd-e1 alignfull kt-row-has-bg wp-block-kadence-rowlayout\"><div class=\"kt-row-column-wrap kt-has-1-columns kt-row-layout-equal kt-tab-layout-inherit kt-mobile-layout-row kt-row-valign-top kb-theme-content-width\">\n<style>.kadence-column10333_ec56d1-61 > .kt-inside-inner-col,.kadence-column10333_ec56d1-61 > .kt-inside-inner-col:before{border-top-left-radius:0px;border-top-right-radius:0px;border-bottom-right-radius:0px;border-bottom-left-radius:0px;}.kadence-column10333_ec56d1-61 > .kt-inside-inner-col{column-gap:var(--global-kb-gap-sm, 1rem);}.kadence-column10333_ec56d1-61 > .kt-inside-inner-col{flex-direction:column;}.kadence-column10333_ec56d1-61 > .kt-inside-inner-col > .aligncenter{width:100%;}.kadence-column10333_ec56d1-61 > .kt-inside-inner-col:before{opacity:0.3;}.kadence-column10333_ec56d1-61{position:relative;}@media all and (max-width: 1024px){.kadence-column10333_ec56d1-61 > .kt-inside-inner-col{flex-direction:column;justify-content:center;}}@media all and (max-width: 767px){.kadence-column10333_ec56d1-61 > .kt-inside-inner-col{flex-direction:column;justify-content:center;}}<\/style>\n<div class=\"wp-block-kadence-column kadence-column10333_ec56d1-61\"><div class=\"kt-inside-inner-col\"><style>.wp-block-kadence-advancedheading.kt-adv-heading10333_246a04-7d, .wp-block-kadence-advancedheading.kt-adv-heading10333_246a04-7d[data-kb-block=\"kb-adv-heading10333_246a04-7d\"]{margin-top:0px;margin-bottom:0px;text-align:center;line-height:49px;font-style:normal;}.wp-block-kadence-advancedheading.kt-adv-heading10333_246a04-7d mark.kt-highlight, .wp-block-kadence-advancedheading.kt-adv-heading10333_246a04-7d[data-kb-block=\"kb-adv-heading10333_246a04-7d\"] mark.kt-highlight{font-style:normal;color:#f76a0c;-webkit-box-decoration-break:clone;box-decoration-break:clone;padding-top:0px;padding-right:0px;padding-bottom:0px;padding-left:0px;}.wp-block-kadence-advancedheading.kt-adv-heading10333_246a04-7d img.kb-inline-image, .wp-block-kadence-advancedheading.kt-adv-heading10333_246a04-7d[data-kb-block=\"kb-adv-heading10333_246a04-7d\"] img.kb-inline-image{width:150px;vertical-align:baseline;}<\/style>\n<h2 class=\"kt-adv-heading10333_246a04-7d wp-block-kadence-advancedheading\" data-kb-block=\"kb-adv-heading10333_246a04-7d\">Curriculum Vitae<\/h2>\n\n\n\n<h3 class=\"wp-block-heading has-palette-color-4-color has-text-color has-link-color wp-elements-502331a48d7fd008b2aa3be9ec13a67f\">Koulutus<\/h3>\n\n\n\n<figure class=\"wp-block-table cv\"><table class=\"has-border-color has-palette-color-7-border-color\"><tbody><tr><td class=\"has-text-align-left\" data-align=\"left\"><strong>1997-2000<\/strong><\/td><td>Tarton yliopistollinen sairaala, Pohjois-Viron aluesairaala, erikoistumisjakso<\/td><\/tr><tr><td class=\"has-text-align-left\" data-align=\"left\"><strong>1995-1997<\/strong><\/td><td>L\u00e4nsi-Tallinnan keskussairaala \u2013 ty\u00f6harjoittelu<\/td><\/tr><tr><td class=\"has-text-align-left\" data-align=\"left\"><strong>1989-1995<\/strong><\/td><td>Tarton yliopisto \u2013 l\u00e4\u00e4ketieteellinen tiedekunta<\/td><\/tr><\/tbody><\/table><\/figure>\n\n\n\n<h3 class=\"wp-block-heading has-palette-color-4-color has-text-color has-link-color wp-elements-53d91ca559f4aedd35176f92db3ea173\">Ty\u00f6kokemus<\/h3>\n\n\n\n<figure class=\"wp-block-table cv\"><table class=\"has-border-color has-palette-color-7-border-color\"><tbody><tr><td><strong>2019 \u2013 \u2026<\/strong><\/td><td>Health Clinic<\/td><\/tr><tr><td><strong>2013 \u2013 \u2026<\/strong><\/td><td>yksityissairaala Fertilitas<\/td><\/tr><tr><td><strong>2007 \u2013 2010<\/strong><\/td><td>Laserklinikka Cleanline<\/td><\/tr><tr><td><strong>2002 \u2013 2006<\/strong><\/td><td>Lasnam\u00e4en terveyskeskus<\/td><\/tr><tr><td><strong>2000 \u2013 2002<\/strong><\/td><td>\u00d5ism\u00e4en poliklinikka<\/td><\/tr><\/tbody><\/table><\/figure>\n\n\n\n<h3 class=\"wp-block-heading has-palette-color-4-color has-text-color has-link-color wp-elements-529220605ce9651b6e893ee751df66aa\">T\u00e4ydennyskoulutukset<\/h3>\n\n\n\n<p>2019. MCA Congress, Monaco<br>2019. Dermal Filler Level 2 (Lip Masterclass) \u2013 Hands on Training. Dr. Bob Khanna Training Institute, UK<br>2019. Dermal Filler Level 3 (nose, chin, jawline) \u2013 Hands on Training. Dr. Bob Khanna Training Institute, UK<br>2019. Dermal Filler Level 3 (cheeks, periorbital) \u2013 Hands on Training. Dr. Bob Khanna Training Institute, UK<br>2019. Full Day One-to-One Training using botulinum toxin for the lower face and dermal fillers for cheek, chin and jaw. Cosmetic Courses National Training Centre, Buckinghamshire, UK<br>2019. Full Day One-to-One Training in Botulinum toxin and dermal filler including Hyperhidrosis. Cosmetic Courses National Training Centre, Buckinghamshire, UK<br>2018. FACE Aesthetic Conference, London<br>2018. Dr. Kate Goldie\u201cs Bespoke Course in Advanced Facial Aesthetics<br>2018. Allergan Medical Institute Meeting, Latvia.<br>2018. Allergan Medical Institute Meeting \u2013&nbsp; MD Codes VISIONARY<br>2016. Medics Direct training course with dr. Kate Goldie for the use of Botulinum Toxin Type A<br>2016. FACE Aesthetic Conference, London<br>2016. Medics Direct Training Course with dr. Kate Goldie \u2013 Advanced use of Dermal Fillers and Botulinum Toxin Type A<br>2016. Medics Direct Training Course with dr. Kate Goldie \u2013 Upper Face rejuvenation, Peri-Oral and Marionette Lines and a Lip Augmentation<br>2015. FACE Aesthetic Conference, London<br>2015. Clinical Facial Anatomy and Dissection &amp; Live injection Course, Amsterdam<br>2015. Academy 102 Advanced Botulinum Toxin course by dr. Tapan Patel, London<br>2015. Academy 102 Advanced Dermal Filler Injection Techniques by dr. Tapan Patel, London<br>2015. Dermal Fillers in NHS and cosmetic sectors by dr. Uliana Gout, Aesthetic Medicine Services, Manchester<br>2015. Botulinum Toxin&nbsp; in NHS and cosmetic sectors by dr. Uliana Gout, Aesthetic Medicine Services, Manchester<br>2014. EADV Fostering Specialist Course \u2013 Interventional Cosmetics, London<br>2013. Allergan Educational Programme on Vistabel injection techniques<\/p>\n<\/div><\/div>\n\n<\/div><\/div>\n\n<style>.kb-row-layout-id10333_0f2f5e-b9 > .kt-row-column-wrap{align-content:end;}:where(.kb-row-layout-id10333_0f2f5e-b9 > .kt-row-column-wrap) > .wp-block-kadence-column{justify-content:end;}.kb-row-layout-id10333_0f2f5e-b9 > .kt-row-column-wrap{column-gap:var(--global-kb-gap-md, 2rem);row-gap:var(--global-kb-gap-md, 2rem);max-width:1190px;padding-top:var(--global-kb-spacing-xl, 4rem);padding-bottom:var(--global-kb-spacing-xl, 4rem);grid-template-columns:minmax(0, 1fr);}.kb-row-layout-id10333_0f2f5e-b9 > .kt-row-layout-overlay{opacity:0.30;}@media all and (max-width: 1024px){.kb-row-layout-id10333_0f2f5e-b9 > .kt-row-column-wrap{padding-top:50px;padding-right:40px;padding-bottom:30px;padding-left:40px;grid-template-columns:minmax(0, 1fr);}}@media all and (max-width: 767px){.kb-row-layout-id10333_0f2f5e-b9 > .kt-row-column-wrap{grid-template-columns:minmax(0, 1fr);}}.kb-row-layout-id10333_0f2f5e-b9 input::placeholder {  font-weight: 400;  font-size: 15px;  line-height: 22.5px;  color: #fff;}<\/style><div class=\"kb-row-layout-wrap kb-row-layout-id10333_0f2f5e-b9 alignfull has-palette-color-2-background-color kt-row-has-bg wp-block-kadence-rowlayout\"><div class=\"kt-row-column-wrap kt-has-1-columns kt-row-layout-equal kt-tab-layout-inherit kt-mobile-layout-row kt-row-valign-bottom kb-theme-content-width\">\n<style>.kadence-column10333_0d7372-46 > .kt-inside-inner-col{display:flex;}.kadence-column10333_0d7372-46 > .kt-inside-inner-col,.kadence-column10333_0d7372-46 > .kt-inside-inner-col:before{border-top-left-radius:0px;border-top-right-radius:0px;border-bottom-right-radius:0px;border-bottom-left-radius:0px;}.kadence-column10333_0d7372-46 > .kt-inside-inner-col{column-gap:var(--global-kb-gap-sm, 1rem);}.kadence-column10333_0d7372-46 > .kt-inside-inner-col{flex-direction:column;justify-content:flex-start;}.kadence-column10333_0d7372-46 > .kt-inside-inner-col > .aligncenter{width:100%;}.kt-row-column-wrap > .kadence-column10333_0d7372-46{align-self:flex-start;}.kt-inner-column-height-full:not(.kt-has-1-columns) > .wp-block-kadence-column.kadence-column10333_0d7372-46{align-self:auto;}.kt-inner-column-height-full:not(.kt-has-1-columns) > .wp-block-kadence-column.kadence-column10333_0d7372-46 > .kt-inside-inner-col{flex-direction:column;justify-content:flex-start;}.kadence-column10333_0d7372-46 > .kt-inside-inner-col:before{opacity:0.3;}.kadence-column10333_0d7372-46{position:relative;}@media all and (max-width: 1024px){.kt-row-column-wrap > .kadence-column10333_0d7372-46{align-self:flex-start;}}@media all and (max-width: 1024px){.kt-inner-column-height-full:not(.kt-has-1-columns) > .wp-block-kadence-column.kadence-column10333_0d7372-46{align-self:auto;}}@media all and (max-width: 1024px){.kt-inner-column-height-full:not(.kt-has-1-columns) > .wp-block-kadence-column.kadence-column10333_0d7372-46 > .kt-inside-inner-col{flex-direction:column;justify-content:flex-start;}}@media all and (max-width: 1024px){.kadence-column10333_0d7372-46 > .kt-inside-inner-col{flex-direction:column;justify-content:flex-start;}}@media all and (max-width: 767px){.kt-row-column-wrap > .kadence-column10333_0d7372-46{align-self:flex-start;}.kt-inner-column-height-full:not(.kt-has-1-columns) > .wp-block-kadence-column.kadence-column10333_0d7372-46{align-self:auto;}.kt-inner-column-height-full:not(.kt-has-1-columns) > .wp-block-kadence-column.kadence-column10333_0d7372-46 > .kt-inside-inner-col{flex-direction:column;justify-content:flex-start;}.kadence-column10333_0d7372-46 > .kt-inside-inner-col{flex-direction:column;justify-content:flex-start;}}<\/style>\n<div class=\"wp-block-kadence-column kadence-column10333_0d7372-46\"><div class=\"kt-inside-inner-col\"><style>.wp-block-kadence-advancedheading.kt-adv-heading10333_4b7d24-e7, .wp-block-kadence-advancedheading.kt-adv-heading10333_4b7d24-e7[data-kb-block=\"kb-adv-heading10333_4b7d24-e7\"]{margin-top:10px;margin-bottom:0px;text-align:center;font-size:36px;line-height:42px;font-style:normal;}.wp-block-kadence-advancedheading.kt-adv-heading10333_4b7d24-e7 mark.kt-highlight, .wp-block-kadence-advancedheading.kt-adv-heading10333_4b7d24-e7[data-kb-block=\"kb-adv-heading10333_4b7d24-e7\"] mark.kt-highlight{font-style:normal;color:#f76a0c;-webkit-box-decoration-break:clone;box-decoration-break:clone;padding-top:0px;padding-right:0px;padding-bottom:0px;padding-left:0px;}.wp-block-kadence-advancedheading.kt-adv-heading10333_4b7d24-e7 img.kb-inline-image, .wp-block-kadence-advancedheading.kt-adv-heading10333_4b7d24-e7[data-kb-block=\"kb-adv-heading10333_4b7d24-e7\"] img.kb-inline-image{width:150px;vertical-align:baseline;}@media all and (max-width: 767px){.wp-block-kadence-advancedheading.kt-adv-heading10333_4b7d24-e7, .wp-block-kadence-advancedheading.kt-adv-heading10333_4b7d24-e7[data-kb-block=\"kb-adv-heading10333_4b7d24-e7\"]{margin-top:10px;margin-bottom:-20px;font-size:32px;text-align:center!important;}}<\/style>\n<h3 class=\"kt-adv-heading10333_4b7d24-e7 wp-block-kadence-advancedheading has-palette-color-5-color has-text-color\" data-kb-block=\"kb-adv-heading10333_4b7d24-e7\">Haluatko aloittaa uuden matkasi klinikallamme?<\/h3>\n\n\n<style>.wp-block-kadence-advancedbtn.kb-btns10333_dafaa9-d3{gap:var(--global-kb-gap-xs, 0.5rem );justify-content:center;align-items:center;}.kt-btns10333_dafaa9-d3 .kt-button{font-weight:normal;font-style:normal;}.kt-btns10333_dafaa9-d3 .kt-btn-wrap-0{margin-right:5px;}.wp-block-kadence-advancedbtn.kt-btns10333_dafaa9-d3 .kt-btn-wrap-0 .kt-button{color:#555555;border-color:#555555;}.wp-block-kadence-advancedbtn.kt-btns10333_dafaa9-d3 .kt-btn-wrap-0 .kt-button:hover, .wp-block-kadence-advancedbtn.kt-btns10333_dafaa9-d3 .kt-btn-wrap-0 .kt-button:focus{color:#ffffff;border-color:#444444;}.wp-block-kadence-advancedbtn.kt-btns10333_dafaa9-d3 .kt-btn-wrap-0 .kt-button::before{display:none;}.wp-block-kadence-advancedbtn.kt-btns10333_dafaa9-d3 .kt-btn-wrap-0 .kt-button:hover, .wp-block-kadence-advancedbtn.kt-btns10333_dafaa9-d3 .kt-btn-wrap-0 .kt-button:focus{background:#444444;}<\/style>\n<div class=\"wp-block-kadence-advancedbtn kb-buttons-wrap kb-btns10333_dafaa9-d3\"><style>ul.menu .wp-block-kadence-advancedbtn .kb-btn10333_0944b4-ac.kb-button{width:initial;}.wp-block-kadence-advancedbtn .kb-btn10333_0944b4-ac.kb-button{color:#ffffff;font-size:13px;letter-spacing:1px;font-family:ct_font_gill__sans;font-weight:600;text-transform:uppercase;border-top-left-radius:0px;border-top:1px solid #ffffff;border-right:1px solid #ffffff;border-bottom:1px solid #ffffff;border-left:1px solid #ffffff;padding-top:12px;padding-right:30px;padding-bottom:12px;padding-left:30px;margin-top:30px;}.wp-block-kadence-advancedbtn .kb-btn10333_0944b4-ac.kb-button:hover, .wp-block-kadence-advancedbtn .kb-btn10333_0944b4-ac.kb-button:focus{border-top:1px solid var(--theme-palette-color-4, #7BAFAF);border-right:1px solid var(--theme-palette-color-4, #7BAFAF);border-bottom:1px solid var(--theme-palette-color-4, #7BAFAF);border-left:1px solid var(--theme-palette-color-4, #7BAFAF);}@media all and (max-width: 1024px){.wp-block-kadence-advancedbtn .kb-btn10333_0944b4-ac.kb-button{border-top:1px solid #ffffff;border-right:1px solid #ffffff;border-bottom:1px solid #ffffff;border-left:1px solid #ffffff;}}@media all and (max-width: 1024px){.wp-block-kadence-advancedbtn .kb-btn10333_0944b4-ac.kb-button:hover, .wp-block-kadence-advancedbtn .kb-btn10333_0944b4-ac.kb-button:focus{border-top:1px solid var(--theme-palette-color-4, #7BAFAF);border-right:1px solid var(--theme-palette-color-4, #7BAFAF);border-bottom:1px solid var(--theme-palette-color-4, #7BAFAF);border-left:1px solid var(--theme-palette-color-4, #7BAFAF);}}@media all and (max-width: 767px){.wp-block-kadence-advancedbtn .kb-btn10333_0944b4-ac.kb-button{border-top:1px solid #ffffff;border-right:1px solid #ffffff;border-bottom:1px solid #ffffff;border-left:1px solid #ffffff;}.wp-block-kadence-advancedbtn .kb-btn10333_0944b4-ac.kb-button:hover, .wp-block-kadence-advancedbtn .kb-btn10333_0944b4-ac.kb-button:focus{border-top:1px solid var(--theme-palette-color-4, #7BAFAF);border-right:1px solid var(--theme-palette-color-4, #7BAFAF);border-bottom:1px solid var(--theme-palette-color-4, #7BAFAF);border-left:1px solid var(--theme-palette-color-4, #7BAFAF);}}<\/style><a class=\"kb-button kt-button button kb-btn10333_0944b4-ac kt-btn-size-large kt-btn-width-type-auto kb-btn-global-outline  kt-btn-has-text-true kt-btn-has-svg-false  wp-block-kadence-singlebtn\" href=\"https:\/\/thehealthclinic.eu\/fi\/varaa-aika\/\"><span class=\"kt-btn-inner-text\">VARAA AIKA KONSULTAATIOON<\/span><\/a><\/div>\n<\/div><\/div>\n\n\n<style>.kadence-column10333_855ac2-a5 > .kt-inside-inner-col{display:flex;}.kadence-column10333_855ac2-a5 > .kt-inside-inner-col,.kadence-column10333_855ac2-a5 > .kt-inside-inner-col:before{border-top-left-radius:0px;border-top-right-radius:0px;border-bottom-right-radius:0px;border-bottom-left-radius:0px;}.kadence-column10333_855ac2-a5 > .kt-inside-inner-col{column-gap:var(--global-kb-gap-sm, 1rem);}.kadence-column10333_855ac2-a5 > .kt-inside-inner-col{flex-direction:column;justify-content:flex-end;}.kadence-column10333_855ac2-a5 > .kt-inside-inner-col > .aligncenter{width:100%;}.kt-row-column-wrap > .kadence-column10333_855ac2-a5{align-self:flex-end;}.kt-inner-column-height-full:not(.kt-has-1-columns) > .wp-block-kadence-column.kadence-column10333_855ac2-a5{align-self:auto;}.kt-inner-column-height-full:not(.kt-has-1-columns) > .wp-block-kadence-column.kadence-column10333_855ac2-a5 > .kt-inside-inner-col{flex-direction:column;justify-content:flex-end;}.kadence-column10333_855ac2-a5 > .kt-inside-inner-col:before{opacity:0.3;}.kadence-column10333_855ac2-a5{position:relative;}@media all and (max-width: 1024px){.kt-row-column-wrap > .kadence-column10333_855ac2-a5{align-self:flex-end;}}@media all and (max-width: 1024px){.kt-inner-column-height-full:not(.kt-has-1-columns) > .wp-block-kadence-column.kadence-column10333_855ac2-a5{align-self:auto;}}@media all and (max-width: 1024px){.kt-inner-column-height-full:not(.kt-has-1-columns) > .wp-block-kadence-column.kadence-column10333_855ac2-a5 > .kt-inside-inner-col{flex-direction:column;justify-content:flex-end;}}@media all and (max-width: 1024px){.kadence-column10333_855ac2-a5 > .kt-inside-inner-col{flex-direction:column;justify-content:flex-end;}}@media all and (max-width: 767px){.kt-row-column-wrap > .kadence-column10333_855ac2-a5{align-self:flex-end;}.kt-inner-column-height-full:not(.kt-has-1-columns) > .wp-block-kadence-column.kadence-column10333_855ac2-a5{align-self:auto;}.kt-inner-column-height-full:not(.kt-has-1-columns) > .wp-block-kadence-column.kadence-column10333_855ac2-a5 > .kt-inside-inner-col{flex-direction:column;justify-content:flex-end;}.kadence-column10333_855ac2-a5 > .kt-inside-inner-col{flex-direction:column;justify-content:flex-end;}}<\/style>\n<div class=\"wp-block-kadence-column kadence-column10333_855ac2-a5\" data-aos=\"fade\" data-aos-duration=\"350\" data-aos-delay=\"100\" data-aos-easing=\"ease-in\"><div class=\"kt-inside-inner-col\"><\/div><\/div>\n\n<\/div><\/div>","protected":false},"excerpt":{"rendered":"<p>Esittely Elo Kuum on kokenut dermatologi. Tavallisten iho-ongelmien diagnosoinnin ja hoidon lis\u00e4ksi h\u00e4nen p\u00e4ivitt\u00e4iseen ty\u00f6nkuvaansa kuuluu luomien dermatoskopia, hyv\u00e4nlaatuisten ihomuodostumien poistaminen, kryoterapia ja esteettinen l\u00e4\u00e4ketiede. H\u00e4n on yksi Viron harvoista asiantuntijoista, joka suorittaa keskisyv\u00e4\u00e4 ja syv\u00e4\u00e4 kemiallista kuorintaa aknearpien ja pigmenttil\u00e4iskien hoitamiseksi ja ihon nuorentamiseksi. Botuliini- ja t\u00e4yteainepistoksia Elo on tehnyt vuodesta 2013 ja lankakohotuksia [&hellip;]<\/p>\n","protected":false},"author":2,"featured_media":5845,"parent":10318,"menu_order":0,"comment_status":"closed","ping_status":"closed","template":"","meta":{"_kad_blocks_custom_css":"","_kad_blocks_head_custom_js":"","_kad_blocks_body_custom_js":"","_kad_blocks_footer_custom_js":"","custom_jsonld_schema":"","footnotes":""},"class_list":["post-10333","page","type-page","status-publish","has-post-thumbnail","hentry"],"blocksy_meta":{"vertical_spacing_source":"custom","content_area_spacing":"none","styles_descriptor":{"styles":{"desktop":"","tablet":"","mobile":""},"google_fonts":[],"version":6}},"taxonomy_info":[],"featured_image_src_large":["https:\/\/thehealthclinic.eu\/wp-content\/uploads\/2024\/03\/tiim.svg",1024,174,false],"author_info":{"display_name":"Janek","author_link":"https:\/\/thehealthclinic.eu\/fi\/author\/janek\/"},"comment_info":0,"_links":{"self":[{"href":"https:\/\/thehealthclinic.eu\/fi\/wp-json\/wp\/v2\/pages\/10333","targetHints":{"allow":["GET"]}}],"collection":[{"href":"https:\/\/thehealthclinic.eu\/fi\/wp-json\/wp\/v2\/pages"}],"about":[{"href":"https:\/\/thehealthclinic.eu\/fi\/wp-json\/wp\/v2\/types\/page"}],"author":[{"embeddable":true,"href":"https:\/\/thehealthclinic.eu\/fi\/wp-json\/wp\/v2\/users\/2"}],"replies":[{"embeddable":true,"href":"https:\/\/thehealthclinic.eu\/fi\/wp-json\/wp\/v2\/comments?post=10333"}],"version-history":[{"count":0,"href":"https:\/\/thehealthclinic.eu\/fi\/wp-json\/wp\/v2\/pages\/10333\/revisions"}],"up":[{"embeddable":true,"href":"https:\/\/thehealthclinic.eu\/fi\/wp-json\/wp\/v2\/pages\/10318"}],"wp:featuredmedia":[{"embeddable":true,"href":"https:\/\/thehealthclinic.eu\/fi\/wp-json\/wp\/v2\/media\/5845"}],"wp:attachment":[{"href":"https:\/\/thehealthclinic.eu\/fi\/wp-json\/wp\/v2\/media?parent=10333"}],"curies":[{"name":"wp","href":"https:\/\/api.w.org\/{rel}","templated":true}]}}