{"id":10336,"date":"2024-03-19T16:00:36","date_gmt":"2024-03-19T14:00:36","guid":{"rendered":"https:\/\/uus.thehealthclinic.eu\/?page_id=10336"},"modified":"2025-09-21T12:46:21","modified_gmt":"2025-09-21T09:46:21","slug":"tri-erik-luht","status":"publish","type":"page","link":"https:\/\/thehealthclinic.eu\/fi\/joukkue\/tri-erik-luht\/","title":{"rendered":"Tri Erik Luht"},"content":{"rendered":"<style>.kb-row-layout-wrap.wp-block-kadence-rowlayout.kb-row-layout-id10336_4e89c0-eb{margin-top:0px;margin-bottom:0px;}.kb-row-layout-id10336_4e89c0-eb > .kt-row-column-wrap{align-content:center;}:where(.kb-row-layout-id10336_4e89c0-eb > .kt-row-column-wrap) > .wp-block-kadence-column{justify-content:center;}.kb-row-layout-id10336_4e89c0-eb > .kt-row-column-wrap{column-gap:var(--global-kb-gap-lg, 4rem);row-gap:var(--global-kb-gap-md, 2rem);padding-top:0px;padding-right:0px;padding-bottom:0px;padding-left:0px;grid-template-columns:minmax(0, calc(45% - ((var(--global-kb-gap-lg, 4rem) * 1 )\/2)))minmax(0, calc(55% - ((var(--global-kb-gap-lg, 4rem) * 1 )\/2)));}.kb-row-layout-id10336_4e89c0-eb > .kt-row-layout-overlay{opacity:0.30;}@media all and (max-width: 1024px){.kb-row-layout-id10336_4e89c0-eb > .kt-row-column-wrap{grid-template-columns:repeat(2, minmax(0, 1fr));}}@media all and (max-width: 767px){.kb-row-layout-id10336_4e89c0-eb > .kt-row-column-wrap{grid-template-columns:minmax(0, 1fr);}}<\/style><div class=\"kb-row-layout-wrap kb-row-layout-id10336_4e89c0-eb alignfull wp-block-kadence-rowlayout\"><div class=\"kt-row-column-wrap kt-has-2-columns kt-row-layout-equal kt-tab-layout-equal kt-mobile-layout-row kt-row-valign-middle\">\n<style>.kadence-column10336_ee3465-b3 > .kt-inside-inner-col{min-height:690px;}.kadence-column10336_ee3465-b3 > .kt-inside-inner-col,.kadence-column10336_ee3465-b3 > .kt-inside-inner-col:before{border-top-left-radius:0px;border-top-right-radius:0px;border-bottom-right-radius:0px;border-bottom-left-radius:0px;}.kadence-column10336_ee3465-b3 > .kt-inside-inner-col{column-gap:var(--global-kb-gap-sm, 1rem);}.kadence-column10336_ee3465-b3 > .kt-inside-inner-col{flex-direction:column;}.kadence-column10336_ee3465-b3 > .kt-inside-inner-col > .aligncenter{width:100%;}.kadence-column10336_ee3465-b3 > .kt-inside-inner-col{background-image:url('https:\/\/thehealthclinic.eu\/wp-content\/uploads\/2024\/04\/luht-1.jpg');background-size:cover;background-position:51% 33%;background-attachment:scroll;background-repeat:no-repeat;}.kadence-column10336_ee3465-b3 > .kt-inside-inner-col:before{opacity:0.3;}.kadence-column10336_ee3465-b3{position:relative;}@media all and (max-width: 1024px){.kadence-column10336_ee3465-b3 > .kt-inside-inner-col{flex-direction:column;justify-content:center;}}@media all and (max-width: 767px){.kadence-column10336_ee3465-b3 > .kt-inside-inner-col{min-height:300px;flex-direction:column;justify-content:center;}}<\/style>\n<div class=\"wp-block-kadence-column kadence-column10336_ee3465-b3\"><div class=\"kt-inside-inner-col\"><\/div><\/div>\n\n\n<style>.kadence-column10336_0db61d-92 > .kt-inside-inner-col{padding-right:100px;padding-left:70px;}.kadence-column10336_0db61d-92 > .kt-inside-inner-col,.kadence-column10336_0db61d-92 > .kt-inside-inner-col:before{border-top-left-radius:0px;border-top-right-radius:0px;border-bottom-right-radius:0px;border-bottom-left-radius:0px;}.kadence-column10336_0db61d-92 > .kt-inside-inner-col{column-gap:var(--global-kb-gap-sm, 1rem);}.kadence-column10336_0db61d-92 > .kt-inside-inner-col{flex-direction:column;}.kadence-column10336_0db61d-92 > .kt-inside-inner-col > .aligncenter{width:100%;}.kadence-column10336_0db61d-92 > .kt-inside-inner-col:before{opacity:0.3;}.kadence-column10336_0db61d-92{position:relative;}@media all and (max-width: 1024px){.kadence-column10336_0db61d-92 > .kt-inside-inner-col{padding-right:20px;padding-left:0px;flex-direction:column;justify-content:center;}}@media all and (max-width: 767px){.kadence-column10336_0db61d-92 > .kt-inside-inner-col{padding-top:20px;padding-right:30px;padding-bottom:50px;padding-left:30px;flex-direction:column;justify-content:center;}}<\/style>\n<div class=\"wp-block-kadence-column kadence-column10336_0db61d-92\"><div class=\"kt-inside-inner-col\"><style>.wp-block-kadence-advancedheading.kt-adv-heading10336_f639c2-21, .wp-block-kadence-advancedheading.kt-adv-heading10336_f639c2-21[data-kb-block=\"kb-adv-heading10336_f639c2-21\"]{line-height:49px;font-style:normal;}.wp-block-kadence-advancedheading.kt-adv-heading10336_f639c2-21 mark.kt-highlight, .wp-block-kadence-advancedheading.kt-adv-heading10336_f639c2-21[data-kb-block=\"kb-adv-heading10336_f639c2-21\"] mark.kt-highlight{font-style:normal;color:#f76a0c;-webkit-box-decoration-break:clone;box-decoration-break:clone;padding-top:0px;padding-right:0px;padding-bottom:0px;padding-left:0px;}.wp-block-kadence-advancedheading.kt-adv-heading10336_f639c2-21 img.kb-inline-image, .wp-block-kadence-advancedheading.kt-adv-heading10336_f639c2-21[data-kb-block=\"kb-adv-heading10336_f639c2-21\"] img.kb-inline-image{width:150px;vertical-align:baseline;}<\/style>\n<h2 class=\"kt-adv-heading10336_f639c2-21 wp-block-kadence-advancedheading\" data-kb-block=\"kb-adv-heading10336_f639c2-21\">Esittely<\/h2>\n\n\n\n<p>Erik Luht on arvostettu korva-, nen\u00e4- ja kurkkutautien erikoisl\u00e4\u00e4k\u00e4ri, joka t\u00e4ydent\u00e4\u00e4 aktiivisesti tietojaan ja taitojaan nen\u00e4n plastiikkakirurgisten leikkausten alalla. H\u00e4n on osallistunut useisiin arvostettuihin koulutuksiin ulkomailla ja suorittaa s\u00e4\u00e4nn\u00f6llisesti nen\u00e4n plastiikkakirurgisia leikkauksia useassa sairaalassa.<\/p>\n\n\n\n<p>Erik Luht ty\u00f6skentelee Health Cliniciss\u00e4 ja It\u00e4-Tallinnan keskussairaalassa, jossa h\u00e4nen ty\u00f6nkuvaansa kuuluvat muun muassa nen\u00e4n toiminnalliset endoskooppiset leikkaukset, korvan mikrokirurgia ja nen\u00e4n rekonstruktiivinen kirurgia. H\u00e4n tekee my\u00f6s korvien korjausleikkauksia.<\/p>\n\n\n\n<p>Erik Luht on Viron KNK-l\u00e4\u00e4k\u00e4rien ja p\u00e4\u00e4- ja kaulakirurgien liiton hallituksen j\u00e4sen vuodesta 2019 sek\u00e4 kansainv\u00e4lisen Euroopan rinoplastialiiton j\u00e4sen vuodesta 2021.<\/p>\n<\/div><\/div>\n\n<\/div><\/div>\n\n<style>.kb-row-layout-id10336_b0986c-37 > .kt-row-column-wrap{align-content:start;}:where(.kb-row-layout-id10336_b0986c-37 > .kt-row-column-wrap) > .wp-block-kadence-column{justify-content:start;}.kb-row-layout-id10336_b0986c-37 > .kt-row-column-wrap{column-gap:var(--global-kb-gap-md, 2rem);row-gap:var(--global-kb-gap-md, 2rem);max-width:1190px;padding-top:80px;padding-bottom:80px;grid-template-columns:minmax(0, 1fr);}.kb-row-layout-id10336_b0986c-37{background-color:#fafafa;}.kb-row-layout-id10336_b0986c-37 > .kt-row-layout-overlay{opacity:0.30;}@media all and (max-width: 1024px){.kb-row-layout-id10336_b0986c-37 > .kt-row-column-wrap{grid-template-columns:minmax(0, 1fr);}}@media all and (max-width: 767px){.kb-row-layout-id10336_b0986c-37 > .kt-row-column-wrap{grid-template-columns:minmax(0, 1fr);}}@media (max-width: 767px) {    .cv td:nth-child(1) {        width: auto;        text-align: left;        background: transparent;    }    .cv td:nth-child(2) {        width: auto;        background: transparent;        text-align: left;    }}@media (min-width: 768px) and (max-width: 929px) {    .cv td:nth-child(1) {        width: 20%;    }    .cv td:nth-child(2) {        width: 80%;    }}@media (min-width: 930px) {    .cv td:nth-child(1) {        width: 15%;    }    .cv td:nth-child(2) {        width: 85%;    }}<\/style><div class=\"kb-row-layout-wrap kb-row-layout-id10336_b0986c-37 alignfull kt-row-has-bg wp-block-kadence-rowlayout\"><div class=\"kt-row-column-wrap kt-has-1-columns kt-row-layout-equal kt-tab-layout-inherit kt-mobile-layout-row kt-row-valign-top kb-theme-content-width\">\n<style>.kadence-column10336_b1ff52-66 > .kt-inside-inner-col,.kadence-column10336_b1ff52-66 > .kt-inside-inner-col:before{border-top-left-radius:0px;border-top-right-radius:0px;border-bottom-right-radius:0px;border-bottom-left-radius:0px;}.kadence-column10336_b1ff52-66 > .kt-inside-inner-col{column-gap:var(--global-kb-gap-sm, 1rem);}.kadence-column10336_b1ff52-66 > .kt-inside-inner-col{flex-direction:column;}.kadence-column10336_b1ff52-66 > .kt-inside-inner-col > .aligncenter{width:100%;}.kadence-column10336_b1ff52-66 > .kt-inside-inner-col:before{opacity:0.3;}.kadence-column10336_b1ff52-66{position:relative;}@media all and (max-width: 1024px){.kadence-column10336_b1ff52-66 > .kt-inside-inner-col{flex-direction:column;justify-content:center;}}@media all and (max-width: 767px){.kadence-column10336_b1ff52-66 > .kt-inside-inner-col{flex-direction:column;justify-content:center;}}<\/style>\n<div class=\"wp-block-kadence-column kadence-column10336_b1ff52-66\"><div class=\"kt-inside-inner-col\"><style>.wp-block-kadence-advancedheading.kt-adv-heading10336_212c1d-a5, .wp-block-kadence-advancedheading.kt-adv-heading10336_212c1d-a5[data-kb-block=\"kb-adv-heading10336_212c1d-a5\"]{margin-top:0px;margin-bottom:0px;text-align:center;line-height:49px;font-style:normal;}.wp-block-kadence-advancedheading.kt-adv-heading10336_212c1d-a5 mark.kt-highlight, .wp-block-kadence-advancedheading.kt-adv-heading10336_212c1d-a5[data-kb-block=\"kb-adv-heading10336_212c1d-a5\"] mark.kt-highlight{font-style:normal;color:#f76a0c;-webkit-box-decoration-break:clone;box-decoration-break:clone;padding-top:0px;padding-right:0px;padding-bottom:0px;padding-left:0px;}.wp-block-kadence-advancedheading.kt-adv-heading10336_212c1d-a5 img.kb-inline-image, .wp-block-kadence-advancedheading.kt-adv-heading10336_212c1d-a5[data-kb-block=\"kb-adv-heading10336_212c1d-a5\"] img.kb-inline-image{width:150px;vertical-align:baseline;}<\/style>\n<h2 class=\"kt-adv-heading10336_212c1d-a5 wp-block-kadence-advancedheading\" data-kb-block=\"kb-adv-heading10336_212c1d-a5\">Curriculum Vitae<\/h2>\n\n\n\n<h3 class=\"wp-block-heading has-palette-color-4-color has-text-color has-link-color wp-elements-502331a48d7fd008b2aa3be9ec13a67f\">Koulutus<\/h3>\n\n\n\n<figure class=\"wp-block-table cv\"><table class=\"has-border-color has-palette-color-7-border-color\"><tbody><tr><td><strong>2013-2016<\/strong><\/td><td>Tarton yliopiston l\u00e4\u00e4ketieteellinen tiedekunta, otorinolaryngologian erikoistumisjakso, Tarton yliopistollinen sairaala<\/td><\/tr><tr><td><strong>2007-2013<\/strong><\/td><td>Tarton yliopiston l\u00e4\u00e4ketieteellinen tiedekunta<\/td><\/tr><\/tbody><\/table><\/figure>\n\n\n\n<h3 class=\"wp-block-heading has-palette-color-4-color has-text-color has-link-color wp-elements-53d91ca559f4aedd35176f92db3ea173\">Ty\u00f6kokemus<\/h3>\n\n\n\n<figure class=\"wp-block-table cv\"><table class=\"has-border-color has-palette-color-7-border-color\"><tbody><tr><td><strong>2021 \u2013 \u2026<\/strong><\/td><td>Health Clinic<\/td><\/tr><tr><td><strong>2018 \u2013 \u2026<\/strong><\/td><td>AS Orthopedica<\/td><\/tr><tr><td><strong>2017 \u2013 \u2026<\/strong><\/td><td>Kuressaaren sairaala<\/td><\/tr><tr><td><strong>2017 \u2013 \u2026<\/strong><\/td><td>O\u00dc Spiromed<\/td><\/tr><tr><td><strong>2016 \u2013 \u2026<\/strong><\/td><td>It\u00e4-Tallinnan keskussairaala<\/td><\/tr><tr><td><strong>2016 \u2013 \u2026<\/strong><\/td><td>AS Fertilitas<\/td><\/tr><\/tbody><\/table><\/figure>\n\n\n\n<h3 class=\"wp-block-heading has-palette-color-4-color has-text-color has-link-color wp-elements-529220605ce9651b6e893ee751df66aa\">T\u00e4ydennyskoulutukset<\/h3>\n\n\n\n<p>2024. Surgical workshop Cochlear\u2122 Baha\u00ae and Osia\u00ae&nbsp;&nbsp;system<br>2023. Barcelona 6th Endoscopic Ear Surgery Course<br>2023. EST-US Otoralyngology-Head and Neck Surgery Joint Meeting 2023<br>2022. BYTM \u2013 Rhinoplasty Part III: Preservation &amp; Structural, Tips &amp; Techniques, USA<br>2022. Preservation Rhinoplasty \u201cThe Course\u201d, Nice France<br>2022. Seventh Bergamo Open Rhinoplasty Course<br>2020. Webinar \u201e10 challanges in Rhinoplasty\u201c Rhinoplasty Society of Europe<br>2019. Advanced Aesthetic Rhinoplasty and Face Contouring, Peterburg<br>2019. Manchester Sinus, Rhinoplasty and Nasal Plastics Dissection Course<br>2018. 4th International Symposium on Otosclerosis and Stapes Surgery<br>2018. Workshop Microsurgery of the ear and Hearing Implants Halle-Rostock<br>2016. Endoscopic ear surgery course Helsinki Tauna Palva laboratory<br>2015. Salzburg Weill Cornell Seminar: Temporal Bone Surgery<br>2014. 14th Newcastle Functional Endonasal Sinus Surgery Dissection Course<\/p>\n<\/div><\/div>\n\n<\/div><\/div>\n\n<style>.kb-row-layout-id10336_004ba7-5f > .kt-row-column-wrap{align-content:end;}:where(.kb-row-layout-id10336_004ba7-5f > .kt-row-column-wrap) > .wp-block-kadence-column{justify-content:end;}.kb-row-layout-id10336_004ba7-5f > .kt-row-column-wrap{column-gap:var(--global-kb-gap-md, 2rem);row-gap:var(--global-kb-gap-md, 2rem);max-width:1190px;padding-top:var(--global-kb-spacing-xl, 4rem);padding-bottom:var(--global-kb-spacing-xl, 4rem);grid-template-columns:minmax(0, 1fr);}.kb-row-layout-id10336_004ba7-5f > .kt-row-layout-overlay{opacity:0.30;}@media all and (max-width: 1024px){.kb-row-layout-id10336_004ba7-5f > .kt-row-column-wrap{padding-top:50px;padding-right:40px;padding-bottom:30px;padding-left:40px;grid-template-columns:minmax(0, 1fr);}}@media all and (max-width: 767px){.kb-row-layout-id10336_004ba7-5f > .kt-row-column-wrap{grid-template-columns:minmax(0, 1fr);}}.kb-row-layout-id10336_004ba7-5f input::placeholder {  font-weight: 400;  font-size: 15px;  line-height: 22.5px;  color: #fff;}<\/style><div class=\"kb-row-layout-wrap kb-row-layout-id10336_004ba7-5f alignfull has-palette-color-2-background-color kt-row-has-bg wp-block-kadence-rowlayout\"><div class=\"kt-row-column-wrap kt-has-1-columns kt-row-layout-equal kt-tab-layout-inherit kt-mobile-layout-row kt-row-valign-bottom kb-theme-content-width\">\n<style>.kadence-column10336_ee4ea9-c6 > .kt-inside-inner-col{display:flex;}.kadence-column10336_ee4ea9-c6 > .kt-inside-inner-col,.kadence-column10336_ee4ea9-c6 > .kt-inside-inner-col:before{border-top-left-radius:0px;border-top-right-radius:0px;border-bottom-right-radius:0px;border-bottom-left-radius:0px;}.kadence-column10336_ee4ea9-c6 > .kt-inside-inner-col{column-gap:var(--global-kb-gap-sm, 1rem);}.kadence-column10336_ee4ea9-c6 > .kt-inside-inner-col{flex-direction:column;justify-content:flex-start;}.kadence-column10336_ee4ea9-c6 > .kt-inside-inner-col > .aligncenter{width:100%;}.kt-row-column-wrap > .kadence-column10336_ee4ea9-c6{align-self:flex-start;}.kt-inner-column-height-full:not(.kt-has-1-columns) > .wp-block-kadence-column.kadence-column10336_ee4ea9-c6{align-self:auto;}.kt-inner-column-height-full:not(.kt-has-1-columns) > .wp-block-kadence-column.kadence-column10336_ee4ea9-c6 > .kt-inside-inner-col{flex-direction:column;justify-content:flex-start;}.kadence-column10336_ee4ea9-c6 > .kt-inside-inner-col:before{opacity:0.3;}.kadence-column10336_ee4ea9-c6{position:relative;}@media all and (max-width: 1024px){.kt-row-column-wrap > .kadence-column10336_ee4ea9-c6{align-self:flex-start;}}@media all and (max-width: 1024px){.kt-inner-column-height-full:not(.kt-has-1-columns) > .wp-block-kadence-column.kadence-column10336_ee4ea9-c6{align-self:auto;}}@media all and (max-width: 1024px){.kt-inner-column-height-full:not(.kt-has-1-columns) > .wp-block-kadence-column.kadence-column10336_ee4ea9-c6 > .kt-inside-inner-col{flex-direction:column;justify-content:flex-start;}}@media all and (max-width: 1024px){.kadence-column10336_ee4ea9-c6 > .kt-inside-inner-col{flex-direction:column;justify-content:flex-start;}}@media all and (max-width: 767px){.kt-row-column-wrap > .kadence-column10336_ee4ea9-c6{align-self:flex-start;}.kt-inner-column-height-full:not(.kt-has-1-columns) > .wp-block-kadence-column.kadence-column10336_ee4ea9-c6{align-self:auto;}.kt-inner-column-height-full:not(.kt-has-1-columns) > .wp-block-kadence-column.kadence-column10336_ee4ea9-c6 > .kt-inside-inner-col{flex-direction:column;justify-content:flex-start;}.kadence-column10336_ee4ea9-c6 > .kt-inside-inner-col{flex-direction:column;justify-content:flex-start;}}<\/style>\n<div class=\"wp-block-kadence-column kadence-column10336_ee4ea9-c6\"><div class=\"kt-inside-inner-col\"><style>.wp-block-kadence-advancedheading.kt-adv-heading10336_7114d7-b2, .wp-block-kadence-advancedheading.kt-adv-heading10336_7114d7-b2[data-kb-block=\"kb-adv-heading10336_7114d7-b2\"]{margin-top:10px;margin-bottom:0px;text-align:center;font-size:36px;line-height:42px;font-style:normal;}.wp-block-kadence-advancedheading.kt-adv-heading10336_7114d7-b2 mark.kt-highlight, .wp-block-kadence-advancedheading.kt-adv-heading10336_7114d7-b2[data-kb-block=\"kb-adv-heading10336_7114d7-b2\"] mark.kt-highlight{font-style:normal;color:#f76a0c;-webkit-box-decoration-break:clone;box-decoration-break:clone;padding-top:0px;padding-right:0px;padding-bottom:0px;padding-left:0px;}.wp-block-kadence-advancedheading.kt-adv-heading10336_7114d7-b2 img.kb-inline-image, .wp-block-kadence-advancedheading.kt-adv-heading10336_7114d7-b2[data-kb-block=\"kb-adv-heading10336_7114d7-b2\"] img.kb-inline-image{width:150px;vertical-align:baseline;}@media all and (max-width: 767px){.wp-block-kadence-advancedheading.kt-adv-heading10336_7114d7-b2, .wp-block-kadence-advancedheading.kt-adv-heading10336_7114d7-b2[data-kb-block=\"kb-adv-heading10336_7114d7-b2\"]{margin-top:10px;margin-bottom:-20px;font-size:32px;text-align:center!important;}}<\/style>\n<h3 class=\"kt-adv-heading10336_7114d7-b2 wp-block-kadence-advancedheading has-palette-color-5-color has-text-color\" data-kb-block=\"kb-adv-heading10336_7114d7-b2\">Haluatko aloittaa uuden matkasi klinikallamme?<\/h3>\n\n\n<style>.wp-block-kadence-advancedbtn.kb-btns10336_51a0fb-d9{gap:var(--global-kb-gap-xs, 0.5rem );justify-content:center;align-items:center;}.kt-btns10336_51a0fb-d9 .kt-button{font-weight:normal;font-style:normal;}.kt-btns10336_51a0fb-d9 .kt-btn-wrap-0{margin-right:5px;}.wp-block-kadence-advancedbtn.kt-btns10336_51a0fb-d9 .kt-btn-wrap-0 .kt-button{color:#555555;border-color:#555555;}.wp-block-kadence-advancedbtn.kt-btns10336_51a0fb-d9 .kt-btn-wrap-0 .kt-button:hover, .wp-block-kadence-advancedbtn.kt-btns10336_51a0fb-d9 .kt-btn-wrap-0 .kt-button:focus{color:#ffffff;border-color:#444444;}.wp-block-kadence-advancedbtn.kt-btns10336_51a0fb-d9 .kt-btn-wrap-0 .kt-button::before{display:none;}.wp-block-kadence-advancedbtn.kt-btns10336_51a0fb-d9 .kt-btn-wrap-0 .kt-button:hover, .wp-block-kadence-advancedbtn.kt-btns10336_51a0fb-d9 .kt-btn-wrap-0 .kt-button:focus{background:#444444;}<\/style>\n<div class=\"wp-block-kadence-advancedbtn kb-buttons-wrap kb-btns10336_51a0fb-d9\"><style>ul.menu .wp-block-kadence-advancedbtn .kb-btn10336_1af63d-33.kb-button{width:initial;}.wp-block-kadence-advancedbtn .kb-btn10336_1af63d-33.kb-button{color:#ffffff;font-size:13px;letter-spacing:1px;font-family:ct_font_gill__sans;font-weight:600;text-transform:uppercase;border-top-left-radius:0px;border-top:1px solid #ffffff;border-right:1px solid #ffffff;border-bottom:1px solid #ffffff;border-left:1px solid #ffffff;padding-top:12px;padding-right:30px;padding-bottom:12px;padding-left:30px;margin-top:30px;}.wp-block-kadence-advancedbtn .kb-btn10336_1af63d-33.kb-button:hover, .wp-block-kadence-advancedbtn .kb-btn10336_1af63d-33.kb-button:focus{border-top:1px solid var(--theme-palette-color-4, #7BAFAF);border-right:1px solid var(--theme-palette-color-4, #7BAFAF);border-bottom:1px solid var(--theme-palette-color-4, #7BAFAF);border-left:1px solid var(--theme-palette-color-4, #7BAFAF);}@media all and (max-width: 1024px){.wp-block-kadence-advancedbtn .kb-btn10336_1af63d-33.kb-button{border-top:1px solid #ffffff;border-right:1px solid #ffffff;border-bottom:1px solid #ffffff;border-left:1px solid #ffffff;}}@media all and (max-width: 1024px){.wp-block-kadence-advancedbtn .kb-btn10336_1af63d-33.kb-button:hover, .wp-block-kadence-advancedbtn .kb-btn10336_1af63d-33.kb-button:focus{border-top:1px solid var(--theme-palette-color-4, #7BAFAF);border-right:1px solid var(--theme-palette-color-4, #7BAFAF);border-bottom:1px solid var(--theme-palette-color-4, #7BAFAF);border-left:1px solid var(--theme-palette-color-4, #7BAFAF);}}@media all and (max-width: 767px){.wp-block-kadence-advancedbtn .kb-btn10336_1af63d-33.kb-button{border-top:1px solid #ffffff;border-right:1px solid #ffffff;border-bottom:1px solid #ffffff;border-left:1px solid #ffffff;}.wp-block-kadence-advancedbtn .kb-btn10336_1af63d-33.kb-button:hover, .wp-block-kadence-advancedbtn .kb-btn10336_1af63d-33.kb-button:focus{border-top:1px solid var(--theme-palette-color-4, #7BAFAF);border-right:1px solid var(--theme-palette-color-4, #7BAFAF);border-bottom:1px solid var(--theme-palette-color-4, #7BAFAF);border-left:1px solid var(--theme-palette-color-4, #7BAFAF);}}<\/style><a class=\"kb-button kt-button button kb-btn10336_1af63d-33 kt-btn-size-large kt-btn-width-type-auto kb-btn-global-outline  kt-btn-has-text-true kt-btn-has-svg-false  wp-block-kadence-singlebtn\" href=\"https:\/\/thehealthclinic.eu\/fi\/varaa-aika\/\"><span class=\"kt-btn-inner-text\">VARAA AIKA KONSULTAATIOON<\/span><\/a><\/div>\n<\/div><\/div>\n\n\n<style>.kadence-column10336_5b8d09-ae > .kt-inside-inner-col{display:flex;}.kadence-column10336_5b8d09-ae > .kt-inside-inner-col,.kadence-column10336_5b8d09-ae > .kt-inside-inner-col:before{border-top-left-radius:0px;border-top-right-radius:0px;border-bottom-right-radius:0px;border-bottom-left-radius:0px;}.kadence-column10336_5b8d09-ae > .kt-inside-inner-col{column-gap:var(--global-kb-gap-sm, 1rem);}.kadence-column10336_5b8d09-ae > .kt-inside-inner-col{flex-direction:column;justify-content:flex-end;}.kadence-column10336_5b8d09-ae > .kt-inside-inner-col > .aligncenter{width:100%;}.kt-row-column-wrap > .kadence-column10336_5b8d09-ae{align-self:flex-end;}.kt-inner-column-height-full:not(.kt-has-1-columns) > .wp-block-kadence-column.kadence-column10336_5b8d09-ae{align-self:auto;}.kt-inner-column-height-full:not(.kt-has-1-columns) > .wp-block-kadence-column.kadence-column10336_5b8d09-ae > .kt-inside-inner-col{flex-direction:column;justify-content:flex-end;}.kadence-column10336_5b8d09-ae > .kt-inside-inner-col:before{opacity:0.3;}.kadence-column10336_5b8d09-ae{position:relative;}@media all and (max-width: 1024px){.kt-row-column-wrap > .kadence-column10336_5b8d09-ae{align-self:flex-end;}}@media all and (max-width: 1024px){.kt-inner-column-height-full:not(.kt-has-1-columns) > .wp-block-kadence-column.kadence-column10336_5b8d09-ae{align-self:auto;}}@media all and (max-width: 1024px){.kt-inner-column-height-full:not(.kt-has-1-columns) > .wp-block-kadence-column.kadence-column10336_5b8d09-ae > .kt-inside-inner-col{flex-direction:column;justify-content:flex-end;}}@media all and (max-width: 1024px){.kadence-column10336_5b8d09-ae > .kt-inside-inner-col{flex-direction:column;justify-content:flex-end;}}@media all and (max-width: 767px){.kt-row-column-wrap > .kadence-column10336_5b8d09-ae{align-self:flex-end;}.kt-inner-column-height-full:not(.kt-has-1-columns) > .wp-block-kadence-column.kadence-column10336_5b8d09-ae{align-self:auto;}.kt-inner-column-height-full:not(.kt-has-1-columns) > .wp-block-kadence-column.kadence-column10336_5b8d09-ae > .kt-inside-inner-col{flex-direction:column;justify-content:flex-end;}.kadence-column10336_5b8d09-ae > .kt-inside-inner-col{flex-direction:column;justify-content:flex-end;}}<\/style>\n<div class=\"wp-block-kadence-column kadence-column10336_5b8d09-ae\" data-aos=\"fade\" data-aos-duration=\"350\" data-aos-delay=\"100\" data-aos-easing=\"ease-in\"><div class=\"kt-inside-inner-col\"><\/div><\/div>\n\n<\/div><\/div>","protected":false},"excerpt":{"rendered":"<p>Esittely Erik Luht on arvostettu korva-, nen\u00e4- ja kurkkutautien erikoisl\u00e4\u00e4k\u00e4ri, joka t\u00e4ydent\u00e4\u00e4 aktiivisesti tietojaan ja taitojaan nen\u00e4n plastiikkakirurgisten leikkausten alalla. H\u00e4n on osallistunut useisiin arvostettuihin koulutuksiin ulkomailla ja suorittaa s\u00e4\u00e4nn\u00f6llisesti nen\u00e4n plastiikkakirurgisia leikkauksia useassa sairaalassa. Erik Luht ty\u00f6skentelee Health Cliniciss\u00e4 ja It\u00e4-Tallinnan keskussairaalassa, jossa h\u00e4nen ty\u00f6nkuvaansa kuuluvat muun muassa nen\u00e4n toiminnalliset endoskooppiset leikkaukset, korvan mikrokirurgia [&hellip;]<\/p>\n","protected":false},"author":2,"featured_media":5845,"parent":10318,"menu_order":0,"comment_status":"closed","ping_status":"closed","template":"","meta":{"_kad_blocks_custom_css":"","_kad_blocks_head_custom_js":"","_kad_blocks_body_custom_js":"","_kad_blocks_footer_custom_js":"","custom_jsonld_schema":"","footnotes":""},"class_list":["post-10336","page","type-page","status-publish","has-post-thumbnail","hentry"],"blocksy_meta":{"vertical_spacing_source":"custom","content_area_spacing":"none","styles_descriptor":{"styles":{"desktop":"","tablet":"","mobile":""},"google_fonts":[],"version":6}},"taxonomy_info":[],"featured_image_src_large":["https:\/\/thehealthclinic.eu\/wp-content\/uploads\/2024\/03\/tiim.svg",1024,174,false],"author_info":{"display_name":"Janek","author_link":"https:\/\/thehealthclinic.eu\/fi\/author\/janek\/"},"comment_info":0,"_links":{"self":[{"href":"https:\/\/thehealthclinic.eu\/fi\/wp-json\/wp\/v2\/pages\/10336","targetHints":{"allow":["GET"]}}],"collection":[{"href":"https:\/\/thehealthclinic.eu\/fi\/wp-json\/wp\/v2\/pages"}],"about":[{"href":"https:\/\/thehealthclinic.eu\/fi\/wp-json\/wp\/v2\/types\/page"}],"author":[{"embeddable":true,"href":"https:\/\/thehealthclinic.eu\/fi\/wp-json\/wp\/v2\/users\/2"}],"replies":[{"embeddable":true,"href":"https:\/\/thehealthclinic.eu\/fi\/wp-json\/wp\/v2\/comments?post=10336"}],"version-history":[{"count":0,"href":"https:\/\/thehealthclinic.eu\/fi\/wp-json\/wp\/v2\/pages\/10336\/revisions"}],"up":[{"embeddable":true,"href":"https:\/\/thehealthclinic.eu\/fi\/wp-json\/wp\/v2\/pages\/10318"}],"wp:featuredmedia":[{"embeddable":true,"href":"https:\/\/thehealthclinic.eu\/fi\/wp-json\/wp\/v2\/media\/5845"}],"wp:attachment":[{"href":"https:\/\/thehealthclinic.eu\/fi\/wp-json\/wp\/v2\/media?parent=10336"}],"curies":[{"name":"wp","href":"https:\/\/api.w.org\/{rel}","templated":true}]}}