{"id":10339,"date":"2024-03-19T15:55:07","date_gmt":"2024-03-19T13:55:07","guid":{"rendered":"https:\/\/uus.thehealthclinic.eu\/?page_id=10339"},"modified":"2026-01-28T16:51:50","modified_gmt":"2026-01-28T14:51:50","slug":"tri-gintaras-papeckys","status":"publish","type":"page","link":"https:\/\/thehealthclinic.eu\/fi\/joukkue\/tri-gintaras-papeckys\/","title":{"rendered":"Tri Gintaras Pape\u010dkys"},"content":{"rendered":"<style>.kb-row-layout-wrap.wp-block-kadence-rowlayout.kb-row-layout-id10339_608ef1-06{margin-top:0px;margin-bottom:0px;}.kb-row-layout-id10339_608ef1-06 > .kt-row-column-wrap{align-content:center;}:where(.kb-row-layout-id10339_608ef1-06 > .kt-row-column-wrap) > .wp-block-kadence-column{justify-content:center;}.kb-row-layout-id10339_608ef1-06 > .kt-row-column-wrap{column-gap:var(--global-kb-gap-lg, 4rem);row-gap:var(--global-kb-gap-md, 2rem);padding-top:0px;padding-right:0px;padding-bottom:0px;padding-left:0px;grid-template-columns:minmax(0, calc(45% - ((var(--global-kb-gap-lg, 4rem) * 1 )\/2)))minmax(0, calc(55% - ((var(--global-kb-gap-lg, 4rem) * 1 )\/2)));}.kb-row-layout-id10339_608ef1-06 > .kt-row-layout-overlay{opacity:0.30;}@media all and (max-width: 1024px){.kb-row-layout-id10339_608ef1-06 > .kt-row-column-wrap{grid-template-columns:repeat(2, minmax(0, 1fr));}}@media all and (max-width: 767px){.kb-row-layout-id10339_608ef1-06 > .kt-row-column-wrap{grid-template-columns:minmax(0, 1fr);}}<\/style><div class=\"kb-row-layout-wrap kb-row-layout-id10339_608ef1-06 alignfull wp-block-kadence-rowlayout\"><div class=\"kt-row-column-wrap kt-has-2-columns kt-row-layout-equal kt-tab-layout-equal kt-mobile-layout-row kt-row-valign-middle\">\n<style>.kadence-column10339_118d58-8d > .kt-inside-inner-col{min-height:690px;}.kadence-column10339_118d58-8d > .kt-inside-inner-col,.kadence-column10339_118d58-8d > .kt-inside-inner-col:before{border-top-left-radius:0px;border-top-right-radius:0px;border-bottom-right-radius:0px;border-bottom-left-radius:0px;}.kadence-column10339_118d58-8d > .kt-inside-inner-col{column-gap:var(--global-kb-gap-sm, 1rem);}.kadence-column10339_118d58-8d > .kt-inside-inner-col{flex-direction:column;}.kadence-column10339_118d58-8d > .kt-inside-inner-col > .aligncenter{width:100%;}.kadence-column10339_118d58-8d > .kt-inside-inner-col{background-image:url('https:\/\/thehealthclinic.eu\/wp-content\/uploads\/2024\/04\/pepeskys-1.jpg');background-size:cover;background-position:48% 35%;background-attachment:scroll;background-repeat:no-repeat;}.kadence-column10339_118d58-8d > .kt-inside-inner-col:before{opacity:0.3;}.kadence-column10339_118d58-8d{position:relative;}@media all and (max-width: 1024px){.kadence-column10339_118d58-8d > .kt-inside-inner-col{flex-direction:column;justify-content:center;}}@media all and (max-width: 767px){.kadence-column10339_118d58-8d > .kt-inside-inner-col{min-height:300px;flex-direction:column;justify-content:center;}}<\/style>\n<div class=\"wp-block-kadence-column kadence-column10339_118d58-8d\"><div class=\"kt-inside-inner-col\"><\/div><\/div>\n\n\n<style>.kadence-column10339_f882e4-50 > .kt-inside-inner-col{padding-right:100px;padding-left:70px;}.kadence-column10339_f882e4-50 > .kt-inside-inner-col,.kadence-column10339_f882e4-50 > .kt-inside-inner-col:before{border-top-left-radius:0px;border-top-right-radius:0px;border-bottom-right-radius:0px;border-bottom-left-radius:0px;}.kadence-column10339_f882e4-50 > .kt-inside-inner-col{column-gap:var(--global-kb-gap-sm, 1rem);}.kadence-column10339_f882e4-50 > .kt-inside-inner-col{flex-direction:column;}.kadence-column10339_f882e4-50 > .kt-inside-inner-col > .aligncenter{width:100%;}.kadence-column10339_f882e4-50 > .kt-inside-inner-col:before{opacity:0.3;}.kadence-column10339_f882e4-50{position:relative;}@media all and (max-width: 1024px){.kadence-column10339_f882e4-50 > .kt-inside-inner-col{padding-right:20px;padding-left:0px;flex-direction:column;justify-content:center;}}@media all and (max-width: 767px){.kadence-column10339_f882e4-50 > .kt-inside-inner-col{padding-top:20px;padding-right:30px;padding-bottom:50px;padding-left:30px;flex-direction:column;justify-content:center;}}<\/style>\n<div class=\"wp-block-kadence-column kadence-column10339_f882e4-50\"><div class=\"kt-inside-inner-col\"><style>.wp-block-kadence-advancedheading.kt-adv-heading10339_27e164-4d, .wp-block-kadence-advancedheading.kt-adv-heading10339_27e164-4d[data-kb-block=\"kb-adv-heading10339_27e164-4d\"]{line-height:49px;font-style:normal;}.wp-block-kadence-advancedheading.kt-adv-heading10339_27e164-4d mark.kt-highlight, .wp-block-kadence-advancedheading.kt-adv-heading10339_27e164-4d[data-kb-block=\"kb-adv-heading10339_27e164-4d\"] mark.kt-highlight{font-style:normal;color:#f76a0c;-webkit-box-decoration-break:clone;box-decoration-break:clone;padding-top:0px;padding-right:0px;padding-bottom:0px;padding-left:0px;}.wp-block-kadence-advancedheading.kt-adv-heading10339_27e164-4d img.kb-inline-image, .wp-block-kadence-advancedheading.kt-adv-heading10339_27e164-4d[data-kb-block=\"kb-adv-heading10339_27e164-4d\"] img.kb-inline-image{width:150px;vertical-align:baseline;}<\/style>\n<h2 class=\"kt-adv-heading10339_27e164-4d wp-block-kadence-advancedheading\" data-kb-block=\"kb-adv-heading10339_27e164-4d\">Esittely<\/h2>\n\n\n\n<p>Gintaras Pape\u010dkys perusti yksityisvastaanottonsa vuonna 1988. H\u00e4nest\u00e4 tuli nopeasti Liettuassa tunnettu plastiikkakirurgian, esteettisen kirurgian ja esteettisen l\u00e4\u00e4ketieteen asiantuntija, jota arvostetaan edelleen.<\/p>\n\n\n\n<p>Gintaras Pape\u010dkys on suorittanut onnistuneesti yli 6000 esteettist\u00e4 leikkausta, ja h\u00e4net tunnetaan Liettuassa useiden kirurgisten ja esteettisten toimenpiteiden edell\u00e4k\u00e4vij\u00e4n\u00e4. H\u00e4n on mini-invasiivisen esteettisen kasvokirurgian vankka kannattaja ja noudattaa t\u00e4t\u00e4 periaatetta vankkumattomasti.<\/p>\n\n\n\n<p>Gintaras Pape\u010dkys valmistui Kaunasin l\u00e4\u00e4ketieteellisen yliopiston l\u00e4\u00e4ketieteellisest\u00e4 tiedekunnasta vuonna 1981 parhain mahdollisin arvosanoin. H\u00e4n ty\u00f6skenteli kolmetoista vuotta Kaunasin akateemisen sairaalan kirurgiaklinikalla, joka on yksi Liettuan suurimmista terveydenhuoltolaitoksista. H\u00e4n on kehitt\u00e4nyt itse\u00e4\u00e4n ammatillisesti It\u00e4vallassa, Belgiassa, Kreikassa, Ranskassa, Ven\u00e4j\u00e4ll\u00e4, Yhdysvalloissa ja Italiassa. H\u00e4n on Liettuan plastiikkakirurgian ja korjaavan kirurgian yhdistyksen arvostettu ja aktiivinen j\u00e4sen sek\u00e4 kansainv\u00e4lisen plastiikkakirurgian ja korjaavan kirurgian yhdistyksen kunniaj\u00e4sen.<\/p>\n\n\n\n<p>Vuonna 2023 Gintaras Pape\u010dkys liittyi Health Clinicin arvostettuun plastiikka- ja yleiskirurgien tiimiin.<\/p>\n<\/div><\/div>\n\n<\/div><\/div>\n\n<style>.kb-row-layout-id10339_d7714a-45 > .kt-row-column-wrap{align-content:start;}:where(.kb-row-layout-id10339_d7714a-45 > .kt-row-column-wrap) > .wp-block-kadence-column{justify-content:start;}.kb-row-layout-id10339_d7714a-45 > .kt-row-column-wrap{column-gap:var(--global-kb-gap-md, 2rem);row-gap:var(--global-kb-gap-md, 2rem);max-width:1190px;padding-top:80px;padding-bottom:80px;grid-template-columns:minmax(0, 1fr);}.kb-row-layout-id10339_d7714a-45{background-color:#fafafa;}.kb-row-layout-id10339_d7714a-45 > .kt-row-layout-overlay{opacity:0.30;}@media all and (max-width: 1024px){.kb-row-layout-id10339_d7714a-45 > .kt-row-column-wrap{grid-template-columns:minmax(0, 1fr);}}@media all and (max-width: 767px){.kb-row-layout-id10339_d7714a-45 > .kt-row-column-wrap{grid-template-columns:minmax(0, 1fr);}}@media (max-width: 767px) {    .cv td:nth-child(1) {        width: auto;        text-align: left;        background: transparent;    }    .cv td:nth-child(2) {        width: auto;        background: transparent;        text-align: left;    }}@media (min-width: 768px) and (max-width: 929px) {    .cv td:nth-child(1) {        width: 20%;    }    .cv td:nth-child(2) {        width: 80%;    }}@media (min-width: 930px) {    .cv td:nth-child(1) {        width: 15%;    }    .cv td:nth-child(2) {        width: 85%;    }}<\/style><div class=\"kb-row-layout-wrap kb-row-layout-id10339_d7714a-45 alignfull kt-row-has-bg wp-block-kadence-rowlayout\"><div class=\"kt-row-column-wrap kt-has-1-columns kt-row-layout-equal kt-tab-layout-inherit kt-mobile-layout-row kt-row-valign-top kb-theme-content-width\">\n<style>.kadence-column10339_6f6a8b-7c > .kt-inside-inner-col,.kadence-column10339_6f6a8b-7c > .kt-inside-inner-col:before{border-top-left-radius:0px;border-top-right-radius:0px;border-bottom-right-radius:0px;border-bottom-left-radius:0px;}.kadence-column10339_6f6a8b-7c > .kt-inside-inner-col{column-gap:var(--global-kb-gap-sm, 1rem);}.kadence-column10339_6f6a8b-7c > .kt-inside-inner-col{flex-direction:column;}.kadence-column10339_6f6a8b-7c > .kt-inside-inner-col > .aligncenter{width:100%;}.kadence-column10339_6f6a8b-7c > .kt-inside-inner-col:before{opacity:0.3;}.kadence-column10339_6f6a8b-7c{position:relative;}@media all and (max-width: 1024px){.kadence-column10339_6f6a8b-7c > .kt-inside-inner-col{flex-direction:column;justify-content:center;}}@media all and (max-width: 767px){.kadence-column10339_6f6a8b-7c > .kt-inside-inner-col{flex-direction:column;justify-content:center;}}<\/style>\n<div class=\"wp-block-kadence-column kadence-column10339_6f6a8b-7c\"><div class=\"kt-inside-inner-col\"><style>.wp-block-kadence-advancedheading.kt-adv-heading10339_c415fc-e4, .wp-block-kadence-advancedheading.kt-adv-heading10339_c415fc-e4[data-kb-block=\"kb-adv-heading10339_c415fc-e4\"]{margin-top:0px;margin-bottom:0px;text-align:center;line-height:49px;font-style:normal;}.wp-block-kadence-advancedheading.kt-adv-heading10339_c415fc-e4 mark.kt-highlight, .wp-block-kadence-advancedheading.kt-adv-heading10339_c415fc-e4[data-kb-block=\"kb-adv-heading10339_c415fc-e4\"] mark.kt-highlight{font-style:normal;color:#f76a0c;-webkit-box-decoration-break:clone;box-decoration-break:clone;padding-top:0px;padding-right:0px;padding-bottom:0px;padding-left:0px;}.wp-block-kadence-advancedheading.kt-adv-heading10339_c415fc-e4 img.kb-inline-image, .wp-block-kadence-advancedheading.kt-adv-heading10339_c415fc-e4[data-kb-block=\"kb-adv-heading10339_c415fc-e4\"] img.kb-inline-image{width:150px;vertical-align:baseline;}<\/style>\n<h2 class=\"kt-adv-heading10339_c415fc-e4 wp-block-kadence-advancedheading\" data-kb-block=\"kb-adv-heading10339_c415fc-e4\">Curriculum Vitae<\/h2>\n\n\n\n<h3 class=\"wp-block-heading has-palette-color-4-color has-text-color has-link-color wp-elements-53d91ca559f4aedd35176f92db3ea173\">Ty\u00f6kokemus<\/h3>\n\n\n\n<figure class=\"wp-block-table cv\"><table class=\"has-border-color has-palette-color-7-border-color\"><tbody><tr><td class=\"has-text-align-right\" data-align=\"right\"><strong>2023 \u2013 \u2026<\/strong><\/td><td>The Health Clinic<\/td><\/tr><tr><td class=\"has-text-align-right\" data-align=\"right\"><strong>2000 \u2013 \u2026<\/strong><\/td><td>GP Clinic<\/td><\/tr><tr><td class=\"has-text-align-right\" data-align=\"right\"><strong>2010 &#8211; 2022<\/strong><\/td><td>Christinas Clinic<\/td><\/tr><tr><td class=\"has-text-align-right\" data-align=\"right\"><strong>1994 &#8211; 2000<\/strong><\/td><td>Bendroji Medicinos Praktika<\/td><\/tr><tr><td class=\"has-text-align-right\" data-align=\"right\"><strong>1988 &#8211; 1994<\/strong><\/td><td>Kaunasin l\u00e4\u00e4k\u00e4rikeskus<\/td><\/tr><\/tbody><\/table><\/figure>\n\n\n\n<h3 class=\"wp-block-heading has-palette-color-4-color has-text-color has-link-color wp-elements-5df74c90b58a5b858d43288084652839\"><\/h3>\n<\/div><\/div>\n\n<\/div><\/div>\n\n<style>.kb-row-layout-id10339_76ff4b-27 > .kt-row-column-wrap{align-content:end;}:where(.kb-row-layout-id10339_76ff4b-27 > .kt-row-column-wrap) > .wp-block-kadence-column{justify-content:end;}.kb-row-layout-id10339_76ff4b-27 > .kt-row-column-wrap{column-gap:var(--global-kb-gap-md, 2rem);row-gap:var(--global-kb-gap-md, 2rem);max-width:1190px;padding-top:var(--global-kb-spacing-xl, 4rem);padding-bottom:var(--global-kb-spacing-xl, 4rem);grid-template-columns:minmax(0, 1fr);}.kb-row-layout-id10339_76ff4b-27{background-color:#afcfcf;}.kb-row-layout-id10339_76ff4b-27 > .kt-row-layout-overlay{opacity:0.30;}@media all and (max-width: 1024px){.kb-row-layout-id10339_76ff4b-27 > .kt-row-column-wrap{padding-top:50px;padding-right:40px;padding-bottom:30px;padding-left:40px;grid-template-columns:minmax(0, 1fr);}}@media all and (max-width: 767px){.kb-row-layout-id10339_76ff4b-27 > .kt-row-column-wrap{grid-template-columns:minmax(0, 1fr);}}.kb-row-layout-id10339_76ff4b-27 input::placeholder {  font-weight: 400;  font-size: 15px;  line-height: 22.5px;  color: #fff;}<\/style><div class=\"kb-row-layout-wrap kb-row-layout-id10339_76ff4b-27 alignfull kt-row-has-bg wp-block-kadence-rowlayout\"><div class=\"kt-row-column-wrap kt-has-1-columns kt-row-layout-equal kt-tab-layout-inherit kt-mobile-layout-row kt-row-valign-bottom kb-theme-content-width\">\n<style>.kadence-column10339_bd202c-e4 > .kt-inside-inner-col{display:flex;}.kadence-column10339_bd202c-e4 > .kt-inside-inner-col,.kadence-column10339_bd202c-e4 > .kt-inside-inner-col:before{border-top-left-radius:0px;border-top-right-radius:0px;border-bottom-right-radius:0px;border-bottom-left-radius:0px;}.kadence-column10339_bd202c-e4 > .kt-inside-inner-col{column-gap:var(--global-kb-gap-sm, 1rem);}.kadence-column10339_bd202c-e4 > .kt-inside-inner-col{flex-direction:column;justify-content:flex-start;}.kadence-column10339_bd202c-e4 > .kt-inside-inner-col > .aligncenter{width:100%;}.kt-row-column-wrap > .kadence-column10339_bd202c-e4{align-self:flex-start;}.kt-inner-column-height-full:not(.kt-has-1-columns) > .wp-block-kadence-column.kadence-column10339_bd202c-e4{align-self:auto;}.kt-inner-column-height-full:not(.kt-has-1-columns) > .wp-block-kadence-column.kadence-column10339_bd202c-e4 > .kt-inside-inner-col{flex-direction:column;justify-content:flex-start;}.kadence-column10339_bd202c-e4 > .kt-inside-inner-col:before{opacity:0.3;}.kadence-column10339_bd202c-e4{position:relative;}@media all and (max-width: 1024px){.kt-row-column-wrap > .kadence-column10339_bd202c-e4{align-self:flex-start;}}@media all and (max-width: 1024px){.kt-inner-column-height-full:not(.kt-has-1-columns) > .wp-block-kadence-column.kadence-column10339_bd202c-e4{align-self:auto;}}@media all and (max-width: 1024px){.kt-inner-column-height-full:not(.kt-has-1-columns) > .wp-block-kadence-column.kadence-column10339_bd202c-e4 > .kt-inside-inner-col{flex-direction:column;justify-content:flex-start;}}@media all and (max-width: 1024px){.kadence-column10339_bd202c-e4 > .kt-inside-inner-col{flex-direction:column;justify-content:flex-start;}}@media all and (max-width: 767px){.kt-row-column-wrap > .kadence-column10339_bd202c-e4{align-self:flex-start;}.kt-inner-column-height-full:not(.kt-has-1-columns) > .wp-block-kadence-column.kadence-column10339_bd202c-e4{align-self:auto;}.kt-inner-column-height-full:not(.kt-has-1-columns) > .wp-block-kadence-column.kadence-column10339_bd202c-e4 > .kt-inside-inner-col{flex-direction:column;justify-content:flex-start;}.kadence-column10339_bd202c-e4 > .kt-inside-inner-col{flex-direction:column;justify-content:flex-start;}}<\/style>\n<div class=\"wp-block-kadence-column kadence-column10339_bd202c-e4\"><div class=\"kt-inside-inner-col\"><style>.wp-block-kadence-advancedheading.kt-adv-heading10339_e284f6-16, .wp-block-kadence-advancedheading.kt-adv-heading10339_e284f6-16[data-kb-block=\"kb-adv-heading10339_e284f6-16\"]{margin-top:10px;margin-bottom:0px;text-align:center;font-size:36px;line-height:42px;font-style:normal;}.wp-block-kadence-advancedheading.kt-adv-heading10339_e284f6-16 mark.kt-highlight, .wp-block-kadence-advancedheading.kt-adv-heading10339_e284f6-16[data-kb-block=\"kb-adv-heading10339_e284f6-16\"] mark.kt-highlight{font-style:normal;color:#f76a0c;-webkit-box-decoration-break:clone;box-decoration-break:clone;padding-top:0px;padding-right:0px;padding-bottom:0px;padding-left:0px;}.wp-block-kadence-advancedheading.kt-adv-heading10339_e284f6-16 img.kb-inline-image, .wp-block-kadence-advancedheading.kt-adv-heading10339_e284f6-16[data-kb-block=\"kb-adv-heading10339_e284f6-16\"] img.kb-inline-image{width:150px;vertical-align:baseline;}@media all and (max-width: 767px){.wp-block-kadence-advancedheading.kt-adv-heading10339_e284f6-16, .wp-block-kadence-advancedheading.kt-adv-heading10339_e284f6-16[data-kb-block=\"kb-adv-heading10339_e284f6-16\"]{margin-top:10px;margin-bottom:-20px;font-size:32px;text-align:center!important;}}<\/style>\n<h3 class=\"kt-adv-heading10339_e284f6-16 wp-block-kadence-advancedheading has-kb-palette-1-color has-text-color\" data-kb-block=\"kb-adv-heading10339_e284f6-16\">Haluatko aloittaa uuden matkasi klinikallamme?<\/h3>\n\n\n<style>.wp-block-kadence-advancedbtn.kb-btns10339_13f445-a2{gap:var(--global-kb-gap-xs, 0.5rem );justify-content:center;align-items:center;}.kt-btns10339_13f445-a2 .kt-button{font-weight:normal;font-style:normal;}.kt-btns10339_13f445-a2 .kt-btn-wrap-0{margin-right:5px;}.wp-block-kadence-advancedbtn.kt-btns10339_13f445-a2 .kt-btn-wrap-0 .kt-button{color:#555555;border-color:#555555;}.wp-block-kadence-advancedbtn.kt-btns10339_13f445-a2 .kt-btn-wrap-0 .kt-button:hover, .wp-block-kadence-advancedbtn.kt-btns10339_13f445-a2 .kt-btn-wrap-0 .kt-button:focus{color:#ffffff;border-color:#444444;}.wp-block-kadence-advancedbtn.kt-btns10339_13f445-a2 .kt-btn-wrap-0 .kt-button::before{display:none;}.wp-block-kadence-advancedbtn.kt-btns10339_13f445-a2 .kt-btn-wrap-0 .kt-button:hover, .wp-block-kadence-advancedbtn.kt-btns10339_13f445-a2 .kt-btn-wrap-0 .kt-button:focus{background:#444444;}<\/style>\n<div class=\"wp-block-kadence-advancedbtn kb-buttons-wrap kb-btns10339_13f445-a2\"><style>ul.menu .wp-block-kadence-advancedbtn .kb-btn10339_12f827-1f.kb-button{width:initial;}.wp-block-kadence-advancedbtn .kb-btn10339_12f827-1f.kb-button{color:#ffffff;font-size:13px;letter-spacing:1px;font-family:ct_font_gill__sans;font-weight:600;text-transform:uppercase;border-top-left-radius:0px;border-top:1px solid #ffffff;border-right:1px solid #ffffff;border-bottom:1px solid #ffffff;border-left:1px solid #ffffff;padding-top:12px;padding-right:30px;padding-bottom:12px;padding-left:30px;margin-top:30px;}.wp-block-kadence-advancedbtn .kb-btn10339_12f827-1f.kb-button:hover, .wp-block-kadence-advancedbtn .kb-btn10339_12f827-1f.kb-button:focus{border-top:1px solid var(--theme-palette-color-4, #7BAFAF);border-right:1px solid var(--theme-palette-color-4, #7BAFAF);border-bottom:1px solid var(--theme-palette-color-4, #7BAFAF);border-left:1px solid var(--theme-palette-color-4, #7BAFAF);}@media all and (max-width: 1024px){.wp-block-kadence-advancedbtn .kb-btn10339_12f827-1f.kb-button{border-top:1px solid #ffffff;border-right:1px solid #ffffff;border-bottom:1px solid #ffffff;border-left:1px solid #ffffff;}}@media all and (max-width: 1024px){.wp-block-kadence-advancedbtn .kb-btn10339_12f827-1f.kb-button:hover, .wp-block-kadence-advancedbtn .kb-btn10339_12f827-1f.kb-button:focus{border-top:1px solid var(--theme-palette-color-4, #7BAFAF);border-right:1px solid var(--theme-palette-color-4, #7BAFAF);border-bottom:1px solid var(--theme-palette-color-4, #7BAFAF);border-left:1px solid var(--theme-palette-color-4, #7BAFAF);}}@media all and (max-width: 767px){.wp-block-kadence-advancedbtn .kb-btn10339_12f827-1f.kb-button{border-top:1px solid #ffffff;border-right:1px solid #ffffff;border-bottom:1px solid #ffffff;border-left:1px solid #ffffff;}.wp-block-kadence-advancedbtn .kb-btn10339_12f827-1f.kb-button:hover, .wp-block-kadence-advancedbtn .kb-btn10339_12f827-1f.kb-button:focus{border-top:1px solid var(--theme-palette-color-4, #7BAFAF);border-right:1px solid var(--theme-palette-color-4, #7BAFAF);border-bottom:1px solid var(--theme-palette-color-4, #7BAFAF);border-left:1px solid var(--theme-palette-color-4, #7BAFAF);}}<\/style><a class=\"kb-button kt-button button kb-btn10339_12f827-1f kt-btn-size-large kt-btn-width-type-auto kb-btn-global-outline  kt-btn-has-text-true kt-btn-has-svg-false  wp-block-kadence-singlebtn\" href=\"https:\/\/thehealthclinic.eu\/fi\/varaa-aika\/\"><span class=\"kt-btn-inner-text\">VARAA AIKA KONSULTAATIOON<\/span><\/a><\/div>\n<\/div><\/div>\n\n\n<style>.kadence-column10339_c89091-98 > .kt-inside-inner-col{display:flex;}.kadence-column10339_c89091-98 > .kt-inside-inner-col,.kadence-column10339_c89091-98 > .kt-inside-inner-col:before{border-top-left-radius:0px;border-top-right-radius:0px;border-bottom-right-radius:0px;border-bottom-left-radius:0px;}.kadence-column10339_c89091-98 > .kt-inside-inner-col{column-gap:var(--global-kb-gap-sm, 1rem);}.kadence-column10339_c89091-98 > .kt-inside-inner-col{flex-direction:column;justify-content:flex-end;}.kadence-column10339_c89091-98 > .kt-inside-inner-col > .aligncenter{width:100%;}.kt-row-column-wrap > .kadence-column10339_c89091-98{align-self:flex-end;}.kt-inner-column-height-full:not(.kt-has-1-columns) > .wp-block-kadence-column.kadence-column10339_c89091-98{align-self:auto;}.kt-inner-column-height-full:not(.kt-has-1-columns) > .wp-block-kadence-column.kadence-column10339_c89091-98 > .kt-inside-inner-col{flex-direction:column;justify-content:flex-end;}.kadence-column10339_c89091-98 > .kt-inside-inner-col:before{opacity:0.3;}.kadence-column10339_c89091-98{position:relative;}@media all and (max-width: 1024px){.kt-row-column-wrap > .kadence-column10339_c89091-98{align-self:flex-end;}}@media all and (max-width: 1024px){.kt-inner-column-height-full:not(.kt-has-1-columns) > .wp-block-kadence-column.kadence-column10339_c89091-98{align-self:auto;}}@media all and (max-width: 1024px){.kt-inner-column-height-full:not(.kt-has-1-columns) > .wp-block-kadence-column.kadence-column10339_c89091-98 > .kt-inside-inner-col{flex-direction:column;justify-content:flex-end;}}@media all and (max-width: 1024px){.kadence-column10339_c89091-98 > .kt-inside-inner-col{flex-direction:column;justify-content:flex-end;}}@media all and (max-width: 767px){.kt-row-column-wrap > .kadence-column10339_c89091-98{align-self:flex-end;}.kt-inner-column-height-full:not(.kt-has-1-columns) > .wp-block-kadence-column.kadence-column10339_c89091-98{align-self:auto;}.kt-inner-column-height-full:not(.kt-has-1-columns) > .wp-block-kadence-column.kadence-column10339_c89091-98 > .kt-inside-inner-col{flex-direction:column;justify-content:flex-end;}.kadence-column10339_c89091-98 > .kt-inside-inner-col{flex-direction:column;justify-content:flex-end;}}<\/style>\n<div class=\"wp-block-kadence-column kadence-column10339_c89091-98\" data-aos=\"fade\" data-aos-duration=\"350\" data-aos-delay=\"100\" data-aos-easing=\"ease-in\"><div class=\"kt-inside-inner-col\"><\/div><\/div>\n\n<\/div><\/div>","protected":false},"excerpt":{"rendered":"<p>Esittely Gintaras Pape\u010dkys perusti yksityisvastaanottonsa vuonna 1988. H\u00e4nest\u00e4 tuli nopeasti Liettuassa tunnettu plastiikkakirurgian, esteettisen kirurgian ja esteettisen l\u00e4\u00e4ketieteen asiantuntija, jota arvostetaan edelleen. Gintaras Pape\u010dkys on suorittanut onnistuneesti yli 6000 esteettist\u00e4 leikkausta, ja h\u00e4net tunnetaan Liettuassa useiden kirurgisten ja esteettisten toimenpiteiden edell\u00e4k\u00e4vij\u00e4n\u00e4. H\u00e4n on mini-invasiivisen esteettisen kasvokirurgian vankka kannattaja ja noudattaa t\u00e4t\u00e4 periaatetta vankkumattomasti. Gintaras Pape\u010dkys [&hellip;]<\/p>\n","protected":false},"author":2,"featured_media":5845,"parent":10318,"menu_order":0,"comment_status":"closed","ping_status":"closed","template":"","meta":{"_kad_blocks_custom_css":"","_kad_blocks_head_custom_js":"","_kad_blocks_body_custom_js":"","_kad_blocks_footer_custom_js":"","custom_jsonld_schema":"","footnotes":""},"class_list":["post-10339","page","type-page","status-publish","has-post-thumbnail","hentry"],"blocksy_meta":{"vertical_spacing_source":"custom","content_area_spacing":"none","styles_descriptor":{"styles":{"desktop":"","tablet":"","mobile":""},"google_fonts":[],"version":6}},"taxonomy_info":[],"featured_image_src_large":["https:\/\/thehealthclinic.eu\/wp-content\/uploads\/2024\/03\/tiim.svg",1024,174,false],"author_info":{"display_name":"Janek","author_link":"https:\/\/thehealthclinic.eu\/fi\/author\/janek\/"},"comment_info":0,"_links":{"self":[{"href":"https:\/\/thehealthclinic.eu\/fi\/wp-json\/wp\/v2\/pages\/10339","targetHints":{"allow":["GET"]}}],"collection":[{"href":"https:\/\/thehealthclinic.eu\/fi\/wp-json\/wp\/v2\/pages"}],"about":[{"href":"https:\/\/thehealthclinic.eu\/fi\/wp-json\/wp\/v2\/types\/page"}],"author":[{"embeddable":true,"href":"https:\/\/thehealthclinic.eu\/fi\/wp-json\/wp\/v2\/users\/2"}],"replies":[{"embeddable":true,"href":"https:\/\/thehealthclinic.eu\/fi\/wp-json\/wp\/v2\/comments?post=10339"}],"version-history":[{"count":1,"href":"https:\/\/thehealthclinic.eu\/fi\/wp-json\/wp\/v2\/pages\/10339\/revisions"}],"predecessor-version":[{"id":16720,"href":"https:\/\/thehealthclinic.eu\/fi\/wp-json\/wp\/v2\/pages\/10339\/revisions\/16720"}],"up":[{"embeddable":true,"href":"https:\/\/thehealthclinic.eu\/fi\/wp-json\/wp\/v2\/pages\/10318"}],"wp:featuredmedia":[{"embeddable":true,"href":"https:\/\/thehealthclinic.eu\/fi\/wp-json\/wp\/v2\/media\/5845"}],"wp:attachment":[{"href":"https:\/\/thehealthclinic.eu\/fi\/wp-json\/wp\/v2\/media?parent=10339"}],"curies":[{"name":"wp","href":"https:\/\/api.w.org\/{rel}","templated":true}]}}