{"id":10360,"date":"2024-03-19T16:00:00","date_gmt":"2024-03-19T14:00:00","guid":{"rendered":"https:\/\/uus.thehealthclinic.eu\/?page_id=10360"},"modified":"2025-09-21T12:50:51","modified_gmt":"2025-09-21T09:50:51","slug":"tri-sven-troost","status":"publish","type":"page","link":"https:\/\/thehealthclinic.eu\/fi\/joukkue\/tri-sven-troost\/","title":{"rendered":"Tri Sven Troost"},"content":{"rendered":"<style>.kb-row-layout-wrap.wp-block-kadence-rowlayout.kb-row-layout-id10360_1d1f54-a5{margin-top:0px;margin-bottom:0px;}.kb-row-layout-id10360_1d1f54-a5 > .kt-row-column-wrap{align-content:center;}:where(.kb-row-layout-id10360_1d1f54-a5 > .kt-row-column-wrap) > .wp-block-kadence-column{justify-content:center;}.kb-row-layout-id10360_1d1f54-a5 > .kt-row-column-wrap{column-gap:var(--global-kb-gap-lg, 4rem);row-gap:var(--global-kb-gap-md, 2rem);padding-top:0px;padding-right:0px;padding-bottom:0px;padding-left:0px;grid-template-columns:minmax(0, calc(45% - ((var(--global-kb-gap-lg, 4rem) * 1 )\/2)))minmax(0, calc(55% - ((var(--global-kb-gap-lg, 4rem) * 1 )\/2)));}.kb-row-layout-id10360_1d1f54-a5 > .kt-row-layout-overlay{opacity:0.30;}@media all and (max-width: 1024px){.kb-row-layout-id10360_1d1f54-a5 > .kt-row-column-wrap{grid-template-columns:repeat(2, minmax(0, 1fr));}}@media all and (max-width: 767px){.kb-row-layout-id10360_1d1f54-a5 > .kt-row-column-wrap{grid-template-columns:minmax(0, 1fr);}}<\/style><div class=\"kb-row-layout-wrap kb-row-layout-id10360_1d1f54-a5 alignfull wp-block-kadence-rowlayout\"><div class=\"kt-row-column-wrap kt-has-2-columns kt-row-layout-equal kt-tab-layout-equal kt-mobile-layout-row kt-row-valign-middle\">\n<style>.kadence-column10360_efad65-78 > .kt-inside-inner-col{min-height:690px;}.kadence-column10360_efad65-78 > .kt-inside-inner-col,.kadence-column10360_efad65-78 > .kt-inside-inner-col:before{border-top-left-radius:0px;border-top-right-radius:0px;border-bottom-right-radius:0px;border-bottom-left-radius:0px;}.kadence-column10360_efad65-78 > .kt-inside-inner-col{column-gap:var(--global-kb-gap-sm, 1rem);}.kadence-column10360_efad65-78 > .kt-inside-inner-col{flex-direction:column;}.kadence-column10360_efad65-78 > .kt-inside-inner-col > .aligncenter{width:100%;}.kadence-column10360_efad65-78 > .kt-inside-inner-col{background-image:url('https:\/\/thehealthclinic.eu\/wp-content\/uploads\/2024\/04\/s.troost-1.jpg');background-size:cover;background-position:47% 17%;background-attachment:scroll;background-repeat:no-repeat;}.kadence-column10360_efad65-78 > .kt-inside-inner-col:before{opacity:0.3;}.kadence-column10360_efad65-78{position:relative;}@media all and (max-width: 1024px){.kadence-column10360_efad65-78 > .kt-inside-inner-col{flex-direction:column;justify-content:center;}}@media all and (max-width: 767px){.kadence-column10360_efad65-78 > .kt-inside-inner-col{min-height:300px;flex-direction:column;justify-content:center;}}<\/style>\n<div class=\"wp-block-kadence-column kadence-column10360_efad65-78\"><div class=\"kt-inside-inner-col\"><\/div><\/div>\n\n\n<style>.kadence-column10360_e44261-01 > .kt-inside-inner-col{padding-right:100px;padding-left:70px;}.kadence-column10360_e44261-01 > .kt-inside-inner-col,.kadence-column10360_e44261-01 > .kt-inside-inner-col:before{border-top-left-radius:0px;border-top-right-radius:0px;border-bottom-right-radius:0px;border-bottom-left-radius:0px;}.kadence-column10360_e44261-01 > .kt-inside-inner-col{column-gap:var(--global-kb-gap-sm, 1rem);}.kadence-column10360_e44261-01 > .kt-inside-inner-col{flex-direction:column;}.kadence-column10360_e44261-01 > .kt-inside-inner-col > .aligncenter{width:100%;}.kadence-column10360_e44261-01 > .kt-inside-inner-col:before{opacity:0.3;}.kadence-column10360_e44261-01{position:relative;}@media all and (max-width: 1024px){.kadence-column10360_e44261-01 > .kt-inside-inner-col{padding-right:20px;padding-left:0px;flex-direction:column;justify-content:center;}}@media all and (max-width: 767px){.kadence-column10360_e44261-01 > .kt-inside-inner-col{padding-top:20px;padding-right:30px;padding-bottom:50px;padding-left:30px;flex-direction:column;justify-content:center;}}<\/style>\n<div class=\"wp-block-kadence-column kadence-column10360_e44261-01\"><div class=\"kt-inside-inner-col\"><style>.wp-block-kadence-advancedheading.kt-adv-heading10360_d53e2e-06, .wp-block-kadence-advancedheading.kt-adv-heading10360_d53e2e-06[data-kb-block=\"kb-adv-heading10360_d53e2e-06\"]{line-height:49px;font-style:normal;}.wp-block-kadence-advancedheading.kt-adv-heading10360_d53e2e-06 mark.kt-highlight, .wp-block-kadence-advancedheading.kt-adv-heading10360_d53e2e-06[data-kb-block=\"kb-adv-heading10360_d53e2e-06\"] mark.kt-highlight{font-style:normal;color:#f76a0c;-webkit-box-decoration-break:clone;box-decoration-break:clone;padding-top:0px;padding-right:0px;padding-bottom:0px;padding-left:0px;}.wp-block-kadence-advancedheading.kt-adv-heading10360_d53e2e-06 img.kb-inline-image, .wp-block-kadence-advancedheading.kt-adv-heading10360_d53e2e-06[data-kb-block=\"kb-adv-heading10360_d53e2e-06\"] img.kb-inline-image{width:150px;vertical-align:baseline;}<\/style>\n<h2 class=\"kt-adv-heading10360_d53e2e-06 wp-block-kadence-advancedheading\" data-kb-block=\"kb-adv-heading10360_d53e2e-06\">Esittely<\/h2>\n\n\n\n<p>Tohtori Sven Troost on tunnettu ruoansulatuskanava-alan kirurgi, joka on saanut koulutuksensa Tarton yliopistossa ja San Franciscon UCSF-yliopiston klinikalla.<\/p>\n\n\n\n<p>H\u00e4n valmistui Tarton yliopiston l\u00e4\u00e4ketieteellisest\u00e4 tiedekunnasta vuonna 1995 ja suoritti vuosina 1995\u20131997 yleisl\u00e4\u00e4ketieteellisen harjoittelujakson merimiesten sairaalassa (Meremeeste Haigla), Viron onkologiakeskuksessa ja Mustam\u00e4en sairaalassa sek\u00e4 vuosina 1997\u20132002 erikoistumisjakson Pohjois-Viron aluesairaalassa (PERH).<\/p>\n\n\n\n<p>Tohtori Sven Troost ty\u00f6skentelee ruoansulatuskanava-alan kirurgina Health Clinic Laihdutusklinikalla ja L\u00e4nsi-Tallinnan keskussairaalassa. Tohtori Troost on suorittanut laihdutusleikkauksia vuodesta 2007 l\u00e4htien, ja koulutuksensa siihen h\u00e4n on saanut San Franciscon UCSF-yliopiston klinikalta.&nbsp;&nbsp;<\/p>\n<\/div><\/div>\n\n<\/div><\/div>\n\n<style>.kb-row-layout-id10360_5285e0-e9 > .kt-row-column-wrap{align-content:start;}:where(.kb-row-layout-id10360_5285e0-e9 > .kt-row-column-wrap) > .wp-block-kadence-column{justify-content:start;}.kb-row-layout-id10360_5285e0-e9 > .kt-row-column-wrap{column-gap:var(--global-kb-gap-md, 2rem);row-gap:var(--global-kb-gap-md, 2rem);max-width:1190px;padding-top:80px;padding-bottom:80px;grid-template-columns:minmax(0, 1fr);}.kb-row-layout-id10360_5285e0-e9{background-color:#fafafa;}.kb-row-layout-id10360_5285e0-e9 > .kt-row-layout-overlay{opacity:0.30;}@media all and (max-width: 1024px){.kb-row-layout-id10360_5285e0-e9 > .kt-row-column-wrap{grid-template-columns:minmax(0, 1fr);}}@media all and (max-width: 767px){.kb-row-layout-id10360_5285e0-e9 > .kt-row-column-wrap{grid-template-columns:minmax(0, 1fr);}}@media (max-width: 767px) {    .cv td:nth-child(1) {        width: auto;        text-align: left;        background: transparent;    }    .cv td:nth-child(2) {        width: auto;        background: transparent;        text-align: left;    }}@media (min-width: 768px) and (max-width: 929px) {    .cv td:nth-child(1) {        width: 20%;    }    .cv td:nth-child(2) {        width: 80%;    }}@media (min-width: 930px) {    .cv td:nth-child(1) {        width: 15%;    }    .cv td:nth-child(2) {        width: 85%;    }}<\/style><div class=\"kb-row-layout-wrap kb-row-layout-id10360_5285e0-e9 alignfull kt-row-has-bg wp-block-kadence-rowlayout\"><div class=\"kt-row-column-wrap kt-has-1-columns kt-row-layout-equal kt-tab-layout-inherit kt-mobile-layout-row kt-row-valign-top kb-theme-content-width\">\n<style>.kadence-column10360_d2aeb2-67 > .kt-inside-inner-col,.kadence-column10360_d2aeb2-67 > .kt-inside-inner-col:before{border-top-left-radius:0px;border-top-right-radius:0px;border-bottom-right-radius:0px;border-bottom-left-radius:0px;}.kadence-column10360_d2aeb2-67 > .kt-inside-inner-col{column-gap:var(--global-kb-gap-sm, 1rem);}.kadence-column10360_d2aeb2-67 > .kt-inside-inner-col{flex-direction:column;}.kadence-column10360_d2aeb2-67 > .kt-inside-inner-col > .aligncenter{width:100%;}.kadence-column10360_d2aeb2-67 > .kt-inside-inner-col:before{opacity:0.3;}.kadence-column10360_d2aeb2-67{position:relative;}@media all and (max-width: 1024px){.kadence-column10360_d2aeb2-67 > .kt-inside-inner-col{flex-direction:column;justify-content:center;}}@media all and (max-width: 767px){.kadence-column10360_d2aeb2-67 > .kt-inside-inner-col{flex-direction:column;justify-content:center;}}<\/style>\n<div class=\"wp-block-kadence-column kadence-column10360_d2aeb2-67\"><div class=\"kt-inside-inner-col\"><style>.wp-block-kadence-advancedheading.kt-adv-heading10360_a44ca0-b1, .wp-block-kadence-advancedheading.kt-adv-heading10360_a44ca0-b1[data-kb-block=\"kb-adv-heading10360_a44ca0-b1\"]{margin-top:0px;margin-bottom:0px;text-align:center;line-height:49px;font-style:normal;}.wp-block-kadence-advancedheading.kt-adv-heading10360_a44ca0-b1 mark.kt-highlight, .wp-block-kadence-advancedheading.kt-adv-heading10360_a44ca0-b1[data-kb-block=\"kb-adv-heading10360_a44ca0-b1\"] mark.kt-highlight{font-style:normal;color:#f76a0c;-webkit-box-decoration-break:clone;box-decoration-break:clone;padding-top:0px;padding-right:0px;padding-bottom:0px;padding-left:0px;}.wp-block-kadence-advancedheading.kt-adv-heading10360_a44ca0-b1 img.kb-inline-image, .wp-block-kadence-advancedheading.kt-adv-heading10360_a44ca0-b1[data-kb-block=\"kb-adv-heading10360_a44ca0-b1\"] img.kb-inline-image{width:150px;vertical-align:baseline;}<\/style>\n<h2 class=\"kt-adv-heading10360_a44ca0-b1 wp-block-kadence-advancedheading\" data-kb-block=\"kb-adv-heading10360_a44ca0-b1\">Curriculum Vitae<\/h2>\n\n\n\n<h3 class=\"wp-block-heading has-palette-color-4-color has-text-color has-link-color wp-elements-502331a48d7fd008b2aa3be9ec13a67f\">Koulutus<\/h3>\n\n\n\n<figure class=\"wp-block-table cv\"><table class=\"has-border-color has-palette-color-7-border-color\"><tbody><tr><td><strong>1997 \u2013 2002<\/strong><\/td><td>Tarton yliopiston yleiskirurgian erikoistumisjakso<\/td><\/tr><tr><td><strong>1995 \u2013 1997<\/strong><\/td><td>Tarton yliopiston harjoittelujakso<\/td><\/tr><tr><td><strong>1993 \u2013 1994<\/strong><\/td><td>Georgetownin yliopiston l\u00e4\u00e4ketieteellinen tiedekunta, Washington D.C., Yhdysvallat&nbsp;<\/td><\/tr><tr><td><strong>1989 \u2013 1995<\/strong><\/td><td>Tarton yliopiston hoidon erikoisala&nbsp;<\/td><\/tr><tr><td><strong>1978 \u2013 1989<\/strong><\/td><td>Tallinnan reaalikoulu&nbsp;<\/td><\/tr><\/tbody><\/table><\/figure>\n\n\n\n<h3 class=\"wp-block-heading has-palette-color-4-color has-text-color has-link-color wp-elements-53d91ca559f4aedd35176f92db3ea173\">Ty\u00f6kokemus<\/h3>\n\n\n\n<figure class=\"wp-block-table cv\"><table class=\"has-border-color has-palette-color-7-border-color\"><tbody><tr><td><strong>2022 \u2013 \u2026<\/strong><\/td><td>Health Clinic<\/td><\/tr><tr><td><strong>2013 \u2013 \u2026<\/strong><\/td><td>O\u00dc Troost Kirurgia<\/td><\/tr><tr><td><strong>2012 \u2013 \u2026<\/strong><\/td><td>L\u00e4nsi-Tallinnan keskussairaala Oy&nbsp;<\/td><\/tr><tr><td><strong>1997 \u2013 2002<\/strong><\/td><td>\u202fMustam\u00e4en sairaala&nbsp;<\/td><\/tr><tr><td><strong>1995 \u2013 1997<\/strong><\/td><td>\u202fMerimiesten sairaala&nbsp;<\/td><\/tr><\/tbody><\/table><\/figure>\n\n\n\n<h3 class=\"wp-block-heading has-palette-color-4-color has-text-color has-link-color wp-elements-529220605ce9651b6e893ee751df66aa\">T\u00e4ydennyskoulutukset<\/h3>\n\n\n\n<p>2024.&nbsp; &nbsp; 14th Frankfurter Meeting \u2013 Metabolic surgery, Frankfurt, Germany&nbsp;<br>2022.&nbsp; &nbsp; 13th Frankfurter Meeting \u2013 Metabolic surgery, Frankfurt, Germany&nbsp;<br>2021. \u202f\u202f&nbsp; 12th Frankfurter Meeting \u2013 Metabolic surgery, Frankfurt, Germany&nbsp;<br>2020. \u202f\u202f&nbsp; &nbsp;Abdominal Wall Reconstruction Europe 2020, London, United Kingdom&nbsp;<br>2019. \u202f\u202f&nbsp; &nbsp;Abdominal Wall Reconstruction Europe 2019, London, United Kingdom&nbsp;<br>2018.\u202f\u202f\u202f&nbsp; &nbsp;10th Frankfurter Meeting \u2013 Metabolic Surgery, Frankfurt, Germany&nbsp;<br>2018.\u202f\u202f\u202f&nbsp; &nbsp;Abdominal Wall Reconstruction Europe 2018, London, United Kingdom&nbsp;<br>2017.\u202f\u202f\u202f&nbsp; &nbsp;Abdominal Wall Reconstruction Europe 2017, London, United Kingdom&nbsp;<br>2016.\u202f\u202f\u202f&nbsp; &nbsp;Annual Clinical Congress of American College of Surgeons, Washington D.C.&nbsp;<br>2015.\u202f\u202f\u202f&nbsp; &nbsp;BEAULI Workshop of fat grafting, Berlin&nbsp;<br>2013.\u202f\u202f\u202f&nbsp; &nbsp;Laparoscopic Gastric Bypass Cource, Kaunas&nbsp;<br>2011.\u202f\u202f\u202f&nbsp; &nbsp;International Congress of the European Association for Endoscopic Surgery, Torino&nbsp;<br>2010.\u202f\u202f\u202f&nbsp; &nbsp;World Congress of Endoscopic Surgery, Maryland, USA&nbsp;<br>2009.\u202f\u202f\u202f&nbsp; &nbsp;Asia Pacific Congress of Endoscopic Surgery, Xiamen, China&nbsp;<br>2009.\u202f\u202f\u202f&nbsp; &nbsp;International Congress of the European Association for Endoscopic Surgery, Prague&nbsp;<br>2008.\u202f\u202f\u202f&nbsp; &nbsp;Laparoscopic Bariatric Surgery, Stockholm&nbsp;<br>2007.\u202f\u202f\u202f&nbsp; &nbsp;Bariatric Surgery, University of California, San Francisco&nbsp;<br>2005.\u202f\u202f\u202f&nbsp; &nbsp;Advanced Laparoscopic upper GI Surgery, Hamburg&nbsp;<br>2001.\u202f\u202f\u202f&nbsp; &nbsp;Hamburg \u2013 Advanced Laparoscopic Surgery&nbsp;<\/p>\n<\/div><\/div>\n\n<\/div><\/div>\n\n<style>.kb-row-layout-id10360_0840fa-a2 > .kt-row-column-wrap{align-content:end;}:where(.kb-row-layout-id10360_0840fa-a2 > .kt-row-column-wrap) > .wp-block-kadence-column{justify-content:end;}.kb-row-layout-id10360_0840fa-a2 > .kt-row-column-wrap{column-gap:var(--global-kb-gap-md, 2rem);row-gap:var(--global-kb-gap-md, 2rem);max-width:1190px;padding-top:var(--global-kb-spacing-xl, 4rem);padding-bottom:var(--global-kb-spacing-xl, 4rem);grid-template-columns:minmax(0, 1fr);}.kb-row-layout-id10360_0840fa-a2 > .kt-row-layout-overlay{opacity:0.30;}@media all and (max-width: 1024px){.kb-row-layout-id10360_0840fa-a2 > .kt-row-column-wrap{padding-top:50px;padding-right:40px;padding-bottom:30px;padding-left:40px;grid-template-columns:minmax(0, 1fr);}}@media all and (max-width: 767px){.kb-row-layout-id10360_0840fa-a2 > .kt-row-column-wrap{grid-template-columns:minmax(0, 1fr);}}.kb-row-layout-id10360_0840fa-a2 input::placeholder {  font-weight: 400;  font-size: 15px;  line-height: 22.5px;  color: #fff;}<\/style><div class=\"kb-row-layout-wrap kb-row-layout-id10360_0840fa-a2 alignfull has-palette-color-2-background-color kt-row-has-bg wp-block-kadence-rowlayout\"><div class=\"kt-row-column-wrap kt-has-1-columns kt-row-layout-equal kt-tab-layout-inherit kt-mobile-layout-row kt-row-valign-bottom kb-theme-content-width\">\n<style>.kadence-column10360_dda8d4-a3 > .kt-inside-inner-col{display:flex;}.kadence-column10360_dda8d4-a3 > .kt-inside-inner-col,.kadence-column10360_dda8d4-a3 > .kt-inside-inner-col:before{border-top-left-radius:0px;border-top-right-radius:0px;border-bottom-right-radius:0px;border-bottom-left-radius:0px;}.kadence-column10360_dda8d4-a3 > .kt-inside-inner-col{column-gap:var(--global-kb-gap-sm, 1rem);}.kadence-column10360_dda8d4-a3 > .kt-inside-inner-col{flex-direction:column;justify-content:flex-start;}.kadence-column10360_dda8d4-a3 > .kt-inside-inner-col > .aligncenter{width:100%;}.kt-row-column-wrap > .kadence-column10360_dda8d4-a3{align-self:flex-start;}.kt-inner-column-height-full:not(.kt-has-1-columns) > .wp-block-kadence-column.kadence-column10360_dda8d4-a3{align-self:auto;}.kt-inner-column-height-full:not(.kt-has-1-columns) > .wp-block-kadence-column.kadence-column10360_dda8d4-a3 > .kt-inside-inner-col{flex-direction:column;justify-content:flex-start;}.kadence-column10360_dda8d4-a3 > .kt-inside-inner-col:before{opacity:0.3;}.kadence-column10360_dda8d4-a3{position:relative;}@media all and (max-width: 1024px){.kt-row-column-wrap > .kadence-column10360_dda8d4-a3{align-self:flex-start;}}@media all and (max-width: 1024px){.kt-inner-column-height-full:not(.kt-has-1-columns) > .wp-block-kadence-column.kadence-column10360_dda8d4-a3{align-self:auto;}}@media all and (max-width: 1024px){.kt-inner-column-height-full:not(.kt-has-1-columns) > .wp-block-kadence-column.kadence-column10360_dda8d4-a3 > .kt-inside-inner-col{flex-direction:column;justify-content:flex-start;}}@media all and (max-width: 1024px){.kadence-column10360_dda8d4-a3 > .kt-inside-inner-col{flex-direction:column;justify-content:flex-start;}}@media all and (max-width: 767px){.kt-row-column-wrap > .kadence-column10360_dda8d4-a3{align-self:flex-start;}.kt-inner-column-height-full:not(.kt-has-1-columns) > .wp-block-kadence-column.kadence-column10360_dda8d4-a3{align-self:auto;}.kt-inner-column-height-full:not(.kt-has-1-columns) > .wp-block-kadence-column.kadence-column10360_dda8d4-a3 > .kt-inside-inner-col{flex-direction:column;justify-content:flex-start;}.kadence-column10360_dda8d4-a3 > .kt-inside-inner-col{flex-direction:column;justify-content:flex-start;}}<\/style>\n<div class=\"wp-block-kadence-column kadence-column10360_dda8d4-a3\"><div class=\"kt-inside-inner-col\"><style>.wp-block-kadence-advancedheading.kt-adv-heading10360_409f05-08, .wp-block-kadence-advancedheading.kt-adv-heading10360_409f05-08[data-kb-block=\"kb-adv-heading10360_409f05-08\"]{margin-top:10px;margin-bottom:0px;text-align:center;font-size:36px;line-height:42px;font-style:normal;}.wp-block-kadence-advancedheading.kt-adv-heading10360_409f05-08 mark.kt-highlight, .wp-block-kadence-advancedheading.kt-adv-heading10360_409f05-08[data-kb-block=\"kb-adv-heading10360_409f05-08\"] mark.kt-highlight{font-style:normal;color:#f76a0c;-webkit-box-decoration-break:clone;box-decoration-break:clone;padding-top:0px;padding-right:0px;padding-bottom:0px;padding-left:0px;}.wp-block-kadence-advancedheading.kt-adv-heading10360_409f05-08 img.kb-inline-image, .wp-block-kadence-advancedheading.kt-adv-heading10360_409f05-08[data-kb-block=\"kb-adv-heading10360_409f05-08\"] img.kb-inline-image{width:150px;vertical-align:baseline;}@media all and (max-width: 767px){.wp-block-kadence-advancedheading.kt-adv-heading10360_409f05-08, .wp-block-kadence-advancedheading.kt-adv-heading10360_409f05-08[data-kb-block=\"kb-adv-heading10360_409f05-08\"]{margin-top:10px;margin-bottom:-20px;font-size:32px;text-align:center!important;}}<\/style>\n<h3 class=\"kt-adv-heading10360_409f05-08 wp-block-kadence-advancedheading has-palette-color-5-color has-text-color\" data-kb-block=\"kb-adv-heading10360_409f05-08\">Haluatko aloittaa uuden matkasi klinikallamme?<\/h3>\n\n\n<style>.wp-block-kadence-advancedbtn.kb-btns10360_aa5ca5-db{gap:var(--global-kb-gap-xs, 0.5rem );justify-content:center;align-items:center;}.kt-btns10360_aa5ca5-db .kt-button{font-weight:normal;font-style:normal;}.kt-btns10360_aa5ca5-db .kt-btn-wrap-0{margin-right:5px;}.wp-block-kadence-advancedbtn.kt-btns10360_aa5ca5-db .kt-btn-wrap-0 .kt-button{color:#555555;border-color:#555555;}.wp-block-kadence-advancedbtn.kt-btns10360_aa5ca5-db .kt-btn-wrap-0 .kt-button:hover, .wp-block-kadence-advancedbtn.kt-btns10360_aa5ca5-db .kt-btn-wrap-0 .kt-button:focus{color:#ffffff;border-color:#444444;}.wp-block-kadence-advancedbtn.kt-btns10360_aa5ca5-db .kt-btn-wrap-0 .kt-button::before{display:none;}.wp-block-kadence-advancedbtn.kt-btns10360_aa5ca5-db .kt-btn-wrap-0 .kt-button:hover, .wp-block-kadence-advancedbtn.kt-btns10360_aa5ca5-db .kt-btn-wrap-0 .kt-button:focus{background:#444444;}<\/style>\n<div class=\"wp-block-kadence-advancedbtn kb-buttons-wrap kb-btns10360_aa5ca5-db\"><style>ul.menu .wp-block-kadence-advancedbtn .kb-btn10360_717cf6-5c.kb-button{width:initial;}.wp-block-kadence-advancedbtn .kb-btn10360_717cf6-5c.kb-button{color:#ffffff;font-size:13px;letter-spacing:1px;font-family:ct_font_gill__sans;font-weight:600;text-transform:uppercase;border-top-left-radius:0px;border-top:1px solid #ffffff;border-right:1px solid #ffffff;border-bottom:1px solid #ffffff;border-left:1px solid #ffffff;padding-top:12px;padding-right:30px;padding-bottom:12px;padding-left:30px;margin-top:30px;}.wp-block-kadence-advancedbtn .kb-btn10360_717cf6-5c.kb-button:hover, .wp-block-kadence-advancedbtn .kb-btn10360_717cf6-5c.kb-button:focus{border-top:1px solid var(--theme-palette-color-4, #7BAFAF);border-right:1px solid var(--theme-palette-color-4, #7BAFAF);border-bottom:1px solid var(--theme-palette-color-4, #7BAFAF);border-left:1px solid var(--theme-palette-color-4, #7BAFAF);}@media all and (max-width: 1024px){.wp-block-kadence-advancedbtn .kb-btn10360_717cf6-5c.kb-button{border-top:1px solid #ffffff;border-right:1px solid #ffffff;border-bottom:1px solid #ffffff;border-left:1px solid #ffffff;}}@media all and (max-width: 1024px){.wp-block-kadence-advancedbtn .kb-btn10360_717cf6-5c.kb-button:hover, .wp-block-kadence-advancedbtn .kb-btn10360_717cf6-5c.kb-button:focus{border-top:1px solid var(--theme-palette-color-4, #7BAFAF);border-right:1px solid var(--theme-palette-color-4, #7BAFAF);border-bottom:1px solid var(--theme-palette-color-4, #7BAFAF);border-left:1px solid var(--theme-palette-color-4, #7BAFAF);}}@media all and (max-width: 767px){.wp-block-kadence-advancedbtn .kb-btn10360_717cf6-5c.kb-button{border-top:1px solid #ffffff;border-right:1px solid #ffffff;border-bottom:1px solid #ffffff;border-left:1px solid #ffffff;}.wp-block-kadence-advancedbtn .kb-btn10360_717cf6-5c.kb-button:hover, .wp-block-kadence-advancedbtn .kb-btn10360_717cf6-5c.kb-button:focus{border-top:1px solid var(--theme-palette-color-4, #7BAFAF);border-right:1px solid var(--theme-palette-color-4, #7BAFAF);border-bottom:1px solid var(--theme-palette-color-4, #7BAFAF);border-left:1px solid var(--theme-palette-color-4, #7BAFAF);}}<\/style><a class=\"kb-button kt-button button kb-btn10360_717cf6-5c kt-btn-size-large kt-btn-width-type-auto kb-btn-global-outline  kt-btn-has-text-true kt-btn-has-svg-false  wp-block-kadence-singlebtn\" href=\"https:\/\/thehealthclinic.eu\/fi\/varaa-aika\/\"><span class=\"kt-btn-inner-text\">VARAA AIKA KONSULTAATIOON<\/span><\/a><\/div>\n<\/div><\/div>\n\n\n<style>.kadence-column10360_8fb2bd-de > .kt-inside-inner-col{display:flex;}.kadence-column10360_8fb2bd-de > .kt-inside-inner-col,.kadence-column10360_8fb2bd-de > .kt-inside-inner-col:before{border-top-left-radius:0px;border-top-right-radius:0px;border-bottom-right-radius:0px;border-bottom-left-radius:0px;}.kadence-column10360_8fb2bd-de > .kt-inside-inner-col{column-gap:var(--global-kb-gap-sm, 1rem);}.kadence-column10360_8fb2bd-de > .kt-inside-inner-col{flex-direction:column;justify-content:flex-end;}.kadence-column10360_8fb2bd-de > .kt-inside-inner-col > .aligncenter{width:100%;}.kt-row-column-wrap > .kadence-column10360_8fb2bd-de{align-self:flex-end;}.kt-inner-column-height-full:not(.kt-has-1-columns) > .wp-block-kadence-column.kadence-column10360_8fb2bd-de{align-self:auto;}.kt-inner-column-height-full:not(.kt-has-1-columns) > .wp-block-kadence-column.kadence-column10360_8fb2bd-de > .kt-inside-inner-col{flex-direction:column;justify-content:flex-end;}.kadence-column10360_8fb2bd-de > .kt-inside-inner-col:before{opacity:0.3;}.kadence-column10360_8fb2bd-de{position:relative;}@media all and (max-width: 1024px){.kt-row-column-wrap > .kadence-column10360_8fb2bd-de{align-self:flex-end;}}@media all and (max-width: 1024px){.kt-inner-column-height-full:not(.kt-has-1-columns) > .wp-block-kadence-column.kadence-column10360_8fb2bd-de{align-self:auto;}}@media all and (max-width: 1024px){.kt-inner-column-height-full:not(.kt-has-1-columns) > .wp-block-kadence-column.kadence-column10360_8fb2bd-de > .kt-inside-inner-col{flex-direction:column;justify-content:flex-end;}}@media all and (max-width: 1024px){.kadence-column10360_8fb2bd-de > .kt-inside-inner-col{flex-direction:column;justify-content:flex-end;}}@media all and (max-width: 767px){.kt-row-column-wrap > .kadence-column10360_8fb2bd-de{align-self:flex-end;}.kt-inner-column-height-full:not(.kt-has-1-columns) > .wp-block-kadence-column.kadence-column10360_8fb2bd-de{align-self:auto;}.kt-inner-column-height-full:not(.kt-has-1-columns) > .wp-block-kadence-column.kadence-column10360_8fb2bd-de > .kt-inside-inner-col{flex-direction:column;justify-content:flex-end;}.kadence-column10360_8fb2bd-de > .kt-inside-inner-col{flex-direction:column;justify-content:flex-end;}}<\/style>\n<div class=\"wp-block-kadence-column kadence-column10360_8fb2bd-de\" data-aos=\"fade\" data-aos-duration=\"350\" data-aos-delay=\"100\" data-aos-easing=\"ease-in\"><div class=\"kt-inside-inner-col\"><\/div><\/div>\n\n<\/div><\/div>","protected":false},"excerpt":{"rendered":"<p>Esittely Tohtori Sven Troost on tunnettu ruoansulatuskanava-alan kirurgi, joka on saanut koulutuksensa Tarton yliopistossa ja San Franciscon UCSF-yliopiston klinikalla. H\u00e4n valmistui Tarton yliopiston l\u00e4\u00e4ketieteellisest\u00e4 tiedekunnasta vuonna 1995 ja suoritti vuosina 1995\u20131997 yleisl\u00e4\u00e4ketieteellisen harjoittelujakson merimiesten sairaalassa (Meremeeste Haigla), Viron onkologiakeskuksessa ja Mustam\u00e4en sairaalassa sek\u00e4 vuosina 1997\u20132002 erikoistumisjakson Pohjois-Viron aluesairaalassa (PERH). Tohtori Sven Troost ty\u00f6skentelee ruoansulatuskanava-alan kirurgina [&hellip;]<\/p>\n","protected":false},"author":2,"featured_media":5845,"parent":10318,"menu_order":0,"comment_status":"closed","ping_status":"closed","template":"","meta":{"_kad_blocks_custom_css":"","_kad_blocks_head_custom_js":"","_kad_blocks_body_custom_js":"","_kad_blocks_footer_custom_js":"","custom_jsonld_schema":"","footnotes":""},"class_list":["post-10360","page","type-page","status-publish","has-post-thumbnail","hentry"],"blocksy_meta":{"vertical_spacing_source":"custom","content_area_spacing":"none","styles_descriptor":{"styles":{"desktop":"","tablet":"","mobile":""},"google_fonts":[],"version":6}},"taxonomy_info":[],"featured_image_src_large":["https:\/\/thehealthclinic.eu\/wp-content\/uploads\/2024\/03\/tiim.svg",1024,174,false],"author_info":{"display_name":"Janek","author_link":"https:\/\/thehealthclinic.eu\/fi\/author\/janek\/"},"comment_info":0,"_links":{"self":[{"href":"https:\/\/thehealthclinic.eu\/fi\/wp-json\/wp\/v2\/pages\/10360","targetHints":{"allow":["GET"]}}],"collection":[{"href":"https:\/\/thehealthclinic.eu\/fi\/wp-json\/wp\/v2\/pages"}],"about":[{"href":"https:\/\/thehealthclinic.eu\/fi\/wp-json\/wp\/v2\/types\/page"}],"author":[{"embeddable":true,"href":"https:\/\/thehealthclinic.eu\/fi\/wp-json\/wp\/v2\/users\/2"}],"replies":[{"embeddable":true,"href":"https:\/\/thehealthclinic.eu\/fi\/wp-json\/wp\/v2\/comments?post=10360"}],"version-history":[{"count":0,"href":"https:\/\/thehealthclinic.eu\/fi\/wp-json\/wp\/v2\/pages\/10360\/revisions"}],"up":[{"embeddable":true,"href":"https:\/\/thehealthclinic.eu\/fi\/wp-json\/wp\/v2\/pages\/10318"}],"wp:featuredmedia":[{"embeddable":true,"href":"https:\/\/thehealthclinic.eu\/fi\/wp-json\/wp\/v2\/media\/5845"}],"wp:attachment":[{"href":"https:\/\/thehealthclinic.eu\/fi\/wp-json\/wp\/v2\/media?parent=10360"}],"curies":[{"name":"wp","href":"https:\/\/api.w.org\/{rel}","templated":true}]}}