{"id":10363,"date":"2024-03-19T16:02:28","date_gmt":"2024-03-19T14:02:28","guid":{"rendered":"https:\/\/uus.thehealthclinic.eu\/?page_id=10363"},"modified":"2025-09-21T12:42:14","modified_gmt":"2025-09-21T09:42:14","slug":"julia-mae","status":"publish","type":"page","link":"https:\/\/thehealthclinic.eu\/fi\/joukkue\/julia-mae\/","title":{"rendered":"Julia Mae"},"content":{"rendered":"<style>.kb-row-layout-wrap.wp-block-kadence-rowlayout.kb-row-layout-id10363_775ae9-4a{margin-top:0px;margin-bottom:0px;}.kb-row-layout-id10363_775ae9-4a > .kt-row-column-wrap{align-content:center;}:where(.kb-row-layout-id10363_775ae9-4a > .kt-row-column-wrap) > .wp-block-kadence-column{justify-content:center;}.kb-row-layout-id10363_775ae9-4a > .kt-row-column-wrap{column-gap:var(--global-kb-gap-lg, 4rem);row-gap:var(--global-kb-gap-md, 2rem);padding-top:0px;padding-right:0px;padding-bottom:0px;padding-left:0px;grid-template-columns:minmax(0, calc(45% - ((var(--global-kb-gap-lg, 4rem) * 1 )\/2)))minmax(0, calc(55% - ((var(--global-kb-gap-lg, 4rem) * 1 )\/2)));}.kb-row-layout-id10363_775ae9-4a > .kt-row-layout-overlay{opacity:0.30;}@media all and (max-width: 1024px){.kb-row-layout-id10363_775ae9-4a > .kt-row-column-wrap{grid-template-columns:repeat(2, minmax(0, 1fr));}}@media all and (max-width: 767px){.kb-row-layout-id10363_775ae9-4a > .kt-row-column-wrap{grid-template-columns:minmax(0, 1fr);}}<\/style><div class=\"kb-row-layout-wrap kb-row-layout-id10363_775ae9-4a alignfull wp-block-kadence-rowlayout\"><div class=\"kt-row-column-wrap kt-has-2-columns kt-row-layout-equal kt-tab-layout-equal kt-mobile-layout-row kt-row-valign-middle\">\n<style>.kadence-column10363_c1af5d-81 > .kt-inside-inner-col{min-height:690px;}.kadence-column10363_c1af5d-81 > .kt-inside-inner-col,.kadence-column10363_c1af5d-81 > .kt-inside-inner-col:before{border-top-left-radius:0px;border-top-right-radius:0px;border-bottom-right-radius:0px;border-bottom-left-radius:0px;}.kadence-column10363_c1af5d-81 > .kt-inside-inner-col{column-gap:var(--global-kb-gap-sm, 1rem);}.kadence-column10363_c1af5d-81 > .kt-inside-inner-col{flex-direction:column;}.kadence-column10363_c1af5d-81 > .kt-inside-inner-col > .aligncenter{width:100%;}.kadence-column10363_c1af5d-81 > .kt-inside-inner-col{background-image:url('https:\/\/thehealthclinic.eu\/wp-content\/uploads\/2024\/04\/mae-1.jpg');background-size:cover;background-position:47% 11%;background-attachment:scroll;background-repeat:no-repeat;}.kadence-column10363_c1af5d-81 > .kt-inside-inner-col:before{opacity:0.3;}.kadence-column10363_c1af5d-81{position:relative;}@media all and (max-width: 1024px){.kadence-column10363_c1af5d-81 > .kt-inside-inner-col{flex-direction:column;justify-content:center;}}@media all and (max-width: 767px){.kadence-column10363_c1af5d-81 > .kt-inside-inner-col{min-height:300px;flex-direction:column;justify-content:center;}}<\/style>\n<div class=\"wp-block-kadence-column kadence-column10363_c1af5d-81\"><div class=\"kt-inside-inner-col\"><\/div><\/div>\n\n\n<style>.kadence-column10363_3f0c0c-b3 > .kt-inside-inner-col{padding-right:100px;padding-left:70px;}.kadence-column10363_3f0c0c-b3 > .kt-inside-inner-col,.kadence-column10363_3f0c0c-b3 > .kt-inside-inner-col:before{border-top-left-radius:0px;border-top-right-radius:0px;border-bottom-right-radius:0px;border-bottom-left-radius:0px;}.kadence-column10363_3f0c0c-b3 > .kt-inside-inner-col{column-gap:var(--global-kb-gap-sm, 1rem);}.kadence-column10363_3f0c0c-b3 > .kt-inside-inner-col{flex-direction:column;}.kadence-column10363_3f0c0c-b3 > .kt-inside-inner-col > .aligncenter{width:100%;}.kadence-column10363_3f0c0c-b3 > .kt-inside-inner-col:before{opacity:0.3;}.kadence-column10363_3f0c0c-b3{position:relative;}@media all and (max-width: 1024px){.kadence-column10363_3f0c0c-b3 > .kt-inside-inner-col{padding-right:20px;padding-left:0px;flex-direction:column;justify-content:center;}}@media all and (max-width: 767px){.kadence-column10363_3f0c0c-b3 > .kt-inside-inner-col{padding-top:20px;padding-right:30px;padding-bottom:50px;padding-left:30px;flex-direction:column;justify-content:center;}}<\/style>\n<div class=\"wp-block-kadence-column kadence-column10363_3f0c0c-b3\"><div class=\"kt-inside-inner-col\"><style>.wp-block-kadence-advancedheading.kt-adv-heading10363_23a715-28, .wp-block-kadence-advancedheading.kt-adv-heading10363_23a715-28[data-kb-block=\"kb-adv-heading10363_23a715-28\"]{line-height:49px;font-style:normal;}.wp-block-kadence-advancedheading.kt-adv-heading10363_23a715-28 mark.kt-highlight, .wp-block-kadence-advancedheading.kt-adv-heading10363_23a715-28[data-kb-block=\"kb-adv-heading10363_23a715-28\"] mark.kt-highlight{font-style:normal;color:#f76a0c;-webkit-box-decoration-break:clone;box-decoration-break:clone;padding-top:0px;padding-right:0px;padding-bottom:0px;padding-left:0px;}.wp-block-kadence-advancedheading.kt-adv-heading10363_23a715-28 img.kb-inline-image, .wp-block-kadence-advancedheading.kt-adv-heading10363_23a715-28[data-kb-block=\"kb-adv-heading10363_23a715-28\"] img.kb-inline-image{width:150px;vertical-align:baseline;}<\/style>\n<h2 class=\"kt-adv-heading10363_23a715-28 wp-block-kadence-advancedheading\" data-kb-block=\"kb-adv-heading10363_23a715-28\">Esittely<\/h2>\n\n\n\n<p>Julia on ollut mukana potilasneuvonnassa suurimman osan urastaan, ja h\u00e4n ty\u00f6skentelee sairaanhoitajaneuvojana Pohjois-Viron aluesairaalassa. Health Clinic Laihdutusklinikalla h\u00e4n neuvoo mahalaukun ohitusleikkauksen l\u00e4pik\u00e4yneit\u00e4 ja laihdutusl\u00e4\u00e4kkeit\u00e4 k\u00e4ytt\u00e4vi\u00e4 potilaita muuttamaan ruokailutottumuksiaan ja edist\u00e4m\u00e4\u00e4n terveytt\u00e4\u00e4n, jotta laihtuminen onnistuisi pitk\u00e4ll\u00e4 aikav\u00e4lill\u00e4.<\/p>\n\n\n\n<p>Julia toimii my\u00f6s kouluttajana Pohjois-Viron aluesairaalassa ja Sairaanhoitajaliitossa.<\/p>\n<\/div><\/div>\n\n<\/div><\/div>\n\n<style>.kb-row-layout-id10363_7115b9-99 > .kt-row-column-wrap{align-content:start;}:where(.kb-row-layout-id10363_7115b9-99 > .kt-row-column-wrap) > .wp-block-kadence-column{justify-content:start;}.kb-row-layout-id10363_7115b9-99 > .kt-row-column-wrap{column-gap:var(--global-kb-gap-md, 2rem);row-gap:var(--global-kb-gap-md, 2rem);max-width:1190px;padding-top:80px;padding-bottom:80px;grid-template-columns:minmax(0, 1fr);}.kb-row-layout-id10363_7115b9-99{background-color:#fafafa;}.kb-row-layout-id10363_7115b9-99 > .kt-row-layout-overlay{opacity:0.30;}@media all and (max-width: 1024px){.kb-row-layout-id10363_7115b9-99 > .kt-row-column-wrap{grid-template-columns:minmax(0, 1fr);}}@media all and (max-width: 767px){.kb-row-layout-id10363_7115b9-99 > .kt-row-column-wrap{grid-template-columns:minmax(0, 1fr);}}@media (max-width: 767px) {    .cv td:nth-child(1) {        width: auto;        text-align: left;        background: transparent;    }    .cv td:nth-child(2) {        width: auto;        background: transparent;        text-align: left;    }}@media (min-width: 768px) and (max-width: 929px) {    .cv td:nth-child(1) {        width: 20%;    }    .cv td:nth-child(2) {        width: 80%;    }}@media (min-width: 930px) {    .cv td:nth-child(1) {        width: 15%;    }    .cv td:nth-child(2) {        width: 85%;    }}<\/style><div class=\"kb-row-layout-wrap kb-row-layout-id10363_7115b9-99 alignfull kt-row-has-bg wp-block-kadence-rowlayout\"><div class=\"kt-row-column-wrap kt-has-1-columns kt-row-layout-equal kt-tab-layout-inherit kt-mobile-layout-row kt-row-valign-top kb-theme-content-width\">\n<style>.kadence-column10363_3c9f39-64 > .kt-inside-inner-col,.kadence-column10363_3c9f39-64 > .kt-inside-inner-col:before{border-top-left-radius:0px;border-top-right-radius:0px;border-bottom-right-radius:0px;border-bottom-left-radius:0px;}.kadence-column10363_3c9f39-64 > .kt-inside-inner-col{column-gap:var(--global-kb-gap-sm, 1rem);}.kadence-column10363_3c9f39-64 > .kt-inside-inner-col{flex-direction:column;}.kadence-column10363_3c9f39-64 > .kt-inside-inner-col > .aligncenter{width:100%;}.kadence-column10363_3c9f39-64 > .kt-inside-inner-col:before{opacity:0.3;}.kadence-column10363_3c9f39-64{position:relative;}@media all and (max-width: 1024px){.kadence-column10363_3c9f39-64 > .kt-inside-inner-col{flex-direction:column;justify-content:center;}}@media all and (max-width: 767px){.kadence-column10363_3c9f39-64 > .kt-inside-inner-col{flex-direction:column;justify-content:center;}}<\/style>\n<div class=\"wp-block-kadence-column kadence-column10363_3c9f39-64\"><div class=\"kt-inside-inner-col\"><style>.wp-block-kadence-advancedheading.kt-adv-heading10363_a93792-c5, .wp-block-kadence-advancedheading.kt-adv-heading10363_a93792-c5[data-kb-block=\"kb-adv-heading10363_a93792-c5\"]{margin-top:0px;margin-bottom:0px;text-align:center;line-height:49px;font-style:normal;}.wp-block-kadence-advancedheading.kt-adv-heading10363_a93792-c5 mark.kt-highlight, .wp-block-kadence-advancedheading.kt-adv-heading10363_a93792-c5[data-kb-block=\"kb-adv-heading10363_a93792-c5\"] mark.kt-highlight{font-style:normal;color:#f76a0c;-webkit-box-decoration-break:clone;box-decoration-break:clone;padding-top:0px;padding-right:0px;padding-bottom:0px;padding-left:0px;}.wp-block-kadence-advancedheading.kt-adv-heading10363_a93792-c5 img.kb-inline-image, .wp-block-kadence-advancedheading.kt-adv-heading10363_a93792-c5[data-kb-block=\"kb-adv-heading10363_a93792-c5\"] img.kb-inline-image{width:150px;vertical-align:baseline;}<\/style>\n<h2 class=\"kt-adv-heading10363_a93792-c5 wp-block-kadence-advancedheading\" data-kb-block=\"kb-adv-heading10363_a93792-c5\">Curriculum Vitae<\/h2>\n\n\n\n<h3 class=\"wp-block-heading has-palette-color-4-color has-text-color has-link-color wp-elements-502331a48d7fd008b2aa3be9ec13a67f\">Koulutus<\/h3>\n\n\n\n<figure class=\"wp-block-table cv\"><table class=\"has-border-color has-palette-color-7-border-color\"><tbody><tr><td><strong>2002<\/strong><\/td><td>Tallinna Tervishoiu K\u00f5rgkool (Tallinnan terveydenhuollon korkeakoulu), k\u00e4til\u00f6\/sairaanhoitaja, kandidaatin tutkinto (cum laude)<\/td><\/tr><tr><td><strong>1995<\/strong><\/td><td>Tallinnan l\u00e4\u00e4ketieteellinen korkeakoulu, erikoisala: sairaanhoito (suoritettu erikoisala: k\u00e4til\u00f6ty\u00f6, my\u00f6s lastentautien erikoisala)<\/td><\/tr><\/tbody><\/table><\/figure>\n\n\n\n<h3 class=\"wp-block-heading has-palette-color-4-color has-text-color has-link-color wp-elements-53d91ca559f4aedd35176f92db3ea173\">Ty\u00f6kokemus<\/h3>\n\n\n\n<figure class=\"wp-block-table cv\"><table class=\"has-border-color has-palette-color-7-border-color\"><tbody><tr><td><strong>2021 \u2013 \u2026<\/strong><\/td><td>Health Clinic Laihdutusklinikka, ravitsemusneuvoja<\/td><\/tr><tr><td><strong>2014 \u2013 \u2026<\/strong><\/td><td>SA Pohjois-Viron aluesairaala, nefrologiakeskus, sairaanhoito-ohjaaja, sis\u00e4tautien klinikka (kliininen ravitsemusterapia)<\/td><\/tr><tr><td><strong>2014 \u2013 \u2026<\/strong><\/td><td>Tallinnan lastensairaala (SA Tallinna Lastehaigla)<\/td><\/tr><tr><td><strong>2008 \u2013 2014<\/strong><\/td><td>Villa Benita AS, hoitoty\u00f6n johtaja<\/td><\/tr><tr><td><strong>2002 \u2013 2008<\/strong><\/td><td>Pohjois-Viron aluesairaala<\/td><\/tr><tr><td><strong>1993 \u2013 2002<\/strong><\/td><td>Tallinnan lastensairaala (SA Tallinna Lastehaigla), urodynamiikan toimistohoitaja<\/td><\/tr><\/tbody><\/table><\/figure>\n\n\n\n<h3 class=\"wp-block-heading has-palette-color-4-color has-text-color has-link-color wp-elements-529220605ce9651b6e893ee751df66aa\">T\u00e4ydennyskoulutukset<\/h3>\n\n\n\n<p>2020.&nbsp; &nbsp; Laste Toitmisravi Koolitusp\u00e4ev<br>2020.&nbsp; &nbsp; Rasvt\u00f5bi \u2013 multidistsiplinaarne v\u00e4ljakutse2019. The 12th Baltic course in clinical nutrition<br>2019.&nbsp; &nbsp; Toitumis- ja liikumisravi konverents<br>2019.&nbsp; &nbsp; 41st ESPEN Congress on Clinical Nutrition &amp; Metabolism<br>2019.&nbsp; &nbsp; P\u00f5hja-Eesti Regionaalhaigla kui interdistsiplinaarne s\u00fcdamekeskus<br>2018.&nbsp; &nbsp; Seminar \u201e\u201dMida peab teadma tark arst? Tervislik s\u00f6\u00f6mine, tervislik joomine ja toidulisandid\u201d<br>2018.&nbsp; &nbsp; XIX International Congress on Nutrition and Metabolism in Renal Disease (ICRNM 2018), Genova, Italy<br>2018.&nbsp; &nbsp; 40th Espen Congress on Clinical nutrition &amp; metabolism Krakow, Poland<br>2018.&nbsp; &nbsp; Balti Nefroloogide XIV konverents<br>2017.&nbsp; &nbsp; II Tasakaalustatud toitumise konverents<br>2017.&nbsp; &nbsp; 39th ESPEN Congress on Clinical Nutrition and Metabolism<br>2017.&nbsp; &nbsp; Regionaalhaigla sisehaiguste kliiniku IX kliiniline konverents<br>2017.&nbsp; &nbsp; X EstSPENi aastap\u00e4eva seminar ja X Balti Kliinilise Toitmise Kursus: \u201cA Complicated Gut\u201d<br>2016.&nbsp; &nbsp; Kliinilise toitmise interdistsiplinaarne koolitus<br>2016.&nbsp; &nbsp; Neerusiirdamise j\u00e4rgsed ravimid<br>2016&nbsp; &nbsp; XXXVIII ESPEN Congress<br>2016.&nbsp; &nbsp; Clinical Nutrition- ESPEN. LLL Course: Nutritional support in diabetes and<\/p>\n<\/div><\/div>\n\n<\/div><\/div>\n\n<style>.kb-row-layout-id10363_59bed5-8a > .kt-row-column-wrap{align-content:end;}:where(.kb-row-layout-id10363_59bed5-8a > .kt-row-column-wrap) > .wp-block-kadence-column{justify-content:end;}.kb-row-layout-id10363_59bed5-8a > .kt-row-column-wrap{column-gap:var(--global-kb-gap-md, 2rem);row-gap:var(--global-kb-gap-md, 2rem);max-width:1190px;padding-top:var(--global-kb-spacing-xl, 4rem);padding-bottom:var(--global-kb-spacing-xl, 4rem);grid-template-columns:minmax(0, 1fr);}.kb-row-layout-id10363_59bed5-8a > .kt-row-layout-overlay{opacity:0.30;}@media all and (max-width: 1024px){.kb-row-layout-id10363_59bed5-8a > .kt-row-column-wrap{padding-top:50px;padding-right:40px;padding-bottom:30px;padding-left:40px;grid-template-columns:minmax(0, 1fr);}}@media all and (max-width: 767px){.kb-row-layout-id10363_59bed5-8a > .kt-row-column-wrap{grid-template-columns:minmax(0, 1fr);}}.kb-row-layout-id10363_59bed5-8a input::placeholder {  font-weight: 400;  font-size: 15px;  line-height: 22.5px;  color: #fff;}<\/style><div class=\"kb-row-layout-wrap kb-row-layout-id10363_59bed5-8a alignfull has-palette-color-2-background-color kt-row-has-bg wp-block-kadence-rowlayout\"><div class=\"kt-row-column-wrap kt-has-1-columns kt-row-layout-equal kt-tab-layout-inherit kt-mobile-layout-row kt-row-valign-bottom kb-theme-content-width\">\n<style>.kadence-column10363_ab01f1-7f > .kt-inside-inner-col{display:flex;}.kadence-column10363_ab01f1-7f > .kt-inside-inner-col,.kadence-column10363_ab01f1-7f > .kt-inside-inner-col:before{border-top-left-radius:0px;border-top-right-radius:0px;border-bottom-right-radius:0px;border-bottom-left-radius:0px;}.kadence-column10363_ab01f1-7f > .kt-inside-inner-col{column-gap:var(--global-kb-gap-sm, 1rem);}.kadence-column10363_ab01f1-7f > .kt-inside-inner-col{flex-direction:column;justify-content:flex-start;}.kadence-column10363_ab01f1-7f > .kt-inside-inner-col > .aligncenter{width:100%;}.kt-row-column-wrap > .kadence-column10363_ab01f1-7f{align-self:flex-start;}.kt-inner-column-height-full:not(.kt-has-1-columns) > .wp-block-kadence-column.kadence-column10363_ab01f1-7f{align-self:auto;}.kt-inner-column-height-full:not(.kt-has-1-columns) > .wp-block-kadence-column.kadence-column10363_ab01f1-7f > .kt-inside-inner-col{flex-direction:column;justify-content:flex-start;}.kadence-column10363_ab01f1-7f > .kt-inside-inner-col:before{opacity:0.3;}.kadence-column10363_ab01f1-7f{position:relative;}@media all and (max-width: 1024px){.kt-row-column-wrap > .kadence-column10363_ab01f1-7f{align-self:flex-start;}}@media all and (max-width: 1024px){.kt-inner-column-height-full:not(.kt-has-1-columns) > .wp-block-kadence-column.kadence-column10363_ab01f1-7f{align-self:auto;}}@media all and (max-width: 1024px){.kt-inner-column-height-full:not(.kt-has-1-columns) > .wp-block-kadence-column.kadence-column10363_ab01f1-7f > .kt-inside-inner-col{flex-direction:column;justify-content:flex-start;}}@media all and (max-width: 1024px){.kadence-column10363_ab01f1-7f > .kt-inside-inner-col{flex-direction:column;justify-content:flex-start;}}@media all and (max-width: 767px){.kt-row-column-wrap > .kadence-column10363_ab01f1-7f{align-self:flex-start;}.kt-inner-column-height-full:not(.kt-has-1-columns) > .wp-block-kadence-column.kadence-column10363_ab01f1-7f{align-self:auto;}.kt-inner-column-height-full:not(.kt-has-1-columns) > .wp-block-kadence-column.kadence-column10363_ab01f1-7f > .kt-inside-inner-col{flex-direction:column;justify-content:flex-start;}.kadence-column10363_ab01f1-7f > .kt-inside-inner-col{flex-direction:column;justify-content:flex-start;}}<\/style>\n<div class=\"wp-block-kadence-column kadence-column10363_ab01f1-7f\"><div class=\"kt-inside-inner-col\"><style>.wp-block-kadence-advancedheading.kt-adv-heading10363_ca1e40-77, .wp-block-kadence-advancedheading.kt-adv-heading10363_ca1e40-77[data-kb-block=\"kb-adv-heading10363_ca1e40-77\"]{margin-top:10px;margin-bottom:0px;text-align:center;font-size:36px;line-height:42px;font-style:normal;}.wp-block-kadence-advancedheading.kt-adv-heading10363_ca1e40-77 mark.kt-highlight, .wp-block-kadence-advancedheading.kt-adv-heading10363_ca1e40-77[data-kb-block=\"kb-adv-heading10363_ca1e40-77\"] mark.kt-highlight{font-style:normal;color:#f76a0c;-webkit-box-decoration-break:clone;box-decoration-break:clone;padding-top:0px;padding-right:0px;padding-bottom:0px;padding-left:0px;}.wp-block-kadence-advancedheading.kt-adv-heading10363_ca1e40-77 img.kb-inline-image, .wp-block-kadence-advancedheading.kt-adv-heading10363_ca1e40-77[data-kb-block=\"kb-adv-heading10363_ca1e40-77\"] img.kb-inline-image{width:150px;vertical-align:baseline;}@media all and (max-width: 767px){.wp-block-kadence-advancedheading.kt-adv-heading10363_ca1e40-77, .wp-block-kadence-advancedheading.kt-adv-heading10363_ca1e40-77[data-kb-block=\"kb-adv-heading10363_ca1e40-77\"]{margin-top:10px;margin-bottom:-20px;font-size:32px;text-align:center!important;}}<\/style>\n<h3 class=\"kt-adv-heading10363_ca1e40-77 wp-block-kadence-advancedheading has-palette-color-5-color has-text-color\" data-kb-block=\"kb-adv-heading10363_ca1e40-77\">Haluatko aloittaa uuden matkasi klinikallamme?<\/h3>\n\n\n<style>.wp-block-kadence-advancedbtn.kb-btns10363_6f42fe-2d{gap:var(--global-kb-gap-xs, 0.5rem );justify-content:center;align-items:center;}.kt-btns10363_6f42fe-2d .kt-button{font-weight:normal;font-style:normal;}.kt-btns10363_6f42fe-2d .kt-btn-wrap-0{margin-right:5px;}.wp-block-kadence-advancedbtn.kt-btns10363_6f42fe-2d .kt-btn-wrap-0 .kt-button{color:#555555;border-color:#555555;}.wp-block-kadence-advancedbtn.kt-btns10363_6f42fe-2d .kt-btn-wrap-0 .kt-button:hover, .wp-block-kadence-advancedbtn.kt-btns10363_6f42fe-2d .kt-btn-wrap-0 .kt-button:focus{color:#ffffff;border-color:#444444;}.wp-block-kadence-advancedbtn.kt-btns10363_6f42fe-2d .kt-btn-wrap-0 .kt-button::before{display:none;}.wp-block-kadence-advancedbtn.kt-btns10363_6f42fe-2d .kt-btn-wrap-0 .kt-button:hover, .wp-block-kadence-advancedbtn.kt-btns10363_6f42fe-2d .kt-btn-wrap-0 .kt-button:focus{background:#444444;}<\/style>\n<div class=\"wp-block-kadence-advancedbtn kb-buttons-wrap kb-btns10363_6f42fe-2d\"><style>ul.menu .wp-block-kadence-advancedbtn .kb-btn10363_ceb249-36.kb-button{width:initial;}.wp-block-kadence-advancedbtn .kb-btn10363_ceb249-36.kb-button{color:#ffffff;font-size:13px;letter-spacing:1px;font-family:ct_font_gill__sans;font-weight:600;text-transform:uppercase;border-top-left-radius:0px;border-top:1px solid #ffffff;border-right:1px solid #ffffff;border-bottom:1px solid #ffffff;border-left:1px solid #ffffff;padding-top:12px;padding-right:30px;padding-bottom:12px;padding-left:30px;margin-top:30px;}.wp-block-kadence-advancedbtn .kb-btn10363_ceb249-36.kb-button:hover, .wp-block-kadence-advancedbtn .kb-btn10363_ceb249-36.kb-button:focus{border-top:1px solid var(--theme-palette-color-4, #7BAFAF);border-right:1px solid var(--theme-palette-color-4, #7BAFAF);border-bottom:1px solid var(--theme-palette-color-4, #7BAFAF);border-left:1px solid var(--theme-palette-color-4, #7BAFAF);}@media all and (max-width: 1024px){.wp-block-kadence-advancedbtn .kb-btn10363_ceb249-36.kb-button{border-top:1px solid #ffffff;border-right:1px solid #ffffff;border-bottom:1px solid #ffffff;border-left:1px solid #ffffff;}}@media all and (max-width: 1024px){.wp-block-kadence-advancedbtn .kb-btn10363_ceb249-36.kb-button:hover, .wp-block-kadence-advancedbtn .kb-btn10363_ceb249-36.kb-button:focus{border-top:1px solid var(--theme-palette-color-4, #7BAFAF);border-right:1px solid var(--theme-palette-color-4, #7BAFAF);border-bottom:1px solid var(--theme-palette-color-4, #7BAFAF);border-left:1px solid var(--theme-palette-color-4, #7BAFAF);}}@media all and (max-width: 767px){.wp-block-kadence-advancedbtn .kb-btn10363_ceb249-36.kb-button{border-top:1px solid #ffffff;border-right:1px solid #ffffff;border-bottom:1px solid #ffffff;border-left:1px solid #ffffff;}.wp-block-kadence-advancedbtn .kb-btn10363_ceb249-36.kb-button:hover, .wp-block-kadence-advancedbtn .kb-btn10363_ceb249-36.kb-button:focus{border-top:1px solid var(--theme-palette-color-4, #7BAFAF);border-right:1px solid var(--theme-palette-color-4, #7BAFAF);border-bottom:1px solid var(--theme-palette-color-4, #7BAFAF);border-left:1px solid var(--theme-palette-color-4, #7BAFAF);}}<\/style><a class=\"kb-button kt-button button kb-btn10363_ceb249-36 kt-btn-size-large kt-btn-width-type-auto kb-btn-global-outline  kt-btn-has-text-true kt-btn-has-svg-false  wp-block-kadence-singlebtn\" href=\"https:\/\/thehealthclinic.eu\/fi\/varaa-aika\/\"><span class=\"kt-btn-inner-text\">VARAA AIKA KONSULTAATIOON<\/span><\/a><\/div>\n<\/div><\/div>\n\n\n<style>.kadence-column10363_cbd74d-e3 > .kt-inside-inner-col{display:flex;}.kadence-column10363_cbd74d-e3 > .kt-inside-inner-col,.kadence-column10363_cbd74d-e3 > .kt-inside-inner-col:before{border-top-left-radius:0px;border-top-right-radius:0px;border-bottom-right-radius:0px;border-bottom-left-radius:0px;}.kadence-column10363_cbd74d-e3 > .kt-inside-inner-col{column-gap:var(--global-kb-gap-sm, 1rem);}.kadence-column10363_cbd74d-e3 > .kt-inside-inner-col{flex-direction:column;justify-content:flex-end;}.kadence-column10363_cbd74d-e3 > .kt-inside-inner-col > .aligncenter{width:100%;}.kt-row-column-wrap > .kadence-column10363_cbd74d-e3{align-self:flex-end;}.kt-inner-column-height-full:not(.kt-has-1-columns) > .wp-block-kadence-column.kadence-column10363_cbd74d-e3{align-self:auto;}.kt-inner-column-height-full:not(.kt-has-1-columns) > .wp-block-kadence-column.kadence-column10363_cbd74d-e3 > .kt-inside-inner-col{flex-direction:column;justify-content:flex-end;}.kadence-column10363_cbd74d-e3 > .kt-inside-inner-col:before{opacity:0.3;}.kadence-column10363_cbd74d-e3{position:relative;}@media all and (max-width: 1024px){.kt-row-column-wrap > .kadence-column10363_cbd74d-e3{align-self:flex-end;}}@media all and (max-width: 1024px){.kt-inner-column-height-full:not(.kt-has-1-columns) > .wp-block-kadence-column.kadence-column10363_cbd74d-e3{align-self:auto;}}@media all and (max-width: 1024px){.kt-inner-column-height-full:not(.kt-has-1-columns) > .wp-block-kadence-column.kadence-column10363_cbd74d-e3 > .kt-inside-inner-col{flex-direction:column;justify-content:flex-end;}}@media all and (max-width: 1024px){.kadence-column10363_cbd74d-e3 > .kt-inside-inner-col{flex-direction:column;justify-content:flex-end;}}@media all and (max-width: 767px){.kt-row-column-wrap > .kadence-column10363_cbd74d-e3{align-self:flex-end;}.kt-inner-column-height-full:not(.kt-has-1-columns) > .wp-block-kadence-column.kadence-column10363_cbd74d-e3{align-self:auto;}.kt-inner-column-height-full:not(.kt-has-1-columns) > .wp-block-kadence-column.kadence-column10363_cbd74d-e3 > .kt-inside-inner-col{flex-direction:column;justify-content:flex-end;}.kadence-column10363_cbd74d-e3 > .kt-inside-inner-col{flex-direction:column;justify-content:flex-end;}}<\/style>\n<div class=\"wp-block-kadence-column kadence-column10363_cbd74d-e3\" data-aos=\"fade\" data-aos-duration=\"350\" data-aos-delay=\"100\" data-aos-easing=\"ease-in\"><div class=\"kt-inside-inner-col\"><\/div><\/div>\n\n<\/div><\/div>","protected":false},"excerpt":{"rendered":"<p>Esittely Julia on ollut mukana potilasneuvonnassa suurimman osan urastaan, ja h\u00e4n ty\u00f6skentelee sairaanhoitajaneuvojana Pohjois-Viron aluesairaalassa. Health Clinic Laihdutusklinikalla h\u00e4n neuvoo mahalaukun ohitusleikkauksen l\u00e4pik\u00e4yneit\u00e4 ja laihdutusl\u00e4\u00e4kkeit\u00e4 k\u00e4ytt\u00e4vi\u00e4 potilaita muuttamaan ruokailutottumuksiaan ja edist\u00e4m\u00e4\u00e4n terveytt\u00e4\u00e4n, jotta laihtuminen onnistuisi pitk\u00e4ll\u00e4 aikav\u00e4lill\u00e4. Julia toimii my\u00f6s kouluttajana Pohjois-Viron aluesairaalassa ja Sairaanhoitajaliitossa. Curriculum Vitae Koulutus 2002 Tallinna Tervishoiu K\u00f5rgkool (Tallinnan terveydenhuollon korkeakoulu), [&hellip;]<\/p>\n","protected":false},"author":2,"featured_media":5845,"parent":10318,"menu_order":0,"comment_status":"closed","ping_status":"closed","template":"","meta":{"_kad_blocks_custom_css":"","_kad_blocks_head_custom_js":"","_kad_blocks_body_custom_js":"","_kad_blocks_footer_custom_js":"","custom_jsonld_schema":"","footnotes":""},"class_list":["post-10363","page","type-page","status-publish","has-post-thumbnail","hentry"],"blocksy_meta":{"vertical_spacing_source":"custom","content_area_spacing":"none","styles_descriptor":{"styles":{"desktop":"","tablet":"","mobile":""},"google_fonts":[],"version":6}},"taxonomy_info":[],"featured_image_src_large":["https:\/\/thehealthclinic.eu\/wp-content\/uploads\/2024\/03\/tiim.svg",1024,174,false],"author_info":{"display_name":"Janek","author_link":"https:\/\/thehealthclinic.eu\/fi\/author\/janek\/"},"comment_info":0,"_links":{"self":[{"href":"https:\/\/thehealthclinic.eu\/fi\/wp-json\/wp\/v2\/pages\/10363","targetHints":{"allow":["GET"]}}],"collection":[{"href":"https:\/\/thehealthclinic.eu\/fi\/wp-json\/wp\/v2\/pages"}],"about":[{"href":"https:\/\/thehealthclinic.eu\/fi\/wp-json\/wp\/v2\/types\/page"}],"author":[{"embeddable":true,"href":"https:\/\/thehealthclinic.eu\/fi\/wp-json\/wp\/v2\/users\/2"}],"replies":[{"embeddable":true,"href":"https:\/\/thehealthclinic.eu\/fi\/wp-json\/wp\/v2\/comments?post=10363"}],"version-history":[{"count":0,"href":"https:\/\/thehealthclinic.eu\/fi\/wp-json\/wp\/v2\/pages\/10363\/revisions"}],"up":[{"embeddable":true,"href":"https:\/\/thehealthclinic.eu\/fi\/wp-json\/wp\/v2\/pages\/10318"}],"wp:featuredmedia":[{"embeddable":true,"href":"https:\/\/thehealthclinic.eu\/fi\/wp-json\/wp\/v2\/media\/5845"}],"wp:attachment":[{"href":"https:\/\/thehealthclinic.eu\/fi\/wp-json\/wp\/v2\/media?parent=10363"}],"curies":[{"name":"wp","href":"https:\/\/api.w.org\/{rel}","templated":true}]}}