{"id":10366,"date":"2024-03-19T16:02:48","date_gmt":"2024-03-19T14:02:48","guid":{"rendered":"https:\/\/uus.thehealthclinic.eu\/?page_id=10366"},"modified":"2025-09-21T12:42:39","modified_gmt":"2025-09-21T09:42:39","slug":"kristi-kalvik","status":"publish","type":"page","link":"https:\/\/thehealthclinic.eu\/fi\/joukkue\/kristi-kalvik\/","title":{"rendered":"Kristi Kalvik"},"content":{"rendered":"<style>.kb-row-layout-wrap.wp-block-kadence-rowlayout.kb-row-layout-id10366_eff440-cb{margin-top:0px;margin-bottom:0px;}.kb-row-layout-id10366_eff440-cb > .kt-row-column-wrap{align-content:center;}:where(.kb-row-layout-id10366_eff440-cb > .kt-row-column-wrap) > .wp-block-kadence-column{justify-content:center;}.kb-row-layout-id10366_eff440-cb > .kt-row-column-wrap{column-gap:var(--global-kb-gap-lg, 4rem);row-gap:var(--global-kb-gap-md, 2rem);padding-top:0px;padding-right:0px;padding-bottom:0px;padding-left:0px;grid-template-columns:minmax(0, calc(45% - ((var(--global-kb-gap-lg, 4rem) * 1 )\/2)))minmax(0, calc(55% - ((var(--global-kb-gap-lg, 4rem) * 1 )\/2)));}.kb-row-layout-id10366_eff440-cb > .kt-row-layout-overlay{opacity:0.30;}@media all and (max-width: 1024px){.kb-row-layout-id10366_eff440-cb > .kt-row-column-wrap{grid-template-columns:repeat(2, minmax(0, 1fr));}}@media all and (max-width: 767px){.kb-row-layout-id10366_eff440-cb > .kt-row-column-wrap{grid-template-columns:minmax(0, 1fr);}}<\/style><div class=\"kb-row-layout-wrap kb-row-layout-id10366_eff440-cb alignfull wp-block-kadence-rowlayout\"><div class=\"kt-row-column-wrap kt-has-2-columns kt-row-layout-equal kt-tab-layout-equal kt-mobile-layout-row kt-row-valign-middle\">\n<style>.kadence-column10366_4cbfd7-38 > .kt-inside-inner-col{min-height:690px;}.kadence-column10366_4cbfd7-38 > .kt-inside-inner-col,.kadence-column10366_4cbfd7-38 > .kt-inside-inner-col:before{border-top-left-radius:0px;border-top-right-radius:0px;border-bottom-right-radius:0px;border-bottom-left-radius:0px;}.kadence-column10366_4cbfd7-38 > .kt-inside-inner-col{column-gap:var(--global-kb-gap-sm, 1rem);}.kadence-column10366_4cbfd7-38 > .kt-inside-inner-col{flex-direction:column;}.kadence-column10366_4cbfd7-38 > .kt-inside-inner-col > .aligncenter{width:100%;}.kadence-column10366_4cbfd7-38 > .kt-inside-inner-col{background-image:url('https:\/\/thehealthclinic.eu\/wp-content\/uploads\/2024\/04\/kalvik-1.jpg');background-size:cover;background-position:48% 27%;background-attachment:scroll;background-repeat:no-repeat;}.kadence-column10366_4cbfd7-38 > .kt-inside-inner-col:before{opacity:0.3;}.kadence-column10366_4cbfd7-38{position:relative;}@media all and (max-width: 1024px){.kadence-column10366_4cbfd7-38 > .kt-inside-inner-col{flex-direction:column;justify-content:center;}}@media all and (max-width: 767px){.kadence-column10366_4cbfd7-38 > .kt-inside-inner-col{min-height:300px;flex-direction:column;justify-content:center;}}<\/style>\n<div class=\"wp-block-kadence-column kadence-column10366_4cbfd7-38\"><div class=\"kt-inside-inner-col\"><\/div><\/div>\n\n\n<style>.kadence-column10366_8e31b3-8a > .kt-inside-inner-col{padding-right:100px;padding-left:70px;}.kadence-column10366_8e31b3-8a > .kt-inside-inner-col,.kadence-column10366_8e31b3-8a > .kt-inside-inner-col:before{border-top-left-radius:0px;border-top-right-radius:0px;border-bottom-right-radius:0px;border-bottom-left-radius:0px;}.kadence-column10366_8e31b3-8a > .kt-inside-inner-col{column-gap:var(--global-kb-gap-sm, 1rem);}.kadence-column10366_8e31b3-8a > .kt-inside-inner-col{flex-direction:column;}.kadence-column10366_8e31b3-8a > .kt-inside-inner-col > .aligncenter{width:100%;}.kadence-column10366_8e31b3-8a > .kt-inside-inner-col:before{opacity:0.3;}.kadence-column10366_8e31b3-8a{position:relative;}@media all and (max-width: 1024px){.kadence-column10366_8e31b3-8a > .kt-inside-inner-col{padding-right:20px;padding-left:0px;flex-direction:column;justify-content:center;}}@media all and (max-width: 767px){.kadence-column10366_8e31b3-8a > .kt-inside-inner-col{padding-top:20px;padding-right:30px;padding-bottom:50px;padding-left:30px;flex-direction:column;justify-content:center;}}<\/style>\n<div class=\"wp-block-kadence-column kadence-column10366_8e31b3-8a\"><div class=\"kt-inside-inner-col\"><style>.wp-block-kadence-advancedheading.kt-adv-heading10366_b23f24-18, .wp-block-kadence-advancedheading.kt-adv-heading10366_b23f24-18[data-kb-block=\"kb-adv-heading10366_b23f24-18\"]{line-height:49px;font-style:normal;}.wp-block-kadence-advancedheading.kt-adv-heading10366_b23f24-18 mark.kt-highlight, .wp-block-kadence-advancedheading.kt-adv-heading10366_b23f24-18[data-kb-block=\"kb-adv-heading10366_b23f24-18\"] mark.kt-highlight{font-style:normal;color:#f76a0c;-webkit-box-decoration-break:clone;box-decoration-break:clone;padding-top:0px;padding-right:0px;padding-bottom:0px;padding-left:0px;}.wp-block-kadence-advancedheading.kt-adv-heading10366_b23f24-18 img.kb-inline-image, .wp-block-kadence-advancedheading.kt-adv-heading10366_b23f24-18[data-kb-block=\"kb-adv-heading10366_b23f24-18\"] img.kb-inline-image{width:150px;vertical-align:baseline;}<\/style>\n<h2 class=\"kt-adv-heading10366_b23f24-18 wp-block-kadence-advancedheading\" data-kb-block=\"kb-adv-heading10366_b23f24-18\">Esittely<\/h2>\n\n\n\n<p>Kristi liittyi Health Clinic Laihdutusklinikan tiimiin vuonna 2018, ja h\u00e4n neuvoo laihdutusleikkauksessa olleita potilaita painonpudotuksessa. H\u00e4n on Tallinnan yliopiston psykologian laitoksen psykologian maisteriopinnoista valmistunut kliininen psykologi, joka on suorittanut perheterapian alkeiskurssin ja kognitiivisen k\u00e4ytt\u00e4ytymisterapian peruskoulutuksen. Lis\u00e4ksi h\u00e4n perehtyy parhaillaan skeematerapian menetelmiin.<\/p>\n\n\n\n<p>Kristi on ty\u00f6skennellyt kuntoutusosastolla leikattujen potilaiden parissa ja toimii parhaillaan l\u00e4hinn\u00e4 erilaisten mielenterveyspotilaiden parissa Pohjois-Viron aluesairaalan psykiatrian klinikalla. H\u00e4nen p\u00e4\u00e4asiallisina ty\u00f6teht\u00e4vin\u00e4\u00e4n ovat erilaisten mielenterveysongelmien arviointi, intervention suunnittelu ja toteuttaminen sek\u00e4 psykoterapia. Kristi on my\u00f6s Viron kognitiivisen ja k\u00e4ytt\u00e4ytymisterapian yhdistyksen j\u00e4sen.<\/p>\n<\/div><\/div>\n\n<\/div><\/div>\n\n<style>.kb-row-layout-id10366_378785-a8 > .kt-row-column-wrap{align-content:start;}:where(.kb-row-layout-id10366_378785-a8 > .kt-row-column-wrap) > .wp-block-kadence-column{justify-content:start;}.kb-row-layout-id10366_378785-a8 > .kt-row-column-wrap{column-gap:var(--global-kb-gap-md, 2rem);row-gap:var(--global-kb-gap-md, 2rem);max-width:1190px;padding-top:80px;padding-bottom:80px;grid-template-columns:minmax(0, 1fr);}.kb-row-layout-id10366_378785-a8{background-color:#fafafa;}.kb-row-layout-id10366_378785-a8 > .kt-row-layout-overlay{opacity:0.30;}@media all and (max-width: 1024px){.kb-row-layout-id10366_378785-a8 > .kt-row-column-wrap{grid-template-columns:minmax(0, 1fr);}}@media all and (max-width: 767px){.kb-row-layout-id10366_378785-a8 > .kt-row-column-wrap{grid-template-columns:minmax(0, 1fr);}}@media (max-width: 767px) {    .cv td:nth-child(1) {        width: auto;        text-align: left;        background: transparent;    }    .cv td:nth-child(2) {        width: auto;        background: transparent;        text-align: left;    }}@media (min-width: 768px) and (max-width: 929px) {    .cv td:nth-child(1) {        width: 20%;    }    .cv td:nth-child(2) {        width: 80%;    }}@media (min-width: 930px) {    .cv td:nth-child(1) {        width: 15%;    }    .cv td:nth-child(2) {        width: 85%;    }}<\/style><div class=\"kb-row-layout-wrap kb-row-layout-id10366_378785-a8 alignfull kt-row-has-bg wp-block-kadence-rowlayout\"><div class=\"kt-row-column-wrap kt-has-1-columns kt-row-layout-equal kt-tab-layout-inherit kt-mobile-layout-row kt-row-valign-top kb-theme-content-width\">\n<style>.kadence-column10366_99bed0-2e > .kt-inside-inner-col,.kadence-column10366_99bed0-2e > .kt-inside-inner-col:before{border-top-left-radius:0px;border-top-right-radius:0px;border-bottom-right-radius:0px;border-bottom-left-radius:0px;}.kadence-column10366_99bed0-2e > .kt-inside-inner-col{column-gap:var(--global-kb-gap-sm, 1rem);}.kadence-column10366_99bed0-2e > .kt-inside-inner-col{flex-direction:column;}.kadence-column10366_99bed0-2e > .kt-inside-inner-col > .aligncenter{width:100%;}.kadence-column10366_99bed0-2e > .kt-inside-inner-col:before{opacity:0.3;}.kadence-column10366_99bed0-2e{position:relative;}@media all and (max-width: 1024px){.kadence-column10366_99bed0-2e > .kt-inside-inner-col{flex-direction:column;justify-content:center;}}@media all and (max-width: 767px){.kadence-column10366_99bed0-2e > .kt-inside-inner-col{flex-direction:column;justify-content:center;}}<\/style>\n<div class=\"wp-block-kadence-column kadence-column10366_99bed0-2e\"><div class=\"kt-inside-inner-col\"><style>.wp-block-kadence-advancedheading.kt-adv-heading10366_32323b-34, .wp-block-kadence-advancedheading.kt-adv-heading10366_32323b-34[data-kb-block=\"kb-adv-heading10366_32323b-34\"]{margin-top:0px;margin-bottom:0px;text-align:center;line-height:49px;font-style:normal;}.wp-block-kadence-advancedheading.kt-adv-heading10366_32323b-34 mark.kt-highlight, .wp-block-kadence-advancedheading.kt-adv-heading10366_32323b-34[data-kb-block=\"kb-adv-heading10366_32323b-34\"] mark.kt-highlight{font-style:normal;color:#f76a0c;-webkit-box-decoration-break:clone;box-decoration-break:clone;padding-top:0px;padding-right:0px;padding-bottom:0px;padding-left:0px;}.wp-block-kadence-advancedheading.kt-adv-heading10366_32323b-34 img.kb-inline-image, .wp-block-kadence-advancedheading.kt-adv-heading10366_32323b-34[data-kb-block=\"kb-adv-heading10366_32323b-34\"] img.kb-inline-image{width:150px;vertical-align:baseline;}<\/style>\n<h2 class=\"kt-adv-heading10366_32323b-34 wp-block-kadence-advancedheading\" data-kb-block=\"kb-adv-heading10366_32323b-34\">Curriculum Vitae<\/h2>\n\n\n\n<h3 class=\"wp-block-heading has-palette-color-4-color has-text-color has-link-color wp-elements-502331a48d7fd008b2aa3be9ec13a67f\">Koulutus<\/h3>\n\n\n\n<figure class=\"wp-block-table cv\"><table class=\"has-border-color has-palette-color-7-border-color\"><tbody><tr><td><strong>2015 \u2013 2017<\/strong><\/td><td>Kognitiivisen k\u00e4ytt\u00e4ytymisterapian koulu, kognitiivisen k\u00e4ytt\u00e4ytymisterapian jatkokurssi<\/td><\/tr><tr><td><strong>2012 \u2013 2015<\/strong><\/td><td>Tallinnan yliopisto, filosofian maisteri (psykologian erikoisala, erikoistuminen neuvontapsykologiaan)<\/td><\/tr><tr><td><strong>2009 \u2013 2012<\/strong><\/td><td>Tallinnan yliopisto (psykologia \u2013 kansalaiskasvatuksen suunta), kandidaatin tutkinto<\/td><\/tr><tr><td><strong>2001 \u2013 2009<\/strong><\/td><td>Rakveren lukio (matematiikan ja englannin luokka)<\/td><\/tr><tr><td><strong>1997 \u2013 2001<\/strong><\/td><td>Rakveren kaupungin peruskoulu<\/td><\/tr><\/tbody><\/table><\/figure>\n\n\n\n<h3 class=\"wp-block-heading has-palette-color-4-color has-text-color has-link-color wp-elements-53d91ca559f4aedd35176f92db3ea173\">Ty\u00f6kokemus<\/h3>\n\n\n\n<figure class=\"wp-block-table cv\"><table class=\"has-border-color has-palette-color-7-border-color\"><tbody><tr><td><strong>2018 \u2013 \u2026<\/strong><\/td><td>Health Clinic Laihdutusklinikka, kliininen psykologi<\/td><\/tr><tr><td><strong>2017 \u2013 \u2026<\/strong><\/td><td>Pohjois-Viron aluesairaalan psykiatrian klinikan II osasto<\/td><\/tr><tr><td><strong>2015 \u2013 \u2026<\/strong><\/td><td>Psykiatrian ja psykoterapian keskus SENSUS<\/td><\/tr><tr><td><strong>2014 \u2013 2017<\/strong><\/td><td>Ida-Tallinnan keskussairaala, II kuntoutushoidon osasto, psykologi<\/td><\/tr><\/tbody><\/table><\/figure>\n\n\n\n<h3 class=\"wp-block-heading has-palette-color-4-color has-text-color has-link-color wp-elements-529220605ce9651b6e893ee751df66aa\">T\u00e4ydennyskoulutukset<\/h3>\n\n\n\n<p>2019. Ps\u00fchhosotsiaalse kriisisekkumise ja ps\u00fchholoogilise esmaabi koolitus<br>2018. Skeemiteraapia algkoolitus<br>2018. Keha ja ps\u00fc\u00fchika<br>2018. Atle Dyregrovi praktiline t\u00f6\u00f6tuba- supervisioon v\u00e4ljaelamisvestlusest kriisis peredele<br>2018. Isiksuseh\u00e4irete hindamine SNAP-2 testiga<br>2018. EKKA kevadkonverents \u201eEmotsiooniregulatsiooni kognitiiv- k\u00e4itumuslikud sekkumised<br>2018. PDE-ICD-10 struktureeritud intervjuu kasutajakoolitus<br>2018. Keerulised juhtumid ja komorbiidsus ps\u00fc\u00fchika-ja k\u00e4itumish\u00e4irete ravis<br>2018. Toit ja ps\u00fc\u00fchika<br>2018. Motiveeriv intervjueerimine<br>2017. T\u00f6\u00f6tuba: Laste ja noorukite skeemiteraapia<br>2016. EKKA s\u00f5ltuvush\u00e4irete teemaline kevadkonverents<br>2015. Sissejuhatus kognitiiv-k\u00e4itumisteraapiasse<br>2015. ESSPD Workshops on Personality disorders<br>2013. Perekonna ps\u00fchhoteraapia alused<\/p>\n<\/div><\/div>\n\n<\/div><\/div>\n\n<style>.kb-row-layout-id10366_c4f878-ff > .kt-row-column-wrap{align-content:end;}:where(.kb-row-layout-id10366_c4f878-ff > .kt-row-column-wrap) > .wp-block-kadence-column{justify-content:end;}.kb-row-layout-id10366_c4f878-ff > .kt-row-column-wrap{column-gap:var(--global-kb-gap-md, 2rem);row-gap:var(--global-kb-gap-md, 2rem);max-width:1190px;padding-top:var(--global-kb-spacing-xl, 4rem);padding-bottom:var(--global-kb-spacing-xl, 4rem);grid-template-columns:minmax(0, 1fr);}.kb-row-layout-id10366_c4f878-ff > .kt-row-layout-overlay{opacity:0.30;}@media all and (max-width: 1024px){.kb-row-layout-id10366_c4f878-ff > .kt-row-column-wrap{padding-top:50px;padding-right:40px;padding-bottom:30px;padding-left:40px;grid-template-columns:minmax(0, 1fr);}}@media all and (max-width: 767px){.kb-row-layout-id10366_c4f878-ff > .kt-row-column-wrap{grid-template-columns:minmax(0, 1fr);}}.kb-row-layout-id10366_c4f878-ff input::placeholder {  font-weight: 400;  font-size: 15px;  line-height: 22.5px;  color: #fff;}<\/style><div class=\"kb-row-layout-wrap kb-row-layout-id10366_c4f878-ff alignfull has-palette-color-2-background-color kt-row-has-bg wp-block-kadence-rowlayout\"><div class=\"kt-row-column-wrap kt-has-1-columns kt-row-layout-equal kt-tab-layout-inherit kt-mobile-layout-row kt-row-valign-bottom kb-theme-content-width\">\n<style>.kadence-column10366_58a283-0c > .kt-inside-inner-col{display:flex;}.kadence-column10366_58a283-0c > .kt-inside-inner-col,.kadence-column10366_58a283-0c > .kt-inside-inner-col:before{border-top-left-radius:0px;border-top-right-radius:0px;border-bottom-right-radius:0px;border-bottom-left-radius:0px;}.kadence-column10366_58a283-0c > .kt-inside-inner-col{column-gap:var(--global-kb-gap-sm, 1rem);}.kadence-column10366_58a283-0c > .kt-inside-inner-col{flex-direction:column;justify-content:flex-start;}.kadence-column10366_58a283-0c > .kt-inside-inner-col > .aligncenter{width:100%;}.kt-row-column-wrap > .kadence-column10366_58a283-0c{align-self:flex-start;}.kt-inner-column-height-full:not(.kt-has-1-columns) > .wp-block-kadence-column.kadence-column10366_58a283-0c{align-self:auto;}.kt-inner-column-height-full:not(.kt-has-1-columns) > .wp-block-kadence-column.kadence-column10366_58a283-0c > .kt-inside-inner-col{flex-direction:column;justify-content:flex-start;}.kadence-column10366_58a283-0c > .kt-inside-inner-col:before{opacity:0.3;}.kadence-column10366_58a283-0c{position:relative;}@media all and (max-width: 1024px){.kt-row-column-wrap > .kadence-column10366_58a283-0c{align-self:flex-start;}}@media all and (max-width: 1024px){.kt-inner-column-height-full:not(.kt-has-1-columns) > .wp-block-kadence-column.kadence-column10366_58a283-0c{align-self:auto;}}@media all and (max-width: 1024px){.kt-inner-column-height-full:not(.kt-has-1-columns) > .wp-block-kadence-column.kadence-column10366_58a283-0c > .kt-inside-inner-col{flex-direction:column;justify-content:flex-start;}}@media all and (max-width: 1024px){.kadence-column10366_58a283-0c > .kt-inside-inner-col{flex-direction:column;justify-content:flex-start;}}@media all and (max-width: 767px){.kt-row-column-wrap > .kadence-column10366_58a283-0c{align-self:flex-start;}.kt-inner-column-height-full:not(.kt-has-1-columns) > .wp-block-kadence-column.kadence-column10366_58a283-0c{align-self:auto;}.kt-inner-column-height-full:not(.kt-has-1-columns) > .wp-block-kadence-column.kadence-column10366_58a283-0c > .kt-inside-inner-col{flex-direction:column;justify-content:flex-start;}.kadence-column10366_58a283-0c > .kt-inside-inner-col{flex-direction:column;justify-content:flex-start;}}<\/style>\n<div class=\"wp-block-kadence-column kadence-column10366_58a283-0c\"><div class=\"kt-inside-inner-col\"><style>.wp-block-kadence-advancedheading.kt-adv-heading10366_e6d73b-ba, .wp-block-kadence-advancedheading.kt-adv-heading10366_e6d73b-ba[data-kb-block=\"kb-adv-heading10366_e6d73b-ba\"]{margin-top:10px;margin-bottom:0px;text-align:center;font-size:36px;line-height:42px;font-style:normal;}.wp-block-kadence-advancedheading.kt-adv-heading10366_e6d73b-ba mark.kt-highlight, .wp-block-kadence-advancedheading.kt-adv-heading10366_e6d73b-ba[data-kb-block=\"kb-adv-heading10366_e6d73b-ba\"] mark.kt-highlight{font-style:normal;color:#f76a0c;-webkit-box-decoration-break:clone;box-decoration-break:clone;padding-top:0px;padding-right:0px;padding-bottom:0px;padding-left:0px;}.wp-block-kadence-advancedheading.kt-adv-heading10366_e6d73b-ba img.kb-inline-image, .wp-block-kadence-advancedheading.kt-adv-heading10366_e6d73b-ba[data-kb-block=\"kb-adv-heading10366_e6d73b-ba\"] img.kb-inline-image{width:150px;vertical-align:baseline;}@media all and (max-width: 767px){.wp-block-kadence-advancedheading.kt-adv-heading10366_e6d73b-ba, .wp-block-kadence-advancedheading.kt-adv-heading10366_e6d73b-ba[data-kb-block=\"kb-adv-heading10366_e6d73b-ba\"]{margin-top:10px;margin-bottom:-20px;font-size:32px;text-align:center!important;}}<\/style>\n<h3 class=\"kt-adv-heading10366_e6d73b-ba wp-block-kadence-advancedheading has-palette-color-5-color has-text-color\" data-kb-block=\"kb-adv-heading10366_e6d73b-ba\">Haluatko aloittaa uuden matkasi klinikallamme?<\/h3>\n\n\n<style>.wp-block-kadence-advancedbtn.kb-btns10366_485b80-c0{gap:var(--global-kb-gap-xs, 0.5rem );justify-content:center;align-items:center;}.kt-btns10366_485b80-c0 .kt-button{font-weight:normal;font-style:normal;}.kt-btns10366_485b80-c0 .kt-btn-wrap-0{margin-right:5px;}.wp-block-kadence-advancedbtn.kt-btns10366_485b80-c0 .kt-btn-wrap-0 .kt-button{color:#555555;border-color:#555555;}.wp-block-kadence-advancedbtn.kt-btns10366_485b80-c0 .kt-btn-wrap-0 .kt-button:hover, .wp-block-kadence-advancedbtn.kt-btns10366_485b80-c0 .kt-btn-wrap-0 .kt-button:focus{color:#ffffff;border-color:#444444;}.wp-block-kadence-advancedbtn.kt-btns10366_485b80-c0 .kt-btn-wrap-0 .kt-button::before{display:none;}.wp-block-kadence-advancedbtn.kt-btns10366_485b80-c0 .kt-btn-wrap-0 .kt-button:hover, .wp-block-kadence-advancedbtn.kt-btns10366_485b80-c0 .kt-btn-wrap-0 .kt-button:focus{background:#444444;}<\/style>\n<div class=\"wp-block-kadence-advancedbtn kb-buttons-wrap kb-btns10366_485b80-c0\"><style>ul.menu .wp-block-kadence-advancedbtn .kb-btn10366_d0ca15-e4.kb-button{width:initial;}.wp-block-kadence-advancedbtn .kb-btn10366_d0ca15-e4.kb-button{color:#ffffff;font-size:13px;letter-spacing:1px;font-family:ct_font_gill__sans;font-weight:600;text-transform:uppercase;border-top-left-radius:0px;border-top:1px solid #ffffff;border-right:1px solid #ffffff;border-bottom:1px solid #ffffff;border-left:1px solid #ffffff;padding-top:12px;padding-right:30px;padding-bottom:12px;padding-left:30px;margin-top:30px;}.wp-block-kadence-advancedbtn .kb-btn10366_d0ca15-e4.kb-button:hover, .wp-block-kadence-advancedbtn .kb-btn10366_d0ca15-e4.kb-button:focus{border-top:1px solid var(--theme-palette-color-4, #7BAFAF);border-right:1px solid var(--theme-palette-color-4, #7BAFAF);border-bottom:1px solid var(--theme-palette-color-4, #7BAFAF);border-left:1px solid var(--theme-palette-color-4, #7BAFAF);}@media all and (max-width: 1024px){.wp-block-kadence-advancedbtn .kb-btn10366_d0ca15-e4.kb-button{border-top:1px solid #ffffff;border-right:1px solid #ffffff;border-bottom:1px solid #ffffff;border-left:1px solid #ffffff;}}@media all and (max-width: 1024px){.wp-block-kadence-advancedbtn .kb-btn10366_d0ca15-e4.kb-button:hover, .wp-block-kadence-advancedbtn .kb-btn10366_d0ca15-e4.kb-button:focus{border-top:1px solid var(--theme-palette-color-4, #7BAFAF);border-right:1px solid var(--theme-palette-color-4, #7BAFAF);border-bottom:1px solid var(--theme-palette-color-4, #7BAFAF);border-left:1px solid var(--theme-palette-color-4, #7BAFAF);}}@media all and (max-width: 767px){.wp-block-kadence-advancedbtn .kb-btn10366_d0ca15-e4.kb-button{border-top:1px solid #ffffff;border-right:1px solid #ffffff;border-bottom:1px solid #ffffff;border-left:1px solid #ffffff;}.wp-block-kadence-advancedbtn .kb-btn10366_d0ca15-e4.kb-button:hover, .wp-block-kadence-advancedbtn .kb-btn10366_d0ca15-e4.kb-button:focus{border-top:1px solid var(--theme-palette-color-4, #7BAFAF);border-right:1px solid var(--theme-palette-color-4, #7BAFAF);border-bottom:1px solid var(--theme-palette-color-4, #7BAFAF);border-left:1px solid var(--theme-palette-color-4, #7BAFAF);}}<\/style><a class=\"kb-button kt-button button kb-btn10366_d0ca15-e4 kt-btn-size-large kt-btn-width-type-auto kb-btn-global-outline  kt-btn-has-text-true kt-btn-has-svg-false  wp-block-kadence-singlebtn\" href=\"https:\/\/thehealthclinic.eu\/fi\/varaa-aika\/\"><span class=\"kt-btn-inner-text\">VARAA AIKA KONSULTAATIOON<\/span><\/a><\/div>\n<\/div><\/div>\n\n\n<style>.kadence-column10366_af9ad4-c0 > .kt-inside-inner-col{display:flex;}.kadence-column10366_af9ad4-c0 > .kt-inside-inner-col,.kadence-column10366_af9ad4-c0 > .kt-inside-inner-col:before{border-top-left-radius:0px;border-top-right-radius:0px;border-bottom-right-radius:0px;border-bottom-left-radius:0px;}.kadence-column10366_af9ad4-c0 > .kt-inside-inner-col{column-gap:var(--global-kb-gap-sm, 1rem);}.kadence-column10366_af9ad4-c0 > .kt-inside-inner-col{flex-direction:column;justify-content:flex-end;}.kadence-column10366_af9ad4-c0 > .kt-inside-inner-col > .aligncenter{width:100%;}.kt-row-column-wrap > .kadence-column10366_af9ad4-c0{align-self:flex-end;}.kt-inner-column-height-full:not(.kt-has-1-columns) > .wp-block-kadence-column.kadence-column10366_af9ad4-c0{align-self:auto;}.kt-inner-column-height-full:not(.kt-has-1-columns) > .wp-block-kadence-column.kadence-column10366_af9ad4-c0 > .kt-inside-inner-col{flex-direction:column;justify-content:flex-end;}.kadence-column10366_af9ad4-c0 > .kt-inside-inner-col:before{opacity:0.3;}.kadence-column10366_af9ad4-c0{position:relative;}@media all and (max-width: 1024px){.kt-row-column-wrap > .kadence-column10366_af9ad4-c0{align-self:flex-end;}}@media all and (max-width: 1024px){.kt-inner-column-height-full:not(.kt-has-1-columns) > .wp-block-kadence-column.kadence-column10366_af9ad4-c0{align-self:auto;}}@media all and (max-width: 1024px){.kt-inner-column-height-full:not(.kt-has-1-columns) > .wp-block-kadence-column.kadence-column10366_af9ad4-c0 > .kt-inside-inner-col{flex-direction:column;justify-content:flex-end;}}@media all and (max-width: 1024px){.kadence-column10366_af9ad4-c0 > .kt-inside-inner-col{flex-direction:column;justify-content:flex-end;}}@media all and (max-width: 767px){.kt-row-column-wrap > .kadence-column10366_af9ad4-c0{align-self:flex-end;}.kt-inner-column-height-full:not(.kt-has-1-columns) > .wp-block-kadence-column.kadence-column10366_af9ad4-c0{align-self:auto;}.kt-inner-column-height-full:not(.kt-has-1-columns) > .wp-block-kadence-column.kadence-column10366_af9ad4-c0 > .kt-inside-inner-col{flex-direction:column;justify-content:flex-end;}.kadence-column10366_af9ad4-c0 > .kt-inside-inner-col{flex-direction:column;justify-content:flex-end;}}<\/style>\n<div class=\"wp-block-kadence-column kadence-column10366_af9ad4-c0\" data-aos=\"fade\" data-aos-duration=\"350\" data-aos-delay=\"100\" data-aos-easing=\"ease-in\"><div class=\"kt-inside-inner-col\"><\/div><\/div>\n\n<\/div><\/div>","protected":false},"excerpt":{"rendered":"<p>Esittely Kristi liittyi Health Clinic Laihdutusklinikan tiimiin vuonna 2018, ja h\u00e4n neuvoo laihdutusleikkauksessa olleita potilaita painonpudotuksessa. H\u00e4n on Tallinnan yliopiston psykologian laitoksen psykologian maisteriopinnoista valmistunut kliininen psykologi, joka on suorittanut perheterapian alkeiskurssin ja kognitiivisen k\u00e4ytt\u00e4ytymisterapian peruskoulutuksen. Lis\u00e4ksi h\u00e4n perehtyy parhaillaan skeematerapian menetelmiin. Kristi on ty\u00f6skennellyt kuntoutusosastolla leikattujen potilaiden parissa ja toimii parhaillaan l\u00e4hinn\u00e4 erilaisten mielenterveyspotilaiden [&hellip;]<\/p>\n","protected":false},"author":2,"featured_media":5845,"parent":10318,"menu_order":0,"comment_status":"closed","ping_status":"closed","template":"","meta":{"_kad_blocks_custom_css":"","_kad_blocks_head_custom_js":"","_kad_blocks_body_custom_js":"","_kad_blocks_footer_custom_js":"","custom_jsonld_schema":"","footnotes":""},"class_list":["post-10366","page","type-page","status-publish","has-post-thumbnail","hentry"],"blocksy_meta":{"vertical_spacing_source":"custom","content_area_spacing":"none","styles_descriptor":{"styles":{"desktop":"","tablet":"","mobile":""},"google_fonts":[],"version":6}},"taxonomy_info":[],"featured_image_src_large":["https:\/\/thehealthclinic.eu\/wp-content\/uploads\/2024\/03\/tiim.svg",1024,174,false],"author_info":{"display_name":"Janek","author_link":"https:\/\/thehealthclinic.eu\/fi\/author\/janek\/"},"comment_info":0,"_links":{"self":[{"href":"https:\/\/thehealthclinic.eu\/fi\/wp-json\/wp\/v2\/pages\/10366","targetHints":{"allow":["GET"]}}],"collection":[{"href":"https:\/\/thehealthclinic.eu\/fi\/wp-json\/wp\/v2\/pages"}],"about":[{"href":"https:\/\/thehealthclinic.eu\/fi\/wp-json\/wp\/v2\/types\/page"}],"author":[{"embeddable":true,"href":"https:\/\/thehealthclinic.eu\/fi\/wp-json\/wp\/v2\/users\/2"}],"replies":[{"embeddable":true,"href":"https:\/\/thehealthclinic.eu\/fi\/wp-json\/wp\/v2\/comments?post=10366"}],"version-history":[{"count":0,"href":"https:\/\/thehealthclinic.eu\/fi\/wp-json\/wp\/v2\/pages\/10366\/revisions"}],"up":[{"embeddable":true,"href":"https:\/\/thehealthclinic.eu\/fi\/wp-json\/wp\/v2\/pages\/10318"}],"wp:featuredmedia":[{"embeddable":true,"href":"https:\/\/thehealthclinic.eu\/fi\/wp-json\/wp\/v2\/media\/5845"}],"wp:attachment":[{"href":"https:\/\/thehealthclinic.eu\/fi\/wp-json\/wp\/v2\/media?parent=10366"}],"curies":[{"name":"wp","href":"https:\/\/api.w.org\/{rel}","templated":true}]}}