{"id":10369,"date":"2024-03-19T16:02:10","date_gmt":"2024-03-19T14:02:10","guid":{"rendered":"https:\/\/uus.thehealthclinic.eu\/?page_id=10369"},"modified":"2025-09-21T12:43:04","modified_gmt":"2025-09-21T09:43:04","slug":"maarja-lember","status":"publish","type":"page","link":"https:\/\/thehealthclinic.eu\/fi\/joukkue\/maarja-lember\/","title":{"rendered":"Maarja Lember"},"content":{"rendered":"<style>.kb-row-layout-wrap.wp-block-kadence-rowlayout.kb-row-layout-id10369_46661e-fc{margin-top:0px;margin-bottom:0px;}.kb-row-layout-id10369_46661e-fc > .kt-row-column-wrap{align-content:center;}:where(.kb-row-layout-id10369_46661e-fc > .kt-row-column-wrap) > .wp-block-kadence-column{justify-content:center;}.kb-row-layout-id10369_46661e-fc > .kt-row-column-wrap{column-gap:var(--global-kb-gap-lg, 4rem);row-gap:var(--global-kb-gap-md, 2rem);padding-top:0px;padding-right:0px;padding-bottom:0px;padding-left:0px;grid-template-columns:minmax(0, calc(45% - ((var(--global-kb-gap-lg, 4rem) * 1 )\/2)))minmax(0, calc(55% - ((var(--global-kb-gap-lg, 4rem) * 1 )\/2)));}.kb-row-layout-id10369_46661e-fc > .kt-row-layout-overlay{opacity:0.30;}@media all and (max-width: 1024px){.kb-row-layout-id10369_46661e-fc > .kt-row-column-wrap{grid-template-columns:repeat(2, minmax(0, 1fr));}}@media all and (max-width: 767px){.kb-row-layout-id10369_46661e-fc > .kt-row-column-wrap{grid-template-columns:minmax(0, 1fr);}}<\/style><div class=\"kb-row-layout-wrap kb-row-layout-id10369_46661e-fc alignfull wp-block-kadence-rowlayout\"><div class=\"kt-row-column-wrap kt-has-2-columns kt-row-layout-equal kt-tab-layout-equal kt-mobile-layout-row kt-row-valign-middle\">\n<style>.kadence-column10369_09c63d-b3 > .kt-inside-inner-col{min-height:690px;}.kadence-column10369_09c63d-b3 > .kt-inside-inner-col,.kadence-column10369_09c63d-b3 > .kt-inside-inner-col:before{border-top-left-radius:0px;border-top-right-radius:0px;border-bottom-right-radius:0px;border-bottom-left-radius:0px;}.kadence-column10369_09c63d-b3 > .kt-inside-inner-col{column-gap:var(--global-kb-gap-sm, 1rem);}.kadence-column10369_09c63d-b3 > .kt-inside-inner-col{flex-direction:column;}.kadence-column10369_09c63d-b3 > .kt-inside-inner-col > .aligncenter{width:100%;}.kadence-column10369_09c63d-b3 > .kt-inside-inner-col{background-image:url('https:\/\/thehealthclinic.eu\/wp-content\/uploads\/2024\/04\/lember-1.jpg');background-size:cover;background-position:51% 27%;background-attachment:scroll;background-repeat:no-repeat;}.kadence-column10369_09c63d-b3 > .kt-inside-inner-col:before{opacity:0.3;}.kadence-column10369_09c63d-b3{position:relative;}@media all and (max-width: 1024px){.kadence-column10369_09c63d-b3 > .kt-inside-inner-col{flex-direction:column;justify-content:center;}}@media all and (max-width: 767px){.kadence-column10369_09c63d-b3 > .kt-inside-inner-col{min-height:300px;flex-direction:column;justify-content:center;}}<\/style>\n<div class=\"wp-block-kadence-column kadence-column10369_09c63d-b3\"><div class=\"kt-inside-inner-col\"><\/div><\/div>\n\n\n<style>.kadence-column10369_fa10b7-d9 > .kt-inside-inner-col{padding-right:100px;padding-left:70px;}.kadence-column10369_fa10b7-d9 > .kt-inside-inner-col,.kadence-column10369_fa10b7-d9 > .kt-inside-inner-col:before{border-top-left-radius:0px;border-top-right-radius:0px;border-bottom-right-radius:0px;border-bottom-left-radius:0px;}.kadence-column10369_fa10b7-d9 > .kt-inside-inner-col{column-gap:var(--global-kb-gap-sm, 1rem);}.kadence-column10369_fa10b7-d9 > .kt-inside-inner-col{flex-direction:column;}.kadence-column10369_fa10b7-d9 > .kt-inside-inner-col > .aligncenter{width:100%;}.kadence-column10369_fa10b7-d9 > .kt-inside-inner-col:before{opacity:0.3;}.kadence-column10369_fa10b7-d9{position:relative;}@media all and (max-width: 1024px){.kadence-column10369_fa10b7-d9 > .kt-inside-inner-col{padding-right:20px;padding-left:0px;flex-direction:column;justify-content:center;}}@media all and (max-width: 767px){.kadence-column10369_fa10b7-d9 > .kt-inside-inner-col{padding-top:20px;padding-right:30px;padding-bottom:50px;padding-left:30px;flex-direction:column;justify-content:center;}}<\/style>\n<div class=\"wp-block-kadence-column kadence-column10369_fa10b7-d9\"><div class=\"kt-inside-inner-col\"><style>.wp-block-kadence-advancedheading.kt-adv-heading10369_0bf4c5-22, .wp-block-kadence-advancedheading.kt-adv-heading10369_0bf4c5-22[data-kb-block=\"kb-adv-heading10369_0bf4c5-22\"]{line-height:49px;font-style:normal;}.wp-block-kadence-advancedheading.kt-adv-heading10369_0bf4c5-22 mark.kt-highlight, .wp-block-kadence-advancedheading.kt-adv-heading10369_0bf4c5-22[data-kb-block=\"kb-adv-heading10369_0bf4c5-22\"] mark.kt-highlight{font-style:normal;color:#f76a0c;-webkit-box-decoration-break:clone;box-decoration-break:clone;padding-top:0px;padding-right:0px;padding-bottom:0px;padding-left:0px;}.wp-block-kadence-advancedheading.kt-adv-heading10369_0bf4c5-22 img.kb-inline-image, .wp-block-kadence-advancedheading.kt-adv-heading10369_0bf4c5-22[data-kb-block=\"kb-adv-heading10369_0bf4c5-22\"] img.kb-inline-image{width:150px;vertical-align:baseline;}<\/style>\n<h2 class=\"kt-adv-heading10369_0bf4c5-22 wp-block-kadence-advancedheading\" data-kb-block=\"kb-adv-heading10369_0bf4c5-22\">Esittely<\/h2>\n\n\n\n<p>Maarja Lember on kliininen ravitsemusterapeutti, jolla on laaja kokemus ja joka toimii sek\u00e4 laitos- ett\u00e4 avohoitopotilaiden erikoistuneen neuvonnan parissa.<\/p>\n\n\n\n<p>H\u00e4n sai erikoisalan koulutuksen (Nutrition &amp; Dietetics, BSc) englantilaisesta Surreyn yliopistosta ja opiskelee t\u00e4ll\u00e4 hetkell\u00e4 s\u00e4hk\u00f6isten terveyspalvelujen maisterinkoulutuksessa. Viron kliinisen ravitsemuksen seuran j\u00e4senen\u00e4 Maarja on osallistunut aktiivisesti kliinisen ravitsemushoidon kehitykseen ja sen saatavuuden parantamiseen Virossa. Maarja pit\u00e4\u00e4 s\u00e4\u00e4nn\u00f6llisesti erilaisia luentoja ja osallistuu kansainv\u00e4lisiin konferensseihin ja koulutuksiin.<\/p>\n\n\n\n<p>H\u00e4n pit\u00e4\u00e4 ty\u00f6ss\u00e4\u00e4n t\u00e4rkeimp\u00e4n\u00e4 l\u00e4heist\u00e4 yhteisty\u00f6t\u00e4 potilaan kanssa, jotta voidaan luoda kest\u00e4vi\u00e4 muutoksia, jotka sopivat henkil\u00f6n todelliseen el\u00e4m\u00e4ntyyliin ja ovat h\u00e4nen tavoitteidensa mukaisia.<\/p>\n<\/div><\/div>\n\n<\/div><\/div>\n\n<style>.kb-row-layout-id10369_e509f8-28 > .kt-row-column-wrap{align-content:start;}:where(.kb-row-layout-id10369_e509f8-28 > .kt-row-column-wrap) > .wp-block-kadence-column{justify-content:start;}.kb-row-layout-id10369_e509f8-28 > .kt-row-column-wrap{column-gap:var(--global-kb-gap-md, 2rem);row-gap:var(--global-kb-gap-md, 2rem);max-width:1190px;padding-top:80px;padding-bottom:80px;grid-template-columns:minmax(0, 1fr);}.kb-row-layout-id10369_e509f8-28{background-color:#fafafa;}.kb-row-layout-id10369_e509f8-28 > .kt-row-layout-overlay{opacity:0.30;}@media all and (max-width: 1024px){.kb-row-layout-id10369_e509f8-28 > .kt-row-column-wrap{grid-template-columns:minmax(0, 1fr);}}@media all and (max-width: 767px){.kb-row-layout-id10369_e509f8-28 > .kt-row-column-wrap{grid-template-columns:minmax(0, 1fr);}}@media (max-width: 767px) {    .cv td:nth-child(1) {        width: auto;        text-align: left;        background: transparent;    }    .cv td:nth-child(2) {        width: auto;        background: transparent;        text-align: left;    }}@media (min-width: 768px) and (max-width: 929px) {    .cv td:nth-child(1) {        width: 20%;    }    .cv td:nth-child(2) {        width: 80%;    }}@media (min-width: 930px) {    .cv td:nth-child(1) {        width: 15%;    }    .cv td:nth-child(2) {        width: 85%;    }}<\/style><div class=\"kb-row-layout-wrap kb-row-layout-id10369_e509f8-28 alignfull kt-row-has-bg wp-block-kadence-rowlayout\"><div class=\"kt-row-column-wrap kt-has-1-columns kt-row-layout-equal kt-tab-layout-inherit kt-mobile-layout-row kt-row-valign-top kb-theme-content-width\">\n<style>.kadence-column10369_ee04fb-f0 > .kt-inside-inner-col,.kadence-column10369_ee04fb-f0 > .kt-inside-inner-col:before{border-top-left-radius:0px;border-top-right-radius:0px;border-bottom-right-radius:0px;border-bottom-left-radius:0px;}.kadence-column10369_ee04fb-f0 > .kt-inside-inner-col{column-gap:var(--global-kb-gap-sm, 1rem);}.kadence-column10369_ee04fb-f0 > .kt-inside-inner-col{flex-direction:column;}.kadence-column10369_ee04fb-f0 > .kt-inside-inner-col > .aligncenter{width:100%;}.kadence-column10369_ee04fb-f0 > .kt-inside-inner-col:before{opacity:0.3;}.kadence-column10369_ee04fb-f0{position:relative;}@media all and (max-width: 1024px){.kadence-column10369_ee04fb-f0 > .kt-inside-inner-col{flex-direction:column;justify-content:center;}}@media all and (max-width: 767px){.kadence-column10369_ee04fb-f0 > .kt-inside-inner-col{flex-direction:column;justify-content:center;}}<\/style>\n<div class=\"wp-block-kadence-column kadence-column10369_ee04fb-f0\"><div class=\"kt-inside-inner-col\"><style>.wp-block-kadence-advancedheading.kt-adv-heading10369_6a4a0f-02, .wp-block-kadence-advancedheading.kt-adv-heading10369_6a4a0f-02[data-kb-block=\"kb-adv-heading10369_6a4a0f-02\"]{margin-top:0px;margin-bottom:0px;text-align:center;line-height:49px;font-style:normal;}.wp-block-kadence-advancedheading.kt-adv-heading10369_6a4a0f-02 mark.kt-highlight, .wp-block-kadence-advancedheading.kt-adv-heading10369_6a4a0f-02[data-kb-block=\"kb-adv-heading10369_6a4a0f-02\"] mark.kt-highlight{font-style:normal;color:#f76a0c;-webkit-box-decoration-break:clone;box-decoration-break:clone;padding-top:0px;padding-right:0px;padding-bottom:0px;padding-left:0px;}.wp-block-kadence-advancedheading.kt-adv-heading10369_6a4a0f-02 img.kb-inline-image, .wp-block-kadence-advancedheading.kt-adv-heading10369_6a4a0f-02[data-kb-block=\"kb-adv-heading10369_6a4a0f-02\"] img.kb-inline-image{width:150px;vertical-align:baseline;}<\/style>\n<h2 class=\"kt-adv-heading10369_6a4a0f-02 wp-block-kadence-advancedheading\" data-kb-block=\"kb-adv-heading10369_6a4a0f-02\">Curriculum Vitae<\/h2>\n\n\n\n<h3 class=\"wp-block-heading has-palette-color-4-color has-text-color has-link-color wp-elements-502331a48d7fd008b2aa3be9ec13a67f\">Koulutus<\/h3>\n\n\n\n<figure class=\"wp-block-table cv\"><table class=\"has-border-color has-palette-color-7-border-color\"><tbody><tr><td><strong>2011 \u2013 2015<\/strong><\/td><td>Ravitsemustiede ja ruokavalio-oppi (<em>Nutrition &amp; Dietetics BSc<\/em>), Surreyn yliopisto, Englanti<\/td><\/tr><tr><td><strong>2020 \u2013 2023<\/strong><\/td><td>S\u00e4hk\u00f6iset terveyspalvelut, Mtech, Tallinnan teknillinen yliopisto<\/td><\/tr><\/tbody><\/table><\/figure>\n\n\n\n<h3 class=\"wp-block-heading has-palette-color-4-color has-text-color has-link-color wp-elements-53d91ca559f4aedd35176f92db3ea173\">Ty\u00f6kokemus<\/h3>\n\n\n\n<figure class=\"wp-block-table cv\"><table class=\"has-border-color has-palette-color-7-border-color\"><tbody><tr><td><strong>2020 \u2013 \u2026<\/strong><\/td><td>Health Clinic Laihdutusklinikka, kliininen ravitsemusterapeutti<\/td><\/tr><tr><td><strong>2017 \u2013 \u2026<\/strong><\/td><td>Tallinnan lastensairaala, kliininen ravitsemusterapeutti<\/td><\/tr><tr><td><strong>2016 \u2013 2022<\/strong><\/td><td>Pohjois-Viron aluesairaala, kliininen ravitsemusterapeutti<\/td><\/tr><tr><td><strong>2018 \u2013 2022<\/strong><\/td><td>Ravitsemusneuvonnan lehtori, Tallinnan yliopiston Haapsalun oppilaitos<\/td><\/tr><tr><td><strong>2017 \u2013 2020<\/strong><\/td><td>Ravitsemusneuvojan ja -terapeutin ammattitutkinnon arviointilautakunnan j\u00e4sen, Viron terveydenedist\u00e4misyhdistys<\/td><\/tr><\/tbody><\/table><\/figure>\n\n\n\n<h3 class=\"wp-block-heading has-palette-color-4-color has-text-color has-link-color wp-elements-5fd8dacb78b87097402e5ff0ed068587\">Artikkelit ja projektit<\/h3>\n\n\n\n<p>Laas A. &amp; M. Lember. Potilaan hoito bariatrisen leikkauksen j\u00e4lkeen. Pere\u00f5de; 2020.<br>Lember M. Ravitsemus kasvaimiin liittyviss\u00e4 sairauksissa. Tallinna: Tervise Arengu Instituut; 2019.<br>Lember, M. Lasten ravitsemusterapia yleisl\u00e4\u00e4k\u00e4rin vastaanotolla. Meditsiiniuudised; 2018.<br>Baltian kliinisen ravitsemuskonferenssin p\u00e4\u00e4j\u00e4rjest\u00e4j\u00e4; 2017 ja 2022<br>Viron sairausvakuutuskassan videoluennot terveydenhuollon ammattilaisille: Laihdutusleikkauspotilaan perioperatiivinen hoito; 2018<\/p>\n\n\n\n<h3 class=\"wp-block-heading has-palette-color-4-color has-text-color has-link-color wp-elements-529220605ce9651b6e893ee751df66aa\">T\u00e4ydennyskoulutukset<\/h3>\n\n\n\n<p>2019. Integrative Bariatric Support, International Federation For The Surgery Of Obesity And Metabolic Disorders, Madriid<br>2019. ESPGHAN Nutrition Summer School, ESPGHAN, Stresa, Itaalia<br>2019. Intestinal Failure, ESPEN Expert\u2019s Course, Salford, Suurbritannia<br>2018. Bariatric Nutrition Course,&nbsp; American Society for Metabolic and Bariatric Surgery, Nashville, USA<br>2017. Motivoivan haastattelun kurssi, Pohjois-Viron aluesairaala, Viro<\/p>\n\n\n\n<h3 class=\"wp-block-heading has-palette-color-4-color has-text-color has-link-color wp-elements-a75722074515e21e81bca88adfd50265\">Ammatilliset j\u00e4senyydet<\/h3>\n\n\n\n<figure class=\"wp-block-table cv\"><table class=\"has-border-color has-palette-color-7-border-color\"><tbody><tr><td><strong>2016 \u2013 \u2026<\/strong><\/td><td>Euroopan kliinisen ravitsemuksen yhdistys (ESPEN)<\/td><\/tr><tr><td><strong>2016 \u2013 \u2026<\/strong><\/td><td>Viron kliininen ravitsemusseura (Eesti Kliinilise Toitmise Selts, EstSPEN)<\/td><\/tr><tr><td><strong>2017 \u2013 \u2026<\/strong><\/td><td>Kliininen ravitsemusterapeutti, tason 6 ammattip\u00e4tevyystodistus<\/td><\/tr><\/tbody><\/table><\/figure>\n<\/div><\/div>\n\n<\/div><\/div>\n\n<style>.kb-row-layout-id10369_baeb02-a7 > .kt-row-column-wrap{align-content:end;}:where(.kb-row-layout-id10369_baeb02-a7 > .kt-row-column-wrap) > .wp-block-kadence-column{justify-content:end;}.kb-row-layout-id10369_baeb02-a7 > .kt-row-column-wrap{column-gap:var(--global-kb-gap-md, 2rem);row-gap:var(--global-kb-gap-md, 2rem);max-width:1190px;padding-top:var(--global-kb-spacing-xl, 4rem);padding-bottom:var(--global-kb-spacing-xl, 4rem);grid-template-columns:minmax(0, 1fr);}.kb-row-layout-id10369_baeb02-a7 > .kt-row-layout-overlay{opacity:0.30;}@media all and (max-width: 1024px){.kb-row-layout-id10369_baeb02-a7 > .kt-row-column-wrap{padding-top:50px;padding-right:40px;padding-bottom:30px;padding-left:40px;grid-template-columns:minmax(0, 1fr);}}@media all and (max-width: 767px){.kb-row-layout-id10369_baeb02-a7 > .kt-row-column-wrap{grid-template-columns:minmax(0, 1fr);}}.kb-row-layout-id10369_baeb02-a7 input::placeholder {  font-weight: 400;  font-size: 15px;  line-height: 22.5px;  color: #fff;}<\/style><div class=\"kb-row-layout-wrap kb-row-layout-id10369_baeb02-a7 alignfull has-palette-color-2-background-color kt-row-has-bg wp-block-kadence-rowlayout\"><div class=\"kt-row-column-wrap kt-has-1-columns kt-row-layout-equal kt-tab-layout-inherit kt-mobile-layout-row kt-row-valign-bottom kb-theme-content-width\">\n<style>.kadence-column10369_2cf6ee-26 > .kt-inside-inner-col{display:flex;}.kadence-column10369_2cf6ee-26 > .kt-inside-inner-col,.kadence-column10369_2cf6ee-26 > .kt-inside-inner-col:before{border-top-left-radius:0px;border-top-right-radius:0px;border-bottom-right-radius:0px;border-bottom-left-radius:0px;}.kadence-column10369_2cf6ee-26 > .kt-inside-inner-col{column-gap:var(--global-kb-gap-sm, 1rem);}.kadence-column10369_2cf6ee-26 > .kt-inside-inner-col{flex-direction:column;justify-content:flex-start;}.kadence-column10369_2cf6ee-26 > .kt-inside-inner-col > .aligncenter{width:100%;}.kt-row-column-wrap > .kadence-column10369_2cf6ee-26{align-self:flex-start;}.kt-inner-column-height-full:not(.kt-has-1-columns) > .wp-block-kadence-column.kadence-column10369_2cf6ee-26{align-self:auto;}.kt-inner-column-height-full:not(.kt-has-1-columns) > .wp-block-kadence-column.kadence-column10369_2cf6ee-26 > .kt-inside-inner-col{flex-direction:column;justify-content:flex-start;}.kadence-column10369_2cf6ee-26 > .kt-inside-inner-col:before{opacity:0.3;}.kadence-column10369_2cf6ee-26{position:relative;}@media all and (max-width: 1024px){.kt-row-column-wrap > .kadence-column10369_2cf6ee-26{align-self:flex-start;}}@media all and (max-width: 1024px){.kt-inner-column-height-full:not(.kt-has-1-columns) > .wp-block-kadence-column.kadence-column10369_2cf6ee-26{align-self:auto;}}@media all and (max-width: 1024px){.kt-inner-column-height-full:not(.kt-has-1-columns) > .wp-block-kadence-column.kadence-column10369_2cf6ee-26 > .kt-inside-inner-col{flex-direction:column;justify-content:flex-start;}}@media all and (max-width: 1024px){.kadence-column10369_2cf6ee-26 > .kt-inside-inner-col{flex-direction:column;justify-content:flex-start;}}@media all and (max-width: 767px){.kt-row-column-wrap > .kadence-column10369_2cf6ee-26{align-self:flex-start;}.kt-inner-column-height-full:not(.kt-has-1-columns) > .wp-block-kadence-column.kadence-column10369_2cf6ee-26{align-self:auto;}.kt-inner-column-height-full:not(.kt-has-1-columns) > .wp-block-kadence-column.kadence-column10369_2cf6ee-26 > .kt-inside-inner-col{flex-direction:column;justify-content:flex-start;}.kadence-column10369_2cf6ee-26 > .kt-inside-inner-col{flex-direction:column;justify-content:flex-start;}}<\/style>\n<div class=\"wp-block-kadence-column kadence-column10369_2cf6ee-26\"><div class=\"kt-inside-inner-col\"><style>.wp-block-kadence-advancedheading.kt-adv-heading10369_245efb-37, .wp-block-kadence-advancedheading.kt-adv-heading10369_245efb-37[data-kb-block=\"kb-adv-heading10369_245efb-37\"]{margin-top:10px;margin-bottom:0px;text-align:center;font-size:36px;line-height:42px;font-style:normal;}.wp-block-kadence-advancedheading.kt-adv-heading10369_245efb-37 mark.kt-highlight, .wp-block-kadence-advancedheading.kt-adv-heading10369_245efb-37[data-kb-block=\"kb-adv-heading10369_245efb-37\"] mark.kt-highlight{font-style:normal;color:#f76a0c;-webkit-box-decoration-break:clone;box-decoration-break:clone;padding-top:0px;padding-right:0px;padding-bottom:0px;padding-left:0px;}.wp-block-kadence-advancedheading.kt-adv-heading10369_245efb-37 img.kb-inline-image, .wp-block-kadence-advancedheading.kt-adv-heading10369_245efb-37[data-kb-block=\"kb-adv-heading10369_245efb-37\"] img.kb-inline-image{width:150px;vertical-align:baseline;}@media all and (max-width: 767px){.wp-block-kadence-advancedheading.kt-adv-heading10369_245efb-37, .wp-block-kadence-advancedheading.kt-adv-heading10369_245efb-37[data-kb-block=\"kb-adv-heading10369_245efb-37\"]{margin-top:10px;margin-bottom:-20px;font-size:32px;text-align:center!important;}}<\/style>\n<h3 class=\"kt-adv-heading10369_245efb-37 wp-block-kadence-advancedheading has-palette-color-5-color has-text-color\" data-kb-block=\"kb-adv-heading10369_245efb-37\">Haluatko aloittaa uuden matkasi klinikallamme?<\/h3>\n\n\n<style>.wp-block-kadence-advancedbtn.kb-btns10369_676302-91{gap:var(--global-kb-gap-xs, 0.5rem );justify-content:center;align-items:center;}.kt-btns10369_676302-91 .kt-button{font-weight:normal;font-style:normal;}.kt-btns10369_676302-91 .kt-btn-wrap-0{margin-right:5px;}.wp-block-kadence-advancedbtn.kt-btns10369_676302-91 .kt-btn-wrap-0 .kt-button{color:#555555;border-color:#555555;}.wp-block-kadence-advancedbtn.kt-btns10369_676302-91 .kt-btn-wrap-0 .kt-button:hover, .wp-block-kadence-advancedbtn.kt-btns10369_676302-91 .kt-btn-wrap-0 .kt-button:focus{color:#ffffff;border-color:#444444;}.wp-block-kadence-advancedbtn.kt-btns10369_676302-91 .kt-btn-wrap-0 .kt-button::before{display:none;}.wp-block-kadence-advancedbtn.kt-btns10369_676302-91 .kt-btn-wrap-0 .kt-button:hover, .wp-block-kadence-advancedbtn.kt-btns10369_676302-91 .kt-btn-wrap-0 .kt-button:focus{background:#444444;}<\/style>\n<div class=\"wp-block-kadence-advancedbtn kb-buttons-wrap kb-btns10369_676302-91\"><style>ul.menu .wp-block-kadence-advancedbtn .kb-btn10369_2e8d1a-88.kb-button{width:initial;}.wp-block-kadence-advancedbtn .kb-btn10369_2e8d1a-88.kb-button{color:#ffffff;font-size:13px;letter-spacing:1px;font-family:ct_font_gill__sans;font-weight:600;text-transform:uppercase;border-top-left-radius:0px;border-top:1px solid #ffffff;border-right:1px solid #ffffff;border-bottom:1px solid #ffffff;border-left:1px solid #ffffff;padding-top:12px;padding-right:30px;padding-bottom:12px;padding-left:30px;margin-top:30px;}.wp-block-kadence-advancedbtn .kb-btn10369_2e8d1a-88.kb-button:hover, .wp-block-kadence-advancedbtn .kb-btn10369_2e8d1a-88.kb-button:focus{border-top:1px solid var(--theme-palette-color-4, #7BAFAF);border-right:1px solid var(--theme-palette-color-4, #7BAFAF);border-bottom:1px solid var(--theme-palette-color-4, #7BAFAF);border-left:1px solid var(--theme-palette-color-4, #7BAFAF);}@media all and (max-width: 1024px){.wp-block-kadence-advancedbtn .kb-btn10369_2e8d1a-88.kb-button{border-top:1px solid #ffffff;border-right:1px solid #ffffff;border-bottom:1px solid #ffffff;border-left:1px solid #ffffff;}}@media all and (max-width: 1024px){.wp-block-kadence-advancedbtn .kb-btn10369_2e8d1a-88.kb-button:hover, .wp-block-kadence-advancedbtn .kb-btn10369_2e8d1a-88.kb-button:focus{border-top:1px solid var(--theme-palette-color-4, #7BAFAF);border-right:1px solid var(--theme-palette-color-4, #7BAFAF);border-bottom:1px solid var(--theme-palette-color-4, #7BAFAF);border-left:1px solid var(--theme-palette-color-4, #7BAFAF);}}@media all and (max-width: 767px){.wp-block-kadence-advancedbtn .kb-btn10369_2e8d1a-88.kb-button{border-top:1px solid #ffffff;border-right:1px solid #ffffff;border-bottom:1px solid #ffffff;border-left:1px solid #ffffff;}.wp-block-kadence-advancedbtn .kb-btn10369_2e8d1a-88.kb-button:hover, .wp-block-kadence-advancedbtn .kb-btn10369_2e8d1a-88.kb-button:focus{border-top:1px solid var(--theme-palette-color-4, #7BAFAF);border-right:1px solid var(--theme-palette-color-4, #7BAFAF);border-bottom:1px solid var(--theme-palette-color-4, #7BAFAF);border-left:1px solid var(--theme-palette-color-4, #7BAFAF);}}<\/style><a class=\"kb-button kt-button button kb-btn10369_2e8d1a-88 kt-btn-size-large kt-btn-width-type-auto kb-btn-global-outline  kt-btn-has-text-true kt-btn-has-svg-false  wp-block-kadence-singlebtn\" href=\"https:\/\/thehealthclinic.eu\/fi\/varaa-aika\/\"><span class=\"kt-btn-inner-text\">VARAA AIKA KONSULTAATIOON<\/span><\/a><\/div>\n<\/div><\/div>\n\n\n<style>.kadence-column10369_5e491a-62 > .kt-inside-inner-col{display:flex;}.kadence-column10369_5e491a-62 > .kt-inside-inner-col,.kadence-column10369_5e491a-62 > .kt-inside-inner-col:before{border-top-left-radius:0px;border-top-right-radius:0px;border-bottom-right-radius:0px;border-bottom-left-radius:0px;}.kadence-column10369_5e491a-62 > .kt-inside-inner-col{column-gap:var(--global-kb-gap-sm, 1rem);}.kadence-column10369_5e491a-62 > .kt-inside-inner-col{flex-direction:column;justify-content:flex-end;}.kadence-column10369_5e491a-62 > .kt-inside-inner-col > .aligncenter{width:100%;}.kt-row-column-wrap > .kadence-column10369_5e491a-62{align-self:flex-end;}.kt-inner-column-height-full:not(.kt-has-1-columns) > .wp-block-kadence-column.kadence-column10369_5e491a-62{align-self:auto;}.kt-inner-column-height-full:not(.kt-has-1-columns) > .wp-block-kadence-column.kadence-column10369_5e491a-62 > .kt-inside-inner-col{flex-direction:column;justify-content:flex-end;}.kadence-column10369_5e491a-62 > .kt-inside-inner-col:before{opacity:0.3;}.kadence-column10369_5e491a-62{position:relative;}@media all and (max-width: 1024px){.kt-row-column-wrap > .kadence-column10369_5e491a-62{align-self:flex-end;}}@media all and (max-width: 1024px){.kt-inner-column-height-full:not(.kt-has-1-columns) > .wp-block-kadence-column.kadence-column10369_5e491a-62{align-self:auto;}}@media all and (max-width: 1024px){.kt-inner-column-height-full:not(.kt-has-1-columns) > .wp-block-kadence-column.kadence-column10369_5e491a-62 > .kt-inside-inner-col{flex-direction:column;justify-content:flex-end;}}@media all and (max-width: 1024px){.kadence-column10369_5e491a-62 > .kt-inside-inner-col{flex-direction:column;justify-content:flex-end;}}@media all and (max-width: 767px){.kt-row-column-wrap > .kadence-column10369_5e491a-62{align-self:flex-end;}.kt-inner-column-height-full:not(.kt-has-1-columns) > .wp-block-kadence-column.kadence-column10369_5e491a-62{align-self:auto;}.kt-inner-column-height-full:not(.kt-has-1-columns) > .wp-block-kadence-column.kadence-column10369_5e491a-62 > .kt-inside-inner-col{flex-direction:column;justify-content:flex-end;}.kadence-column10369_5e491a-62 > .kt-inside-inner-col{flex-direction:column;justify-content:flex-end;}}<\/style>\n<div class=\"wp-block-kadence-column kadence-column10369_5e491a-62\" data-aos=\"fade\" data-aos-duration=\"350\" data-aos-delay=\"100\" data-aos-easing=\"ease-in\"><div class=\"kt-inside-inner-col\"><\/div><\/div>\n\n<\/div><\/div>","protected":false},"excerpt":{"rendered":"<p>Esittely Maarja Lember on kliininen ravitsemusterapeutti, jolla on laaja kokemus ja joka toimii sek\u00e4 laitos- ett\u00e4 avohoitopotilaiden erikoistuneen neuvonnan parissa. H\u00e4n sai erikoisalan koulutuksen (Nutrition &amp; Dietetics, BSc) englantilaisesta Surreyn yliopistosta ja opiskelee t\u00e4ll\u00e4 hetkell\u00e4 s\u00e4hk\u00f6isten terveyspalvelujen maisterinkoulutuksessa. Viron kliinisen ravitsemuksen seuran j\u00e4senen\u00e4 Maarja on osallistunut aktiivisesti kliinisen ravitsemushoidon kehitykseen ja sen saatavuuden parantamiseen Virossa. [&hellip;]<\/p>\n","protected":false},"author":2,"featured_media":5845,"parent":10318,"menu_order":0,"comment_status":"closed","ping_status":"closed","template":"","meta":{"_kad_blocks_custom_css":"","_kad_blocks_head_custom_js":"","_kad_blocks_body_custom_js":"","_kad_blocks_footer_custom_js":"","custom_jsonld_schema":"","footnotes":""},"class_list":["post-10369","page","type-page","status-publish","has-post-thumbnail","hentry"],"blocksy_meta":{"vertical_spacing_source":"custom","content_area_spacing":"none","styles_descriptor":{"styles":{"desktop":"","tablet":"","mobile":""},"google_fonts":[],"version":6}},"taxonomy_info":[],"featured_image_src_large":["https:\/\/thehealthclinic.eu\/wp-content\/uploads\/2024\/03\/tiim.svg",1024,174,false],"author_info":{"display_name":"Janek","author_link":"https:\/\/thehealthclinic.eu\/fi\/author\/janek\/"},"comment_info":0,"_links":{"self":[{"href":"https:\/\/thehealthclinic.eu\/fi\/wp-json\/wp\/v2\/pages\/10369","targetHints":{"allow":["GET"]}}],"collection":[{"href":"https:\/\/thehealthclinic.eu\/fi\/wp-json\/wp\/v2\/pages"}],"about":[{"href":"https:\/\/thehealthclinic.eu\/fi\/wp-json\/wp\/v2\/types\/page"}],"author":[{"embeddable":true,"href":"https:\/\/thehealthclinic.eu\/fi\/wp-json\/wp\/v2\/users\/2"}],"replies":[{"embeddable":true,"href":"https:\/\/thehealthclinic.eu\/fi\/wp-json\/wp\/v2\/comments?post=10369"}],"version-history":[{"count":0,"href":"https:\/\/thehealthclinic.eu\/fi\/wp-json\/wp\/v2\/pages\/10369\/revisions"}],"up":[{"embeddable":true,"href":"https:\/\/thehealthclinic.eu\/fi\/wp-json\/wp\/v2\/pages\/10318"}],"wp:featuredmedia":[{"embeddable":true,"href":"https:\/\/thehealthclinic.eu\/fi\/wp-json\/wp\/v2\/media\/5845"}],"wp:attachment":[{"href":"https:\/\/thehealthclinic.eu\/fi\/wp-json\/wp\/v2\/media?parent=10369"}],"curies":[{"name":"wp","href":"https:\/\/api.w.org\/{rel}","templated":true}]}}