{"id":10372,"date":"2024-03-19T16:03:07","date_gmt":"2024-03-19T14:03:07","guid":{"rendered":"https:\/\/uus.thehealthclinic.eu\/?page_id=10372"},"modified":"2025-09-21T12:43:40","modified_gmt":"2025-09-21T09:43:40","slug":"maiko-kangro","status":"publish","type":"page","link":"https:\/\/thehealthclinic.eu\/fi\/joukkue\/maiko-kangro\/","title":{"rendered":"Maiko Kangro"},"content":{"rendered":"<style>.kb-row-layout-wrap.wp-block-kadence-rowlayout.kb-row-layout-id10372_5d1718-97{margin-top:0px;margin-bottom:0px;}.kb-row-layout-id10372_5d1718-97 > .kt-row-column-wrap{align-content:center;}:where(.kb-row-layout-id10372_5d1718-97 > .kt-row-column-wrap) > .wp-block-kadence-column{justify-content:center;}.kb-row-layout-id10372_5d1718-97 > .kt-row-column-wrap{column-gap:var(--global-kb-gap-lg, 4rem);row-gap:var(--global-kb-gap-md, 2rem);padding-top:0px;padding-right:0px;padding-bottom:0px;padding-left:0px;grid-template-columns:minmax(0, calc(45% - ((var(--global-kb-gap-lg, 4rem) * 1 )\/2)))minmax(0, calc(55% - ((var(--global-kb-gap-lg, 4rem) * 1 )\/2)));}.kb-row-layout-id10372_5d1718-97 > .kt-row-layout-overlay{opacity:0.30;}@media all and (max-width: 1024px){.kb-row-layout-id10372_5d1718-97 > .kt-row-column-wrap{grid-template-columns:repeat(2, minmax(0, 1fr));}}@media all and (max-width: 767px){.kb-row-layout-id10372_5d1718-97 > .kt-row-column-wrap{grid-template-columns:minmax(0, 1fr);}}<\/style><div class=\"kb-row-layout-wrap kb-row-layout-id10372_5d1718-97 alignfull wp-block-kadence-rowlayout\"><div class=\"kt-row-column-wrap kt-has-2-columns kt-row-layout-equal kt-tab-layout-equal kt-mobile-layout-row kt-row-valign-middle\">\n<style>.kadence-column10372_e3122c-93 > .kt-inside-inner-col{min-height:690px;}.kadence-column10372_e3122c-93 > .kt-inside-inner-col,.kadence-column10372_e3122c-93 > .kt-inside-inner-col:before{border-top-left-radius:0px;border-top-right-radius:0px;border-bottom-right-radius:0px;border-bottom-left-radius:0px;}.kadence-column10372_e3122c-93 > .kt-inside-inner-col{column-gap:var(--global-kb-gap-sm, 1rem);}.kadence-column10372_e3122c-93 > .kt-inside-inner-col{flex-direction:column;}.kadence-column10372_e3122c-93 > .kt-inside-inner-col > .aligncenter{width:100%;}.kadence-column10372_e3122c-93 > .kt-inside-inner-col{background-image:url('https:\/\/thehealthclinic.eu\/wp-content\/uploads\/2024\/04\/kangro-1.jpg');background-size:cover;background-position:47% 3%;background-attachment:scroll;background-repeat:no-repeat;}.kadence-column10372_e3122c-93 > .kt-inside-inner-col:before{opacity:0.3;}.kadence-column10372_e3122c-93{position:relative;}@media all and (max-width: 1024px){.kadence-column10372_e3122c-93 > .kt-inside-inner-col{flex-direction:column;justify-content:center;}}@media all and (max-width: 767px){.kadence-column10372_e3122c-93 > .kt-inside-inner-col{min-height:300px;flex-direction:column;justify-content:center;}}<\/style>\n<div class=\"wp-block-kadence-column kadence-column10372_e3122c-93\"><div class=\"kt-inside-inner-col\"><\/div><\/div>\n\n\n<style>.kadence-column10372_74483e-f0 > .kt-inside-inner-col{padding-right:100px;padding-left:70px;}.kadence-column10372_74483e-f0 > .kt-inside-inner-col,.kadence-column10372_74483e-f0 > .kt-inside-inner-col:before{border-top-left-radius:0px;border-top-right-radius:0px;border-bottom-right-radius:0px;border-bottom-left-radius:0px;}.kadence-column10372_74483e-f0 > .kt-inside-inner-col{column-gap:var(--global-kb-gap-sm, 1rem);}.kadence-column10372_74483e-f0 > .kt-inside-inner-col{flex-direction:column;}.kadence-column10372_74483e-f0 > .kt-inside-inner-col > .aligncenter{width:100%;}.kadence-column10372_74483e-f0 > .kt-inside-inner-col:before{opacity:0.3;}.kadence-column10372_74483e-f0{position:relative;}@media all and (max-width: 1024px){.kadence-column10372_74483e-f0 > .kt-inside-inner-col{padding-right:20px;padding-left:0px;flex-direction:column;justify-content:center;}}@media all and (max-width: 767px){.kadence-column10372_74483e-f0 > .kt-inside-inner-col{padding-top:20px;padding-right:30px;padding-bottom:50px;padding-left:30px;flex-direction:column;justify-content:center;}}<\/style>\n<div class=\"wp-block-kadence-column kadence-column10372_74483e-f0\"><div class=\"kt-inside-inner-col\"><style>.wp-block-kadence-advancedheading.kt-adv-heading10372_80fc9c-a4, .wp-block-kadence-advancedheading.kt-adv-heading10372_80fc9c-a4[data-kb-block=\"kb-adv-heading10372_80fc9c-a4\"]{line-height:49px;font-style:normal;}.wp-block-kadence-advancedheading.kt-adv-heading10372_80fc9c-a4 mark.kt-highlight, .wp-block-kadence-advancedheading.kt-adv-heading10372_80fc9c-a4[data-kb-block=\"kb-adv-heading10372_80fc9c-a4\"] mark.kt-highlight{font-style:normal;color:#f76a0c;-webkit-box-decoration-break:clone;box-decoration-break:clone;padding-top:0px;padding-right:0px;padding-bottom:0px;padding-left:0px;}.wp-block-kadence-advancedheading.kt-adv-heading10372_80fc9c-a4 img.kb-inline-image, .wp-block-kadence-advancedheading.kt-adv-heading10372_80fc9c-a4[data-kb-block=\"kb-adv-heading10372_80fc9c-a4\"] img.kb-inline-image{width:150px;vertical-align:baseline;}<\/style>\n<h2 class=\"kt-adv-heading10372_80fc9c-a4 wp-block-kadence-advancedheading\" data-kb-block=\"kb-adv-heading10372_80fc9c-a4\">Esittely<\/h2>\n\n\n\n<p>Maiko Kangro on valmistunut Tarton yliopiston l\u00e4\u00e4ketieteellisest\u00e4 tiedekunnasta ja suorittanut psykiatrian erikoistumisjakson. H\u00e4n on suorittanut my\u00f6s psykoanalyyttisen terapian, kognitiivisen k\u00e4ytt\u00e4ytymisterapian ja perheterapian peruskoulutukset.<\/p>\n\n\n\n<p>H\u00e4nen p\u00e4\u00e4asialliset kiinnostuksen kohteensa ovat mielialah\u00e4iri\u00f6t (ml. kaksisuuntainen mielialah\u00e4iri\u00f6), riippuvuush\u00e4iri\u00f6t sek\u00e4 aktiivisuuden ja tarkkaavuuden h\u00e4iri\u00f6, ja h\u00e4n on ty\u00f6skennellyt ennen kaikkea mieliala- ja ahdistuneisuush\u00e4iri\u00f6iden, persoonallisuush\u00e4iri\u00f6iden ja riippuvuush\u00e4iri\u00f6iden (ml. alkoholink\u00e4yt\u00f6n h\u00e4iri\u00f6t) mutta my\u00f6s orgaanisten h\u00e4iri\u00f6iden, psykoosispektrin h\u00e4iri\u00f6iden, sy\u00f6mish\u00e4iri\u00f6iden ja unih\u00e4iri\u00f6iden parissa.<\/p>\n\n\n\n<p>H\u00e4n on Viron psykiatriseuran ja Viron nuorempien l\u00e4\u00e4k\u00e4rien yhdistyksen j\u00e4sen. Tri Kangro tarjoaa psykiatrisia palveluja nuorille ja aikuisille my\u00f6s viroksi ja englanniksi.<\/p>\n<\/div><\/div>\n\n<\/div><\/div>\n\n<style>.kb-row-layout-id10372_237ff0-51 > .kt-row-column-wrap{align-content:end;}:where(.kb-row-layout-id10372_237ff0-51 > .kt-row-column-wrap) > .wp-block-kadence-column{justify-content:end;}.kb-row-layout-id10372_237ff0-51 > .kt-row-column-wrap{column-gap:var(--global-kb-gap-md, 2rem);row-gap:var(--global-kb-gap-md, 2rem);max-width:1190px;padding-top:var(--global-kb-spacing-xl, 4rem);padding-bottom:var(--global-kb-spacing-xl, 4rem);grid-template-columns:minmax(0, 1fr);}.kb-row-layout-id10372_237ff0-51 > .kt-row-layout-overlay{opacity:0.30;}@media all and (max-width: 1024px){.kb-row-layout-id10372_237ff0-51 > .kt-row-column-wrap{padding-top:50px;padding-right:40px;padding-bottom:30px;padding-left:40px;grid-template-columns:minmax(0, 1fr);}}@media all and (max-width: 767px){.kb-row-layout-id10372_237ff0-51 > .kt-row-column-wrap{grid-template-columns:minmax(0, 1fr);}}.kb-row-layout-id10372_237ff0-51 input::placeholder {  font-weight: 400;  font-size: 15px;  line-height: 22.5px;  color: #fff;}<\/style><div class=\"kb-row-layout-wrap kb-row-layout-id10372_237ff0-51 alignfull has-palette-color-2-background-color kt-row-has-bg wp-block-kadence-rowlayout\"><div class=\"kt-row-column-wrap kt-has-1-columns kt-row-layout-equal kt-tab-layout-inherit kt-mobile-layout-row kt-row-valign-bottom kb-theme-content-width\">\n<style>.kadence-column10372_2ebe3e-9a > .kt-inside-inner-col{display:flex;}.kadence-column10372_2ebe3e-9a > .kt-inside-inner-col,.kadence-column10372_2ebe3e-9a > .kt-inside-inner-col:before{border-top-left-radius:0px;border-top-right-radius:0px;border-bottom-right-radius:0px;border-bottom-left-radius:0px;}.kadence-column10372_2ebe3e-9a > .kt-inside-inner-col{column-gap:var(--global-kb-gap-sm, 1rem);}.kadence-column10372_2ebe3e-9a > .kt-inside-inner-col{flex-direction:column;justify-content:flex-start;}.kadence-column10372_2ebe3e-9a > .kt-inside-inner-col > .aligncenter{width:100%;}.kt-row-column-wrap > .kadence-column10372_2ebe3e-9a{align-self:flex-start;}.kt-inner-column-height-full:not(.kt-has-1-columns) > .wp-block-kadence-column.kadence-column10372_2ebe3e-9a{align-self:auto;}.kt-inner-column-height-full:not(.kt-has-1-columns) > .wp-block-kadence-column.kadence-column10372_2ebe3e-9a > .kt-inside-inner-col{flex-direction:column;justify-content:flex-start;}.kadence-column10372_2ebe3e-9a > .kt-inside-inner-col:before{opacity:0.3;}.kadence-column10372_2ebe3e-9a{position:relative;}@media all and (max-width: 1024px){.kt-row-column-wrap > .kadence-column10372_2ebe3e-9a{align-self:flex-start;}}@media all and (max-width: 1024px){.kt-inner-column-height-full:not(.kt-has-1-columns) > .wp-block-kadence-column.kadence-column10372_2ebe3e-9a{align-self:auto;}}@media all and (max-width: 1024px){.kt-inner-column-height-full:not(.kt-has-1-columns) > .wp-block-kadence-column.kadence-column10372_2ebe3e-9a > .kt-inside-inner-col{flex-direction:column;justify-content:flex-start;}}@media all and (max-width: 1024px){.kadence-column10372_2ebe3e-9a > .kt-inside-inner-col{flex-direction:column;justify-content:flex-start;}}@media all and (max-width: 767px){.kt-row-column-wrap > .kadence-column10372_2ebe3e-9a{align-self:flex-start;}.kt-inner-column-height-full:not(.kt-has-1-columns) > .wp-block-kadence-column.kadence-column10372_2ebe3e-9a{align-self:auto;}.kt-inner-column-height-full:not(.kt-has-1-columns) > .wp-block-kadence-column.kadence-column10372_2ebe3e-9a > .kt-inside-inner-col{flex-direction:column;justify-content:flex-start;}.kadence-column10372_2ebe3e-9a > .kt-inside-inner-col{flex-direction:column;justify-content:flex-start;}}<\/style>\n<div class=\"wp-block-kadence-column kadence-column10372_2ebe3e-9a\"><div class=\"kt-inside-inner-col\"><style>.wp-block-kadence-advancedheading.kt-adv-heading10372_f4d2a8-91, .wp-block-kadence-advancedheading.kt-adv-heading10372_f4d2a8-91[data-kb-block=\"kb-adv-heading10372_f4d2a8-91\"]{margin-top:10px;margin-bottom:0px;text-align:center;font-size:36px;line-height:42px;font-style:normal;}.wp-block-kadence-advancedheading.kt-adv-heading10372_f4d2a8-91 mark.kt-highlight, .wp-block-kadence-advancedheading.kt-adv-heading10372_f4d2a8-91[data-kb-block=\"kb-adv-heading10372_f4d2a8-91\"] mark.kt-highlight{font-style:normal;color:#f76a0c;-webkit-box-decoration-break:clone;box-decoration-break:clone;padding-top:0px;padding-right:0px;padding-bottom:0px;padding-left:0px;}.wp-block-kadence-advancedheading.kt-adv-heading10372_f4d2a8-91 img.kb-inline-image, .wp-block-kadence-advancedheading.kt-adv-heading10372_f4d2a8-91[data-kb-block=\"kb-adv-heading10372_f4d2a8-91\"] img.kb-inline-image{width:150px;vertical-align:baseline;}@media all and (max-width: 767px){.wp-block-kadence-advancedheading.kt-adv-heading10372_f4d2a8-91, .wp-block-kadence-advancedheading.kt-adv-heading10372_f4d2a8-91[data-kb-block=\"kb-adv-heading10372_f4d2a8-91\"]{margin-top:10px;margin-bottom:-20px;font-size:32px;text-align:center!important;}}<\/style>\n<h3 class=\"kt-adv-heading10372_f4d2a8-91 wp-block-kadence-advancedheading has-palette-color-5-color has-text-color\" data-kb-block=\"kb-adv-heading10372_f4d2a8-91\">Haluatko aloittaa uuden matkasi klinikallamme?<\/h3>\n\n\n<style>.wp-block-kadence-advancedbtn.kb-btns10372_923ab0-7f{gap:var(--global-kb-gap-xs, 0.5rem );justify-content:center;align-items:center;}.kt-btns10372_923ab0-7f .kt-button{font-weight:normal;font-style:normal;}.kt-btns10372_923ab0-7f .kt-btn-wrap-0{margin-right:5px;}.wp-block-kadence-advancedbtn.kt-btns10372_923ab0-7f .kt-btn-wrap-0 .kt-button{color:#555555;border-color:#555555;}.wp-block-kadence-advancedbtn.kt-btns10372_923ab0-7f .kt-btn-wrap-0 .kt-button:hover, .wp-block-kadence-advancedbtn.kt-btns10372_923ab0-7f .kt-btn-wrap-0 .kt-button:focus{color:#ffffff;border-color:#444444;}.wp-block-kadence-advancedbtn.kt-btns10372_923ab0-7f .kt-btn-wrap-0 .kt-button::before{display:none;}.wp-block-kadence-advancedbtn.kt-btns10372_923ab0-7f .kt-btn-wrap-0 .kt-button:hover, .wp-block-kadence-advancedbtn.kt-btns10372_923ab0-7f .kt-btn-wrap-0 .kt-button:focus{background:#444444;}<\/style>\n<div class=\"wp-block-kadence-advancedbtn kb-buttons-wrap kb-btns10372_923ab0-7f\"><style>ul.menu .wp-block-kadence-advancedbtn .kb-btn10372_af2821-ad.kb-button{width:initial;}.wp-block-kadence-advancedbtn .kb-btn10372_af2821-ad.kb-button{color:#ffffff;font-size:13px;letter-spacing:1px;font-family:ct_font_gill__sans;font-weight:600;text-transform:uppercase;border-top-left-radius:0px;border-top:1px solid #ffffff;border-right:1px solid #ffffff;border-bottom:1px solid #ffffff;border-left:1px solid #ffffff;padding-top:12px;padding-right:30px;padding-bottom:12px;padding-left:30px;margin-top:30px;}.wp-block-kadence-advancedbtn .kb-btn10372_af2821-ad.kb-button:hover, .wp-block-kadence-advancedbtn .kb-btn10372_af2821-ad.kb-button:focus{border-top:1px solid var(--theme-palette-color-4, #7BAFAF);border-right:1px solid var(--theme-palette-color-4, #7BAFAF);border-bottom:1px solid var(--theme-palette-color-4, #7BAFAF);border-left:1px solid var(--theme-palette-color-4, #7BAFAF);}@media all and (max-width: 1024px){.wp-block-kadence-advancedbtn .kb-btn10372_af2821-ad.kb-button{border-top:1px solid #ffffff;border-right:1px solid #ffffff;border-bottom:1px solid #ffffff;border-left:1px solid #ffffff;}}@media all and (max-width: 1024px){.wp-block-kadence-advancedbtn .kb-btn10372_af2821-ad.kb-button:hover, .wp-block-kadence-advancedbtn .kb-btn10372_af2821-ad.kb-button:focus{border-top:1px solid var(--theme-palette-color-4, #7BAFAF);border-right:1px solid var(--theme-palette-color-4, #7BAFAF);border-bottom:1px solid var(--theme-palette-color-4, #7BAFAF);border-left:1px solid var(--theme-palette-color-4, #7BAFAF);}}@media all and (max-width: 767px){.wp-block-kadence-advancedbtn .kb-btn10372_af2821-ad.kb-button{border-top:1px solid #ffffff;border-right:1px solid #ffffff;border-bottom:1px solid #ffffff;border-left:1px solid #ffffff;}.wp-block-kadence-advancedbtn .kb-btn10372_af2821-ad.kb-button:hover, .wp-block-kadence-advancedbtn .kb-btn10372_af2821-ad.kb-button:focus{border-top:1px solid var(--theme-palette-color-4, #7BAFAF);border-right:1px solid var(--theme-palette-color-4, #7BAFAF);border-bottom:1px solid var(--theme-palette-color-4, #7BAFAF);border-left:1px solid var(--theme-palette-color-4, #7BAFAF);}}<\/style><a class=\"kb-button kt-button button kb-btn10372_af2821-ad kt-btn-size-large kt-btn-width-type-auto kb-btn-global-outline  kt-btn-has-text-true kt-btn-has-svg-false  wp-block-kadence-singlebtn\" href=\"https:\/\/thehealthclinic.eu\/fi\/varaa-aika\/\"><span class=\"kt-btn-inner-text\">VARAA AIKA KONSULTAATIOON<\/span><\/a><\/div>\n<\/div><\/div>\n\n\n<style>.kadence-column10372_db9ca6-72 > .kt-inside-inner-col{display:flex;}.kadence-column10372_db9ca6-72 > .kt-inside-inner-col,.kadence-column10372_db9ca6-72 > .kt-inside-inner-col:before{border-top-left-radius:0px;border-top-right-radius:0px;border-bottom-right-radius:0px;border-bottom-left-radius:0px;}.kadence-column10372_db9ca6-72 > .kt-inside-inner-col{column-gap:var(--global-kb-gap-sm, 1rem);}.kadence-column10372_db9ca6-72 > .kt-inside-inner-col{flex-direction:column;justify-content:flex-end;}.kadence-column10372_db9ca6-72 > .kt-inside-inner-col > .aligncenter{width:100%;}.kt-row-column-wrap > .kadence-column10372_db9ca6-72{align-self:flex-end;}.kt-inner-column-height-full:not(.kt-has-1-columns) > .wp-block-kadence-column.kadence-column10372_db9ca6-72{align-self:auto;}.kt-inner-column-height-full:not(.kt-has-1-columns) > .wp-block-kadence-column.kadence-column10372_db9ca6-72 > .kt-inside-inner-col{flex-direction:column;justify-content:flex-end;}.kadence-column10372_db9ca6-72 > .kt-inside-inner-col:before{opacity:0.3;}.kadence-column10372_db9ca6-72{position:relative;}@media all and (max-width: 1024px){.kt-row-column-wrap > .kadence-column10372_db9ca6-72{align-self:flex-end;}}@media all and (max-width: 1024px){.kt-inner-column-height-full:not(.kt-has-1-columns) > .wp-block-kadence-column.kadence-column10372_db9ca6-72{align-self:auto;}}@media all and (max-width: 1024px){.kt-inner-column-height-full:not(.kt-has-1-columns) > .wp-block-kadence-column.kadence-column10372_db9ca6-72 > .kt-inside-inner-col{flex-direction:column;justify-content:flex-end;}}@media all and (max-width: 1024px){.kadence-column10372_db9ca6-72 > .kt-inside-inner-col{flex-direction:column;justify-content:flex-end;}}@media all and (max-width: 767px){.kt-row-column-wrap > .kadence-column10372_db9ca6-72{align-self:flex-end;}.kt-inner-column-height-full:not(.kt-has-1-columns) > .wp-block-kadence-column.kadence-column10372_db9ca6-72{align-self:auto;}.kt-inner-column-height-full:not(.kt-has-1-columns) > .wp-block-kadence-column.kadence-column10372_db9ca6-72 > .kt-inside-inner-col{flex-direction:column;justify-content:flex-end;}.kadence-column10372_db9ca6-72 > .kt-inside-inner-col{flex-direction:column;justify-content:flex-end;}}<\/style>\n<div class=\"wp-block-kadence-column kadence-column10372_db9ca6-72\" data-aos=\"fade\" data-aos-duration=\"350\" data-aos-delay=\"100\" data-aos-easing=\"ease-in\"><div class=\"kt-inside-inner-col\"><\/div><\/div>\n\n<\/div><\/div>","protected":false},"excerpt":{"rendered":"<p>Esittely Maiko Kangro on valmistunut Tarton yliopiston l\u00e4\u00e4ketieteellisest\u00e4 tiedekunnasta ja suorittanut psykiatrian erikoistumisjakson. H\u00e4n on suorittanut my\u00f6s psykoanalyyttisen terapian, kognitiivisen k\u00e4ytt\u00e4ytymisterapian ja perheterapian peruskoulutukset. H\u00e4nen p\u00e4\u00e4asialliset kiinnostuksen kohteensa ovat mielialah\u00e4iri\u00f6t (ml. kaksisuuntainen mielialah\u00e4iri\u00f6), riippuvuush\u00e4iri\u00f6t sek\u00e4 aktiivisuuden ja tarkkaavuuden h\u00e4iri\u00f6, ja h\u00e4n on ty\u00f6skennellyt ennen kaikkea mieliala- ja ahdistuneisuush\u00e4iri\u00f6iden, persoonallisuush\u00e4iri\u00f6iden ja riippuvuush\u00e4iri\u00f6iden (ml. alkoholink\u00e4yt\u00f6n h\u00e4iri\u00f6t) mutta [&hellip;]<\/p>\n","protected":false},"author":2,"featured_media":5845,"parent":10318,"menu_order":0,"comment_status":"closed","ping_status":"closed","template":"","meta":{"_kad_blocks_custom_css":"","_kad_blocks_head_custom_js":"","_kad_blocks_body_custom_js":"","_kad_blocks_footer_custom_js":"","custom_jsonld_schema":"","footnotes":""},"class_list":["post-10372","page","type-page","status-publish","has-post-thumbnail","hentry"],"blocksy_meta":{"vertical_spacing_source":"custom","content_area_spacing":"none","styles_descriptor":{"styles":{"desktop":"","tablet":"","mobile":""},"google_fonts":[],"version":6}},"taxonomy_info":[],"featured_image_src_large":["https:\/\/thehealthclinic.eu\/wp-content\/uploads\/2024\/03\/tiim.svg",1024,174,false],"author_info":{"display_name":"Janek","author_link":"https:\/\/thehealthclinic.eu\/fi\/author\/janek\/"},"comment_info":0,"_links":{"self":[{"href":"https:\/\/thehealthclinic.eu\/fi\/wp-json\/wp\/v2\/pages\/10372","targetHints":{"allow":["GET"]}}],"collection":[{"href":"https:\/\/thehealthclinic.eu\/fi\/wp-json\/wp\/v2\/pages"}],"about":[{"href":"https:\/\/thehealthclinic.eu\/fi\/wp-json\/wp\/v2\/types\/page"}],"author":[{"embeddable":true,"href":"https:\/\/thehealthclinic.eu\/fi\/wp-json\/wp\/v2\/users\/2"}],"replies":[{"embeddable":true,"href":"https:\/\/thehealthclinic.eu\/fi\/wp-json\/wp\/v2\/comments?post=10372"}],"version-history":[{"count":0,"href":"https:\/\/thehealthclinic.eu\/fi\/wp-json\/wp\/v2\/pages\/10372\/revisions"}],"up":[{"embeddable":true,"href":"https:\/\/thehealthclinic.eu\/fi\/wp-json\/wp\/v2\/pages\/10318"}],"wp:featuredmedia":[{"embeddable":true,"href":"https:\/\/thehealthclinic.eu\/fi\/wp-json\/wp\/v2\/media\/5845"}],"wp:attachment":[{"href":"https:\/\/thehealthclinic.eu\/fi\/wp-json\/wp\/v2\/media?parent=10372"}],"curies":[{"name":"wp","href":"https:\/\/api.w.org\/{rel}","templated":true}]}}