{"id":10411,"date":"2024-02-23T11:22:40","date_gmt":"2024-02-23T09:22:40","guid":{"rendered":"https:\/\/uus.thehealthclinic.eu\/?page_id=10411"},"modified":"2025-03-26T15:27:28","modified_gmt":"2025-03-26T13:27:28","slug":"terveyspalvelun-yleiset-ehdot","status":"publish","type":"page","link":"https:\/\/thehealthclinic.eu\/fi\/terveyspalvelun-yleiset-ehdot\/","title":{"rendered":"Terveyspalvelun yleiset ehdot"},"content":{"rendered":"\n<p>Viimeksi p\u00e4ivitetty: 14.6.2023<\/p>\n\n\n\n<h3 class=\"wp-block-heading\">1. Yleiset s\u00e4\u00e4nn\u00f6kset<\/h3>\n\n\n\n<p>1. 1 N\u00e4m\u00e4 terveyspalvelujen yleiset ehdot (j\u00e4ljemp\u00e4n\u00e4&nbsp;<strong>ehdot<\/strong>) s\u00e4\u00e4ntelev\u00e4t asiakkaan ja terveyspalvelun tarjoajan oikeuksia, velvollisuuksia ja vastuita liittyen terveyspalveluiden (j\u00e4ljemp\u00e4n\u00e4&nbsp;<strong>palvelut<\/strong>)tuottamiseen The Health Clinic O\u00dc:n (yritystunnus 11837333, erikoisl\u00e4\u00e4k\u00e4rien toimiluvat nro L05471 ja L05557, j\u00e4ljemp\u00e4n\u00e4&nbsp;<strong>klinikka<\/strong>) toimesta.<\/p>\n\n\n\n<p>1.2 N\u00e4m\u00e4 ehdot ovat klinikan ja asiakkaan (j\u00e4ljemp\u00e4n\u00e4&nbsp;<strong>potilas<\/strong>) v\u00e4lill\u00e4 solmitun terveyspalvelusopimuksen (j\u00e4ljemp\u00e4n\u00e4&nbsp;<strong>sopimus<\/strong>)liite ja erottamaton osa sopimusta.<\/p>\n\n\n\n<p>1.3 Palvelut kattavat kaikki klinikan potilaalle tarjoamat terveyspalvelut, riippumatta siit\u00e4, tarjotaanko niit\u00e4 vastaanottok\u00e4ynnill\u00e4 vai et\u00e4palveluna, ja riippumatta siit\u00e4, korvaako sairausvakuutuskassa (Tervisekassa) palvelun kustannukset.<\/p>\n\n\n\n<p>1.4 Mik\u00e4li palvelujen tuottamiseen osallistuu kolmantena osapuolena toimiva terveyspalvelun tarjoaja, palvelujen tuottamiseen sovelletaan kyseisen palveluntarjoajan ehtoja silt\u00e4 osin kuin terveyspalvelua toimittaa potilaalle kolmas osapuoli. Kolmantena osapuolena toimiva terveyspalvelun tarjoaja osallistuu sovitusti palvelun toimittamiseen potilaan kanssa.<\/p>\n\n\n\n<h3 class=\"wp-block-heading\">2. Palvelun tuottaminen<\/h3>\n\n\n\n<p>2.1 Klinikka toimittaa palvelunsa potilaalle etuk\u00e4teen sovittuna aikana ja sovitussa paikassa. Klinikan palvelujen saamiseksi potilas ilmoittautuu vastaanotolle klinikan verkkosivuilla (<a href=\"https:\/\/thehealthclinic.eu\/fi\/varaa-aika\/\" target=\"_blank\" rel=\"noreferrer noopener\">https:\/\/thehealthclinic.eu\/fi\/varaa-aika\/<\/a>\u00a0tai\u00a0<a href=\"https:\/\/weightlossclinic.eu\/varaa-aika\/),\" target=\"_blank\" rel=\"noreferrer noopener nofollow\">https:\/\/weightlossclinic.eu\/varaa-aika\/),<\/a>\u00a0puhelimitse tai s\u00e4hk\u00f6postitse, klinikan toimipaikan vastaanottotiskill\u00e4 tai muulla potilasvarausten tekemisen mahdollistavalla tavalla. Potilas on rekister\u00f6ity palvelun k\u00e4ytt\u00e4j\u00e4ksi sek\u00e4 potilaan ja klinikan v\u00e4lill\u00e4 on tehty sopimus (V\u00d5S (v\u00f5la\u00f5igusseadus\/velvoiteoikeuslaki) 758\u00a0\u00a7:n mukainen terveyspalvelusopimus), kun klinikka on l\u00e4hett\u00e4nyt potilaalle s\u00e4hk\u00f6postilla ajanvarausvahvistuksen.<\/p>\n\n\n\n<p>2.2 Potilaalla on oikeus perua varauksensa viimeist\u00e4\u00e4n 24 tuntia ennen sovittua vastaanottoa. Mik\u00e4li potilas peruu varauksensa alle 24 tuntia ennen sovittua vastaanottoaikaa, palvelusta maksettua ennakkomaksua ei palauteta n\u00e4iden ehtojen kohdan&nbsp;7.6 mukaisesti.<\/p>\n\n\n\n<p>2.3 Potilas on velvollinen antamaan klinikalle oikeat ja t\u00e4ydelliset tiedot terveydentilastaan\u200bja klinikan pyynn\u00f6st\u00e4 t\u00e4ytt\u00e4m\u00e4\u00e4n terveyskortin ennen ensimm\u00e4ist\u00e4 vastaanottoa.<\/p>\n\n\n\n<p>2.4 Klinikka ei ole palvelua tarjotessaan velvollinen selitt\u00e4m\u00e4\u00e4n potilaalle yleisesti tunnettuja tai eritt\u00e4in harvoin esiintyvi\u00e4 vaaroja ja riskej\u00e4, joiden olemassaolosta se sill\u00e4 hetkell\u00e4 ei ole tietoinen, vaikka niiden olemassaolo selvi\u00e4\u00e4 my\u00f6hemmin. Potilaalla on halutessaan oikeus saada klinikalta tietoa palvelujen saatavuudesta, luonteesta ja tarkoituksesta sek\u00e4 niiden tuottamiseen liittyvist\u00e4 riskeist\u00e4 ja seurauksista kirjallisesti toistettavassa muodossa.<\/p>\n\n\n\n<h3 class=\"wp-block-heading\">3. Potilaan oikeudet ja velvollisuudet<\/h3>\n\n\n\n<p><strong>3.1 Potilaalla on oikeus:<\/strong><\/p>\n\n\n\n<p>(a) saada tietoa palvelun luonteesta, riskeist\u00e4 ja muista tarvitsemistaan terveyspalveluista. Tiedot voi antaa suullisesti tai potilaan pyynn\u00f6st\u00e4 kirjallisesti toistettavassa muodossa;<\/p>\n\n\n\n<p>(b) peruuttaa palvelun tuottamisen mahdollistava suostumuksensa (V\u00d5S (v\u00f5la\u00f5igusseadus\/velvoiteoikeuslaki) 766 \u00a7:n 3 mom. mukainen suostumus). Mik\u00e4li potilas peruuttaa suostumuksensa alle 24 tuntia ennen sovittua palveluaikaa, suostumuksen peruuttaminen ei vaikuta velvollisuuteen maksaa palvelusta esitetty tai esitett\u00e4v\u00e4 lasku, ellei toisin ole sovittu;<\/p>\n\n\n\n<p>(c) saada tietoa l\u00e4\u00e4k\u00e4rintarkastuksen tuloksista ja palvelun tuottamisen aikana todetusta potilaan terveydentilasta sek\u00e4 mahdollisista havaituista sairauksista ja niiden kulusta;<\/p>\n\n\n\n<p>(d) m\u00e4\u00e4ritt\u00e4\u00e4 henkil\u00f6t, joilla on oikeus saada potilaan terveyteen liittyv\u00e4\u00e4 tietoa;<\/p>\n\n\n\n<p>(e) tutustua palvelun tuottamisen yhteydess\u00e4 laadittuihin asiakirjoihin ja saada niist\u00e4 j\u00e4ljenn\u00f6ksi\u00e4 omalla kustannuksellaan, ellei lains\u00e4\u00e4d\u00e4nn\u00f6st\u00e4 muuta johdu ja mik\u00e4li klinikalla ei ole laillista perustetta kielt\u00e4yty\u00e4 j\u00e4ljenn\u00f6sten antamisesta. Potilas j\u00e4tt\u00e4\u00e4 klinikalle asianmukaisen hakemuksen koskien asiakirjaj\u00e4ljenn\u00f6sten saamista.<\/p>\n\n\n\n<p><strong>3.2 Potilas on velvollinen:<\/strong><\/p>\n\n\n\n<p>(a) antamaan klinikalle parhaan ymm\u00e4rryksens\u00e4 mukaan kaikki palvelun tarjoamisen kannalta tarpeelliset tiedot sek\u00e4 antamaan avustusta, jota klinikka tarvitsee sopimuksen t\u00e4ytt\u00e4miseksi;<\/p>\n\n\n\n<p>(b) antamaan klinikalle oikeat ja t\u00e4ydelliset tiedot terveydentilastaan, mukaan lukien kaikki tiedot aiemmin saamistaan terveyspalveluista ja k\u00e4ytt\u00e4mist\u00e4\u00e4n l\u00e4\u00e4kkeist\u00e4;<\/p>\n\n\n\n<p>(c) saapumaan vastaanotolle klinikan kanssa sovittuna ajankohtana, mukanaan valokuvallinen henkil\u00f6todistus;<\/p>\n\n\n\n<p>(d) noudattamaan tarkasti palvelun tuottamisen yhteydess\u00e4 annettuja ohjeita;<\/p>\n\n\n\n<p>(e) ilmoittamaan klinikalle v\u00e4litt\u00f6m\u00e4sti palvelun seurauksena syntyneist\u00e4 komplikaatioista ja k\u00e4\u00e4ntym\u00e4\u00e4n klinikan puoleen lis\u00e4konsultaatiota varten;<\/p>\n\n\n\n<p>(f) maksamaan klinikalle sopimuksen ja n\u00e4iden ehtojen kohdan 5 mukaisen maksun;<\/p>\n\n\n\n<p>(g) noudattamaan klinikan sis\u00e4isi\u00e4 s\u00e4\u00e4nt\u00f6j\u00e4 sek\u00e4 huomioimaan klinikan muiden potilaiden oikeudet ja edut.<\/p>\n\n\n\n<h3 class=\"wp-block-heading\">4. Klinikan oikeudet ja velvollisuudet<\/h3>\n\n\n\n<p><strong>4.1 Klinikalla on oikeus:<\/strong><\/p>\n\n\n\n<p>(a) vaatia potilaalta oikeaa ja t\u00e4ydellist\u00e4 tietoa potilaan terveydentilasta;<\/p>\n\n\n\n<p>(b) asettaa sis\u00e4iset s\u00e4\u00e4nn\u00f6t, jotka s\u00e4\u00e4telev\u00e4t potilaiden k\u00e4ytt\u00e4ytymist\u00e4 klinikan toimipaikassa, ja vaatia potilailta niiden noudattamista;<\/p>\n\n\n\n<p>(c) vaatia potilaalta V\u00d5S (v\u00f5la\u00f5igusseadus\/velvoiteoikeuslaki) 766 \u00a7:n 3 mom. mukaisen suostumuksen tai sen peruuttamista koskevan hakemuksen laadintaa kirjallisesti tai kirjallisesti toistettavassa muodossa;<\/p>\n\n\n\n<p>(d) muuttaa potilaan varaamaa vastaanottoaikaa klinikan toimintaan liittyvist\u00e4 tai muista perustelluista syist\u00e4 johtuen, ottamalla potilaaseen yhteytt\u00e4 mahdollisimman nopeasti ja tarjoamalla potilaalle uutta vastaanottoaikaa;<\/p>\n\n\n\n<p>(e) kielt\u00e4yty\u00e4 palvelun toimittamisesta tai lopettaa palvelun toimittaminen potilaalle, mik\u00e4li ilmenee, ett\u00e4 palvelu on potilaalle vasta-aiheinen tai mik\u00e4li klinikan arvion mukaan palvelun toimittaminen ei l\u00e4\u00e4ketieteellisist\u00e4 syist\u00e4 vastaa potilaan etuja;<\/p>\n\n\n\n<p>(f) kielt\u00e4yty\u00e4 palvelun toimittamisesta tai lopettaa palvelun toimittaminen potilaalle, mik\u00e4li ilmenee, ett\u00e4 palvelun laadukas tarjoaminen potilaalle ei ole mahdollista, koska potilas on rikkonut klinikan sis\u00e4isi\u00e4 s\u00e4\u00e4nt\u00f6j\u00e4, antanut klinikalle virheellisi\u00e4 tietoja, laiminly\u00f6nyt klinikan antamien ohjeiden noudattamista tai mik\u00e4li esimerkiksi l\u00e4\u00e4k\u00e4rin ja potilaan v\u00e4lilt\u00e4 puuttuu luottamus;<\/p>\n\n\n\n<p>(g) ottaa kolmantena osapuolena toimiva terveyspalvelujen tarjoaja mukaan palvelujen tuottamiseen potilaan kanssa sovitulla tavalla;<\/p>\n\n\n\n<p>(h) saada maksua tuottamastaan palvelusta klinikan hinnaston tai potilaan kanssa tehdyn erityissopimuksen mukaisesti.<\/p>\n\n\n\n<p><strong>4.2 Klinikka on velvollinen:<\/strong><\/p>\n\n\n\n<p>(a) tuottamaan palvelua l\u00e4\u00e4ketieteen senhetkisen yleisen tason mukaisesti sek\u00e4 klinikalta normaalisti odotetulla huolellisuudella ja ao. palveluja koskevassa lains\u00e4\u00e4d\u00e4nn\u00f6ss\u00e4 asetettujen vaatimusten mukaisesti;<\/p>\n\n\n\n<p>(b) ilmoittamaan potilaalle h\u00e4nen terveystarkastuksensa tuloksista ja terveydentilastaan, havaituista mahdollisista sairauksista ja niiden kulusta, tarvittavan terveyspalvelun saatavuudesta, luonteesta ja tarkoituksesta, siihen liittyvist\u00e4 riskeist\u00e4 ja seurauksista sek\u00e4 muista mahdollisista terveyspalveluista. Potilaan pyynn\u00f6st\u00e4 klinikan on annettava em. tiedot kirjallisesti toistettavassa muodossa;<\/p>\n\n\n\n<p>(c) ilmoittamaan potilaalle ennen palvelun suorittamista, palvelun suorittamisen aikana ja sen j\u00e4lkeen rajoituksista, jotka ovat olennaisia palvelun kannalta ja jotka vaikuttavat palvelun tulokseen;<\/p>\n\n\n\n<p>(d) dokumentoimaan potilaalle toimittamansa palvelun kulun asianmukaisesti ja s\u00e4ilytt\u00e4m\u00e4\u00e4n ao. asiakirjat laissa s\u00e4\u00e4detyn mukaisesti;<\/p>\n\n\n\n<p>(e) pit\u00e4m\u00e4\u00e4n luottamuksellisina palvelun toimittamisen yhteydess\u00e4 tietoonsa tulleet potilaan henkil\u00f6tiedot, mukaan lukien tiedot potilaan terveydentilasta.<\/p>\n\n\n\n<p>4.3 Klinikka ei takaa potilaan v\u00e4lit\u00f6nt\u00e4 paranemista, palvelun parasta onnistumista eik\u00e4 sit\u00e4, ett\u00e4 palvelun tulos vastaa t\u00e4ysin potilaan odotuksia.<\/p>\n\n\n\n<h3 class=\"wp-block-heading\">5. Maksu<\/h3>\n\n\n\n<p>5.1 Potilas on velvollinen maksamaan saamistaan palveluista sovitun palveluhinnan ennakkomaksuna klinikan pankkitilille tai klinikan toimipaikan vastaanottoon viimeist\u00e4\u00e4n palvelun suoritusp\u00e4iv\u00e4n\u00e4 klinikan antaman laskun mukaisesti.<\/p>\n\n\n\n<p>5.2 Mik\u00e4li palvelumaksu viiv\u00e4styy, The Health Clinicilla on oikeus peri\u00e4 potilaalta viiv\u00e4styskorkoa 0,08&nbsp;% er\u00e4\u00e4ntyneest\u00e4 summasta jokaiselta viiv\u00e4styneelt\u00e4 kalenterip\u00e4iv\u00e4lt\u00e4, kunnes velka on kokonaan maksettu.<\/p>\n\n\n\n<p>5.3 Mik\u00e4li osapuolet eiv\u00e4t ole kirjallisesti toistettavassa muodossa toisin sopineet, palvelun hinta m\u00e4\u00e4r\u00e4ytyy palvelusta sopimisen hetkell\u00e4 voimassa olevan klinikan hinnaston mukaan, joka on saatavilla klinikan toimipaikassa ja verkkosivuilla.<\/p>\n\n\n\n<p>5.4 Klinikalla on oikeus muuttaa hinnastoaan yksipuolisesti ja muutokset ovat voimassa muutoshetkest\u00e4 eteenp\u00e4in. Muutokset astuvat voimaan, kun p\u00e4ivitetty hinnasto julkaistaan klinikan toimipaikassa ja verkkosivuilla.<\/p>\n\n\n\n<h3 class=\"wp-block-heading\">6. Henkil\u00f6tietojen k\u00e4sittely<\/h3>\n\n\n\n<p>6.1 Klinikka k\u00e4sittelee potilaan henkil\u00f6tietoja sovellettavan lains\u00e4\u00e4d\u00e4nn\u00f6n ja klinikan tietosuojak\u00e4yt\u00e4nn\u00f6n mukaisesti (saatavilla verkko-osoitteesta&nbsp;<a href=\"https:\/\/thehealthclinic.eu\/suomi\/asiakkaiden-henkilotiedot\" target=\"_blank\" rel=\"noreferrer noopener\">https:\/\/thehealthclinic.eu\/suomi\/asiakkaiden-henkilotiedot<\/a>\/ ja&nbsp;<a href=\"https:\/\/weightlossclinic.eu\/tietosuojakaytanto\" rel=\"noreferrer noopener nofollow\" target=\"_blank\">https:\/\/weightlossclinic.eu\/tietosuojakaytanto<\/a>\/).<\/p>\n\n\n\n<p>6.2 Klinikka ja palvelun tuottamiseen osallistuvat henkil\u00f6t sitoutuvat pit\u00e4m\u00e4\u00e4n luottamuksellisina potilaan henkil\u00f6\u00e4 ja terveydentilaa koskevat tiedot, jotka ovat tulleet heid\u00e4n tietoonsa palvelun tuottamisen tai ty\u00f6teht\u00e4vien suorittamisen yhteydess\u00e4, sek\u00e4 varmistamaan, ett\u00e4 potilasta koskevat dokumentoidut tiedot eiv\u00e4t joudu ulkopuolisten tietoon\/haltuun, ellei potilas ole antanut suostumustaan siihen. Salassapitovelvollisuudesta voidaan poiketa kohtuullisin m\u00e4\u00e4rin, jos potilas saattaa vahingoittaa merkitt\u00e4v\u00e4sti itse\u00e4\u00e4n tai muita henkil\u00f6it\u00e4, mik\u00e4li tietoja ei luovuteta.<\/p>\n\n\n\n<h3 class=\"wp-block-heading\">7. Vastuut<\/h3>\n\n\n\n<p>7.1 Klinikka ja palvelun tuottamiseen osallistuvat terveysty\u00f6ntekij\u00e4t ovat vastuussa vain omien velvollisuuksiensa rikkomisesta, jos rikkominen johtuu klinikan tai terveysty\u00f6ntekij\u00e4n syyllisyydest\u00e4 eli huolimattomuudesta, t\u00f6rke\u00e4st\u00e4 huolimattomuudesta tai tahallisuudesta. Klinikka ja terveysty\u00f6ntekij\u00e4 ovat ensisijaisesti vastuussa diagnoosi- ja hoitovirheist\u00e4 sek\u00e4 potilaalle tiedottamista ja potilaan suostumuksen saamista koskevien velvollisuuksien rikkomisesta sek\u00e4 terveysty\u00f6ntekij\u00e4\u00e4 avustavien henkil\u00f6iden toiminnasta ja palvelujen tuottamisessa k\u00e4ytettyjen laitteiden virheist\u00e4.<\/p>\n\n\n\n<p>7.2 Klinikka ei vastaa potilaan tulonmenetyksest\u00e4 eik\u00e4 aineettomasta vahingosta.<\/p>\n\n\n\n<p>7.3 Klinikan vastuu konkreettisesta palvelusta (toimenpiteest\u00e4) on taloudellisesti rajoitettu ao. palvelun (toimenpiteen) sopimuksen mukaisen maksun kolminkertaiseen m\u00e4\u00e4r\u00e4\u00e4n.<\/p>\n\n\n\n<p>7.4 Klinikka ei vastaa vahingosta, mik\u00e4li potilas on rikkonut klinikan tai terveysty\u00f6ntekij\u00e4n ennen palvelun suorittamista, sen aikana ja sen j\u00e4lkeen antamia ohjeita, jatkohoito-ohjeita tai muita palvelun tuottamiseen liittyvi\u00e4 potilaan velvollisuuksia.<\/p>\n\n\n\n<p>7.5 Klinikan ja palvelun suorittamiseen osallistuneiden henkil\u00f6iden vastuun perusteena olevien seikkojen todistamisen taakka on potilaalla, paitsi siin\u00e4 tapauksessa, ett\u00e4 palvelun suorittaminen potilaalle on j\u00e4tetty asianmukaisesti dokumentoimatta.<\/p>\n\n\n\n<p>7.6 Jos potilas peruu varauksensa alle 24 tuntia ennen sovittua vastaanottoaikaa tai ei saavu sovittuun palvelupaikkaan sovittuna aikana, klinikalla on oikeus peri\u00e4 potilaalta sopimussakko, jonka summa vastaa palvelusta maksetun ennakkomaksun m\u00e4\u00e4r\u00e4\u00e4.&nbsp;Jos potilas on maksanut palvelusta ennakkomaksun, klinikalla on oikeus sopimussakkoa soveltaessaan j\u00e4tt\u00e4\u00e4 palauttamatta palvelusta maksettu ennakkomaksu. Sopimussakon soveltamisen tapauksessa klinikka ei ole velvollinen esitt\u00e4m\u00e4\u00e4n potilaalle mit\u00e4\u00e4n erityisi\u00e4 ilmoituksia tai asiakirjoja eik\u00e4 klinikka my\u00f6sk\u00e4\u00e4n ole velvollinen erikseen ilmoittamaan potilaalle aikomuksestaan peri\u00e4 sopimussakko.<\/p>\n\n\n\n<p>7.7 Klinikalla ei ole oikeutta peri\u00e4 potilaalta sopimussakkoa, mik\u00e4li varauksen perumisen syyn\u00e4 on se, ett\u00e4 potilas on ennen palvelun saamista saanut tiet\u00e4\u00e4, ett\u00e4 palvelu on h\u00e4nelle vasta-aiheinen tai palvelu ei vastaa potilaan etuja l\u00e4\u00e4ketieteellisist\u00e4 syist\u00e4 johtuen.<\/p>\n\n\n\n<p>7.8 T\u00e4ss\u00e4 kohdassa s\u00e4\u00e4detyt vastuun poissulkemiset ja rajoitukset eiv\u00e4t p\u00e4de silt\u00e4 osin kuin klinikan vastuuta ei voida rajoittaa lains\u00e4\u00e4d\u00e4nn\u00f6n nojalla.<\/p>\n\n\n\n<h3 class=\"wp-block-heading\">8. Viestit<\/h3>\n\n\n\n<p>8.1 Sopimukseen liittyv\u00e4t osapuolten v\u00e4liset viestit ja tahdonilmaisut (j\u00e4ljemp\u00e4n\u00e4 viestit) esitet\u00e4\u00e4n suoraan puhelimitse, postitse tai s\u00e4hk\u00f6postitse. Sopimusrikkomuksesta tiedottaminen on teht\u00e4v\u00e4 vain kirjallisesti tai kirjallisesti toistettavassa muodossa.<\/p>\n\n\n\n<p>8.2 Potilas on velvollinen ilmoittamaan klinikalle v\u00e4litt\u00f6m\u00e4sti yhteystietojensa muutoksesta. Ennen muutosilmoituksen saamista kaikki aiempaan yhteysosoitteeseen l\u00e4hetetyt viestit (mukaan lukien s\u00e4hk\u00f6postit) katsotaan asianmukaisesti l\u00e4hetetyiksi.<\/p>\n\n\n\n<p>8.3 Kaikki sopimukseen liittyv\u00e4t viestit katsotaan vastaanotetuiksi: (i) mik\u00e4li viesti toimitetaan postilla tai kuriirilla, kolmantena arkip\u00e4iv\u00e4n\u00e4 postituksen j\u00e4lkeen, ellei ilmoitusta ole tosiasiallisesti vastaanotettu aiemmin; (ii) henkil\u00f6kohtaisen luovutuksen tapauksessa toimitusp\u00e4iv\u00e4n\u00e4; (iii) s\u00e4hk\u00f6postiviestit l\u00e4hetyst\u00e4 seuraavana p\u00e4iv\u00e4n\u00e4.<\/p>\n\n\n\n<p>8.4 Klinikan yhteystiedot:<\/p>\n\n\n\n<p>Tartu mnt 13, Tallinna 10145<br>(+372) 6 000 925 (MA\u2013PE 09:00\u201317:00)<br><a href=\"mailto:clinic@thehealthclinic.eu\">clinic@thehealthclinic.eu<\/a><br>Yritystunnus: 11837333<\/p>\n\n\n\n<h3 class=\"wp-block-heading\">9. Sopimuksen p\u00e4\u00e4ttyminen<\/h3>\n\n\n\n<p>9.1 Sopimus p\u00e4\u00e4ttyy, kun sopimuksen mukaiset palvelut on suoritettu, miss\u00e4 yhteydess\u00e4 palveluun katsotaan sis\u00e4ltyviksi my\u00f6s kaikki palvelun suorittamisen j\u00e4lkeiset palveluun liittyv\u00e4t toiminnot, jotka on suorittanut klinikka, tai joiden suorittaminen on potilaan vastuulla (ml. klinikan ohjeiden noudattaminen).<\/p>\n\n\n\n<p>9.2 Sopimus p\u00e4\u00e4ttyy konkreettisen palvelun toimittamisen osalta, mik\u00e4li toinen terveyspalvelun tarjoaja ryhtyy toimittamaan kyseist\u00e4 palvelua.<\/p>\n\n\n\n<p>9.3 Sopimus p\u00e4\u00e4ttyy, kun potilas tai klinikka irtisanoo sopimuksen.<\/p>\n\n\n\n<p>9.4 Potilas voi irtisanoa sopimuksen milloin tahansa. Mik\u00e4li potilas irtisanoo sopimuksen alle 24 tuntia ennen sovittua vastaanottoaikaa, klinikalla on oikeus olla palauttamatta ennakkomaksua potilaalle kohdan 7.6 mukaisesti.<\/p>\n\n\n\n<p>9.5 Klinikka voi irtisanoa sopimuksen (tai vaihtoehtoisesti vaatia yksipuolisesti palvelun toimittamisen lykk\u00e4\u00e4mist\u00e4) perustelluista syist\u00e4, joiden vuoksi klinikan ei ole, kaikki olosuhteet huomioon ottaen, mahdollista jatkaa palvelun toimittamista, etenkin mik\u00e4li:<\/p>\n\n\n\n<p>(a) potilaan maksusuoritus viiv\u00e4styy;<\/p>\n\n\n\n<p>(b) potilas rikkoo sopimusta tai muita klinikan antamia ohjeita; ml. siin\u00e4 tapauksessa, ett\u00e4 ohjeiden, klinikan sis\u00e4isten s\u00e4\u00e4nt\u00f6jen tai muiden s\u00e4\u00e4nt\u00f6jen noudattamatta j\u00e4tt\u00e4misen vuoksi palvelun laadukas tarjoaminen potilaalle ei ole en\u00e4\u00e4 mahdollista, esimerkiksi johtuen luottamuksen puuttumisesta l\u00e4\u00e4k\u00e4rin ja potilaan v\u00e4lilt\u00e4.<\/p>\n\n\n\n<p>(c) potilas rikkoo tiedonantovelvollisuuttaan tai klinikalla on perusteltua syyt\u00e4 olettaa, ett\u00e4 potilas on antanut v\u00e4\u00e4ri\u00e4 tietoja, tai mik\u00e4li potilas muulla tavoin rikkoo velvollisuuttaan my\u00f6t\u00e4vaikuttaa palvelun tuottamiseen;<\/p>\n\n\n\n<p>(d) Potilas saapuu vastaanotolle p\u00e4ihtyneen\u00e4, ep\u00e4asianmukaisessa tilassa tai ei noudata klinikan m\u00e4\u00e4r\u00e4yksi\u00e4 jostakin muusta syyst\u00e4;<\/p>\n\n\n\n<p>(e) klinikan arvioinnin mukaan palvelun toimittaminen ei vastaa l\u00e4\u00e4ketieteellisist\u00e4 syist\u00e4 potilaan etuja;<\/p>\n\n\n\n<p>(f) potilas peruu varauksensa alle 24 tuntia ennen sovittua vastaanottoaikaa tai ei saavu sovittuna aikana palvelupaikkaan kahdesti tai useamman kerran.<\/p>\n\n\n\n<p>9.6 Sopimuksen p\u00e4\u00e4ttyminen ei vapauta potilasta velvollisuudesta maksaa jo suoritetuista palveluista. Sopimuksen p\u00e4\u00e4ttyminen ei my\u00f6sk\u00e4\u00e4n vaikuta ehtojen niiden osien p\u00e4tevyyteen, joiden luonteensa vuoksi tulee j\u00e4\u00e4d\u00e4 voimaan my\u00f6s sopimuksen p\u00e4\u00e4ttymisen j\u00e4lkeen, etenkin ehtojen kohdat 5, 6, 7, 8, ja 10.<\/p>\n\n\n\n<h3 class=\"wp-block-heading\">10. Loppus\u00e4\u00e4nn\u00f6kset<\/h3>\n\n\n\n<p>10.1 Klinikan ja potilaan v\u00e4lill\u00e4 tehtyyn sopimukseen ja sovittuihin asioihin sovelletaan Viron lakia.<\/p>\n\n\n\n<p>10.2 Kaikki sopimuksesta tai terveyspalveluista johtuvat erimielisyydet klinikan ja potilaan v\u00e4lill\u00e4 ratkaistaan Harjun alioikeudessa (Harju Maakohus), elleiv\u00e4t klinikka ja potilas p\u00e4\u00e4se sopimukseen neuvotteluteitse.<\/p>\n\n\n\n<p>10.3 Klinikka voi yksipuolisesti muuttaa n\u00e4it\u00e4 ehtoja milloin tahansa lains\u00e4\u00e4d\u00e4nn\u00f6n muutosten sek\u00e4 my\u00f6s klinikan palvelujen sis\u00e4ll\u00f6n tai klinikan liiketoimintamallin muutosten vuoksi. Klinikka asettaa muutetut ehdot saataville klinikan toimipaikassa ja verkkosivuilla sek\u00e4 ilmoittaa niist\u00e4 potilaalle ainakin kirjallisesti toistettavassa muodossa. Kulloiseenkin palveluun sovelletaan kyseisen palvelun suorittamisen ajankohtana voimassa olevia ehtoja.<\/p>\n","protected":false},"excerpt":{"rendered":"<p>Viimeksi p\u00e4ivitetty: 14.6.2023 1. Yleiset s\u00e4\u00e4nn\u00f6kset 1. 1 N\u00e4m\u00e4 terveyspalvelujen yleiset ehdot (j\u00e4ljemp\u00e4n\u00e4&nbsp;ehdot) s\u00e4\u00e4ntelev\u00e4t asiakkaan ja terveyspalvelun tarjoajan oikeuksia, velvollisuuksia ja vastuita liittyen terveyspalveluiden (j\u00e4ljemp\u00e4n\u00e4&nbsp;palvelut)tuottamiseen The Health Clinic O\u00dc:n (yritystunnus 11837333, erikoisl\u00e4\u00e4k\u00e4rien toimiluvat nro L05471 ja L05557, j\u00e4ljemp\u00e4n\u00e4&nbsp;klinikka) toimesta. 1.2 N\u00e4m\u00e4 ehdot ovat klinikan ja asiakkaan (j\u00e4ljemp\u00e4n\u00e4&nbsp;potilas) v\u00e4lill\u00e4 solmitun terveyspalvelusopimuksen (j\u00e4ljemp\u00e4n\u00e4&nbsp;sopimus)liite ja erottamaton osa sopimusta. [&hellip;]<\/p>\n","protected":false},"author":2,"featured_media":5465,"parent":0,"menu_order":0,"comment_status":"closed","ping_status":"closed","template":"","meta":{"_kad_blocks_custom_css":"","_kad_blocks_head_custom_js":"","_kad_blocks_body_custom_js":"","_kad_blocks_footer_custom_js":"","custom_jsonld_schema":"","footnotes":""},"class_list":["post-10411","page","type-page","status-publish","has-post-thumbnail","hentry"],"blocksy_meta":[],"taxonomy_info":[],"featured_image_src_large":["https:\/\/thehealthclinic.eu\/wp-content\/uploads\/2024\/03\/privaatsus-1.svg",1024,174,false],"author_info":{"display_name":"Janek","author_link":"https:\/\/thehealthclinic.eu\/fi\/author\/janek\/"},"comment_info":0,"_links":{"self":[{"href":"https:\/\/thehealthclinic.eu\/fi\/wp-json\/wp\/v2\/pages\/10411","targetHints":{"allow":["GET"]}}],"collection":[{"href":"https:\/\/thehealthclinic.eu\/fi\/wp-json\/wp\/v2\/pages"}],"about":[{"href":"https:\/\/thehealthclinic.eu\/fi\/wp-json\/wp\/v2\/types\/page"}],"author":[{"embeddable":true,"href":"https:\/\/thehealthclinic.eu\/fi\/wp-json\/wp\/v2\/users\/2"}],"replies":[{"embeddable":true,"href":"https:\/\/thehealthclinic.eu\/fi\/wp-json\/wp\/v2\/comments?post=10411"}],"version-history":[{"count":0,"href":"https:\/\/thehealthclinic.eu\/fi\/wp-json\/wp\/v2\/pages\/10411\/revisions"}],"wp:featuredmedia":[{"embeddable":true,"href":"https:\/\/thehealthclinic.eu\/fi\/wp-json\/wp\/v2\/media\/5465"}],"wp:attachment":[{"href":"https:\/\/thehealthclinic.eu\/fi\/wp-json\/wp\/v2\/media?parent=10411"}],"curies":[{"name":"wp","href":"https:\/\/api.w.org\/{rel}","templated":true}]}}