{"id":11781,"date":"2025-01-07T11:29:28","date_gmt":"2025-01-07T09:29:28","guid":{"rendered":"https:\/\/uus.thehealthclinic.eu\/?page_id=11781"},"modified":"2025-11-18T15:31:42","modified_gmt":"2025-11-18T13:31:42","slug":"prosessi","status":"publish","type":"page","link":"https:\/\/thehealthclinic.eu\/fi\/prosessi\/","title":{"rendered":"Prosessi"},"content":{"rendered":"\n<h3 class=\"wp-block-heading\"> Ensimm\u00e4iset askeleet<\/h3>\n\n\n\n<p>Saat itse p\u00e4\u00e4tt\u00e4\u00e4, miten otat meihin yhteytt\u00e4. Voit laittaa meille s\u00e4hk\u00f6postia: <a href=\"mailto:clinic@thehealthclinic.eu\">clinic@thehealthclinic.eu<\/a> tai t\u00e4ytt\u00e4\u00e4 lomakkeen&nbsp;<a href=\"https:\/\/thehealthclinic.eu\/fi\/varaa-aika\/\">t\u00e4\u00e4ll\u00e4<\/a>&nbsp;tai soittaa numeroon&nbsp;<a href=\"tel:%20+358931586064\">+358 9 3158 6064<\/a>. L\u00e4\u00e4k\u00e4rin konsultaatio on mahdollista paikan p\u00e4\u00e4ll\u00e4 Tallinnassa tai Helsingiss\u00e4. Osa konsultaatioista on mahdollista tehd\u00e4 my\u00f6s et\u00e4n\u00e4 esim. s\u00e4hk\u00f6postitse kuvien avulla. Ennen konsultaatiota tavallisesti kysymme sinulta lis\u00e4tietoja i\u00e4st\u00e4si, terveydentilastasi, aiemmista leikkauksista ym.<\/p>\n\n\n\n<p>L\u00e4hett\u00e4miesi tietojen ja konsultaation perusteella kirurgimme antavat suosituksen toimenpiteest\u00e4\/leikkaushoidosta. Teemme sinulle hintatarjouksen. Kun olet hyv\u00e4ksynyt sen, varaamme sinulle toimenpide\/leikkausajan.<\/p>\n\n\n\n<h3 class=\"wp-block-heading\">Ennen toimenpidett\u00e4\/leikkausta<\/h3>\n\n\n\n<p>Ennen toimenpiteeseen\/leikkaukseen tuloa saatamme pyyt\u00e4\u00e4 sinua laittamaan meille tiettyj\u00e4 tutkimustuloksia ennakkoon s\u00e4hk\u00f6postitse (esim. mammografia- tai verikoe tulokset).<\/p>\n\n\n\n<p>L\u00e4het\u00e4mme sinulle s\u00e4hk\u00f6postitse suunnitellun aikataulun, leikkaus\/toimenpide sopimuksen tutustumista varten sek\u00e4 sairaalan s\u00e4\u00e4nn\u00f6t ja leikkaukseen valmistautumisohjeet. &nbsp;Varaamme sinulle my\u00f6s laivaliput.<\/p>\n\n\n\n<p><br>Ajanvarauksessa maksetaan 10%. Loput maksetaan laskulla ennakkoon tai paikan p\u00e4\u00e4ll\u00e4 k\u00e4teisell\u00e4\/ kortilla (kortilla maksettaessa lis\u00e4t\u00e4\u00e4n palvelumaksu 1,5%).\u00a0<\/p>\n\n\n\n<p>Tallinnaan tulet yleens\u00e4 leikkausp\u00e4iv\u00e4 aamuna.<\/p>\n\n\n\n<h3 class=\"wp-block-heading\">Leikkaus\/toimenpidep\u00e4iv\u00e4<\/h3>\n\n\n\n<p>Satamassa sinua on vastassa asiakaskoordinaattorisi. H\u00e4n tuo sinut sairaalaan (noin 15 minuutin ajomatka). Asiakaskoordinaattorisi puhuu suomea. H\u00e4n huolehtii siit\u00e4, ett\u00e4 kaikki sujuu t\u00e4\u00e4ll\u00e4 hyvin ja tunnet olosi turvalliseksi ja hyv\u00e4ksi.<\/p>\n\n\n\n<p>Kun saavut sairaalaan, sinulle esitell\u00e4\u00e4n sairaalan tilat. T\u00e4m\u00e4n j\u00e4lkeen sinut kirjataan osastolle. Kirjautumista varten tarvitaan henkil\u00f6llisyystodistus eli passi tai henkil\u00f6kortti.<\/p>\n\n\n\n<p>Potilashuoneet on varustettu kaikilla mukavuuksilla. Jos haluat ottaa l\u00e4heisesi mukaan sairaalaan y\u00f6pym\u00e4\u00e4n samassa huoneessa, t\u00e4m\u00e4 on yleens\u00e4 mahdollista lis\u00e4maksusta. Tarkista kuitenkin tilanne varausta tehdess\u00e4si. Sairaalassa on my\u00f6s ilmainen WI-FI-yhteys, jota potilaat voivat k\u00e4ytt\u00e4\u00e4.<\/p>\n\n\n\n<p>Asiakaskoordinaattori huolehtii kaikesta tarpeellisesta sek\u00e4 kertoo sairaalan henkil\u00f6kunnalle mahdollisista erikoistoiveistasi, joita sinulla mahdollisesti on liittyen sairaalassa oloon esim. erityisruokavalio.<\/p>\n\n\n\n<p>Kun olet p\u00e4\u00e4ssyt huoneeseesi ja olet valmis, sen j\u00e4lkeen asiakaskoordinaattorisi kertoo sinulle mit\u00e4 sairaalassa ollessa seuraaviksi tapahtuu, t\u00e4ll\u00f6in my\u00f6s allekirjoitetaan sopimukset, jotka olet saanut s\u00e4hk\u00f6postiisi luettavaksi jo hyviss\u00e4 ajoin. &nbsp;Jos osa laskusta on viel\u00e4 maksamatta, se maksetaan t\u00e4ss\u00e4 vaiheessa. Samoin sovitaan arvioitu kotiuttamisaika sek\u00e4 k\u00e4yd\u00e4\u00e4n l\u00e4pi p\u00e4iv\u00e4n kulkua.<\/p>\n\n\n\n<p>Tilaamme sinulle l\u00e4ht\u00f6p\u00e4iv\u00e4ksi taksin (k\u00e4yt\u00e4mme Viron parasta taksifirmaa Forus), jolla p\u00e4\u00e4set mukavasti ja turvallisesti satamaan. Annamme mukaasi ilmaisen taksikortin, jolla saat maksaa matkasi.<\/p>\n\n\n\n<p>Taksinkuljettajallasi on tiedossa nimesi sek\u00e4 m\u00e4\u00e4r\u00e4np\u00e4\u00e4n. Asiakaskoordinaattorisi l\u00e4hett\u00e4\u00e4 sinulle muistutusviestin taksin saapumisajasta ennen kotiutumista edellisen\u00e4 p\u00e4iv\u00e4n\u00e4 eli sinun ei siis tarvitse itse muistaa eik\u00e4 kirjoittaa muistiin taksin tuloaikaa. Asiakaskoordinaattorisi antaa sinulle sairaalassa kansion, jossa on kaikki tarvitsemasi asiakirjat: sopimukset, lasku, jatkohoitosuunnitelma sek\u00e4 ilmainen taksikortti. Kun kaikki k\u00e4yt\u00e4nn\u00f6n kysymykset on hoidettu, asiakaskoordinaattori poistuu sairaalasta ja ammattitaitoinen hoitohenkil\u00f6kunta huolehtii sinusta t\u00e4m\u00e4n j\u00e4lkeen. Saat kuitenkin aina tarvittaessa ottaa puhelimitse yhteytt\u00e4 asiakaskoordinaattoriisi, jos sinulla tulee kysytt\u00e4v\u00e4\u00e4 sairaalassaoloaikana.&nbsp;<\/p>\n\n\n\n<p>Seuraavaksi sairaanhoitaja tuo sinulle sairaalavaatteet ja mittaa samalla verenpaineesi. H\u00e4n tuo sinulle my\u00f6s esitietolomakkeen t\u00e4ytett\u00e4v\u00e4ksi nukutusl\u00e4\u00e4k\u00e4ri\u00e4 varten ja antaa tarvittavia ohjeita. Hoitaja toimittaa t\u00e4ytetyn lomakkeen l\u00e4\u00e4k\u00e4rille.<\/p>\n\n\n\n<p>T\u00e4m\u00e4n j\u00e4lkeen pukeudut sairaalavaatteisiin. Kirurgisi tulee tapaamaan sinua viel\u00e4 lyhyesti ennen leikkausta. Otathan huomioon, ett\u00e4 sairaalassa suoritetaan paljon toimenpiteit\u00e4 ja t\u00e4st\u00e4 syyst\u00e4 osa leikkausajoista on vasta iltap\u00e4iv\u00e4ll\u00e4. Voit varata sairaalaan mukaan jotain mieluisaa ajanvietett\u00e4 (esim. lukemista), jos odotusaikasi venyy. Kun leikkausaikasi l\u00e4hestyy, hoitaja ohjaa sinut leikkaussaliin. T\u00e4ll\u00f6in my\u00f6s lukitaan potilashuoneen ovi eli henkil\u00f6kohtaiset tavarasi ovat turvassa.<\/p>\n\n\n\n<p>Leikkaus aika riippuu toimenpiteest\u00e4 ja voi kest\u00e4\u00e4 30 min \u2013 6 h. Tarkan arvion saat kirurgiltasi. Leikkauksen j\u00e4lkeen sinut siirret\u00e4\u00e4n her\u00e4\u00e4m\u00f6\u00f6n, jossa her\u00e4\u00e4m\u00f6hoitaja seuraa vointiasti ja huolehtii kivunhoidosta. Kun olet her\u00e4nnyt kunnolla ja vointisi on jo riitt\u00e4v\u00e4n hyv\u00e4, p\u00e4\u00e4set siirtym\u00e4\u00e4n takaisin omaan huoneeseesi. Hoitajat sek\u00e4 l\u00e4\u00e4k\u00e4risi seuraavat vointiasi s\u00e4\u00e4nn\u00f6llisin v\u00e4liajoin sek\u00e4 tarpeen mukaan. Tarkka sairaalassaoloa aika riippuu toimenpiteest\u00e4\/leikkauksesta sek\u00e4 voinnistasi. Saat t\u00e4st\u00e4 tarkemmat tiedot kirurgiltasi.<\/p>\n\n\n\n<h3 class=\"wp-block-heading\">Kotiutumisen j\u00e4lkeen<\/h3>\n\n\n\n<p>Saat kotiutuessasi mukaan hoitokertomuksen sek\u00e4 tarvittavat ohjeet leikkauksesta toipumiseen kotona. Saat meihin tarvittaessa joustavasti yhteytt\u00e4 sek\u00e4 puhelimitse, ett\u00e4 s\u00e4hk\u00f6postitse. Autamme sinua mielell\u00e4mme. &nbsp;Yleens\u00e4 tikit ovat itsest\u00e4\u00e4n sulavia. Joskus laitetaan kuitenkin yksitt\u00e4isi\u00e4 ns. vahvistustikkej\u00e4, jotka t\u00e4ytyy poistattaa riippuen leikkauksesta noin 5\u201321 p\u00e4iv\u00e4\u00e4n kuluttua. T\u00e4h\u00e4n saat tarkat ohjeet kirurgiltasi tai hoitajaltasi. <\/p>\n\n\n\n<p>Samoin saat ohjeet j\u00e4lkitarkastukseen. J\u00e4lkitarkastus riippuu tehdyst\u00e4 toimenpiteest\u00e4\/leikkauksesta. Jos kirurgin tapaaminen on tarpeellista, silloin j\u00e4lkitarkastus on yleens\u00e4 mahdollista tehd\u00e4 my\u00f6s Helsingiss\u00e4. T\u00e4m\u00e4 sovitaan tarkemmin asiakaskoordinaatorin kanssa.<\/p>\n\n\n\n<p class=\"has-text-align-center\"><\/p>\n\n\n\n<p><\/p>\n\n\n<style>.wp-block-kadence-advancedbtn.kb-btns11781_d1529a-7b{gap:var(--global-kb-gap-xs, 0.5rem );justify-content:center;align-items:center;}.kt-btns11781_d1529a-7b .kt-button{font-weight:normal;font-style:normal;}.kt-btns11781_d1529a-7b .kt-btn-wrap-0{margin-right:5px;}.wp-block-kadence-advancedbtn.kt-btns11781_d1529a-7b .kt-btn-wrap-0 .kt-button{color:#555555;border-color:#555555;}.wp-block-kadence-advancedbtn.kt-btns11781_d1529a-7b .kt-btn-wrap-0 .kt-button:hover, .wp-block-kadence-advancedbtn.kt-btns11781_d1529a-7b .kt-btn-wrap-0 .kt-button:focus{color:#ffffff;border-color:#444444;}.wp-block-kadence-advancedbtn.kt-btns11781_d1529a-7b .kt-btn-wrap-0 .kt-button::before{display:none;}.wp-block-kadence-advancedbtn.kt-btns11781_d1529a-7b .kt-btn-wrap-0 .kt-button:hover, .wp-block-kadence-advancedbtn.kt-btns11781_d1529a-7b .kt-btn-wrap-0 .kt-button:focus{background:#444444;}<\/style>\n<div class=\"wp-block-kadence-advancedbtn kb-buttons-wrap kb-btns11781_d1529a-7b\"><style>ul.menu .wp-block-kadence-advancedbtn .kb-btn11781_b70e96-b6.kb-button{width:initial;}.wp-block-kadence-advancedbtn .kb-btn11781_b70e96-b6.kb-button{font-size:13px;letter-spacing:1px;font-family:ct_font_gill__sans;font-weight:600;text-transform:uppercase;}<\/style><a class=\"kb-button kt-button button kb-btn11781_b70e96-b6 kt-btn-size-standard kt-btn-width-type-auto kb-btn-global-inherit  kt-btn-has-text-true kt-btn-has-svg-false  wp-block-button__link wp-block-kadence-singlebtn\" href=\"https:\/\/thehealthclinic.eu\/fi\/varaa-aika\/\"><span class=\"kt-btn-inner-text\">VARAA AIKA KONSULTAATIOON<\/span><\/a><\/div>\n\n\n\n<p class=\"has-text-align-center\"><\/p>\n\n\n\n<p><\/p>\n","protected":false},"excerpt":{"rendered":"<p>Ensimm\u00e4iset askeleet Saat itse p\u00e4\u00e4tt\u00e4\u00e4, miten otat meihin yhteytt\u00e4. Voit laittaa meille s\u00e4hk\u00f6postia: clinic@thehealthclinic.eu tai t\u00e4ytt\u00e4\u00e4 lomakkeen&nbsp;t\u00e4\u00e4ll\u00e4&nbsp;tai soittaa numeroon&nbsp;+358 9 3158 6064. L\u00e4\u00e4k\u00e4rin konsultaatio on mahdollista paikan p\u00e4\u00e4ll\u00e4 Tallinnassa tai Helsingiss\u00e4. Osa konsultaatioista on mahdollista tehd\u00e4 my\u00f6s et\u00e4n\u00e4 esim. s\u00e4hk\u00f6postitse kuvien avulla. Ennen konsultaatiota tavallisesti kysymme sinulta lis\u00e4tietoja i\u00e4st\u00e4si, terveydentilastasi, aiemmista leikkauksista ym. L\u00e4hett\u00e4miesi tietojen [&hellip;]<\/p>\n","protected":false},"author":4,"featured_media":0,"parent":0,"menu_order":0,"comment_status":"closed","ping_status":"closed","template":"","meta":{"_kad_blocks_custom_css":"","_kad_blocks_head_custom_js":"","_kad_blocks_body_custom_js":"","_kad_blocks_footer_custom_js":"","custom_jsonld_schema":"","footnotes":""},"class_list":["post-11781","page","type-page","status-publish","hentry"],"blocksy_meta":[],"taxonomy_info":[],"featured_image_src_large":false,"author_info":{"display_name":"Mihkel","author_link":"https:\/\/thehealthclinic.eu\/fi\/author\/mihkel\/"},"comment_info":0,"_links":{"self":[{"href":"https:\/\/thehealthclinic.eu\/fi\/wp-json\/wp\/v2\/pages\/11781","targetHints":{"allow":["GET"]}}],"collection":[{"href":"https:\/\/thehealthclinic.eu\/fi\/wp-json\/wp\/v2\/pages"}],"about":[{"href":"https:\/\/thehealthclinic.eu\/fi\/wp-json\/wp\/v2\/types\/page"}],"author":[{"embeddable":true,"href":"https:\/\/thehealthclinic.eu\/fi\/wp-json\/wp\/v2\/users\/4"}],"replies":[{"embeddable":true,"href":"https:\/\/thehealthclinic.eu\/fi\/wp-json\/wp\/v2\/comments?post=11781"}],"version-history":[{"count":0,"href":"https:\/\/thehealthclinic.eu\/fi\/wp-json\/wp\/v2\/pages\/11781\/revisions"}],"wp:attachment":[{"href":"https:\/\/thehealthclinic.eu\/fi\/wp-json\/wp\/v2\/media?parent=11781"}],"curies":[{"name":"wp","href":"https:\/\/api.w.org\/{rel}","templated":true}]}}