{"id":14223,"date":"2025-03-20T15:20:57","date_gmt":"2025-03-20T13:20:57","guid":{"rendered":"https:\/\/thehealthclinic.eu\/vastuuvakuutuksen\/"},"modified":"2026-01-19T16:35:09","modified_gmt":"2026-01-19T14:35:09","slug":"vastuuvakuutuksen","status":"publish","type":"page","link":"https:\/\/thehealthclinic.eu\/fi\/vastuuvakuutuksen\/","title":{"rendered":"Vastuuvakuutus"},"content":{"rendered":"\n<p><strong>Vastuuvakuutuksen vakuutusnumero 5548241106<\/strong><\/p>\n\n\n\n<p><strong>Vakuutuksenottaja<\/strong><\/p>\n\n\n\n<p>Nimi: THE HEALTH CLINIC O\u00dc<br>Yritysrekisterinumero: 11837333<br>Osoite: Tartu maantee 13, Tallinna, 10145 Harjun maakunta<\/p>\n\n\n\n<p><strong>Vakuutuksenantaja<\/strong><\/p>\n\n\n\n<p>Nimi: AB &#8221;Lietuvos draudimas&#8221; Eesti filiaal (my\u00f6hemmin PZU)*<br>Osoite: P\u00e4rnu mnt 141, 11314 Tallinna<br>Yritysrekisterinumero: 12831829<br>Puhelin \/ s\u00e4hk\u00f6posti: +372 622 4599 \/ info@pzu.ee<\/p>\n\n\n\n<p><strong>Vakuutuksen kattavuus<\/strong><\/p>\n\n\n\n<p>Vakuutussuoja kattaa terveyspalvelut, joiden tarjoamiseen terveyspalvelun tarjoajalla on lupa Viron terveyspalvelujen j\u00e4rjest\u00e4misest\u00e4 annetun lain perusteella.<\/p>\n\n\n\n<p>T\u00e4m\u00e4n vakuutussopimuksen piiriin kuuluvat palvelut seuraavien toimilupien perusteella:<\/p>\n\n\n\n<p>Erikoissairaanhoidon palvelu L05471, L05557, L07165.<\/p>\n\n\n\n<p><strong>Vakuutussuoja<\/strong><\/p>\n\n\n\n<p>Kyseess\u00e4 on pakollinen vakuutus, jonka ottovelvollisuus perustuu terveydenhuollon tarjoajan pakollisesta vastuuvakuutuksesta annettuun lakiin.<\/p>\n\n\n\n<p>Terveydenhuollon ammattilaisen ammatillinen vastuuvakuutus kattaa vakuutuskauden aikana terveyspalvelun toteuttamisen yhteydess\u00e4 tapahtuneesta hoitovirheest\u00e4 kolmannelle osapuolelle aiheutuneen vahingon korvausvelvollisuuden osalta.<\/p>\n\n\n\n<p>Korvataan my\u00f6s hoitovirheen k\u00e4sittelyn yhteydess\u00e4 aiheutuneet kulut vakuutetun oikeusavusta, asiantuntijalausunnoista ja oikeudenk\u00e4ynnist\u00e4 eli oikeudenk\u00e4yntikulut.<\/p>\n\n\n\n<p>Korvataan ainoastaan vakuutuksenantajan etuk\u00e4teen hyv\u00e4ksym\u00e4t oikeudenk\u00e4yntikulut.<\/p>\n\n\n\n<p><strong>Korvausm\u00e4\u00e4r\u00e4t<\/strong><\/p>\n\n\n\n<p>Kaikkien korvausvaatimusten yhteism\u00e4\u00e4r\u00e4 maksimissaan: 3 000 000 euroa.<br>Korvausm\u00e4\u00e4r\u00e4 vahinkotapahtumaa kohden maksimissa: 300 000 euroa.<br>Korvausm\u00e4\u00e4r\u00e4 henkil\u00f6\u00e4 kohden maksimissa: 100 000 euroa.<br>Henkisen k\u00e4rsimyksen korvausm\u00e4\u00e4r\u00e4 vahinkotapahtumaa kohden maksimissa: 100 000 euroa.<br>Henkisen k\u00e4rsimyksen korvausm\u00e4\u00e4r\u00e4 henkil\u00f6\u00e4 kohden maksimissa: 30 000 euroa.<\/p>\n\n\n\n<p><strong>Voimassaoloalue<\/strong><\/p>\n\n\n\n<p>Viro<\/p>\n\n\n\n<p><strong>Vakuutuskausi<\/strong><\/p>\n\n\n\n<p>Vakuutuskausi alkaa 30.11.2025 ja p\u00e4\u00e4ttyy 29.11.2026. Korvausvaatimuksen esitt\u00e4misen m\u00e4\u00e4r\u00e4aika on kolme vuotta siit\u00e4, kun on saatu tieto terveyspalvelun tarjoajan velvollisuuden rikkomisesta ja vahingon syntymisest\u00e4.<\/p>\n\n\n\n<p><\/p>\n\n\n\n<p><\/p>\n\n\n\n<p><\/p>\n\n\n\n<p><\/p>\n\n\n\n<p><\/p>\n","protected":false},"excerpt":{"rendered":"<p>Vastuuvakuutuksen vakuutusnumero 5548241106 Vakuutuksenottaja Nimi: THE HEALTH CLINIC O\u00dcYritysrekisterinumero: 11837333Osoite: Tartu maantee 13, Tallinna, 10145 Harjun maakunta Vakuutuksenantaja Nimi: AB &#8221;Lietuvos draudimas&#8221; Eesti filiaal (my\u00f6hemmin PZU)*Osoite: P\u00e4rnu mnt 141, 11314 TallinnaYritysrekisterinumero: 12831829Puhelin \/ s\u00e4hk\u00f6posti: +372 622 4599 \/ info@pzu.ee Vakuutuksen kattavuus Vakuutussuoja kattaa terveyspalvelut, joiden tarjoamiseen terveyspalvelun tarjoajalla on lupa Viron terveyspalvelujen j\u00e4rjest\u00e4misest\u00e4 annetun lain [&hellip;]<\/p>\n","protected":false},"author":4,"featured_media":5465,"parent":0,"menu_order":0,"comment_status":"closed","ping_status":"closed","template":"","meta":{"_kad_blocks_custom_css":"","_kad_blocks_head_custom_js":"","_kad_blocks_body_custom_js":"","_kad_blocks_footer_custom_js":"","custom_jsonld_schema":"","footnotes":""},"class_list":["post-14223","page","type-page","status-publish","has-post-thumbnail","hentry"],"blocksy_meta":[],"taxonomy_info":[],"featured_image_src_large":["https:\/\/thehealthclinic.eu\/wp-content\/uploads\/2024\/03\/privaatsus-1.svg",1024,174,false],"author_info":{"display_name":"Mihkel","author_link":"https:\/\/thehealthclinic.eu\/fi\/author\/mihkel\/"},"comment_info":0,"_links":{"self":[{"href":"https:\/\/thehealthclinic.eu\/fi\/wp-json\/wp\/v2\/pages\/14223","targetHints":{"allow":["GET"]}}],"collection":[{"href":"https:\/\/thehealthclinic.eu\/fi\/wp-json\/wp\/v2\/pages"}],"about":[{"href":"https:\/\/thehealthclinic.eu\/fi\/wp-json\/wp\/v2\/types\/page"}],"author":[{"embeddable":true,"href":"https:\/\/thehealthclinic.eu\/fi\/wp-json\/wp\/v2\/users\/4"}],"replies":[{"embeddable":true,"href":"https:\/\/thehealthclinic.eu\/fi\/wp-json\/wp\/v2\/comments?post=14223"}],"version-history":[{"count":0,"href":"https:\/\/thehealthclinic.eu\/fi\/wp-json\/wp\/v2\/pages\/14223\/revisions"}],"wp:featuredmedia":[{"embeddable":true,"href":"https:\/\/thehealthclinic.eu\/fi\/wp-json\/wp\/v2\/media\/5465"}],"wp:attachment":[{"href":"https:\/\/thehealthclinic.eu\/fi\/wp-json\/wp\/v2\/media?parent=14223"}],"curies":[{"name":"wp","href":"https:\/\/api.w.org\/{rel}","templated":true}]}}